{"id":2322,"date":"2022-11-14T11:51:27","date_gmt":"2022-11-14T10:51:27","guid":{"rendered":"https:\/\/www.tqs-group.com\/maschine-mit-glasplatte\/"},"modified":"2023-02-06T22:04:49","modified_gmt":"2023-02-06T21:04:49","slug":"sortiermaschine-mit-glasplatte","status":"publish","type":"page","link":"https:\/\/www.tqs-group.com\/de\/sortiermaschine-mit-glasplatte\/","title":{"rendered":"Maschine mit Glasplatte"},"content":{"rendered":"<p>[vc_row][vc_column width=&#8220;1\/2&#8243;][vc_btn title=&#8220;Zur\u00fcck&#8220; style=&#8220;custom&#8220; custom_background=&#8220;#f7941f&#8220; custom_text=&#8220;#ffffff&#8220; shape=&#8220;round&#8220; size=&#8220;xs&#8220; align=&#8220;left&#8220; i_icon_fontawesome=&#8220;fas fa-arrow-left&#8220; css_animation=&#8220;none&#8220; add_icon=&#8220;true&#8220; el_class=&#8220;btn-orange-white btn-retour&#8220; link=&#8220;url:https%3A%2F%2Fwww.tqs-group.com%2Fde%2Fstatten-sie-sich-mit-einer-sortiermaschine-aus%2F&#8220;][vc_column_text]<strong>MASCHINE MIT GLASPLATTE<br \/>\n<span class=\"txt-orange\"> Ab 94.500 \u20ac je nach Optionen<\/span><\/strong>[\/vc_column_text][vc_btn title=&#8220;Kaufen&#8220; style=&#8220;custom&#8220; custom_background=&#8220;#0a0a0a&#8220; custom_text=&#8220;#f7941f&#8220; shape=&#8220;round&#8220; size=&#8220;xs&#8220; align=&#8220;left&#8220; css_animation=&#8220;fadeInLeft&#8220; el_class=&#8220;btn-black-orange btn-retour&#8220; link=&#8220;url:https%3A%2F%2Fwww.tqs-group.com%2Fde%2Fkontakt%2F|title:Kontakt&#8220;][\/vc_column][vc_column width=&#8220;1\/2&#8243;][\/vc_column][\/vc_row][vc_row][vc_column width=&#8220;1\/2&#8243;][vc_column_text]<\/p>\n<h1>Maschine mit Glasplatte<\/h1>\n<p>[\/vc_column_text][vc_column_text]Diese Maschine ist mit einer mit einer <strong>Glasplatte<\/strong> mit einem Durchmesser von 600 mm ausgestattet, die die M\u00f6glichkeit hat, \u00fcber bis zu <strong>drei Bildverarbeitungssysteme zu verf\u00fcgen<\/strong>. Sie kann es Ihnen somit erm\u00f6glichen, <strong>das Aussehen<\/strong> und die <strong>Gr\u00f6\u00dfe Ihrer Teile zu kontrollieren<\/strong>. Spezifischere Optionen k\u00f6nnen hinzugef\u00fcgt werden, um Ihren Bed\u00fcrfnissen gerecht zu werden[\/vc_column_text][\/vc_column][vc_column width=&#8220;1\/2&#8243;]\n\t\t\t<!-- START Machine plateau de verre REVOLUTION SLIDER 6.5.20 --><p class=\"rs-p-wp-fix\"><\/p>\n\t\t\t<rs-module-wrap id=\"rev_slider_42_1_wrapper\" data-source=\"gallery\" style=\"visibility:hidden;background:transparent;padding:0;margin:0px auto;margin-top:0;margin-bottom:0;\">\n\t\t\t\t<rs-module id=\"rev_slider_42_1\" style=\"\" data-version=\"6.5.20\">\n\t\t\t\t\t<rs-slides>\n\t\t\t\t\t\t<rs-slide style=\"position: absolute;\" data-key=\"rs-51\" data-title=\"Slide\" data-anim=\"ms:10;\" data-in=\"o:1;\" data-out=\"a:false;\">\n\t\t\t\t\t\t\t<img decoding=\"async\" src=\"\/\/www.tqs-group.com\/wp-content\/plugins\/revslider\/public\/assets\/assets\/dummy.png\" alt=\"Slide\" title=\"Maschine mit Glasplatte\" class=\"rev-slidebg tp-rs-img rs-lazyload\" data-lazyload=\"\/\/www.tqs-group.com\/wp-content\/plugins\/revslider\/public\/assets\/assets\/transparent.png\" data-no-retina>\n<!--\n\t\t\t\t\t\t\t--><rs-layer\n\t\t\t\t\t\t\t\tid=\"slider-42-slide-51-layer-0\" \n\t\t\t\t\t\t\t\tdata-type=\"image\"\n\t\t\t\t\t\t\t\tdata-rsp_ch=\"on\"\n\t\t\t\t\t\t\t\tdata-xy=\"x:c;y:c;yo:-97px;\"\n\t\t\t\t\t\t\t\tdata-text=\"w:normal;\"\n\t\t\t\t\t\t\t\tdata-dim=\"w:606px;h:510px;\"\n\t\t\t\t\t\t\t\tdata-frame_0=\"o:1;\"\n\t\t\t\t\t\t\t\tdata-frame_999=\"o:1;st:w;sR:8500;\"\n\t\t\t\t\t\t\t\tstyle=\"z-index:8;\"\n\t\t\t\t\t\t\t><img loading=\"lazy\" decoding=\"async\" src=\"\/\/www.tqs-group.com\/wp-content\/plugins\/revslider\/public\/assets\/assets\/dummy.png\" alt=\"\" class=\"tp-rs-img rs-lazyload\" width=\"831\" height=\"700\" data-lazyload=\"\/\/www.tqs-group.com\/wp-content\/uploads\/2023\/02\/machine-1-fermee.jpg\" data-no-retina> \n\t\t\t\t\t\t\t<\/rs-layer><!--\n\n\t\t\t\t\t\t\t--><rs-layer\n\t\t\t\t\t\t\t\tid=\"slider-42-slide-51-layer-1\" \n\t\t\t\t\t\t\t\tclass=\"oppacite-1-hover\"\n\t\t\t\t\t\t\t\tdata-type=\"image\"\n\t\t\t\t\t\t\t\tdata-rsp_ch=\"on\"\n\t\t\t\t\t\t\t\tdata-xy=\"x:c;y:c;yo:-97px;\"\n\t\t\t\t\t\t\t\tdata-text=\"w:normal;\"\n\t\t\t\t\t\t\t\tdata-dim=\"w:606px;h:510px;\"\n\t\t\t\t\t\t\t\tdata-wrpcls=\"oppacite-1-hover\"\n\t\t\t\t\t\t\t\tdata-frame_0=\"o:1;\"\n\t\t\t\t\t\t\t\tdata-frame_999=\"o:1;st:w;sR:8500;\"\n\t\t\t\t\t\t\t\tstyle=\"z-index:9;\"\n\t\t\t\t\t\t\t><img loading=\"lazy\" decoding=\"async\" src=\"\/\/www.tqs-group.com\/wp-content\/plugins\/revslider\/public\/assets\/assets\/dummy.png\" alt=\"\" class=\"tp-rs-img rs-lazyload\" width=\"831\" height=\"700\" data-lazyload=\"\/\/www.tqs-group.com\/wp-content\/uploads\/2023\/02\/machine-1-ouverte.jpg\" data-no-retina> \n\t\t\t\t\t\t\t<\/rs-layer><!--\n-->\t\t\t\t\t\t<\/rs-slide>\n\t\t\t\t\t\t<rs-slide style=\"position: absolute;\" data-key=\"rs-52\" data-title=\"Slide\" data-in=\"o:0;\" data-out=\"a:false;\">\n\t\t\t\t\t\t\t<img decoding=\"async\" src=\"\/\/www.tqs-group.com\/wp-content\/plugins\/revslider\/public\/assets\/assets\/dummy.png\" alt=\"Slide\" title=\"Maschine mit Glasplatte\" class=\"rev-slidebg tp-rs-img rs-lazyload\" data-lazyload=\"\/\/www.tqs-group.com\/wp-content\/plugins\/revslider\/public\/assets\/assets\/transparent.png\" data-no-retina>\n<!--\n\t\t\t\t\t\t\t--><rs-layer\n\t\t\t\t\t\t\t\tid=\"slider-42-slide-52-layer-0\" \n\t\t\t\t\t\t\t\tdata-type=\"image\"\n\t\t\t\t\t\t\t\tdata-rsp_ch=\"on\"\n\t\t\t\t\t\t\t\tdata-xy=\"x:c;y:c;yo:-92px;\"\n\t\t\t\t\t\t\t\tdata-text=\"w:normal;\"\n\t\t\t\t\t\t\t\tdata-dim=\"w:606px;h:510px;\"\n\t\t\t\t\t\t\t\tdata-actions='o:click;a:jumptoslide;slide:previous;||o:mouseleave;a:jumptoslide;slide:previous;'\n\t\t\t\t\t\t\t\tdata-frame_0=\"o:1;\"\n\t\t\t\t\t\t\t\tdata-frame_999=\"o:1;st:w;\"\n\t\t\t\t\t\t\t\tstyle=\"z-index:5;\"\n\t\t\t\t\t\t\t><img loading=\"lazy\" decoding=\"async\" src=\"\/\/www.tqs-group.com\/wp-content\/plugins\/revslider\/public\/assets\/assets\/dummy.png\" alt=\"machine tri pour pi\u00e8ce horlog\u00e8re\" class=\"tp-rs-img rs-lazyload\" width=\"831\" height=\"700\" data-lazyload=\"\/\/www.tqs-group.com\/wp-content\/uploads\/2022\/09\/machine-tri-pour-piece-horlogere.png\" data-no-retina> \n\t\t\t\t\t\t\t<\/rs-layer><!--\n-->\t\t\t\t\t\t<\/rs-slide>\n\t\t\t\t\t<\/rs-slides>\n\t\t\t\t<\/rs-module>\n\t\t\t\t<script>\n\t\t\t\t\tsetREVStartSize({c: 'rev_slider_42_1',rl:[2400,1240,1200,480],el:[700],gw:[600],gh:[700],type:'standard',justify:'',layout:'fullwidth',mh:\"0\"});if (window.RS_MODULES!==undefined && window.RS_MODULES.modules!==undefined && window.RS_MODULES.modules[\"revslider421\"]!==undefined) {window.RS_MODULES.modules[\"revslider421\"].once = false;window.revapi42 = undefined;if (window.RS_MODULES.checkMinimal!==undefined) window.RS_MODULES.checkMinimal()}\n\t\t\t\t<\/script>\n\t\t\t<\/rs-module-wrap>\n\t\t\t<!-- END REVOLUTION SLIDER -->\n[\/vc_column][\/vc_row][vc_row full_width=&#8220;stretch_row_content&#8220;][vc_column][vc_single_image image=&#8220;1773&#8243; img_size=&#8220;1200&#215;568&#8243; alignment=&#8220;center&#8220;][\/vc_column][\/vc_row][vc_row][vc_column width=&#8220;1\/2&#8243;][vc_column_text el_class=&#8220;titre-moyen&#8220;]<\/p>\n<p class=\"fort\">Besonderheiten der Maschine mit Glaspatte:<\/p>\n<p>[\/vc_column_text][vc_column_text]<\/p>\n<ul>\n<li>Glasplatte<\/li>\n<li>Maschine f\u00fcr einseitig stabile Teile oder gerillte Platte<\/li>\n<li>Kontrollstation: 2 bis 4 Kameras<\/li>\n<li>Kontrolle des Aussehens: Zustand der Oberfl\u00e4che, des Umfangs und der Innen- und Oberseiten<\/li>\n<li>Dimensionale Messungen: Alle Arten von Messungen mit Genauigkeit<\/li>\n<li>Vorrang-\/Abwesenheitskontrolle: Sp\u00e4ne, Fasen, Gewindebohrungen, R\u00e4ndelungen<\/li>\n<\/ul>\n<p>[\/vc_column_text][vc_column_text el_class=&#8220;titre-moyen&#8220;]<\/p>\n<p class=\"fort\">Technische Daten:<\/p>\n<p>[\/vc_column_text][vc_column_text]<\/p>\n<ul>\n<li>Durchsatz: bis zu 40.000 St.\/Std<\/li>\n<\/ul>\n<p>[\/vc_column_text][\/vc_column][vc_column width=&#8220;1\/2&#8243;][vc_column_text el_class=&#8220;titre-moyen&#8220;]<\/p>\n<p class=\"fort\">Serienausstattungen:<\/p>\n<p>[\/vc_column_text][vc_column_text]<\/p>\n<ul>\n<li>Flexible Zuf\u00fchrung \/ Roboter<\/li>\n<li>Karussell<\/li>\n<li>Linearf\u00f6rderer \/ Entstapelungsroboter<\/li>\n<\/ul>\n<p>Jedes Element kann separat verkauft werden und es k\u00f6nnen spezifischere Optionen hinzugef\u00fcgt werden, um Ihren Bed\u00fcrfnissen zu entsprechen.[\/vc_column_text][vc_column_text el_class=&#8220;titre-moyen&#8220;]<\/p>\n<p class=\"fort\">Zusatzausstattungen:<\/p>\n<p>[\/vc_column_text][vc_column_text]<\/p>\n<ul>\n<li>Dimensionspr\u00fcfung<\/li>\n<li>Wirbelstrompr\u00fcfung<\/li>\n<li>Aspektpr\u00fcfung (1- und 2-Ansicht)<\/li>\n<li>Oberfl\u00e4chenpr\u00fcfung<\/li>\n<li>Farbpr\u00fcfung<\/li>\n<\/ul>\n<p>[\/vc_column_text][\/vc_column][\/vc_row][vc_row][vc_column][vc_btn title=&#8220;Datenblatt herunterladen&#8220; style=&#8220;custom&#8220; custom_background=&#8220;#f7941f&#8220; custom_text=&#8220;#ffffff&#8220; shape=&#8220;round&#8220; align=&#8220;left&#8220; link=&#8220;url:https%3A%2F%2Fwww.tqs-group.com%2Fwp-content%2Fuploads%2F2023%2F02%2FDATENBLATT-HERUNTERLADEN-Maschine-Glasplatte.pdf|target:_blank&#8220;][vc_btn title=&#8220;Einen Kostenvoranschlag erhalten&#8220; style=&#8220;custom&#8220; custom_background=&#8220;#0a0a0a&#8220; custom_text=&#8220;#f7941f&#8220; shape=&#8220;round&#8220; size=&#8220;xs&#8220; align=&#8220;left&#8220; css_animation=&#8220;fadeInLeft&#8220; el_class=&#8220;btn-black-orange btn-retour&#8220; link=&#8220;url:https%3A%2F%2Fwww.tqs-group.com%2Fde%2Fkontakt%2F|title:Kontakt&#8220;][\/vc_column][\/vc_row]<\/p>\n","protected":false},"excerpt":{"rendered":"<p>[vc_row][vc_column width=&#8220;1\/2&#8243;][vc_btn title=&#8220;Zur\u00fcck&#8220; style=&#8220;custom&#8220; custom_background=&#8220;#f7941f&#8220; custom_text=&#8220;#ffffff&#8220; shape=&#8220;round&#8220; size=&#8220;xs&#8220; align=&#8220;left&#8220; i_icon_fontawesome=&#8220;fas fa-arrow-left&#8220; css_animation=&#8220;none&#8220; add_icon=&#8220;true&#8220; el_class=&#8220;btn-orange-white btn-retour&#8220; link=&#8220;url:https%3A%2F%2Fwww.tqs-group.com%2Fde%2Fstatten-sie-sich-mit-einer-sortiermaschine-aus%2F&#8220;][vc_column_text]MASCHINE MIT GLASPLATTE Ab 94.500 \u20ac je nach Optionen[\/vc_column_text][vc_btn title=&#8220;Kaufen&#8220; style=&#8220;custom&#8220;<span class=\"excerpt-hellip\"> [\u2026]<\/span><\/p>\n","protected":false},"author":1,"featured_media":0,"parent":0,"menu_order":0,"comment_status":"closed","ping_status":"closed","template":"","meta":{"footnotes":""},"class_list":["post-2322","page","type-page","status-publish","hentry"],"yoast_head":"<!-- This site is optimized with the Yoast SEO plugin v27.4 - https:\/\/yoast.com\/product\/yoast-seo-wordpress\/ -->\n<title>Maschine mit Glasplatte zur automatischen Sortierung von Teilen<\/title>\n<meta name=\"description\" content=\"TQS verkauft Maschinen mit Glasplatten zur automatischen Sortierung von Industrieteilen: Kontrolle des Aussehens, Kontrolle der Farbe Fordern Sie einen Kostenvoranschlag an!\" \/>\n<meta name=\"robots\" content=\"index, follow, max-snippet:-1, max-image-preview:large, max-video-preview:-1\" \/>\n<link rel=\"canonical\" href=\"https:\/\/www.tqs-group.com\/de\/sortiermaschine-mit-glasplatte\/\" \/>\n<meta property=\"og:locale\" content=\"de_DE\" \/>\n<meta property=\"og:type\" content=\"article\" \/>\n<meta property=\"og:title\" content=\"Maschine mit Glasplatte zur automatischen Sortierung von Teilen\" \/>\n<meta property=\"og:description\" content=\"TQS verkauft Maschinen mit Glasplatten zur automatischen Sortierung von Industrieteilen: Kontrolle des Aussehens, Kontrolle der Farbe Fordern Sie einen Kostenvoranschlag an!\" \/>\n<meta property=\"og:url\" content=\"https:\/\/www.tqs-group.com\/de\/sortiermaschine-mit-glasplatte\/\" \/>\n<meta property=\"og:site_name\" content=\"Tri qualit\u00e9 service\" \/>\n<meta property=\"article:modified_time\" content=\"2023-02-06T21:04:49+00:00\" \/>\n<meta property=\"og:image\" content=\"https:\/\/www.tqs-group.com\/wp-content\/uploads\/2022\/03\/tri-piece-usinage.png\" \/>\n\t<meta property=\"og:image:width\" content=\"385\" \/>\n\t<meta property=\"og:image:height\" content=\"380\" \/>\n\t<meta property=\"og:image:type\" content=\"image\/png\" \/>\n<meta name=\"twitter:card\" content=\"summary_large_image\" \/>\n<meta name=\"twitter:label1\" content=\"Gesch\u00e4tzte Lesezeit\" \/>\n\t<meta name=\"twitter:data1\" content=\"2\u00a0Minuten\" \/>\n<script type=\"application\/ld+json\" class=\"yoast-schema-graph\">{\"@context\":\"https:\\\/\\\/schema.org\",\"@graph\":[{\"@type\":\"WebPage\",\"@id\":\"https:\\\/\\\/www.tqs-group.com\\\/de\\\/sortiermaschine-mit-glasplatte\\\/\",\"url\":\"https:\\\/\\\/www.tqs-group.com\\\/de\\\/sortiermaschine-mit-glasplatte\\\/\",\"name\":\"Maschine mit Glasplatte zur automatischen Sortierung von Teilen\",\"isPartOf\":{\"@id\":\"https:\\\/\\\/www.tqs-group.com\\\/de\\\/#website\"},\"datePublished\":\"2022-11-14T10:51:27+00:00\",\"dateModified\":\"2023-02-06T21:04:49+00:00\",\"description\":\"TQS verkauft Maschinen mit Glasplatten zur automatischen Sortierung von Industrieteilen: Kontrolle des Aussehens, Kontrolle der Farbe Fordern Sie einen Kostenvoranschlag an!\",\"breadcrumb\":{\"@id\":\"https:\\\/\\\/www.tqs-group.com\\\/de\\\/sortiermaschine-mit-glasplatte\\\/#breadcrumb\"},\"inLanguage\":\"de\",\"potentialAction\":[{\"@type\":\"ReadAction\",\"target\":[\"https:\\\/\\\/www.tqs-group.com\\\/de\\\/sortiermaschine-mit-glasplatte\\\/\"]}]},{\"@type\":\"BreadcrumbList\",\"@id\":\"https:\\\/\\\/www.tqs-group.com\\\/de\\\/sortiermaschine-mit-glasplatte\\\/#breadcrumb\",\"itemListElement\":[{\"@type\":\"ListItem\",\"position\":1,\"name\":\"Accueil\",\"item\":\"https:\\\/\\\/www.tqs-group.com\\\/de\\\/\"},{\"@type\":\"ListItem\",\"position\":2,\"name\":\"Maschine mit Glasplatte\"}]},{\"@type\":\"WebSite\",\"@id\":\"https:\\\/\\\/www.tqs-group.com\\\/de\\\/#website\",\"url\":\"https:\\\/\\\/www.tqs-group.com\\\/de\\\/\",\"name\":\"TRI QUALITE SERVICE\",\"description\":\"TQS Group\",\"publisher\":{\"@id\":\"https:\\\/\\\/www.tqs-group.com\\\/de\\\/#organization\"},\"alternateName\":\"TQS GROUP\",\"potentialAction\":[{\"@type\":\"SearchAction\",\"target\":{\"@type\":\"EntryPoint\",\"urlTemplate\":\"https:\\\/\\\/www.tqs-group.com\\\/de\\\/?s={search_term_string}\"},\"query-input\":{\"@type\":\"PropertyValueSpecification\",\"valueRequired\":true,\"valueName\":\"search_term_string\"}}],\"inLanguage\":\"de\"},{\"@type\":\"Organization\",\"@id\":\"https:\\\/\\\/www.tqs-group.com\\\/de\\\/#organization\",\"name\":\"TRI QUALITE SERVICE\",\"alternateName\":\"TQS GROUP\",\"url\":\"https:\\\/\\\/www.tqs-group.com\\\/de\\\/\",\"logo\":{\"@type\":\"ImageObject\",\"inLanguage\":\"de\",\"@id\":\"https:\\\/\\\/www.tqs-group.com\\\/de\\\/#\\\/schema\\\/logo\\\/image\\\/\",\"url\":\"https:\\\/\\\/www.tqs-group.com\\\/wp-content\\\/uploads\\\/2022\\\/03\\\/tri-piece-usinage.png\",\"contentUrl\":\"https:\\\/\\\/www.tqs-group.com\\\/wp-content\\\/uploads\\\/2022\\\/03\\\/tri-piece-usinage.png\",\"width\":385,\"height\":380,\"caption\":\"TRI QUALITE SERVICE\"},\"image\":{\"@id\":\"https:\\\/\\\/www.tqs-group.com\\\/de\\\/#\\\/schema\\\/logo\\\/image\\\/\"}}]}<\/script>\n<!-- \/ Yoast SEO plugin. -->","yoast_head_json":{"title":"Maschine mit Glasplatte zur automatischen Sortierung von Teilen","description":"TQS verkauft Maschinen mit Glasplatten zur automatischen Sortierung von Industrieteilen: Kontrolle des Aussehens, Kontrolle der Farbe Fordern Sie einen Kostenvoranschlag an!","robots":{"index":"index","follow":"follow","max-snippet":"max-snippet:-1","max-image-preview":"max-image-preview:large","max-video-preview":"max-video-preview:-1"},"canonical":"https:\/\/www.tqs-group.com\/de\/sortiermaschine-mit-glasplatte\/","og_locale":"de_DE","og_type":"article","og_title":"Maschine mit Glasplatte zur automatischen Sortierung von Teilen","og_description":"TQS verkauft Maschinen mit Glasplatten zur automatischen Sortierung von Industrieteilen: Kontrolle des Aussehens, Kontrolle der Farbe Fordern Sie einen Kostenvoranschlag an!","og_url":"https:\/\/www.tqs-group.com\/de\/sortiermaschine-mit-glasplatte\/","og_site_name":"Tri qualit\u00e9 service","article_modified_time":"2023-02-06T21:04:49+00:00","og_image":[{"width":385,"height":380,"url":"https:\/\/www.tqs-group.com\/wp-content\/uploads\/2022\/03\/tri-piece-usinage.png","type":"image\/png"}],"twitter_card":"summary_large_image","twitter_misc":{"Gesch\u00e4tzte Lesezeit":"2\u00a0Minuten"},"schema":{"@context":"https:\/\/schema.org","@graph":[{"@type":"WebPage","@id":"https:\/\/www.tqs-group.com\/de\/sortiermaschine-mit-glasplatte\/","url":"https:\/\/www.tqs-group.com\/de\/sortiermaschine-mit-glasplatte\/","name":"Maschine mit Glasplatte zur automatischen Sortierung von Teilen","isPartOf":{"@id":"https:\/\/www.tqs-group.com\/de\/#website"},"datePublished":"2022-11-14T10:51:27+00:00","dateModified":"2023-02-06T21:04:49+00:00","description":"TQS verkauft Maschinen mit Glasplatten zur automatischen Sortierung von Industrieteilen: Kontrolle des Aussehens, Kontrolle der Farbe Fordern Sie einen Kostenvoranschlag an!","breadcrumb":{"@id":"https:\/\/www.tqs-group.com\/de\/sortiermaschine-mit-glasplatte\/#breadcrumb"},"inLanguage":"de","potentialAction":[{"@type":"ReadAction","target":["https:\/\/www.tqs-group.com\/de\/sortiermaschine-mit-glasplatte\/"]}]},{"@type":"BreadcrumbList","@id":"https:\/\/www.tqs-group.com\/de\/sortiermaschine-mit-glasplatte\/#breadcrumb","itemListElement":[{"@type":"ListItem","position":1,"name":"Accueil","item":"https:\/\/www.tqs-group.com\/de\/"},{"@type":"ListItem","position":2,"name":"Maschine mit Glasplatte"}]},{"@type":"WebSite","@id":"https:\/\/www.tqs-group.com\/de\/#website","url":"https:\/\/www.tqs-group.com\/de\/","name":"TRI QUALITE SERVICE","description":"TQS Group","publisher":{"@id":"https:\/\/www.tqs-group.com\/de\/#organization"},"alternateName":"TQS GROUP","potentialAction":[{"@type":"SearchAction","target":{"@type":"EntryPoint","urlTemplate":"https:\/\/www.tqs-group.com\/de\/?s={search_term_string}"},"query-input":{"@type":"PropertyValueSpecification","valueRequired":true,"valueName":"search_term_string"}}],"inLanguage":"de"},{"@type":"Organization","@id":"https:\/\/www.tqs-group.com\/de\/#organization","name":"TRI QUALITE SERVICE","alternateName":"TQS GROUP","url":"https:\/\/www.tqs-group.com\/de\/","logo":{"@type":"ImageObject","inLanguage":"de","@id":"https:\/\/www.tqs-group.com\/de\/#\/schema\/logo\/image\/","url":"https:\/\/www.tqs-group.com\/wp-content\/uploads\/2022\/03\/tri-piece-usinage.png","contentUrl":"https:\/\/www.tqs-group.com\/wp-content\/uploads\/2022\/03\/tri-piece-usinage.png","width":385,"height":380,"caption":"TRI QUALITE SERVICE"},"image":{"@id":"https:\/\/www.tqs-group.com\/de\/#\/schema\/logo\/image\/"}}]}},"_links":{"self":[{"href":"https:\/\/www.tqs-group.com\/de\/wp-json\/wp\/v2\/pages\/2322","targetHints":{"allow":["GET"]}}],"collection":[{"href":"https:\/\/www.tqs-group.com\/de\/wp-json\/wp\/v2\/pages"}],"about":[{"href":"https:\/\/www.tqs-group.com\/de\/wp-json\/wp\/v2\/types\/page"}],"author":[{"embeddable":true,"href":"https:\/\/www.tqs-group.com\/de\/wp-json\/wp\/v2\/users\/1"}],"replies":[{"embeddable":true,"href":"https:\/\/www.tqs-group.com\/de\/wp-json\/wp\/v2\/comments?post=2322"}],"version-history":[{"count":6,"href":"https:\/\/www.tqs-group.com\/de\/wp-json\/wp\/v2\/pages\/2322\/revisions"}],"predecessor-version":[{"id":3403,"href":"https:\/\/www.tqs-group.com\/de\/wp-json\/wp\/v2\/pages\/2322\/revisions\/3403"}],"wp:attachment":[{"href":"https:\/\/www.tqs-group.com\/de\/wp-json\/wp\/v2\/media?parent=2322"}],"curies":[{"name":"wp","href":"https:\/\/api.w.org\/{rel}","templated":true}]}}