{"id":2336,"date":"2022-09-19T13:54:41","date_gmt":"2022-09-19T11:54:41","guid":{"rendered":"https:\/\/www.tqs-group.com\/ausbildung-und-unterstuetzung\/"},"modified":"2023-02-06T15:06:11","modified_gmt":"2023-02-06T14:06:11","slug":"ausbildung-und-unterstuetzung","status":"publish","type":"page","link":"https:\/\/www.tqs-group.com\/de\/ausbildung-und-unterstuetzung\/","title":{"rendered":"Ausbildung und Unterst\u00fctzung"},"content":{"rendered":"<p>[vc_row][vc_column][vc_column_text el_class=&#8220;petit-txt&#8220;]Im Jahr 2015 hat TQS festgestellt, dass es wichtig ist, den Lernprozess f\u00fcr neue Maschinenbediener zu strukturieren, und die TQS Academy gegr\u00fcndet. Die Academy umfasst heute ein Dutzend Schulungsmodule (Einstellung und Wartung eines Vibrationsbechers, Kalibrierung einer Maschine nach der KEEPSO-Methode, &#8230;), die etwa 40 Stunden theoretischen Unterricht und mindestens genauso viele Stunden praktische Anwendung vor Ort umfassen.<\/p>\n<p>Diese Ausbildung hat den Anspruch, eine qualifizierende Ausbildung zu sein, denn jedes der Module schlie\u00dft mit einer Bewertung ab. Unsere Kunden k\u00f6nnen diese Schulungen f\u00fcr Einsteller an den Sortiermaschinen in Anspruch nehmen.<\/p>\n<p>Diese Ausbildung bietet neuen Einstellern die Gelegenheit, sich auf strukturierte Weise auf einen neuen Beruf vorzubereiten und er\u00f6ffnet ihnen so Perspektiven auf einem wachsenden Markt.<\/p>\n<p>Die TQS Academy ist gleicherma\u00dfen eine der wichtigsten Grundvoraussetzungen f\u00fcr den Erfolg von TQS-Franchiseprojekten.[\/vc_column_text][\/vc_column][\/vc_row][vc_row][vc_column][vc_btn title=&#8220;Kontaktieren Sie uns&#8220; style=&#8220;custom&#8220; custom_background=&#8220;#0a0a0a&#8220; custom_text=&#8220;#f7941f&#8220; shape=&#8220;round&#8220; align=&#8220;center&#8220; link=&#8220;url:https%3A%2F%2Fwww.tqs-group.com%2Fde%2Fkontakt%2F|title:Kontakt&#8220; el_class=&#8220;btn-black-orange&#8220;][\/vc_column][\/vc_row]<\/p>\n","protected":false},"excerpt":{"rendered":"<p>[vc_row][vc_column][vc_column_text el_class=&#8220;petit-txt&#8220;]Im Jahr 2015 hat TQS festgestellt, dass es wichtig ist, den Lernprozess f\u00fcr neue Maschinenbediener zu strukturieren, und die TQS Academy gegr\u00fcndet. Die Academy umfasst<span class=\"excerpt-hellip\"> [\u2026]<\/span><\/p>\n","protected":false},"author":1,"featured_media":0,"parent":0,"menu_order":0,"comment_status":"closed","ping_status":"closed","template":"","meta":{"footnotes":""},"class_list":["post-2336","page","type-page","status-publish","hentry"],"yoast_head":"<!-- This site is optimized with the Yoast SEO plugin v27.4 - https:\/\/yoast.com\/product\/yoast-seo-wordpress\/ -->\n<title>Ausbildung Automatische Sortiermaschine Industrieteil<\/title>\n<meta name=\"description\" content=\"Tri Qualit\u00e9 Service bietet Schulungen f\u00fcr die Nutzung der TQS-Sortiermaschinen an, die eine Qualit\u00e4tskontrolle von Industrieteilen erm\u00f6glichen. Kontaktieren Sie uns!\" \/>\n<meta name=\"robots\" content=\"index, follow, max-snippet:-1, max-image-preview:large, max-video-preview:-1\" \/>\n<link rel=\"canonical\" href=\"https:\/\/www.tqs-group.com\/de\/ausbildung-und-unterstuetzung\/\" \/>\n<meta property=\"og:locale\" content=\"de_DE\" \/>\n<meta property=\"og:type\" content=\"article\" \/>\n<meta property=\"og:title\" content=\"Ausbildung Automatische Sortiermaschine Industrieteil\" \/>\n<meta property=\"og:description\" content=\"Tri Qualit\u00e9 Service bietet Schulungen f\u00fcr die Nutzung der TQS-Sortiermaschinen an, die eine Qualit\u00e4tskontrolle von Industrieteilen erm\u00f6glichen. Kontaktieren Sie uns!\" \/>\n<meta property=\"og:url\" content=\"https:\/\/www.tqs-group.com\/de\/ausbildung-und-unterstuetzung\/\" \/>\n<meta property=\"og:site_name\" content=\"Tri qualit\u00e9 service\" \/>\n<meta property=\"article:modified_time\" content=\"2023-02-06T14:06:11+00:00\" \/>\n<meta property=\"og:image\" content=\"https:\/\/www.tqs-group.com\/wp-content\/uploads\/2022\/03\/tri-piece-usinage.png\" \/>\n\t<meta property=\"og:image:width\" content=\"385\" \/>\n\t<meta property=\"og:image:height\" content=\"380\" \/>\n\t<meta property=\"og:image:type\" content=\"image\/png\" \/>\n<meta name=\"twitter:card\" content=\"summary_large_image\" \/>\n<meta name=\"twitter:label1\" content=\"Gesch\u00e4tzte Lesezeit\" \/>\n\t<meta name=\"twitter:data1\" content=\"1\u00a0Minute\" \/>\n<script type=\"application\/ld+json\" class=\"yoast-schema-graph\">{\"@context\":\"https:\\\/\\\/schema.org\",\"@graph\":[{\"@type\":\"WebPage\",\"@id\":\"https:\\\/\\\/www.tqs-group.com\\\/de\\\/ausbildung-und-unterstuetzung\\\/\",\"url\":\"https:\\\/\\\/www.tqs-group.com\\\/de\\\/ausbildung-und-unterstuetzung\\\/\",\"name\":\"Ausbildung Automatische Sortiermaschine Industrieteil\",\"isPartOf\":{\"@id\":\"https:\\\/\\\/www.tqs-group.com\\\/de\\\/#website\"},\"datePublished\":\"2022-09-19T11:54:41+00:00\",\"dateModified\":\"2023-02-06T14:06:11+00:00\",\"description\":\"Tri Qualit\u00e9 Service bietet Schulungen f\u00fcr die Nutzung der TQS-Sortiermaschinen an, die eine Qualit\u00e4tskontrolle von Industrieteilen erm\u00f6glichen. Kontaktieren Sie uns!\",\"breadcrumb\":{\"@id\":\"https:\\\/\\\/www.tqs-group.com\\\/de\\\/ausbildung-und-unterstuetzung\\\/#breadcrumb\"},\"inLanguage\":\"de\",\"potentialAction\":[{\"@type\":\"ReadAction\",\"target\":[\"https:\\\/\\\/www.tqs-group.com\\\/de\\\/ausbildung-und-unterstuetzung\\\/\"]}]},{\"@type\":\"BreadcrumbList\",\"@id\":\"https:\\\/\\\/www.tqs-group.com\\\/de\\\/ausbildung-und-unterstuetzung\\\/#breadcrumb\",\"itemListElement\":[{\"@type\":\"ListItem\",\"position\":1,\"name\":\"Accueil\",\"item\":\"https:\\\/\\\/www.tqs-group.com\\\/de\\\/\"},{\"@type\":\"ListItem\",\"position\":2,\"name\":\"Ausbildung und Unterst\u00fctzung\"}]},{\"@type\":\"WebSite\",\"@id\":\"https:\\\/\\\/www.tqs-group.com\\\/de\\\/#website\",\"url\":\"https:\\\/\\\/www.tqs-group.com\\\/de\\\/\",\"name\":\"TRI QUALITE SERVICE\",\"description\":\"TQS Group\",\"publisher\":{\"@id\":\"https:\\\/\\\/www.tqs-group.com\\\/de\\\/#organization\"},\"alternateName\":\"TQS GROUP\",\"potentialAction\":[{\"@type\":\"SearchAction\",\"target\":{\"@type\":\"EntryPoint\",\"urlTemplate\":\"https:\\\/\\\/www.tqs-group.com\\\/de\\\/?s={search_term_string}\"},\"query-input\":{\"@type\":\"PropertyValueSpecification\",\"valueRequired\":true,\"valueName\":\"search_term_string\"}}],\"inLanguage\":\"de\"},{\"@type\":\"Organization\",\"@id\":\"https:\\\/\\\/www.tqs-group.com\\\/de\\\/#organization\",\"name\":\"TRI QUALITE SERVICE\",\"alternateName\":\"TQS GROUP\",\"url\":\"https:\\\/\\\/www.tqs-group.com\\\/de\\\/\",\"logo\":{\"@type\":\"ImageObject\",\"inLanguage\":\"de\",\"@id\":\"https:\\\/\\\/www.tqs-group.com\\\/de\\\/#\\\/schema\\\/logo\\\/image\\\/\",\"url\":\"https:\\\/\\\/www.tqs-group.com\\\/wp-content\\\/uploads\\\/2022\\\/03\\\/tri-piece-usinage.png\",\"contentUrl\":\"https:\\\/\\\/www.tqs-group.com\\\/wp-content\\\/uploads\\\/2022\\\/03\\\/tri-piece-usinage.png\",\"width\":385,\"height\":380,\"caption\":\"TRI QUALITE SERVICE\"},\"image\":{\"@id\":\"https:\\\/\\\/www.tqs-group.com\\\/de\\\/#\\\/schema\\\/logo\\\/image\\\/\"}}]}<\/script>\n<!-- \/ Yoast SEO plugin. -->","yoast_head_json":{"title":"Ausbildung Automatische Sortiermaschine Industrieteil","description":"Tri Qualit\u00e9 Service bietet Schulungen f\u00fcr die Nutzung der TQS-Sortiermaschinen an, die eine Qualit\u00e4tskontrolle von Industrieteilen erm\u00f6glichen. Kontaktieren Sie uns!","robots":{"index":"index","follow":"follow","max-snippet":"max-snippet:-1","max-image-preview":"max-image-preview:large","max-video-preview":"max-video-preview:-1"},"canonical":"https:\/\/www.tqs-group.com\/de\/ausbildung-und-unterstuetzung\/","og_locale":"de_DE","og_type":"article","og_title":"Ausbildung Automatische Sortiermaschine Industrieteil","og_description":"Tri Qualit\u00e9 Service bietet Schulungen f\u00fcr die Nutzung der TQS-Sortiermaschinen an, die eine Qualit\u00e4tskontrolle von Industrieteilen erm\u00f6glichen. Kontaktieren Sie uns!","og_url":"https:\/\/www.tqs-group.com\/de\/ausbildung-und-unterstuetzung\/","og_site_name":"Tri qualit\u00e9 service","article_modified_time":"2023-02-06T14:06:11+00:00","og_image":[{"width":385,"height":380,"url":"https:\/\/www.tqs-group.com\/wp-content\/uploads\/2022\/03\/tri-piece-usinage.png","type":"image\/png"}],"twitter_card":"summary_large_image","twitter_misc":{"Gesch\u00e4tzte Lesezeit":"1\u00a0Minute"},"schema":{"@context":"https:\/\/schema.org","@graph":[{"@type":"WebPage","@id":"https:\/\/www.tqs-group.com\/de\/ausbildung-und-unterstuetzung\/","url":"https:\/\/www.tqs-group.com\/de\/ausbildung-und-unterstuetzung\/","name":"Ausbildung Automatische Sortiermaschine Industrieteil","isPartOf":{"@id":"https:\/\/www.tqs-group.com\/de\/#website"},"datePublished":"2022-09-19T11:54:41+00:00","dateModified":"2023-02-06T14:06:11+00:00","description":"Tri Qualit\u00e9 Service bietet Schulungen f\u00fcr die Nutzung der TQS-Sortiermaschinen an, die eine Qualit\u00e4tskontrolle von Industrieteilen erm\u00f6glichen. Kontaktieren Sie uns!","breadcrumb":{"@id":"https:\/\/www.tqs-group.com\/de\/ausbildung-und-unterstuetzung\/#breadcrumb"},"inLanguage":"de","potentialAction":[{"@type":"ReadAction","target":["https:\/\/www.tqs-group.com\/de\/ausbildung-und-unterstuetzung\/"]}]},{"@type":"BreadcrumbList","@id":"https:\/\/www.tqs-group.com\/de\/ausbildung-und-unterstuetzung\/#breadcrumb","itemListElement":[{"@type":"ListItem","position":1,"name":"Accueil","item":"https:\/\/www.tqs-group.com\/de\/"},{"@type":"ListItem","position":2,"name":"Ausbildung und Unterst\u00fctzung"}]},{"@type":"WebSite","@id":"https:\/\/www.tqs-group.com\/de\/#website","url":"https:\/\/www.tqs-group.com\/de\/","name":"TRI QUALITE SERVICE","description":"TQS Group","publisher":{"@id":"https:\/\/www.tqs-group.com\/de\/#organization"},"alternateName":"TQS GROUP","potentialAction":[{"@type":"SearchAction","target":{"@type":"EntryPoint","urlTemplate":"https:\/\/www.tqs-group.com\/de\/?s={search_term_string}"},"query-input":{"@type":"PropertyValueSpecification","valueRequired":true,"valueName":"search_term_string"}}],"inLanguage":"de"},{"@type":"Organization","@id":"https:\/\/www.tqs-group.com\/de\/#organization","name":"TRI QUALITE SERVICE","alternateName":"TQS GROUP","url":"https:\/\/www.tqs-group.com\/de\/","logo":{"@type":"ImageObject","inLanguage":"de","@id":"https:\/\/www.tqs-group.com\/de\/#\/schema\/logo\/image\/","url":"https:\/\/www.tqs-group.com\/wp-content\/uploads\/2022\/03\/tri-piece-usinage.png","contentUrl":"https:\/\/www.tqs-group.com\/wp-content\/uploads\/2022\/03\/tri-piece-usinage.png","width":385,"height":380,"caption":"TRI QUALITE SERVICE"},"image":{"@id":"https:\/\/www.tqs-group.com\/de\/#\/schema\/logo\/image\/"}}]}},"_links":{"self":[{"href":"https:\/\/www.tqs-group.com\/de\/wp-json\/wp\/v2\/pages\/2336","targetHints":{"allow":["GET"]}}],"collection":[{"href":"https:\/\/www.tqs-group.com\/de\/wp-json\/wp\/v2\/pages"}],"about":[{"href":"https:\/\/www.tqs-group.com\/de\/wp-json\/wp\/v2\/types\/page"}],"author":[{"embeddable":true,"href":"https:\/\/www.tqs-group.com\/de\/wp-json\/wp\/v2\/users\/1"}],"replies":[{"embeddable":true,"href":"https:\/\/www.tqs-group.com\/de\/wp-json\/wp\/v2\/comments?post=2336"}],"version-history":[{"count":6,"href":"https:\/\/www.tqs-group.com\/de\/wp-json\/wp\/v2\/pages\/2336\/revisions"}],"predecessor-version":[{"id":3354,"href":"https:\/\/www.tqs-group.com\/de\/wp-json\/wp\/v2\/pages\/2336\/revisions\/3354"}],"wp:attachment":[{"href":"https:\/\/www.tqs-group.com\/de\/wp-json\/wp\/v2\/media?parent=2336"}],"curies":[{"name":"wp","href":"https:\/\/api.w.org\/{rel}","templated":true}]}}