{"id":2363,"date":"2022-09-09T09:27:05","date_gmt":"2022-09-09T07:27:05","guid":{"rendered":"https:\/\/www.tqs-group.com\/rechtliche-hinweise\/"},"modified":"2023-02-06T14:29:24","modified_gmt":"2023-02-06T13:29:24","slug":"rechtliche-hinweise","status":"publish","type":"page","link":"https:\/\/www.tqs-group.com\/de\/rechtliche-hinweise\/","title":{"rendered":"Rechtliche Hinweise"},"content":{"rendered":"<p>[vc_row][vc_column][vc_column_text]<\/p>\n<h2>Herausgeber der Website<\/h2>\n<p>Die Website <a href=\"https:\/\/www.tqs-group.com\/de\/\">https:\/\/www.tqs-group.com<\/a> ist Eigentum der Firma Tri qualit\u00e9 service, SARL mit einem Kapital von 200.000 \u20ac<br \/>\nSiret: 47814420700048<\/p>\n<h2>Kontakt<\/h2>\n<p>Tri Qualit\u00e9 Service<br \/>\n150, rue des Techniques<br \/>\n74970 Marignier &#8211; Haute-Savoie &#8211; FRANKREICH<br \/>\nTelefon: +33 4 50 96 74 60<br \/>\nE-Mail: contact@triqualiteservice.com<\/p>\n<h2>Referenzierung und Erstellung der Website<\/h2>\n<p>Referenzierung und Integration der Inhalte &#8211; <a href=\"https:\/\/www.d2bconsulting.fr\/\" target=\"_blank\" rel=\"nofollow noopener noreferrer\">D2B Consulting<\/a>, 3 rue Louis Gattefoss\u00e9, 69800 &#8211; St Priest &#8211; Frankreich<\/p>\n<p>Erstellung des Designs &#8211; <a href=\"https:\/\/www.pepperstudio.com\/\" target=\"_blank\" rel=\"nofollow noopener noreferrer\">Pepper studio<\/a>, 25 rue du Faucigny, 74 700 Sallanches &#8211; Frankreich<\/p>\n<h2>Hosting der Website<\/h2>\n<p>Firma: 1&amp;1<br \/>\nAdresse: 7 place de la gare, 57700 Sarreguemines &#8211; Frankreich<br \/>\nTelefon: 0970 808 911<\/p>\n<p>&nbsp;<\/p>\n<h2>Gesetzliche Bestimmungen<\/h2>\n<p>Diese Website und die Verarbeitung der von dieser Website erhobenen personenbezogenen Daten sind bei der franz\u00f6sischen Datenschutzbeh\u00f6rde CNIL angemeldet. Gem\u00e4\u00df dem Gesetz &#8222;Informatique et Libert\u00e9s&#8220; vom 6. Januar 1978 sind Sie berechtigt, auf die Sie betreffenden personenbezogenen Daten zuzugreifen, sie zu \u00e4ndern, zu berichtigen und zu l\u00f6schen. Sie k\u00f6nnen dieses Recht durch eine einfache schriftliche Anfrage (E-Mail oder Brief in Papierform) aus\u00fcben.<\/p>\n<p>Die Informationen, die auf dieser Website und im Allgemeinen auf den Domainnamen, die Eigentum von Tri Qualit\u00e9 Service sind, zur Verf\u00fcgung gestellt werden, dienen rein informativen Zwecken. Tri Qualit\u00e9 Service stellt diese Inhalte aus unterschiedlichen, \u00fcbereinstimmenden Quellen zusammen und produziert sie. Tri Qualit\u00e9 Service \u00fcbernimmt keine Verantwortung f\u00fcr den Wahrheitsgehalt und die Richtigkeit der Inhalte oder f\u00fcr die Verwendung und Nutzung durch den Benutzer der Website.<\/p>\n<p>Jede Vervielf\u00e4ltigung, Ver\u00e4nderung, Ver\u00f6ffentlichung, Kopie, ob ganz oder teilweise, des auf den Domains von D2b Consulting dargestellten Inhalts, unabh\u00e4ngig von der Art des Verfahrens und des Mediums, ist verboten.<\/p>\n<p>&nbsp;<\/p>\n<h2>DSGVO-Bestimmungen<\/h2>\n<div class=\"s-block-item s-repeatable-item s-block-sortable-item rich-text\">\n<div>\n<div>\n<div class=\"s-block-item-inner clearfix\">\n<div class=\" columns sixteen\">\n<div class=\"s-component s-text\">\n<div class=\"s-component-content s-font-body\">\n<p>Tri Qualit\u00e9 Service ist verantwortlich f\u00fcr die Verarbeitung der auf der Website <a href=\"https:\/\/www.tqs-group.com\/de\/\"><strong>Tri Qualit\u00e9 Service<\/strong><\/a> gesammelten Daten.<\/p>\n<p>Der Benutzer wird vor allem dar\u00fcber informiert, dass gem\u00e4\u00df Artikel 32 des ge\u00e4nderten Gesetzes \u00fcber Datenverarbeitung und Freiheiten vom 6. Januar 1978 und der allgemeinen Verordnung zum Datenschutz vom 27. April 2016 die Informationen, die er \u00fcber die Formulare auf der Website von Tri qualit\u00e9 service \u00fcbermittelt, f\u00fcr die Bearbeitung seiner Anfrage erforderlich sind und an die Abteilungen weitergeleitet werden, die f\u00fcr die Beantwortung seiner Anfrage zust\u00e4ndig sind, um diese Anfrage weiter zu bearbeiten.<\/p>\n<p>Gem\u00e4\u00df dem Gesetz &#8222;Informatique et Libert\u00e9s&#8220; vom 6. Januar 1978 in seiner j\u00fcngsten Fassung und der Allgemeinen Datenschutzverordnung (&#8222;DSGVO&#8220;) vom 27. April 2016 hat der Benutzer Anspruch auf Zugang, Korrektur und L\u00f6schung, Einschr\u00e4nkung, auf Widerspruch und \u00dcbertragbarkeit der Informationen, die ihn betreffen, und kann dieses Recht aus\u00fcben, indem er sich an Tri Qualit\u00e9 Service, 150, rue des techniques, 74970 Marignier &#8211; FRANKREICH, oder per E-Mail <a href=\"mailto:contact@triqualiteservice.com\">contact@triqualiteservice.com<\/a> richtet, wobei er im Betreff &#8222;Recht der Personen&#8220; angeben und eine Kopie seines Personalausweises beif\u00fcgen muss.<\/p>\n<p>Au\u00dferdem steht Ihnen das Recht zu, Richtlinien \u00fcber den Verbleib Ihrer Daten nach Ihrem Tod zu erlassen.<\/p>\n<p>Der Benutzer wird dar\u00fcber informiert, dass bei seinen Besuchen auf der Website https:\/\/www.tqs-group.com ein Cookie auf seiner Browser-Software installiert werden kann, wenn der Benutzer seine Zustimmung gegeben hat.<\/p>\n<p>Die Informationen, die auf dieser Website gesammelt werden, werden f\u00fcr einen Zeitraum von drei Jahren gespeichert.<\/p>\n<p>Ein Cookie ist ein Datenblock, der die Benutzer nicht identifizieren kann, sondern lediglich dazu verwendet wird, Informationen \u00fcber die Art und Weise, wie der Benutzer auf der Website navigiert, zu speichern. \u00dcber die Einstellung der Browser-Software k\u00f6nnen Sie \u00fcber das Vorhandensein von Cookies informiert werden und diese gegebenenfalls auf die unter der folgenden Adresse beschriebene Weise ablehnen: www.cnil.fr.<\/p>\n<p>Der Benutzer hat unter den oben genannten Bedingungen Anspruch auf Zugang, Widerruf und \u00c4nderung der personenbezogenen Daten, die \u00fcber Cookies \u00fcbermittelt werden.<\/p>\n<p>Der Benutzer der Website Tri Qualit\u00e9 Service ist dazu verpflichtet, die Bestimmungen des ge\u00e4nderten Gesetzes \u00fcber Datenverarbeitung und Freiheiten vom 6. Januar 1978 einzuhalten, wobei die Verletzung dieser Bestimmungen unter Strafe gestellt werden kann. Er muss besonders in Bezug auf die namentlichen Informationen, auf die er zugreift, jede Erhebung, jede missbr\u00e4uchliche Verwendung und generell jede T\u00e4tigkeit unterlassen, die das Privatleben oder den Ruf von Personen beeintr\u00e4chtigen k\u00f6nnte<\/p>\n<\/div>\n<\/div>\n<\/div>\n<\/div>\n<\/div>\n<\/div>\n<\/div>\n<p><a style=\"color: #c8c8c8;\" href=\"https:\/\/www.tqs-group.com\/de\/datenschutzrichtlinie\/\">Verwaltung von Cookies<\/a><\/p>\n<p>&nbsp;<\/p>\n<h2>Links von und zu diesem Inhalt<\/h2>\n<p>Die Inhalte der Domains von Tri Qualit\u00e9 Service umfassen m\u00f6glicherweise Links zu anderen Websites oder anderen Internetinhalten, die nicht im Besitz von Tri Qualit\u00e9 Service sind. Infolgedessen kann Tri qualit\u00e9 service f\u00fcr diese Inhalte und die Funktionsweise dieser Websites (Cookies, Erfassung personenbezogener Daten, &#8230;) nicht zur Verantwortung gezogen werden.<\/p>\n<p>Es besteht die M\u00f6glichkeit, Links zu Inhalten zu erstellen, die von Tri Qualit\u00e9 Service selbst zusammengestellt oder produziert wurden. Um diese Verbindungen zum Vorteil der beiden Websites zu optimieren, kann Tri qualit\u00e9 service unter Umst\u00e4nden eine \u00c4nderung bei der Erstellung des Links anfordern (Schl\u00fcsselw\u00f6rter, URL, &#8230;).<\/p>\n<p>&nbsp;<\/p>\n<h2>Copyright<\/h2>\n<p>Alle Rechte auf Vervielf\u00e4ltigung und Verbreitung vorbehalten. \u00a9 Tri Qualit\u00e9 Service 2022.[\/vc_column_text][\/vc_column][\/vc_row]<\/p>\n","protected":false},"excerpt":{"rendered":"<p>[vc_row][vc_column][vc_column_text] Herausgeber der Website Die Website https:\/\/www.tqs-group.com ist Eigentum der Firma Tri qualit\u00e9 service, SARL mit einem Kapital von 200.000 \u20ac Siret: 47814420700048 Kontakt Tri Qualit\u00e9<span class=\"excerpt-hellip\"> [\u2026]<\/span><\/p>\n","protected":false},"author":1,"featured_media":0,"parent":0,"menu_order":0,"comment_status":"closed","ping_status":"closed","template":"","meta":{"footnotes":""},"class_list":["post-2363","page","type-page","status-publish","hentry"],"yoast_head":"<!-- This site is optimized with the Yoast SEO plugin v27.4 - https:\/\/yoast.com\/product\/yoast-seo-wordpress\/ -->\n<title>Impressum Tri qualit\u00e9 service, automatische Sortierung von Industrieteilen<\/title>\n<meta name=\"description\" content=\"Lesen Sie das Impressum von TQS, einem Unternehmen, das sich auf die automatische Sortierung von Teilen in Frankreich spezialisiert hat.\" \/>\n<meta name=\"robots\" content=\"index, follow, max-snippet:-1, max-image-preview:large, max-video-preview:-1\" \/>\n<link rel=\"canonical\" href=\"https:\/\/www.tqs-group.com\/de\/rechtliche-hinweise\/\" \/>\n<meta property=\"og:locale\" content=\"de_DE\" \/>\n<meta property=\"og:type\" content=\"article\" \/>\n<meta property=\"og:title\" content=\"Impressum Tri qualit\u00e9 service, automatische Sortierung von Industrieteilen\" \/>\n<meta property=\"og:description\" content=\"Lesen Sie das Impressum von TQS, einem Unternehmen, das sich auf die automatische Sortierung von Teilen in Frankreich spezialisiert hat.\" \/>\n<meta property=\"og:url\" content=\"https:\/\/www.tqs-group.com\/de\/rechtliche-hinweise\/\" \/>\n<meta property=\"og:site_name\" content=\"Tri qualit\u00e9 service\" \/>\n<meta property=\"article:modified_time\" content=\"2023-02-06T13:29:24+00:00\" \/>\n<meta property=\"og:image\" content=\"https:\/\/www.tqs-group.com\/wp-content\/uploads\/2022\/03\/tri-piece-usinage.png\" \/>\n\t<meta property=\"og:image:width\" content=\"385\" \/>\n\t<meta property=\"og:image:height\" content=\"380\" \/>\n\t<meta property=\"og:image:type\" content=\"image\/png\" \/>\n<meta name=\"twitter:card\" content=\"summary_large_image\" \/>\n<meta name=\"twitter:label1\" content=\"Gesch\u00e4tzte Lesezeit\" \/>\n\t<meta name=\"twitter:data1\" content=\"4\u00a0Minuten\" \/>\n<script type=\"application\/ld+json\" class=\"yoast-schema-graph\">{\"@context\":\"https:\\\/\\\/schema.org\",\"@graph\":[{\"@type\":\"WebPage\",\"@id\":\"https:\\\/\\\/www.tqs-group.com\\\/de\\\/rechtliche-hinweise\\\/\",\"url\":\"https:\\\/\\\/www.tqs-group.com\\\/de\\\/rechtliche-hinweise\\\/\",\"name\":\"Impressum Tri qualit\u00e9 service, automatische Sortierung von Industrieteilen\",\"isPartOf\":{\"@id\":\"https:\\\/\\\/www.tqs-group.com\\\/de\\\/#website\"},\"datePublished\":\"2022-09-09T07:27:05+00:00\",\"dateModified\":\"2023-02-06T13:29:24+00:00\",\"description\":\"Lesen Sie das Impressum von TQS, einem Unternehmen, das sich auf die automatische Sortierung von Teilen in Frankreich spezialisiert hat.\",\"breadcrumb\":{\"@id\":\"https:\\\/\\\/www.tqs-group.com\\\/de\\\/rechtliche-hinweise\\\/#breadcrumb\"},\"inLanguage\":\"de\",\"potentialAction\":[{\"@type\":\"ReadAction\",\"target\":[\"https:\\\/\\\/www.tqs-group.com\\\/de\\\/rechtliche-hinweise\\\/\"]}]},{\"@type\":\"BreadcrumbList\",\"@id\":\"https:\\\/\\\/www.tqs-group.com\\\/de\\\/rechtliche-hinweise\\\/#breadcrumb\",\"itemListElement\":[{\"@type\":\"ListItem\",\"position\":1,\"name\":\"Accueil\",\"item\":\"https:\\\/\\\/www.tqs-group.com\\\/de\\\/\"},{\"@type\":\"ListItem\",\"position\":2,\"name\":\"Rechtliche Hinweise\"}]},{\"@type\":\"WebSite\",\"@id\":\"https:\\\/\\\/www.tqs-group.com\\\/de\\\/#website\",\"url\":\"https:\\\/\\\/www.tqs-group.com\\\/de\\\/\",\"name\":\"TRI QUALITE SERVICE\",\"description\":\"TQS Group\",\"publisher\":{\"@id\":\"https:\\\/\\\/www.tqs-group.com\\\/de\\\/#organization\"},\"alternateName\":\"TQS GROUP\",\"potentialAction\":[{\"@type\":\"SearchAction\",\"target\":{\"@type\":\"EntryPoint\",\"urlTemplate\":\"https:\\\/\\\/www.tqs-group.com\\\/de\\\/?s={search_term_string}\"},\"query-input\":{\"@type\":\"PropertyValueSpecification\",\"valueRequired\":true,\"valueName\":\"search_term_string\"}}],\"inLanguage\":\"de\"},{\"@type\":\"Organization\",\"@id\":\"https:\\\/\\\/www.tqs-group.com\\\/de\\\/#organization\",\"name\":\"TRI QUALITE SERVICE\",\"alternateName\":\"TQS GROUP\",\"url\":\"https:\\\/\\\/www.tqs-group.com\\\/de\\\/\",\"logo\":{\"@type\":\"ImageObject\",\"inLanguage\":\"de\",\"@id\":\"https:\\\/\\\/www.tqs-group.com\\\/de\\\/#\\\/schema\\\/logo\\\/image\\\/\",\"url\":\"https:\\\/\\\/www.tqs-group.com\\\/wp-content\\\/uploads\\\/2022\\\/03\\\/tri-piece-usinage.png\",\"contentUrl\":\"https:\\\/\\\/www.tqs-group.com\\\/wp-content\\\/uploads\\\/2022\\\/03\\\/tri-piece-usinage.png\",\"width\":385,\"height\":380,\"caption\":\"TRI QUALITE SERVICE\"},\"image\":{\"@id\":\"https:\\\/\\\/www.tqs-group.com\\\/de\\\/#\\\/schema\\\/logo\\\/image\\\/\"}}]}<\/script>\n<!-- \/ Yoast SEO plugin. -->","yoast_head_json":{"title":"Impressum Tri qualit\u00e9 service, automatische Sortierung von Industrieteilen","description":"Lesen Sie das Impressum von TQS, einem Unternehmen, das sich auf die automatische Sortierung von Teilen in Frankreich spezialisiert hat.","robots":{"index":"index","follow":"follow","max-snippet":"max-snippet:-1","max-image-preview":"max-image-preview:large","max-video-preview":"max-video-preview:-1"},"canonical":"https:\/\/www.tqs-group.com\/de\/rechtliche-hinweise\/","og_locale":"de_DE","og_type":"article","og_title":"Impressum Tri qualit\u00e9 service, automatische Sortierung von Industrieteilen","og_description":"Lesen Sie das Impressum von TQS, einem Unternehmen, das sich auf die automatische Sortierung von Teilen in Frankreich spezialisiert hat.","og_url":"https:\/\/www.tqs-group.com\/de\/rechtliche-hinweise\/","og_site_name":"Tri qualit\u00e9 service","article_modified_time":"2023-02-06T13:29:24+00:00","og_image":[{"width":385,"height":380,"url":"https:\/\/www.tqs-group.com\/wp-content\/uploads\/2022\/03\/tri-piece-usinage.png","type":"image\/png"}],"twitter_card":"summary_large_image","twitter_misc":{"Gesch\u00e4tzte Lesezeit":"4\u00a0Minuten"},"schema":{"@context":"https:\/\/schema.org","@graph":[{"@type":"WebPage","@id":"https:\/\/www.tqs-group.com\/de\/rechtliche-hinweise\/","url":"https:\/\/www.tqs-group.com\/de\/rechtliche-hinweise\/","name":"Impressum Tri qualit\u00e9 service, automatische Sortierung von Industrieteilen","isPartOf":{"@id":"https:\/\/www.tqs-group.com\/de\/#website"},"datePublished":"2022-09-09T07:27:05+00:00","dateModified":"2023-02-06T13:29:24+00:00","description":"Lesen Sie das Impressum von TQS, einem Unternehmen, das sich auf die automatische Sortierung von Teilen in Frankreich spezialisiert hat.","breadcrumb":{"@id":"https:\/\/www.tqs-group.com\/de\/rechtliche-hinweise\/#breadcrumb"},"inLanguage":"de","potentialAction":[{"@type":"ReadAction","target":["https:\/\/www.tqs-group.com\/de\/rechtliche-hinweise\/"]}]},{"@type":"BreadcrumbList","@id":"https:\/\/www.tqs-group.com\/de\/rechtliche-hinweise\/#breadcrumb","itemListElement":[{"@type":"ListItem","position":1,"name":"Accueil","item":"https:\/\/www.tqs-group.com\/de\/"},{"@type":"ListItem","position":2,"name":"Rechtliche Hinweise"}]},{"@type":"WebSite","@id":"https:\/\/www.tqs-group.com\/de\/#website","url":"https:\/\/www.tqs-group.com\/de\/","name":"TRI QUALITE SERVICE","description":"TQS Group","publisher":{"@id":"https:\/\/www.tqs-group.com\/de\/#organization"},"alternateName":"TQS GROUP","potentialAction":[{"@type":"SearchAction","target":{"@type":"EntryPoint","urlTemplate":"https:\/\/www.tqs-group.com\/de\/?s={search_term_string}"},"query-input":{"@type":"PropertyValueSpecification","valueRequired":true,"valueName":"search_term_string"}}],"inLanguage":"de"},{"@type":"Organization","@id":"https:\/\/www.tqs-group.com\/de\/#organization","name":"TRI QUALITE SERVICE","alternateName":"TQS GROUP","url":"https:\/\/www.tqs-group.com\/de\/","logo":{"@type":"ImageObject","inLanguage":"de","@id":"https:\/\/www.tqs-group.com\/de\/#\/schema\/logo\/image\/","url":"https:\/\/www.tqs-group.com\/wp-content\/uploads\/2022\/03\/tri-piece-usinage.png","contentUrl":"https:\/\/www.tqs-group.com\/wp-content\/uploads\/2022\/03\/tri-piece-usinage.png","width":385,"height":380,"caption":"TRI QUALITE SERVICE"},"image":{"@id":"https:\/\/www.tqs-group.com\/de\/#\/schema\/logo\/image\/"}}]}},"_links":{"self":[{"href":"https:\/\/www.tqs-group.com\/de\/wp-json\/wp\/v2\/pages\/2363","targetHints":{"allow":["GET"]}}],"collection":[{"href":"https:\/\/www.tqs-group.com\/de\/wp-json\/wp\/v2\/pages"}],"about":[{"href":"https:\/\/www.tqs-group.com\/de\/wp-json\/wp\/v2\/types\/page"}],"author":[{"embeddable":true,"href":"https:\/\/www.tqs-group.com\/de\/wp-json\/wp\/v2\/users\/1"}],"replies":[{"embeddable":true,"href":"https:\/\/www.tqs-group.com\/de\/wp-json\/wp\/v2\/comments?post=2363"}],"version-history":[{"count":10,"href":"https:\/\/www.tqs-group.com\/de\/wp-json\/wp\/v2\/pages\/2363\/revisions"}],"predecessor-version":[{"id":3151,"href":"https:\/\/www.tqs-group.com\/de\/wp-json\/wp\/v2\/pages\/2363\/revisions\/3151"}],"wp:attachment":[{"href":"https:\/\/www.tqs-group.com\/de\/wp-json\/wp\/v2\/media?parent=2363"}],"curies":[{"name":"wp","href":"https:\/\/api.w.org\/{rel}","templated":true}]}}