{"id":2407,"date":"2022-08-04T13:38:42","date_gmt":"2022-08-04T11:38:42","guid":{"rendered":"https:\/\/www.tqs-group.com\/auslagerung-oder-ausruestung\/"},"modified":"2023-02-06T14:55:24","modified_gmt":"2023-02-06T13:55:24","slug":"auslagerung-oder-ausruestung","status":"publish","type":"page","link":"https:\/\/www.tqs-group.com\/de\/auslagerung-oder-ausruestung\/","title":{"rendered":"Auslagerung oder Ausr\u00fcstung"},"content":{"rendered":"<p>[vc_row][vc_column][vc_column_text]<script>\n                            if (window.qmn_quiz_data === undefined) {\n                                    window.qmn_quiz_data = new Object();\n                            }\n                    <\/script><script>window.qmn_quiz_data[\"5\"] = {\"quiz_id\":\"5\",\"quiz_name\":\"Sous-traiter ou investir DE\",\"disable_answer\":\"0\",\"ajax_show_correct\":\"0\",\"progress_bar\":0,\"contact_info_location\":\"0\",\"qpages\":{\"2\":{\"id\":\"2\",\"quizID\":\"5\",\"pagekey\":\"M6XNFYfx\",\"hide_prevbtn\":\"0\"}},\"skip_validation_time_expire\":1,\"timer_limit_val\":\"0\",\"disable_scroll_next_previous_click\":0,\"disable_scroll_on_result\":0,\"disable_first_page\":0,\"enable_result_after_timer_end\":0,\"enable_quick_result_mc\":0,\"end_quiz_if_wrong\":0,\"form_disable_autofill\":0,\"disable_mathjax\":0,\"enable_quick_correct_answer_info\":0,\"quick_result_correct_answer_text\":\"Correct! You have selected correct answer.\",\"quick_result_wrong_answer_text\":\"Wrong! You have selected wrong answer.\",\"quiz_processing_message\":\"\",\"quiz_limit_choice\":\"Limit of choice is reached.\",\"not_allow_after_expired_time\":0,\"scheduled_time_end\":false,\"prevent_reload\":0,\"limit_email_based_submission\":0,\"total_user_tries\":\"0\",\"is_logged_in\":false,\"error_messages\":{\"email_error_text\":\"Not a valid e-mail address!\",\"number_error_text\":\"This field must be a number!\",\"incorrect_error_text\":\"The entered text is not correct!\",\"empty_error_text\":\"Bitte f\\u00fcllen Sie alle erforderlichen Felder aus!\",\"contact_field_required_error_text\":\"Please complete all required fields!\",\"url_error_text\":\"The entered URL is not valid!\",\"minlength_error_text\":\"Required atleast %minlength% characters.\",\"maxlength_error_text\":\"Maximum %maxlength% characters allowed.\",\"recaptcha_error_text\":\"ReCaptcha is missing\",\"phone_error_text\":\"Phone number is invalid\"},\"first_page\":false,\"questions_settings\":[]}\n                    <\/script><style type='text\/css' id='qmn_quiz_template-css'>.qmn_quiz_container .qmn_btn, .qmn_quiz_container .btn {\r\n    color: #fff !important;\r\n    background: #ffffff !important;\r\n}\r\n\r\n.button-stroke input[type=\"submit\"]\r\n    border-color: #444;\r\n    color: #fff ! important<\/style>\t\t<div class='qsm-quiz-container qsm-quiz-container-5 qmn_quiz_container mlw_qmn_quiz  quiz_theme_default  '>\n\t\t\t\t\t\t\t\t<form name=\"quizForm5\" id=\"quizForm5\" action=\"\/de\/wp-json\/wp\/v2\/pages\/2407\" method=\"POST\" class=\"qsm-quiz-form qmn_quiz_form mlw_quiz_form\" novalidate enctype=\"multipart\/form-data\">\n\t\t\t\t<input type=\"hidden\" name=\"qsm_hidden_questions\" id=\"qsm_hidden_questions\" value=\"\">\n\t\t\t\t<input type=\"hidden\" name=\"qsm_nonce\" id=\"qsm_nonce_5\" value=\"d54b2e1bf5\">\n\t\t\t\t<input type=\"hidden\" name=\"qsm_unique_key\" id=\"qsm_unique_key_5\" value=\"69deea1113607\">\n\t\t\t\t<div id=\"mlw_error_message\" class=\"qsm-error-message qmn_error_message_section\"><\/div>\n\t\t\t\t<span id=\"mlw_top_of_quiz\"><\/span>\n\t\t\t\t\t\t\t<section class=\"qsm-page \">\n\t\t\t\t\t\t\t\t<div class=\"quiz_section quiz_begin\">\n\t\t\t\t\t\t<div class='qsm-before-message mlw_qmn_message_before'>\n\t\t\t\t<p>Um herauszufinden, ob Sie eine Sortiermaschine auslagern oder in sie investieren sollten, beantworten Sie diesen Fragebogen. (1 min)<\/p>\n\t\t\t\t\t\t<\/div>\n\t\t\t\t\t\t\t\t\t<\/div>\n\t\t\t\t\t\t\t\t\t<div class=\"quiz_section qsm-question-wrapper question-type-4 question-section-id-17 \" data-qid=\"17\">\n\t\t\t\t\t\t<div class='mlw_qmn_new_question'>Material der zu sortierenden Teile <\/div>\n\t\t\t<div class='mlw_qmn_question  qsm_remove_bold' >\n\t\t<p><\/p>\n\t<\/div>\n\t\t<fieldset>\n\t\t<legend><\/legend>\n\t<div class=\"qmn_check_answers mlwRequiredRadio\">\n\t\t\t\t\t\t\t<div class=\"qsm_check_answer  mrq_checkbox_class\">\n\t\t\t\t\t\t<input type=\"checkbox\" class=\"qsm-multiple-response-input\"  name=\"question17[]\" id=\"question17_1\" value=\"0\" \/>\n\t\t\t\t\t\t<label class=\"qsm-input-label\" for=\"question17_1\">\n\t\t\t\t\t\t\tMetall\t\t\t\t\t\t<\/label>\n\t\t\t\t\t<\/div>\n\t\t\t\t\t\t\t\t\t\t<div class=\"qsm_check_answer  mrq_checkbox_class\">\n\t\t\t\t\t\t<input type=\"checkbox\" class=\"qsm-multiple-response-input\"  name=\"question17[]\" id=\"question17_2\" value=\"1\" \/>\n\t\t\t\t\t\t<label class=\"qsm-input-label\" for=\"question17_2\">\n\t\t\t\t\t\t\tKunststoff\t\t\t\t\t\t<\/label>\n\t\t\t\t\t<\/div>\n\t\t\t\t\t\t\t\t\t\t<div class=\"qsm_check_answer  mrq_checkbox_class\">\n\t\t\t\t\t\t<input type=\"checkbox\" class=\"qsm-multiple-response-input\"  name=\"question17[]\" id=\"question17_3\" value=\"2\" \/>\n\t\t\t\t\t\t<label class=\"qsm-input-label\" for=\"question17_3\">\n\t\t\t\t\t\t\tGummi\t\t\t\t\t\t<\/label>\n\t\t\t\t\t<\/div>\n\t\t\t\t\t\t\t\t\t\t<div class=\"qsm_check_answer  mrq_checkbox_class\">\n\t\t\t\t\t\t<input type=\"checkbox\" class=\"qsm-multiple-response-input\"  name=\"question17[]\" id=\"question17_4\" value=\"3\" \/>\n\t\t\t\t\t\t<label class=\"qsm-input-label\" for=\"question17_4\">\n\t\t\t\t\t\t\tAndere\t\t\t\t\t\t<\/label>\n\t\t\t\t\t<\/div>\n\t\t\t\t\t\t<\/div>\n\t<\/fieldset>\n\t<input type=\"hidden\" name=\"answer_limit_keys_17\" value=\"\" \/>\n\t\t\t\t\t\t<\/div>\n\t\t\t\t\t\t\t\t\t<div class=\"quiz_section qsm-question-wrapper question-type-4 question-section-id-18 \" data-qid=\"18\">\n\t\t\t\t\t\t<div class='mlw_qmn_new_question'>Herstellungsverfahren <\/div>\n\t\t\t<div class='mlw_qmn_question  qsm_remove_bold' >\n\t\t<p><\/p>\n\t<\/div>\n\t\t<fieldset>\n\t\t<legend><\/legend>\n\t<div class=\"qmn_check_answers mlwRequiredRadio\">\n\t\t\t\t\t\t\t<div class=\"qsm_check_answer  mrq_checkbox_class\">\n\t\t\t\t\t\t<input type=\"checkbox\" class=\"qsm-multiple-response-input\"  name=\"question18[]\" id=\"question18_1\" value=\"0\" \/>\n\t\t\t\t\t\t<label class=\"qsm-input-label\" for=\"question18_1\">\n\t\t\t\t\t\t\tAutomatendrehen\t\t\t\t\t\t<\/label>\n\t\t\t\t\t<\/div>\n\t\t\t\t\t\t\t\t\t\t<div class=\"qsm_check_answer  mrq_checkbox_class\">\n\t\t\t\t\t\t<input type=\"checkbox\" class=\"qsm-multiple-response-input\"  name=\"question18[]\" id=\"question18_2\" value=\"1\" \/>\n\t\t\t\t\t\t<label class=\"qsm-input-label\" for=\"question18_2\">\n\t\t\t\t\t\t\tKaltstauchen\t\t\t\t\t\t<\/label>\n\t\t\t\t\t<\/div>\n\t\t\t\t\t\t\t\t\t\t<div class=\"qsm_check_answer  mrq_checkbox_class\">\n\t\t\t\t\t\t<input type=\"checkbox\" class=\"qsm-multiple-response-input\"  name=\"question18[]\" id=\"question18_3\" value=\"2\" \/>\n\t\t\t\t\t\t<label class=\"qsm-input-label\" for=\"question18_3\">\n\t\t\t\t\t\t\tAusschneiden\t\t\t\t\t\t<\/label>\n\t\t\t\t\t<\/div>\n\t\t\t\t\t\t\t\t\t\t<div class=\"qsm_check_answer  mrq_checkbox_class\">\n\t\t\t\t\t\t<input type=\"checkbox\" class=\"qsm-multiple-response-input\"  name=\"question18[]\" id=\"question18_4\" value=\"3\" \/>\n\t\t\t\t\t\t<label class=\"qsm-input-label\" for=\"question18_4\">\n\t\t\t\t\t\t\tGie\u00dfen\t\t\t\t\t\t<\/label>\n\t\t\t\t\t<\/div>\n\t\t\t\t\t\t\t\t\t\t<div class=\"qsm_check_answer  mrq_checkbox_class\">\n\t\t\t\t\t\t<input type=\"checkbox\" class=\"qsm-multiple-response-input\"  name=\"question18[]\" id=\"question18_5\" value=\"4\" \/>\n\t\t\t\t\t\t<label class=\"qsm-input-label\" for=\"question18_5\">\n\t\t\t\t\t\t\tAndere\t\t\t\t\t\t<\/label>\n\t\t\t\t\t<\/div>\n\t\t\t\t\t\t<\/div>\n\t<\/fieldset>\n\t<input type=\"hidden\" name=\"answer_limit_keys_18\" value=\"\" \/>\n\t\t\t\t\t\t<\/div>\n\t\t\t\t\t\t\t\t\t<div class=\"quiz_section qsm-question-wrapper question-type-4 question-section-id-19 \" data-qid=\"19\">\n\t\t\t\t\t\t<div class='mlw_qmn_new_question'>Abmessungen: Passen die M\u00fcnzen in einen W\u00fcrfel mit einer Seitenl\u00e4nge von <\/div>\n\t\t\t<div class='mlw_qmn_question  qsm_remove_bold' >\n\t\t<p><\/p>\n\t<\/div>\n\t\t<fieldset>\n\t\t<legend><\/legend>\n\t<div class=\"qmn_check_answers mlwRequiredRadio\">\n\t\t\t\t\t\t\t<div class=\"qsm_check_answer  mrq_checkbox_class\">\n\t\t\t\t\t\t<input type=\"checkbox\" class=\"qsm-multiple-response-input\"  name=\"question19[]\" id=\"question19_1\" value=\"0\" \/>\n\t\t\t\t\t\t<label class=\"qsm-input-label\" for=\"question19_1\">\n\t\t\t\t\t\t\t10 mm\t\t\t\t\t\t<\/label>\n\t\t\t\t\t<\/div>\n\t\t\t\t\t\t\t\t\t\t<div class=\"qsm_check_answer  mrq_checkbox_class\">\n\t\t\t\t\t\t<input type=\"checkbox\" class=\"qsm-multiple-response-input\"  name=\"question19[]\" id=\"question19_2\" value=\"1\" \/>\n\t\t\t\t\t\t<label class=\"qsm-input-label\" for=\"question19_2\">\n\t\t\t\t\t\t\t50 mm\t\t\t\t\t\t<\/label>\n\t\t\t\t\t<\/div>\n\t\t\t\t\t\t\t\t\t\t<div class=\"qsm_check_answer  mrq_checkbox_class\">\n\t\t\t\t\t\t<input type=\"checkbox\" class=\"qsm-multiple-response-input\"  name=\"question19[]\" id=\"question19_3\" value=\"2\" \/>\n\t\t\t\t\t\t<label class=\"qsm-input-label\" for=\"question19_3\">\n\t\t\t\t\t\t\t100 mm\t\t\t\t\t\t<\/label>\n\t\t\t\t\t<\/div>\n\t\t\t\t\t\t\t\t\t\t<div class=\"qsm_check_answer  mrq_checkbox_class\">\n\t\t\t\t\t\t<input type=\"checkbox\" class=\"qsm-multiple-response-input\"  name=\"question19[]\" id=\"question19_4\" value=\"3\" \/>\n\t\t\t\t\t\t<label class=\"qsm-input-label\" for=\"question19_4\">\n\t\t\t\t\t\t\tmehr als 100 mm\t\t\t\t\t\t<\/label>\n\t\t\t\t\t<\/div>\n\t\t\t\t\t\t<\/div>\n\t<\/fieldset>\n\t<input type=\"hidden\" name=\"answer_limit_keys_19\" value=\"\" \/>\n\t\t\t\t\t\t<\/div>\n\t\t\t\t\t\t\t\t\t<div class=\"quiz_section qsm-question-wrapper question-type-4 question-section-id-20 \" data-qid=\"20\">\n\t\t\t\t\t\t<div class='mlw_qmn_new_question'>Sortierkriterium <\/div>\n\t\t\t<div class='mlw_qmn_question  qsm_remove_bold' >\n\t\t<p><\/p>\n\t<\/div>\n\t\t<fieldset>\n\t\t<legend><\/legend>\n\t<div class=\"qmn_check_answers mlwRequiredRadio\">\n\t\t\t\t\t\t\t<div class=\"qsm_check_answer  mrq_checkbox_class\">\n\t\t\t\t\t\t<input type=\"checkbox\" class=\"qsm-multiple-response-input\"  name=\"question20[]\" id=\"question20_1\" value=\"0\" \/>\n\t\t\t\t\t\t<label class=\"qsm-input-label\" for=\"question20_1\">\n\t\t\t\t\t\t\tDimensional\t\t\t\t\t\t<\/label>\n\t\t\t\t\t<\/div>\n\t\t\t\t\t\t\t\t\t\t<div class=\"qsm_check_answer  mrq_checkbox_class\">\n\t\t\t\t\t\t<input type=\"checkbox\" class=\"qsm-multiple-response-input\"  name=\"question20[]\" id=\"question20_2\" value=\"1\" \/>\n\t\t\t\t\t\t<label class=\"qsm-input-label\" for=\"question20_2\">\n\t\t\t\t\t\t\tVorhandensein von Attributen\t\t\t\t\t\t<\/label>\n\t\t\t\t\t<\/div>\n\t\t\t\t\t\t\t\t\t\t<div class=\"qsm_check_answer  mrq_checkbox_class\">\n\t\t\t\t\t\t<input type=\"checkbox\" class=\"qsm-multiple-response-input\"  name=\"question20[]\" id=\"question20_3\" value=\"2\" \/>\n\t\t\t\t\t\t<label class=\"qsm-input-label\" for=\"question20_3\">\n\t\t\t\t\t\t\tAspekt\t\t\t\t\t\t<\/label>\n\t\t\t\t\t<\/div>\n\t\t\t\t\t\t\t\t\t\t<div class=\"qsm_check_answer  mrq_checkbox_class\">\n\t\t\t\t\t\t<input type=\"checkbox\" class=\"qsm-multiple-response-input\"  name=\"question20[]\" id=\"question20_4\" value=\"3\" \/>\n\t\t\t\t\t\t<label class=\"qsm-input-label\" for=\"question20_4\">\n\t\t\t\t\t\t\tMaterialzustand\t\t\t\t\t\t<\/label>\n\t\t\t\t\t<\/div>\n\t\t\t\t\t\t\t\t\t\t<div class=\"qsm_check_answer  mrq_checkbox_class\">\n\t\t\t\t\t\t<input type=\"checkbox\" class=\"qsm-multiple-response-input\"  name=\"question20[]\" id=\"question20_5\" value=\"4\" \/>\n\t\t\t\t\t\t<label class=\"qsm-input-label\" for=\"question20_5\">\n\t\t\t\t\t\t\tAndere\t\t\t\t\t\t<\/label>\n\t\t\t\t\t<\/div>\n\t\t\t\t\t\t<\/div>\n\t<\/fieldset>\n\t<input type=\"hidden\" name=\"answer_limit_keys_20\" value=\"\" \/>\n\t\t\t\t\t\t<\/div>\n\t\t\t\t\t\t\t\t\t<div class=\"quiz_section qsm-question-wrapper question-type-4 question-section-id-21 \" data-qid=\"21\">\n\t\t\t\t\t\t<div class='mlw_qmn_new_question'>Geometrie: Erfordert die Pr\u00fcfung, dass die M\u00fcnzen auf bestimmte Gestelle gelegt werden? <\/div>\n\t\t\t<div class='mlw_qmn_question  qsm_remove_bold' >\n\t\t<p><\/p>\n\t<\/div>\n\t\t<fieldset>\n\t\t<legend><\/legend>\n\t<div class=\"qmn_check_answers mlwRequiredRadio\">\n\t\t\t\t\t\t\t<div class=\"qsm_check_answer  mrq_checkbox_class\">\n\t\t\t\t\t\t<input type=\"checkbox\" class=\"qsm-multiple-response-input\"  name=\"question21[]\" id=\"question21_1\" value=\"0\" \/>\n\t\t\t\t\t\t<label class=\"qsm-input-label\" for=\"question21_1\">\n\t\t\t\t\t\t\tJa\t\t\t\t\t\t<\/label>\n\t\t\t\t\t<\/div>\n\t\t\t\t\t\t\t\t\t\t<div class=\"qsm_check_answer  mrq_checkbox_class\">\n\t\t\t\t\t\t<input type=\"checkbox\" class=\"qsm-multiple-response-input\"  name=\"question21[]\" id=\"question21_2\" value=\"1\" \/>\n\t\t\t\t\t\t<label class=\"qsm-input-label\" for=\"question21_2\">\n\t\t\t\t\t\t\tNein\t\t\t\t\t\t<\/label>\n\t\t\t\t\t<\/div>\n\t\t\t\t\t\t<\/div>\n\t<\/fieldset>\n\t<input type=\"hidden\" name=\"answer_limit_keys_21\" value=\"\" \/>\n\t\t\t\t\t\t<\/div>\n\t\t\t\t\t\t\t\t\t<div class=\"quiz_section qsm-question-wrapper question-type-4 question-section-id-22 \" data-qid=\"22\">\n\t\t\t\t\t\t<div class='mlw_qmn_new_question'>Verpackung <\/div>\n\t\t\t<div class='mlw_qmn_question  qsm_remove_bold' >\n\t\t<p><\/p>\n\t<\/div>\n\t\t<fieldset>\n\t\t<legend><\/legend>\n\t<div class=\"qmn_check_answers mlwRequiredRadio\">\n\t\t\t\t\t\t\t<div class=\"qsm_check_answer  mrq_checkbox_class\">\n\t\t\t\t\t\t<input type=\"checkbox\" class=\"qsm-multiple-response-input\"  name=\"question22[]\" id=\"question22_1\" value=\"0\" \/>\n\t\t\t\t\t\t<label class=\"qsm-input-label\" for=\"question22_1\">\n\t\t\t\t\t\t\tLose Teile\t\t\t\t\t\t<\/label>\n\t\t\t\t\t<\/div>\n\t\t\t\t\t\t\t\t\t\t<div class=\"qsm_check_answer  mrq_checkbox_class\">\n\t\t\t\t\t\t<input type=\"checkbox\" class=\"qsm-multiple-response-input\"  name=\"question22[]\" id=\"question22_2\" value=\"1\" \/>\n\t\t\t\t\t\t<label class=\"qsm-input-label\" for=\"question22_2\">\n\t\t\t\t\t\t\tAufgereihte M\u00fcnzen\t\t\t\t\t\t<\/label>\n\t\t\t\t\t<\/div>\n\t\t\t\t\t\t<\/div>\n\t<\/fieldset>\n\t<input type=\"hidden\" name=\"answer_limit_keys_22\" value=\"\" \/>\n\t\t\t\t\t\t<\/div>\n\t\t\t\t\t\t\t\t\t<div class=\"quiz_section qsm-question-wrapper question-type-4 question-section-id-23 \" data-qid=\"23\">\n\t\t\t\t\t\t<div class='mlw_qmn_new_question'>J\u00e4hrliche Mengen <\/div>\n\t\t\t<div class='mlw_qmn_question  qsm_remove_bold' >\n\t\t<p><\/p>\n\t<\/div>\n\t\t<fieldset>\n\t\t<legend><\/legend>\n\t<div class=\"qmn_check_answers mlwRequiredRadio\">\n\t\t\t\t\t\t\t<div class=\"qsm_check_answer  mrq_checkbox_class\">\n\t\t\t\t\t\t<input type=\"checkbox\" class=\"qsm-multiple-response-input\"  name=\"question23[]\" id=\"question23_1\" value=\"0\" \/>\n\t\t\t\t\t\t<label class=\"qsm-input-label\" for=\"question23_1\">\n\t\t\t\t\t\t\tZwischen 0 und 1 Million\t\t\t\t\t\t<\/label>\n\t\t\t\t\t<\/div>\n\t\t\t\t\t\t\t\t\t\t<div class=\"qsm_check_answer  mrq_checkbox_class\">\n\t\t\t\t\t\t<input type=\"checkbox\" class=\"qsm-multiple-response-input\"  name=\"question23[]\" id=\"question23_2\" value=\"1\" \/>\n\t\t\t\t\t\t<label class=\"qsm-input-label\" for=\"question23_2\">\n\t\t\t\t\t\t\tZwischen 1 und 10 Millionen\t\t\t\t\t\t<\/label>\n\t\t\t\t\t<\/div>\n\t\t\t\t\t\t\t\t\t\t<div class=\"qsm_check_answer  mrq_checkbox_class\">\n\t\t\t\t\t\t<input type=\"checkbox\" class=\"qsm-multiple-response-input\"  name=\"question23[]\" id=\"question23_3\" value=\"2\" \/>\n\t\t\t\t\t\t<label class=\"qsm-input-label\" for=\"question23_3\">\n\t\t\t\t\t\t\tMehr als 10 Millionen\t\t\t\t\t\t<\/label>\n\t\t\t\t\t<\/div>\n\t\t\t\t\t\t<\/div>\n\t<\/fieldset>\n\t<input type=\"hidden\" name=\"answer_limit_keys_23\" value=\"\" \/>\n\t\t\t\t\t\t<\/div>\n\t\t\t\t\t\t\t<\/section>\n\t\t\t\t\t<input type=\"hidden\" name=\"qmn_question_list\" value=\"17Q18Q19Q20Q21Q22Q23Q\" \/>\n\t\t\t\t\t\t\t<div id=\"mlw_error_message_bottom\" class=\"qsm-error-message qmn_error_message_section\"><\/div>\n\t\t\t\t\t<input type=\"hidden\" name=\"qmn_all_questions_count\" id=\"qmn_all_questions_count\" value=\"7\" \/>\n\t\t\t\t\t<input type=\"hidden\" name=\"total_questions\" id=\"total_questions\" value=\"7\" \/>\n\t\t\t\t\t<input type=\"hidden\" name=\"timer\" id=\"timer\" value=\"0\" \/>\n\t\t\t\t\t<input type=\"hidden\" name=\"timer_ms\" id=\"timer_ms\" value=\"0\"\/>\n\t\t\t\t\t<input type=\"hidden\" class=\"qmn_quiz_id\" name=\"qmn_quiz_id\" id=\"qmn_quiz_id\" value=\"5\" \/>\n\t\t\t\t\t<input type='hidden' name='complete_quiz' value='confirmation' \/>\n\t\t\t\t\t\t\t\t\t<\/form>\n\t\t\t\t\t\t<\/div>\n\t\t<div style=\"display: none;\" class=\"qsm-popup qsm-popup-slide\" id=\"modal-4\" aria-hidden=\"false\"><div class=\"qsm-popup__overlay\" tabindex=\"-1\" data-micromodal-close=\"\"><div class=\"qsm-popup__container qmn_quiz_container\" role=\"dialog\" aria-modal=\"true\"><div class=\"qsm-popup__content\"><img decoding=\"async\" src=\"https:\/\/www.tqs-group.com\/wp-content\/plugins\/quiz-master-next\/assets\/clock.png\" alt=\"clock.png\"\/><p class=\"qsm-time-up-text\"> Time's up<\/p><\/div><footer class=\"qsm-popup__footer\"><button class=\"qsm-popup-secondary-button qmn_btn\" data-micromodal-close=\"\" aria-label=\"Close this dialog window\" onclick=\"location.reload();\">Cancel<\/button><\/footer><\/div><\/div><\/div>[\/vc_column_text][\/vc_column][\/vc_row]<\/p>\n","protected":false},"excerpt":{"rendered":"<p>[vc_row][vc_column][vc_column_text][\/vc_column_text][\/vc_column][\/vc_row]<\/p>\n","protected":false},"author":1,"featured_media":0,"parent":0,"menu_order":0,"comment_status":"closed","ping_status":"closed","template":"","meta":{"footnotes":""},"class_list":["post-2407","page","type-page","status-publish","hentry"],"yoast_head":"<!-- This site is optimized with the Yoast SEO plugin v27.4 - https:\/\/yoast.com\/product\/yoast-seo-wordpress\/ -->\n<title>Automatische Sortierung von Teilen, Ausr\u00fcstung oder Auslagerung von Sortierleistungen<\/title>\n<meta name=\"description\" content=\"Sehen Sie sich die Entscheidungshilfe von TQS an, um herauszufinden, ob es f\u00fcr Sie besser ist, eine Maschine zur automatischen Sortierung Ihrer Teile anzuschaffen oder die Dienstleistung an TQS und sein Franchisenehmernetz auszulagern.\" \/>\n<meta name=\"robots\" content=\"index, follow, max-snippet:-1, max-image-preview:large, max-video-preview:-1\" \/>\n<link rel=\"canonical\" href=\"https:\/\/www.tqs-group.com\/de\/auslagerung-oder-ausruestung\/\" \/>\n<meta property=\"og:locale\" content=\"de_DE\" \/>\n<meta property=\"og:type\" content=\"article\" \/>\n<meta property=\"og:title\" content=\"Automatische Sortierung von Teilen, Ausr\u00fcstung oder Auslagerung von Sortierleistungen\" \/>\n<meta property=\"og:description\" content=\"Sehen Sie sich die Entscheidungshilfe von TQS an, um herauszufinden, ob es f\u00fcr Sie besser ist, eine Maschine zur automatischen Sortierung Ihrer Teile anzuschaffen oder die Dienstleistung an TQS und sein Franchisenehmernetz auszulagern.\" \/>\n<meta property=\"og:url\" content=\"https:\/\/www.tqs-group.com\/de\/auslagerung-oder-ausruestung\/\" \/>\n<meta property=\"og:site_name\" content=\"Tri qualit\u00e9 service\" \/>\n<meta property=\"article:modified_time\" content=\"2023-02-06T13:55:24+00:00\" \/>\n<meta property=\"og:image\" content=\"https:\/\/www.tqs-group.com\/wp-content\/uploads\/2022\/03\/tri-piece-usinage.png\" \/>\n\t<meta property=\"og:image:width\" content=\"385\" \/>\n\t<meta property=\"og:image:height\" content=\"380\" \/>\n\t<meta property=\"og:image:type\" content=\"image\/png\" \/>\n<meta name=\"twitter:card\" content=\"summary_large_image\" \/>\n<meta name=\"twitter:label1\" content=\"Gesch\u00e4tzte Lesezeit\" \/>\n\t<meta name=\"twitter:data1\" content=\"1\u00a0Minute\" \/>\n<script type=\"application\/ld+json\" class=\"yoast-schema-graph\">{\"@context\":\"https:\\\/\\\/schema.org\",\"@graph\":[{\"@type\":\"WebPage\",\"@id\":\"https:\\\/\\\/www.tqs-group.com\\\/de\\\/auslagerung-oder-ausruestung\\\/\",\"url\":\"https:\\\/\\\/www.tqs-group.com\\\/de\\\/auslagerung-oder-ausruestung\\\/\",\"name\":\"Automatische Sortierung von Teilen, Ausr\u00fcstung oder Auslagerung von Sortierleistungen\",\"isPartOf\":{\"@id\":\"https:\\\/\\\/www.tqs-group.com\\\/de\\\/#website\"},\"datePublished\":\"2022-08-04T11:38:42+00:00\",\"dateModified\":\"2023-02-06T13:55:24+00:00\",\"description\":\"Sehen Sie sich die Entscheidungshilfe von TQS an, um herauszufinden, ob es f\u00fcr Sie besser ist, eine Maschine zur automatischen Sortierung Ihrer Teile anzuschaffen oder die Dienstleistung an TQS und sein Franchisenehmernetz auszulagern.\",\"breadcrumb\":{\"@id\":\"https:\\\/\\\/www.tqs-group.com\\\/de\\\/auslagerung-oder-ausruestung\\\/#breadcrumb\"},\"inLanguage\":\"de\",\"potentialAction\":[{\"@type\":\"ReadAction\",\"target\":[\"https:\\\/\\\/www.tqs-group.com\\\/de\\\/auslagerung-oder-ausruestung\\\/\"]}]},{\"@type\":\"BreadcrumbList\",\"@id\":\"https:\\\/\\\/www.tqs-group.com\\\/de\\\/auslagerung-oder-ausruestung\\\/#breadcrumb\",\"itemListElement\":[{\"@type\":\"ListItem\",\"position\":1,\"name\":\"Accueil\",\"item\":\"https:\\\/\\\/www.tqs-group.com\\\/de\\\/\"},{\"@type\":\"ListItem\",\"position\":2,\"name\":\"Auslagerung oder Ausr\u00fcstung\"}]},{\"@type\":\"WebSite\",\"@id\":\"https:\\\/\\\/www.tqs-group.com\\\/de\\\/#website\",\"url\":\"https:\\\/\\\/www.tqs-group.com\\\/de\\\/\",\"name\":\"TRI QUALITE SERVICE\",\"description\":\"TQS Group\",\"publisher\":{\"@id\":\"https:\\\/\\\/www.tqs-group.com\\\/de\\\/#organization\"},\"alternateName\":\"TQS GROUP\",\"potentialAction\":[{\"@type\":\"SearchAction\",\"target\":{\"@type\":\"EntryPoint\",\"urlTemplate\":\"https:\\\/\\\/www.tqs-group.com\\\/de\\\/?s={search_term_string}\"},\"query-input\":{\"@type\":\"PropertyValueSpecification\",\"valueRequired\":true,\"valueName\":\"search_term_string\"}}],\"inLanguage\":\"de\"},{\"@type\":\"Organization\",\"@id\":\"https:\\\/\\\/www.tqs-group.com\\\/de\\\/#organization\",\"name\":\"TRI QUALITE SERVICE\",\"alternateName\":\"TQS GROUP\",\"url\":\"https:\\\/\\\/www.tqs-group.com\\\/de\\\/\",\"logo\":{\"@type\":\"ImageObject\",\"inLanguage\":\"de\",\"@id\":\"https:\\\/\\\/www.tqs-group.com\\\/de\\\/#\\\/schema\\\/logo\\\/image\\\/\",\"url\":\"https:\\\/\\\/www.tqs-group.com\\\/wp-content\\\/uploads\\\/2022\\\/03\\\/tri-piece-usinage.png\",\"contentUrl\":\"https:\\\/\\\/www.tqs-group.com\\\/wp-content\\\/uploads\\\/2022\\\/03\\\/tri-piece-usinage.png\",\"width\":385,\"height\":380,\"caption\":\"TRI QUALITE SERVICE\"},\"image\":{\"@id\":\"https:\\\/\\\/www.tqs-group.com\\\/de\\\/#\\\/schema\\\/logo\\\/image\\\/\"}}]}<\/script>\n<!-- \/ Yoast SEO plugin. -->","yoast_head_json":{"title":"Automatische Sortierung von Teilen, Ausr\u00fcstung oder Auslagerung von Sortierleistungen","description":"Sehen Sie sich die Entscheidungshilfe von TQS an, um herauszufinden, ob es f\u00fcr Sie besser ist, eine Maschine zur automatischen Sortierung Ihrer Teile anzuschaffen oder die Dienstleistung an TQS und sein Franchisenehmernetz auszulagern.","robots":{"index":"index","follow":"follow","max-snippet":"max-snippet:-1","max-image-preview":"max-image-preview:large","max-video-preview":"max-video-preview:-1"},"canonical":"https:\/\/www.tqs-group.com\/de\/auslagerung-oder-ausruestung\/","og_locale":"de_DE","og_type":"article","og_title":"Automatische Sortierung von Teilen, Ausr\u00fcstung oder Auslagerung von Sortierleistungen","og_description":"Sehen Sie sich die Entscheidungshilfe von TQS an, um herauszufinden, ob es f\u00fcr Sie besser ist, eine Maschine zur automatischen Sortierung Ihrer Teile anzuschaffen oder die Dienstleistung an TQS und sein Franchisenehmernetz auszulagern.","og_url":"https:\/\/www.tqs-group.com\/de\/auslagerung-oder-ausruestung\/","og_site_name":"Tri qualit\u00e9 service","article_modified_time":"2023-02-06T13:55:24+00:00","og_image":[{"width":385,"height":380,"url":"https:\/\/www.tqs-group.com\/wp-content\/uploads\/2022\/03\/tri-piece-usinage.png","type":"image\/png"}],"twitter_card":"summary_large_image","twitter_misc":{"Gesch\u00e4tzte Lesezeit":"1\u00a0Minute"},"schema":{"@context":"https:\/\/schema.org","@graph":[{"@type":"WebPage","@id":"https:\/\/www.tqs-group.com\/de\/auslagerung-oder-ausruestung\/","url":"https:\/\/www.tqs-group.com\/de\/auslagerung-oder-ausruestung\/","name":"Automatische Sortierung von Teilen, Ausr\u00fcstung oder Auslagerung von Sortierleistungen","isPartOf":{"@id":"https:\/\/www.tqs-group.com\/de\/#website"},"datePublished":"2022-08-04T11:38:42+00:00","dateModified":"2023-02-06T13:55:24+00:00","description":"Sehen Sie sich die Entscheidungshilfe von TQS an, um herauszufinden, ob es f\u00fcr Sie besser ist, eine Maschine zur automatischen Sortierung Ihrer Teile anzuschaffen oder die Dienstleistung an TQS und sein Franchisenehmernetz auszulagern.","breadcrumb":{"@id":"https:\/\/www.tqs-group.com\/de\/auslagerung-oder-ausruestung\/#breadcrumb"},"inLanguage":"de","potentialAction":[{"@type":"ReadAction","target":["https:\/\/www.tqs-group.com\/de\/auslagerung-oder-ausruestung\/"]}]},{"@type":"BreadcrumbList","@id":"https:\/\/www.tqs-group.com\/de\/auslagerung-oder-ausruestung\/#breadcrumb","itemListElement":[{"@type":"ListItem","position":1,"name":"Accueil","item":"https:\/\/www.tqs-group.com\/de\/"},{"@type":"ListItem","position":2,"name":"Auslagerung oder Ausr\u00fcstung"}]},{"@type":"WebSite","@id":"https:\/\/www.tqs-group.com\/de\/#website","url":"https:\/\/www.tqs-group.com\/de\/","name":"TRI QUALITE SERVICE","description":"TQS Group","publisher":{"@id":"https:\/\/www.tqs-group.com\/de\/#organization"},"alternateName":"TQS GROUP","potentialAction":[{"@type":"SearchAction","target":{"@type":"EntryPoint","urlTemplate":"https:\/\/www.tqs-group.com\/de\/?s={search_term_string}"},"query-input":{"@type":"PropertyValueSpecification","valueRequired":true,"valueName":"search_term_string"}}],"inLanguage":"de"},{"@type":"Organization","@id":"https:\/\/www.tqs-group.com\/de\/#organization","name":"TRI QUALITE SERVICE","alternateName":"TQS GROUP","url":"https:\/\/www.tqs-group.com\/de\/","logo":{"@type":"ImageObject","inLanguage":"de","@id":"https:\/\/www.tqs-group.com\/de\/#\/schema\/logo\/image\/","url":"https:\/\/www.tqs-group.com\/wp-content\/uploads\/2022\/03\/tri-piece-usinage.png","contentUrl":"https:\/\/www.tqs-group.com\/wp-content\/uploads\/2022\/03\/tri-piece-usinage.png","width":385,"height":380,"caption":"TRI QUALITE SERVICE"},"image":{"@id":"https:\/\/www.tqs-group.com\/de\/#\/schema\/logo\/image\/"}}]}},"_links":{"self":[{"href":"https:\/\/www.tqs-group.com\/de\/wp-json\/wp\/v2\/pages\/2407","targetHints":{"allow":["GET"]}}],"collection":[{"href":"https:\/\/www.tqs-group.com\/de\/wp-json\/wp\/v2\/pages"}],"about":[{"href":"https:\/\/www.tqs-group.com\/de\/wp-json\/wp\/v2\/types\/page"}],"author":[{"embeddable":true,"href":"https:\/\/www.tqs-group.com\/de\/wp-json\/wp\/v2\/users\/1"}],"replies":[{"embeddable":true,"href":"https:\/\/www.tqs-group.com\/de\/wp-json\/wp\/v2\/comments?post=2407"}],"version-history":[{"count":4,"href":"https:\/\/www.tqs-group.com\/de\/wp-json\/wp\/v2\/pages\/2407\/revisions"}],"predecessor-version":[{"id":3358,"href":"https:\/\/www.tqs-group.com\/de\/wp-json\/wp\/v2\/pages\/2407\/revisions\/3358"}],"wp:attachment":[{"href":"https:\/\/www.tqs-group.com\/de\/wp-json\/wp\/v2\/media?parent=2407"}],"curies":[{"name":"wp","href":"https:\/\/api.w.org\/{rel}","templated":true}]}}