{"id":2431,"date":"2022-08-03T10:24:07","date_gmt":"2022-08-03T08:24:07","guid":{"rendered":"https:\/\/www.tqs-group.com\/fernwartung-und-steuerung\/"},"modified":"2023-02-07T11:42:30","modified_gmt":"2023-02-07T10:42:30","slug":"fernwartung-und-steuerung","status":"publish","type":"page","link":"https:\/\/www.tqs-group.com\/de\/fernwartung-und-steuerung\/","title":{"rendered":"Fernwartung und -steuerung"},"content":{"rendered":"<p>[vc_row][vc_column][vc_column_text el_class=&#8220;petit-txt&#8220;]Im Rahmen der Entwicklung seiner <strong class=\"d2b\">automatischen Sortiermaschinen<\/strong>, integriert TQS jedes Jahr neue Technologien. Diese st\u00e4ndige Innovation erfordert immer mehr Fachwissen. Deshalb bietet TQS eine Betreuung aller gelieferten Maschinen an, unabh\u00e4ngig davon, ob sie sich an einem eigenen TQS-Standort befinden, nat\u00fcrlich auch bei Franchisenehmern und Endkunden.<\/p>\n<p>Die heutigen Kommunikationsmittel erm\u00f6glichen eine sehr schnelle Ferndiagnose und eine Reaktion auf die Erwartungen des Benutzers innerhalb k\u00fcrzester Zeit.[\/vc_column_text][\/vc_column][\/vc_row][vc_row][vc_column][vc_column_text el_class=&#8220;tres-gros-titre&#8220;]<\/p>\n<h2>Programmierung<br \/>\n<span class=\"uni_neuelight-font\">von automatischen Sortiermaschinen<\/span><\/h2>\n<p>[\/vc_column_text][vc_column_text el_class=&#8220;petit-txt&#8220;]Eine der gr\u00f6\u00dften St\u00e4rken von TQS ist die F\u00e4higkeit, Teams schnell zu mobilisieren, um die Sortierung neuer Referenzen zu programmieren. Die Reaktionsf\u00e4higkeit bei der \u00c4nderung eines Programms oder der Erstellung eines neuen Programms ist f\u00fcr die Sortierung von entscheidender Bedeutung. Aus diesem Grund erhalten die Benutzer von <strong class=\"d2b\">automatische Sortiermaschinen<\/strong> automatisch eine Preisliste mit den Kosten f\u00fcr m\u00f6gliche neue Programme. Da alle Maschinen vernetzt werden k\u00f6nnen, ist TQS in der Lage, schnell und ohne Reisen zu intervenieren, um die Maschinen zu erweitern.[\/vc_column_text][\/vc_column][\/vc_row][vc_row][vc_column][vc_btn title=&#8220;Kontaktieren Sie uns&#8220; style=&#8220;custom&#8220; custom_background=&#8220;#0a0a0a&#8220; custom_text=&#8220;#f7941f&#8220; shape=&#8220;round&#8220; align=&#8220;center&#8220; link=&#8220;url:https%3A%2F%2Fwww.tqs-group.com%2Fde%2Fkontakt%2F|title:Kontakt&#8220; el_class=&#8220;btn-black-orange&#8220;][\/vc_column][\/vc_row]<\/p>\n","protected":false},"excerpt":{"rendered":"<p>[vc_row][vc_column][vc_column_text el_class=&#8220;petit-txt&#8220;]Im Rahmen der Entwicklung seiner automatischen Sortiermaschinen, integriert TQS jedes Jahr neue Technologien. Diese st\u00e4ndige Innovation erfordert immer mehr Fachwissen. Deshalb bietet TQS eine Betreuung<span class=\"excerpt-hellip\"> [\u2026]<\/span><\/p>\n","protected":false},"author":1,"featured_media":0,"parent":0,"menu_order":0,"comment_status":"closed","ping_status":"closed","template":"","meta":{"footnotes":""},"class_list":["post-2431","page","type-page","status-publish","hentry"],"yoast_head":"<!-- This site is optimized with the Yoast SEO plugin v27.4 - https:\/\/yoast.com\/product\/yoast-seo-wordpress\/ -->\n<title>Wartung und Steuerung einer automatischen Sortiermaschine<\/title>\n<meta name=\"description\" content=\"TQS bietet einen Wartungs- und Fernsteuerungsservice f\u00fcr automatische Sortiermaschinen an. Kontaktieren Sie uns!\" \/>\n<meta name=\"robots\" content=\"index, follow, max-snippet:-1, max-image-preview:large, max-video-preview:-1\" \/>\n<link rel=\"canonical\" href=\"https:\/\/www.tqs-group.com\/de\/fernwartung-und-steuerung\/\" \/>\n<meta property=\"og:locale\" content=\"de_DE\" \/>\n<meta property=\"og:type\" content=\"article\" \/>\n<meta property=\"og:title\" content=\"Wartung und Steuerung einer automatischen Sortiermaschine\" \/>\n<meta property=\"og:description\" content=\"TQS bietet einen Wartungs- und Fernsteuerungsservice f\u00fcr automatische Sortiermaschinen an. Kontaktieren Sie uns!\" \/>\n<meta property=\"og:url\" content=\"https:\/\/www.tqs-group.com\/de\/fernwartung-und-steuerung\/\" \/>\n<meta property=\"og:site_name\" content=\"Tri qualit\u00e9 service\" \/>\n<meta property=\"article:modified_time\" content=\"2023-02-07T10:42:30+00:00\" \/>\n<meta property=\"og:image\" content=\"https:\/\/www.tqs-group.com\/wp-content\/uploads\/2022\/03\/tri-piece-usinage.png\" \/>\n\t<meta property=\"og:image:width\" content=\"385\" \/>\n\t<meta property=\"og:image:height\" content=\"380\" \/>\n\t<meta property=\"og:image:type\" content=\"image\/png\" \/>\n<meta name=\"twitter:card\" content=\"summary_large_image\" \/>\n<meta name=\"twitter:label1\" content=\"Gesch\u00e4tzte Lesezeit\" \/>\n\t<meta name=\"twitter:data1\" content=\"1\u00a0Minute\" \/>\n<script type=\"application\/ld+json\" class=\"yoast-schema-graph\">{\"@context\":\"https:\\\/\\\/schema.org\",\"@graph\":[{\"@type\":\"WebPage\",\"@id\":\"https:\\\/\\\/www.tqs-group.com\\\/de\\\/fernwartung-und-steuerung\\\/\",\"url\":\"https:\\\/\\\/www.tqs-group.com\\\/de\\\/fernwartung-und-steuerung\\\/\",\"name\":\"Wartung und Steuerung einer automatischen Sortiermaschine\",\"isPartOf\":{\"@id\":\"https:\\\/\\\/www.tqs-group.com\\\/de\\\/#website\"},\"datePublished\":\"2022-08-03T08:24:07+00:00\",\"dateModified\":\"2023-02-07T10:42:30+00:00\",\"description\":\"TQS bietet einen Wartungs- und Fernsteuerungsservice f\u00fcr automatische Sortiermaschinen an. Kontaktieren Sie uns!\",\"breadcrumb\":{\"@id\":\"https:\\\/\\\/www.tqs-group.com\\\/de\\\/fernwartung-und-steuerung\\\/#breadcrumb\"},\"inLanguage\":\"de\",\"potentialAction\":[{\"@type\":\"ReadAction\",\"target\":[\"https:\\\/\\\/www.tqs-group.com\\\/de\\\/fernwartung-und-steuerung\\\/\"]}]},{\"@type\":\"BreadcrumbList\",\"@id\":\"https:\\\/\\\/www.tqs-group.com\\\/de\\\/fernwartung-und-steuerung\\\/#breadcrumb\",\"itemListElement\":[{\"@type\":\"ListItem\",\"position\":1,\"name\":\"Accueil\",\"item\":\"https:\\\/\\\/www.tqs-group.com\\\/de\\\/\"},{\"@type\":\"ListItem\",\"position\":2,\"name\":\"Fernwartung und -steuerung\"}]},{\"@type\":\"WebSite\",\"@id\":\"https:\\\/\\\/www.tqs-group.com\\\/de\\\/#website\",\"url\":\"https:\\\/\\\/www.tqs-group.com\\\/de\\\/\",\"name\":\"TRI QUALITE SERVICE\",\"description\":\"TQS Group\",\"publisher\":{\"@id\":\"https:\\\/\\\/www.tqs-group.com\\\/de\\\/#organization\"},\"alternateName\":\"TQS GROUP\",\"potentialAction\":[{\"@type\":\"SearchAction\",\"target\":{\"@type\":\"EntryPoint\",\"urlTemplate\":\"https:\\\/\\\/www.tqs-group.com\\\/de\\\/?s={search_term_string}\"},\"query-input\":{\"@type\":\"PropertyValueSpecification\",\"valueRequired\":true,\"valueName\":\"search_term_string\"}}],\"inLanguage\":\"de\"},{\"@type\":\"Organization\",\"@id\":\"https:\\\/\\\/www.tqs-group.com\\\/de\\\/#organization\",\"name\":\"TRI QUALITE SERVICE\",\"alternateName\":\"TQS GROUP\",\"url\":\"https:\\\/\\\/www.tqs-group.com\\\/de\\\/\",\"logo\":{\"@type\":\"ImageObject\",\"inLanguage\":\"de\",\"@id\":\"https:\\\/\\\/www.tqs-group.com\\\/de\\\/#\\\/schema\\\/logo\\\/image\\\/\",\"url\":\"https:\\\/\\\/www.tqs-group.com\\\/wp-content\\\/uploads\\\/2022\\\/03\\\/tri-piece-usinage.png\",\"contentUrl\":\"https:\\\/\\\/www.tqs-group.com\\\/wp-content\\\/uploads\\\/2022\\\/03\\\/tri-piece-usinage.png\",\"width\":385,\"height\":380,\"caption\":\"TRI QUALITE SERVICE\"},\"image\":{\"@id\":\"https:\\\/\\\/www.tqs-group.com\\\/de\\\/#\\\/schema\\\/logo\\\/image\\\/\"}}]}<\/script>\n<!-- \/ Yoast SEO plugin. -->","yoast_head_json":{"title":"Wartung und Steuerung einer automatischen Sortiermaschine","description":"TQS bietet einen Wartungs- und Fernsteuerungsservice f\u00fcr automatische Sortiermaschinen an. Kontaktieren Sie uns!","robots":{"index":"index","follow":"follow","max-snippet":"max-snippet:-1","max-image-preview":"max-image-preview:large","max-video-preview":"max-video-preview:-1"},"canonical":"https:\/\/www.tqs-group.com\/de\/fernwartung-und-steuerung\/","og_locale":"de_DE","og_type":"article","og_title":"Wartung und Steuerung einer automatischen Sortiermaschine","og_description":"TQS bietet einen Wartungs- und Fernsteuerungsservice f\u00fcr automatische Sortiermaschinen an. Kontaktieren Sie uns!","og_url":"https:\/\/www.tqs-group.com\/de\/fernwartung-und-steuerung\/","og_site_name":"Tri qualit\u00e9 service","article_modified_time":"2023-02-07T10:42:30+00:00","og_image":[{"width":385,"height":380,"url":"https:\/\/www.tqs-group.com\/wp-content\/uploads\/2022\/03\/tri-piece-usinage.png","type":"image\/png"}],"twitter_card":"summary_large_image","twitter_misc":{"Gesch\u00e4tzte Lesezeit":"1\u00a0Minute"},"schema":{"@context":"https:\/\/schema.org","@graph":[{"@type":"WebPage","@id":"https:\/\/www.tqs-group.com\/de\/fernwartung-und-steuerung\/","url":"https:\/\/www.tqs-group.com\/de\/fernwartung-und-steuerung\/","name":"Wartung und Steuerung einer automatischen Sortiermaschine","isPartOf":{"@id":"https:\/\/www.tqs-group.com\/de\/#website"},"datePublished":"2022-08-03T08:24:07+00:00","dateModified":"2023-02-07T10:42:30+00:00","description":"TQS bietet einen Wartungs- und Fernsteuerungsservice f\u00fcr automatische Sortiermaschinen an. Kontaktieren Sie uns!","breadcrumb":{"@id":"https:\/\/www.tqs-group.com\/de\/fernwartung-und-steuerung\/#breadcrumb"},"inLanguage":"de","potentialAction":[{"@type":"ReadAction","target":["https:\/\/www.tqs-group.com\/de\/fernwartung-und-steuerung\/"]}]},{"@type":"BreadcrumbList","@id":"https:\/\/www.tqs-group.com\/de\/fernwartung-und-steuerung\/#breadcrumb","itemListElement":[{"@type":"ListItem","position":1,"name":"Accueil","item":"https:\/\/www.tqs-group.com\/de\/"},{"@type":"ListItem","position":2,"name":"Fernwartung und -steuerung"}]},{"@type":"WebSite","@id":"https:\/\/www.tqs-group.com\/de\/#website","url":"https:\/\/www.tqs-group.com\/de\/","name":"TRI QUALITE SERVICE","description":"TQS Group","publisher":{"@id":"https:\/\/www.tqs-group.com\/de\/#organization"},"alternateName":"TQS GROUP","potentialAction":[{"@type":"SearchAction","target":{"@type":"EntryPoint","urlTemplate":"https:\/\/www.tqs-group.com\/de\/?s={search_term_string}"},"query-input":{"@type":"PropertyValueSpecification","valueRequired":true,"valueName":"search_term_string"}}],"inLanguage":"de"},{"@type":"Organization","@id":"https:\/\/www.tqs-group.com\/de\/#organization","name":"TRI QUALITE SERVICE","alternateName":"TQS GROUP","url":"https:\/\/www.tqs-group.com\/de\/","logo":{"@type":"ImageObject","inLanguage":"de","@id":"https:\/\/www.tqs-group.com\/de\/#\/schema\/logo\/image\/","url":"https:\/\/www.tqs-group.com\/wp-content\/uploads\/2022\/03\/tri-piece-usinage.png","contentUrl":"https:\/\/www.tqs-group.com\/wp-content\/uploads\/2022\/03\/tri-piece-usinage.png","width":385,"height":380,"caption":"TRI QUALITE SERVICE"},"image":{"@id":"https:\/\/www.tqs-group.com\/de\/#\/schema\/logo\/image\/"}}]}},"_links":{"self":[{"href":"https:\/\/www.tqs-group.com\/de\/wp-json\/wp\/v2\/pages\/2431","targetHints":{"allow":["GET"]}}],"collection":[{"href":"https:\/\/www.tqs-group.com\/de\/wp-json\/wp\/v2\/pages"}],"about":[{"href":"https:\/\/www.tqs-group.com\/de\/wp-json\/wp\/v2\/types\/page"}],"author":[{"embeddable":true,"href":"https:\/\/www.tqs-group.com\/de\/wp-json\/wp\/v2\/users\/1"}],"replies":[{"embeddable":true,"href":"https:\/\/www.tqs-group.com\/de\/wp-json\/wp\/v2\/comments?post=2431"}],"version-history":[{"count":5,"href":"https:\/\/www.tqs-group.com\/de\/wp-json\/wp\/v2\/pages\/2431\/revisions"}],"predecessor-version":[{"id":3413,"href":"https:\/\/www.tqs-group.com\/de\/wp-json\/wp\/v2\/pages\/2431\/revisions\/3413"}],"wp:attachment":[{"href":"https:\/\/www.tqs-group.com\/de\/wp-json\/wp\/v2\/media?parent=2431"}],"curies":[{"name":"wp","href":"https:\/\/api.w.org\/{rel}","templated":true}]}}