{"id":2438,"date":"2022-07-22T10:04:01","date_gmt":"2022-07-22T08:04:01","guid":{"rendered":"https:\/\/www.tqs-group.com\/maschine-zur-qualitaetskontrolle-von-uhrenteilen\/"},"modified":"2023-02-06T21:54:52","modified_gmt":"2023-02-06T20:54:52","slug":"maschine-zur-qualitaetskontrolle-von-uhrenteilen","status":"publish","type":"page","link":"https:\/\/www.tqs-group.com\/de\/maschine-zur-qualitaetskontrolle-von-uhrenteilen\/","title":{"rendered":"Maschine zur Qualit\u00e4tskontrolle von Uhrenteilen"},"content":{"rendered":"<p>[vc_row][vc_column width=&#8220;1\/2&#8243;][vc_btn title=&#8220;Zur\u00fcck&#8220; style=&#8220;custom&#8220; custom_background=&#8220;#f7941f&#8220; custom_text=&#8220;#ffffff&#8220; shape=&#8220;round&#8220; size=&#8220;xs&#8220; align=&#8220;left&#8220; i_icon_fontawesome=&#8220;fas fa-arrow-left&#8220; add_icon=&#8220;true&#8220; el_class=&#8220;btn-orange-white btn-retour&#8220; link=&#8220;url:https%3A%2F%2Fwww.tqs-group.com%2Fde%2Fstatten-sie-sich-mit-einer-sortiermaschine-aus%2F&#8220;][vc_column_text]<strong>MASCHINE ZUR QUALIT\u00c4TSKONTROLLE VON UHRENTEILEN<br \/>\n<span class=\"txt-orange\"> Ab 160.000 \u20ac je nach Optionen<\/span><\/strong>[\/vc_column_text][vc_btn title=&#8220;Kaufen&#8220; style=&#8220;custom&#8220; custom_background=&#8220;#0a0a0a&#8220; custom_text=&#8220;#f7941f&#8220; shape=&#8220;round&#8220; size=&#8220;xs&#8220; align=&#8220;left&#8220; el_class=&#8220;btn-black-orange btn-retour&#8220; link=&#8220;url:https%3A%2F%2Fwww.tqs-group.com%2Fde%2Fkontakt%2F&#8220;][\/vc_column][vc_column width=&#8220;1\/2&#8243;][\/vc_column][\/vc_row][vc_row][vc_column width=&#8220;1\/2&#8243;][vc_column_text]<\/p>\n<h1>Maschine zur Qualit\u00e4tskontrolle von Uhrenteilen, Gr\u00f6\u00dfe und Aussehen<\/h1>\n<p>[\/vc_column_text][vc_column_text]Diese <strong class=\"d2b\">Maschine zur Qualit\u00e4tskontrolle von Industrieteilen<\/strong> ist dem <strong class=\"d2b\">Uhrenmarkt<\/strong> gewidmet;sie wurde f\u00fcr die <strong class=\"d2b\">Kontrolle der Ma\u00dfe und des Aussehens von Uhrenteilen entwickel<\/strong>.<\/p>\n<p>Sie kann mit bis zu 3 Bildverarbeitungssystemen ausger\u00fcstet werden.<\/p>\n<p>1 <strong class=\"d2b\">System f\u00fcr die Ma\u00dfkontrolle<\/strong> und 2<strong class=\"d2b\">Systeme f\u00fcr die Aspektkontrolle<\/strong>.<\/p>\n<p>Die Maschine besitzt einen Zuf\u00fchrroboter (3 Achsen) mit seinem Vibrationstisch und Hintergrundbeleuchtung, was eine schnelle Lokalisierung der Teile erm\u00f6glicht.<\/p>\n<p>Die Teileaufnahme erfolgt durch Ansaugen.<\/p>\n<p>Am Ausgang der Roboterzuf\u00fchrung werden die Teile auf Glasauflagen abgelegt. Die Glasposen sind auf einer Metallplatte angeordnet, die sich um die eigene Achse dreht. Die Teile werden dann von einer oder mehreren Kameras kontrolliert, bevor sie je nach Konformit\u00e4t ausgeworfen werden.[\/vc_column_text][\/vc_column][vc_column width=&#8220;1\/2&#8243;][vc_single_image image=&#8220;1810&#8243; img_size=&#8220;full&#8220; alignment=&#8220;center&#8220;][\/vc_column][\/vc_row][vc_row full_width=&#8220;stretch_row_content&#8220;][vc_column][vc_single_image image=&#8220;1812&#8243; img_size=&#8220;full&#8220; alignment=&#8220;center&#8220;][\/vc_column][\/vc_row][vc_row][vc_column width=&#8220;1\/2&#8243;][vc_column_text el_class=&#8220;titre-moyen&#8220;]<\/p>\n<p class=\"fort\">Besonderheiten des Modells:<\/p>\n<p>[\/vc_column_text][vc_column_text]<\/p>\n<ul>\n<li>1 Abmessungsstation<\/li>\n<li>Bis zu 2 Stationen f\u00fcr das Aussehen<\/li>\n<li>Drehtisch mit Glasauflagen<\/li>\n<li>Greifen der Teile dank des Zuf\u00fchrroboters und seines hintergrundbeleuchteten vibrierenden Abstreiftisches<\/li>\n<li>Kompakte Maschine<\/li>\n<\/ul>\n<p>[\/vc_column_text][\/vc_column][vc_column width=&#8220;1\/2&#8243;][vc_column_text el_class=&#8220;titre-moyen&#8220;]<\/p>\n<p class=\"fort\">Serienausstattungen:<\/p>\n<p>[\/vc_column_text][vc_column_text]<\/p>\n<ul>\n<li>Marmortisch<\/li>\n<li>Vorratsbeh\u00e4lter<\/li>\n<li>Zuf\u00fchrroboter mit Abschleiftisch<\/li>\n<li>Zwei Arten von nicht konformen Ausw\u00fcrfen<\/li>\n<li>Verpackungskarussell mit drei m\u00f6glichen Klassen<\/li>\n<\/ul>\n<p>[\/vc_column_text][vc_column_text el_class=&#8220;titre-moyen&#8220;]<\/p>\n<p class=\"fort\">Zusatzausstattungen:<\/p>\n<p>[\/vc_column_text][vc_column_text]<\/p>\n<ul>\n<li>Sto\u00df- und Kratzpr\u00fcfung auf gl\u00e4nzender Oberfl\u00e4che<\/li>\n<li>Rotationssystem (Drehen des Werkst\u00fccks)<\/li>\n<\/ul>\n<p>[\/vc_column_text][\/vc_column][\/vc_row][vc_row][vc_column][vc_btn title=&#8220;Datenblatt herunterladen&#8220; style=&#8220;custom&#8220; custom_background=&#8220;#f7941f&#8220; custom_text=&#8220;#ffffff&#8220; shape=&#8220;round&#8220; align=&#8220;left&#8220; link=&#8220;url:https%3A%2F%2Fwww.tqs-group.com%2Fwp-content%2Fuploads%2F2023%2F02%2FDATENBLATT-HERUNTERLADEN-Maschine-Qualitatskontrolle-Uhrenteilen.pdf|target:_blank&#8220;][vc_btn title=&#8220;Einen Kostenvoranschlag erhalten&#8220; style=&#8220;custom&#8220; custom_background=&#8220;#0a0a0a&#8220; custom_text=&#8220;#f7941f&#8220; shape=&#8220;round&#8220; size=&#8220;xs&#8220; align=&#8220;left&#8220; el_class=&#8220;btn-black-orange btn-retour&#8220; link=&#8220;url:https%3A%2F%2Fwww.tqs-group.com%2Fde%2Fkontakt%2F&#8220;][\/vc_column][\/vc_row]<\/p>\n","protected":false},"excerpt":{"rendered":"<p>[vc_row][vc_column width=&#8220;1\/2&#8243;][vc_btn title=&#8220;Zur\u00fcck&#8220; style=&#8220;custom&#8220; custom_background=&#8220;#f7941f&#8220; custom_text=&#8220;#ffffff&#8220; shape=&#8220;round&#8220; size=&#8220;xs&#8220; align=&#8220;left&#8220; i_icon_fontawesome=&#8220;fas fa-arrow-left&#8220; add_icon=&#8220;true&#8220; el_class=&#8220;btn-orange-white btn-retour&#8220; link=&#8220;url:https%3A%2F%2Fwww.tqs-group.com%2Fde%2Fstatten-sie-sich-mit-einer-sortiermaschine-aus%2F&#8220;][vc_column_text]MASCHINE ZUR QUALIT\u00c4TSKONTROLLE VON UHRENTEILEN Ab 160.000 \u20ac je nach Optionen[\/vc_column_text][vc_btn title=&#8220;Kaufen&#8220;<span class=\"excerpt-hellip\"> [\u2026]<\/span><\/p>\n","protected":false},"author":1,"featured_media":0,"parent":0,"menu_order":0,"comment_status":"closed","ping_status":"closed","template":"","meta":{"footnotes":""},"class_list":["post-2438","page","type-page","status-publish","hentry"],"yoast_head":"<!-- This site is optimized with the Yoast SEO plugin v27.4 - https:\/\/yoast.com\/product\/yoast-seo-wordpress\/ -->\n<title>Maschine zur Qualit\u00e4tskontrolle von Uhrenteilen, Gr\u00f6\u00dfe und Aussehen<\/title>\n<meta name=\"description\" content=\"TQS verkauft Maschinen zur Qualit\u00e4tskontrolle von Uhrenteilen, die das Aussehen und die Gr\u00f6\u00dfe jedes Teils kontrollieren. Kontaktieren Sie uns, um mehr zu erfahren!\" \/>\n<meta name=\"robots\" content=\"index, follow, max-snippet:-1, max-image-preview:large, max-video-preview:-1\" \/>\n<link rel=\"canonical\" href=\"https:\/\/www.tqs-group.com\/de\/maschine-zur-qualitaetskontrolle-von-uhrenteilen\/\" \/>\n<meta property=\"og:locale\" content=\"de_DE\" \/>\n<meta property=\"og:type\" content=\"article\" \/>\n<meta property=\"og:title\" content=\"Maschine zur Qualit\u00e4tskontrolle von Uhrenteilen, Gr\u00f6\u00dfe und Aussehen\" \/>\n<meta property=\"og:description\" content=\"TQS verkauft Maschinen zur Qualit\u00e4tskontrolle von Uhrenteilen, die das Aussehen und die Gr\u00f6\u00dfe jedes Teils kontrollieren. Kontaktieren Sie uns, um mehr zu erfahren!\" \/>\n<meta property=\"og:url\" content=\"https:\/\/www.tqs-group.com\/de\/maschine-zur-qualitaetskontrolle-von-uhrenteilen\/\" \/>\n<meta property=\"og:site_name\" content=\"Tri qualit\u00e9 service\" \/>\n<meta property=\"article:modified_time\" content=\"2023-02-06T20:54:52+00:00\" \/>\n<meta property=\"og:image\" content=\"https:\/\/www.tqs-group.com\/wp-content\/uploads\/2022\/03\/tri-piece-usinage.png\" \/>\n\t<meta property=\"og:image:width\" content=\"385\" \/>\n\t<meta property=\"og:image:height\" content=\"380\" \/>\n\t<meta property=\"og:image:type\" content=\"image\/png\" \/>\n<meta name=\"twitter:card\" content=\"summary_large_image\" \/>\n<meta name=\"twitter:label1\" content=\"Gesch\u00e4tzte Lesezeit\" \/>\n\t<meta name=\"twitter:data1\" content=\"2\u00a0Minuten\" \/>\n<script type=\"application\/ld+json\" class=\"yoast-schema-graph\">{\"@context\":\"https:\\\/\\\/schema.org\",\"@graph\":[{\"@type\":\"WebPage\",\"@id\":\"https:\\\/\\\/www.tqs-group.com\\\/de\\\/maschine-zur-qualitaetskontrolle-von-uhrenteilen\\\/\",\"url\":\"https:\\\/\\\/www.tqs-group.com\\\/de\\\/maschine-zur-qualitaetskontrolle-von-uhrenteilen\\\/\",\"name\":\"Maschine zur Qualit\u00e4tskontrolle von Uhrenteilen, Gr\u00f6\u00dfe und Aussehen\",\"isPartOf\":{\"@id\":\"https:\\\/\\\/www.tqs-group.com\\\/de\\\/#website\"},\"datePublished\":\"2022-07-22T08:04:01+00:00\",\"dateModified\":\"2023-02-06T20:54:52+00:00\",\"description\":\"TQS verkauft Maschinen zur Qualit\u00e4tskontrolle von Uhrenteilen, die das Aussehen und die Gr\u00f6\u00dfe jedes Teils kontrollieren. Kontaktieren Sie uns, um mehr zu erfahren!\",\"breadcrumb\":{\"@id\":\"https:\\\/\\\/www.tqs-group.com\\\/de\\\/maschine-zur-qualitaetskontrolle-von-uhrenteilen\\\/#breadcrumb\"},\"inLanguage\":\"de\",\"potentialAction\":[{\"@type\":\"ReadAction\",\"target\":[\"https:\\\/\\\/www.tqs-group.com\\\/de\\\/maschine-zur-qualitaetskontrolle-von-uhrenteilen\\\/\"]}]},{\"@type\":\"BreadcrumbList\",\"@id\":\"https:\\\/\\\/www.tqs-group.com\\\/de\\\/maschine-zur-qualitaetskontrolle-von-uhrenteilen\\\/#breadcrumb\",\"itemListElement\":[{\"@type\":\"ListItem\",\"position\":1,\"name\":\"Accueil\",\"item\":\"https:\\\/\\\/www.tqs-group.com\\\/de\\\/\"},{\"@type\":\"ListItem\",\"position\":2,\"name\":\"Maschine zur Qualit\u00e4tskontrolle von Uhrenteilen\"}]},{\"@type\":\"WebSite\",\"@id\":\"https:\\\/\\\/www.tqs-group.com\\\/de\\\/#website\",\"url\":\"https:\\\/\\\/www.tqs-group.com\\\/de\\\/\",\"name\":\"TRI QUALITE SERVICE\",\"description\":\"TQS Group\",\"publisher\":{\"@id\":\"https:\\\/\\\/www.tqs-group.com\\\/de\\\/#organization\"},\"alternateName\":\"TQS GROUP\",\"potentialAction\":[{\"@type\":\"SearchAction\",\"target\":{\"@type\":\"EntryPoint\",\"urlTemplate\":\"https:\\\/\\\/www.tqs-group.com\\\/de\\\/?s={search_term_string}\"},\"query-input\":{\"@type\":\"PropertyValueSpecification\",\"valueRequired\":true,\"valueName\":\"search_term_string\"}}],\"inLanguage\":\"de\"},{\"@type\":\"Organization\",\"@id\":\"https:\\\/\\\/www.tqs-group.com\\\/de\\\/#organization\",\"name\":\"TRI QUALITE SERVICE\",\"alternateName\":\"TQS GROUP\",\"url\":\"https:\\\/\\\/www.tqs-group.com\\\/de\\\/\",\"logo\":{\"@type\":\"ImageObject\",\"inLanguage\":\"de\",\"@id\":\"https:\\\/\\\/www.tqs-group.com\\\/de\\\/#\\\/schema\\\/logo\\\/image\\\/\",\"url\":\"https:\\\/\\\/www.tqs-group.com\\\/wp-content\\\/uploads\\\/2022\\\/03\\\/tri-piece-usinage.png\",\"contentUrl\":\"https:\\\/\\\/www.tqs-group.com\\\/wp-content\\\/uploads\\\/2022\\\/03\\\/tri-piece-usinage.png\",\"width\":385,\"height\":380,\"caption\":\"TRI QUALITE SERVICE\"},\"image\":{\"@id\":\"https:\\\/\\\/www.tqs-group.com\\\/de\\\/#\\\/schema\\\/logo\\\/image\\\/\"}}]}<\/script>\n<!-- \/ Yoast SEO plugin. -->","yoast_head_json":{"title":"Maschine zur Qualit\u00e4tskontrolle von Uhrenteilen, Gr\u00f6\u00dfe und Aussehen","description":"TQS verkauft Maschinen zur Qualit\u00e4tskontrolle von Uhrenteilen, die das Aussehen und die Gr\u00f6\u00dfe jedes Teils kontrollieren. Kontaktieren Sie uns, um mehr zu erfahren!","robots":{"index":"index","follow":"follow","max-snippet":"max-snippet:-1","max-image-preview":"max-image-preview:large","max-video-preview":"max-video-preview:-1"},"canonical":"https:\/\/www.tqs-group.com\/de\/maschine-zur-qualitaetskontrolle-von-uhrenteilen\/","og_locale":"de_DE","og_type":"article","og_title":"Maschine zur Qualit\u00e4tskontrolle von Uhrenteilen, Gr\u00f6\u00dfe und Aussehen","og_description":"TQS verkauft Maschinen zur Qualit\u00e4tskontrolle von Uhrenteilen, die das Aussehen und die Gr\u00f6\u00dfe jedes Teils kontrollieren. Kontaktieren Sie uns, um mehr zu erfahren!","og_url":"https:\/\/www.tqs-group.com\/de\/maschine-zur-qualitaetskontrolle-von-uhrenteilen\/","og_site_name":"Tri qualit\u00e9 service","article_modified_time":"2023-02-06T20:54:52+00:00","og_image":[{"width":385,"height":380,"url":"https:\/\/www.tqs-group.com\/wp-content\/uploads\/2022\/03\/tri-piece-usinage.png","type":"image\/png"}],"twitter_card":"summary_large_image","twitter_misc":{"Gesch\u00e4tzte Lesezeit":"2\u00a0Minuten"},"schema":{"@context":"https:\/\/schema.org","@graph":[{"@type":"WebPage","@id":"https:\/\/www.tqs-group.com\/de\/maschine-zur-qualitaetskontrolle-von-uhrenteilen\/","url":"https:\/\/www.tqs-group.com\/de\/maschine-zur-qualitaetskontrolle-von-uhrenteilen\/","name":"Maschine zur Qualit\u00e4tskontrolle von Uhrenteilen, Gr\u00f6\u00dfe und Aussehen","isPartOf":{"@id":"https:\/\/www.tqs-group.com\/de\/#website"},"datePublished":"2022-07-22T08:04:01+00:00","dateModified":"2023-02-06T20:54:52+00:00","description":"TQS verkauft Maschinen zur Qualit\u00e4tskontrolle von Uhrenteilen, die das Aussehen und die Gr\u00f6\u00dfe jedes Teils kontrollieren. Kontaktieren Sie uns, um mehr zu erfahren!","breadcrumb":{"@id":"https:\/\/www.tqs-group.com\/de\/maschine-zur-qualitaetskontrolle-von-uhrenteilen\/#breadcrumb"},"inLanguage":"de","potentialAction":[{"@type":"ReadAction","target":["https:\/\/www.tqs-group.com\/de\/maschine-zur-qualitaetskontrolle-von-uhrenteilen\/"]}]},{"@type":"BreadcrumbList","@id":"https:\/\/www.tqs-group.com\/de\/maschine-zur-qualitaetskontrolle-von-uhrenteilen\/#breadcrumb","itemListElement":[{"@type":"ListItem","position":1,"name":"Accueil","item":"https:\/\/www.tqs-group.com\/de\/"},{"@type":"ListItem","position":2,"name":"Maschine zur Qualit\u00e4tskontrolle von Uhrenteilen"}]},{"@type":"WebSite","@id":"https:\/\/www.tqs-group.com\/de\/#website","url":"https:\/\/www.tqs-group.com\/de\/","name":"TRI QUALITE SERVICE","description":"TQS Group","publisher":{"@id":"https:\/\/www.tqs-group.com\/de\/#organization"},"alternateName":"TQS GROUP","potentialAction":[{"@type":"SearchAction","target":{"@type":"EntryPoint","urlTemplate":"https:\/\/www.tqs-group.com\/de\/?s={search_term_string}"},"query-input":{"@type":"PropertyValueSpecification","valueRequired":true,"valueName":"search_term_string"}}],"inLanguage":"de"},{"@type":"Organization","@id":"https:\/\/www.tqs-group.com\/de\/#organization","name":"TRI QUALITE SERVICE","alternateName":"TQS GROUP","url":"https:\/\/www.tqs-group.com\/de\/","logo":{"@type":"ImageObject","inLanguage":"de","@id":"https:\/\/www.tqs-group.com\/de\/#\/schema\/logo\/image\/","url":"https:\/\/www.tqs-group.com\/wp-content\/uploads\/2022\/03\/tri-piece-usinage.png","contentUrl":"https:\/\/www.tqs-group.com\/wp-content\/uploads\/2022\/03\/tri-piece-usinage.png","width":385,"height":380,"caption":"TRI QUALITE SERVICE"},"image":{"@id":"https:\/\/www.tqs-group.com\/de\/#\/schema\/logo\/image\/"}}]}},"_links":{"self":[{"href":"https:\/\/www.tqs-group.com\/de\/wp-json\/wp\/v2\/pages\/2438","targetHints":{"allow":["GET"]}}],"collection":[{"href":"https:\/\/www.tqs-group.com\/de\/wp-json\/wp\/v2\/pages"}],"about":[{"href":"https:\/\/www.tqs-group.com\/de\/wp-json\/wp\/v2\/types\/page"}],"author":[{"embeddable":true,"href":"https:\/\/www.tqs-group.com\/de\/wp-json\/wp\/v2\/users\/1"}],"replies":[{"embeddable":true,"href":"https:\/\/www.tqs-group.com\/de\/wp-json\/wp\/v2\/comments?post=2438"}],"version-history":[{"count":12,"href":"https:\/\/www.tqs-group.com\/de\/wp-json\/wp\/v2\/pages\/2438\/revisions"}],"predecessor-version":[{"id":3406,"href":"https:\/\/www.tqs-group.com\/de\/wp-json\/wp\/v2\/pages\/2438\/revisions\/3406"}],"wp:attachment":[{"href":"https:\/\/www.tqs-group.com\/de\/wp-json\/wp\/v2\/media?parent=2438"}],"curies":[{"name":"wp","href":"https:\/\/api.w.org\/{rel}","templated":true}]}}