{"id":2488,"date":"2022-07-21T17:25:00","date_gmt":"2022-07-21T15:25:00","guid":{"rendered":"https:\/\/www.tqs-group.com\/sortiermaschine-fuer-steckverbinder\/"},"modified":"2023-02-07T11:57:06","modified_gmt":"2023-02-07T10:57:06","slug":"sortiermaschine-fuer-steckverbinder","status":"publish","type":"page","link":"https:\/\/www.tqs-group.com\/de\/sortiermaschine-fuer-steckverbinder\/","title":{"rendered":"Sortiermaschine f\u00fcr Steckverbinder"},"content":{"rendered":"<p>[vc_row][vc_column width=&#8220;1\/2&#8243;][vc_btn title=&#8220;Zur\u00fcck&#8220; style=&#8220;custom&#8220; custom_background=&#8220;#f7941f&#8220; custom_text=&#8220;#ffffff&#8220; shape=&#8220;round&#8220; size=&#8220;xs&#8220; align=&#8220;left&#8220; i_icon_fontawesome=&#8220;fas fa-arrow-left&#8220; add_icon=&#8220;true&#8220; el_class=&#8220;btn-orange-white&#8220; link=&#8220;url:https%3A%2F%2Fwww.tqs-group.com%2Fde%2Fstatten-sie-sich-mit-einer-sortiermaschine-aus%2F&#8220;][vc_column_text]<strong>SORTIERMASCHINE F\u00dcR VERBINDUNGSTEILE<br \/>\n<span class=\"txt-orange\"> Ab 150.000 \u20ac je nach Optionen<\/span><\/strong>[\/vc_column_text][vc_btn title=&#8220;Kaufen&#8220; style=&#8220;custom&#8220; custom_background=&#8220;#0a0a0a&#8220; custom_text=&#8220;#f7941f&#8220; shape=&#8220;round&#8220; size=&#8220;xs&#8220; align=&#8220;left&#8220; el_class=&#8220;btn-black-orange&#8220; link=&#8220;url:https%3A%2F%2Fwww.tqs-group.com%2Fde%2Fkontakt%2F|title:Kontakt&#8220;][\/vc_column][vc_column width=&#8220;1\/2&#8243;][\/vc_column][\/vc_row][vc_row full_width=&#8220;stretch_row&#8220;][vc_column width=&#8220;1\/2&#8243;][vc_column_text]<\/p>\n<h1>Sortiermaschine f\u00fcr Verbindungsteile<\/h1>\n<p>[\/vc_column_text][vc_column_text]Diese <strong class=\"d2b\">automatische Sortiermaschine f\u00fcr Teile<\/strong>, die dem <strong class=\"d2b\">Markt f\u00fcr Verbindungsteile<\/strong> gewidmet ist, wurde f\u00fcr die <strong class=\"d2b\">Kontrolle des Aussehens<\/strong> und der <strong class=\"d2b\">Abmessungen f\u00fcr elektronische Verbindungsteile<\/strong> entwickelt.<br \/>\nSie kann mit bis zu vier Bildverarbeitungssystemen ausgestattet werden.<br \/>\nIhr innovatives Zuf\u00fchrsystem erm\u00f6glicht es, eine hohe Sortierrate beizubehalten und gleichzeitig das Innere der sortierten Teile zu analysieren.<br \/>\nDie Zuf\u00fchrung der Teile erfolgt \u00fcber ein spezielles, in 3D gedrucktes Rad (TQS-Patent)[\/vc_column_text][\/vc_column][vc_column width=&#8220;1\/2&#8243;]\n\t\t\t<!-- START Machineconnectique REVOLUTION SLIDER 6.5.20 --><p class=\"rs-p-wp-fix\"><\/p>\n\t\t\t<rs-module-wrap id=\"rev_slider_25_1_wrapper\" data-source=\"gallery\" style=\"visibility:hidden;background:transparent;padding:0;margin:0px auto;margin-top:0;margin-bottom:0;\">\n\t\t\t\t<rs-module id=\"rev_slider_25_1\" style=\"\" data-version=\"6.5.20\">\n\t\t\t\t\t<rs-slides>\n\t\t\t\t\t\t<rs-slide style=\"position: absolute;\" data-key=\"rs-25\" data-title=\"Slide\" data-anim=\"ms:10;\" data-in=\"o:1;\" data-out=\"a:false;\">\n\t\t\t\t\t\t\t<img decoding=\"async\" src=\"\/\/www.tqs-group.com\/wp-content\/plugins\/revslider\/public\/assets\/assets\/dummy.png\" alt=\"Slide\" title=\"Sortiermaschine f\u00fcr Steckverbinder\" class=\"rev-slidebg tp-rs-img rs-lazyload\" data-lazyload=\"\/\/www.tqs-group.com\/wp-content\/plugins\/revslider\/public\/assets\/assets\/transparent.png\" data-no-retina>\n<!--\n\t\t\t\t\t\t\t--><rs-layer\n\t\t\t\t\t\t\t\tid=\"slider-25-slide-25-layer-0\" \n\t\t\t\t\t\t\t\tdata-type=\"image\"\n\t\t\t\t\t\t\t\tdata-rsp_ch=\"on\"\n\t\t\t\t\t\t\t\tdata-xy=\"x:c;y:c;\"\n\t\t\t\t\t\t\t\tdata-text=\"w:normal;\"\n\t\t\t\t\t\t\t\tdata-dim=\"w:606px;h:701px;\"\n\t\t\t\t\t\t\t\tdata-frame_0=\"o:1;\"\n\t\t\t\t\t\t\t\tdata-frame_999=\"o:1;st:w;sR:8500;\"\n\t\t\t\t\t\t\t\tstyle=\"z-index:8;\"\n\t\t\t\t\t\t\t><img loading=\"lazy\" decoding=\"async\" src=\"\/\/www.tqs-group.com\/wp-content\/plugins\/revslider\/public\/assets\/assets\/dummy.png\" alt=\"\" class=\"tp-rs-img rs-lazyload\" width=\"519\" height=\"600\" data-lazyload=\"\/\/www.tqs-group.com\/wp-content\/uploads\/2023\/02\/machine-4-fermee.jpg\" data-no-retina> \n\t\t\t\t\t\t\t<\/rs-layer><!--\n\n\t\t\t\t\t\t\t--><rs-layer\n\t\t\t\t\t\t\t\tid=\"slider-25-slide-25-layer-1\" \n\t\t\t\t\t\t\t\tclass=\"oppacite-1-hover\"\n\t\t\t\t\t\t\t\tdata-type=\"image\"\n\t\t\t\t\t\t\t\tdata-rsp_ch=\"on\"\n\t\t\t\t\t\t\t\tdata-xy=\"x:c;y:c;\"\n\t\t\t\t\t\t\t\tdata-text=\"w:normal;\"\n\t\t\t\t\t\t\t\tdata-dim=\"w:606px;h:701px;\"\n\t\t\t\t\t\t\t\tdata-wrpcls=\"oppacite-1-hover\"\n\t\t\t\t\t\t\t\tdata-frame_0=\"o:1;\"\n\t\t\t\t\t\t\t\tdata-frame_999=\"o:1;st:w;sR:8500;\"\n\t\t\t\t\t\t\t\tstyle=\"z-index:9;\"\n\t\t\t\t\t\t\t><img loading=\"lazy\" decoding=\"async\" src=\"\/\/www.tqs-group.com\/wp-content\/plugins\/revslider\/public\/assets\/assets\/dummy.png\" alt=\"\" class=\"tp-rs-img rs-lazyload\" width=\"519\" height=\"600\" data-lazyload=\"\/\/www.tqs-group.com\/wp-content\/uploads\/2023\/02\/machine-4-ouverte.jpg\" data-no-retina> \n\t\t\t\t\t\t\t<\/rs-layer><!--\n-->\t\t\t\t\t\t<\/rs-slide>\n\t\t\t\t\t\t<rs-slide style=\"position: absolute;\" data-key=\"rs-27\" data-title=\"Slide\" data-in=\"o:0;\" data-out=\"a:false;\">\n\t\t\t\t\t\t\t<img decoding=\"async\" src=\"\/\/www.tqs-group.com\/wp-content\/plugins\/revslider\/public\/assets\/assets\/dummy.png\" alt=\"Slide\" title=\"Sortiermaschine f\u00fcr Steckverbinder\" class=\"rev-slidebg tp-rs-img rs-lazyload\" data-lazyload=\"\/\/www.tqs-group.com\/wp-content\/plugins\/revslider\/public\/assets\/assets\/transparent.png\" data-no-retina>\n<!--\n\t\t\t\t\t\t\t--><rs-layer\n\t\t\t\t\t\t\t\tid=\"slider-25-slide-27-layer-0\" \n\t\t\t\t\t\t\t\tdata-type=\"image\"\n\t\t\t\t\t\t\t\tdata-rsp_ch=\"on\"\n\t\t\t\t\t\t\t\tdata-xy=\"x:c;y:c;\"\n\t\t\t\t\t\t\t\tdata-text=\"w:normal;\"\n\t\t\t\t\t\t\t\tdata-dim=\"w:606px;h:100%;\"\n\t\t\t\t\t\t\t\tdata-actions='o:click;a:jumptoslide;slide:previous;||o:mouseleave;a:jumptoslide;slide:previous;'\n\t\t\t\t\t\t\t\tdata-frame_0=\"o:1;\"\n\t\t\t\t\t\t\t\tdata-frame_999=\"o:1;st:w;\"\n\t\t\t\t\t\t\t\tstyle=\"z-index:5;\"\n\t\t\t\t\t\t\t><img loading=\"lazy\" decoding=\"async\" src=\"\/\/www.tqs-group.com\/wp-content\/plugins\/revslider\/public\/assets\/assets\/dummy.png\" alt=\"fournisseur machine de tri pi\u00e8ce connectique\" class=\"tp-rs-img rs-lazyload\" width=\"519\" height=\"600\" data-lazyload=\"\/\/www.tqs-group.com\/wp-content\/uploads\/2022\/09\/fournisseur-machine-de-tri-piece-connectique.png\" data-no-retina> \n\t\t\t\t\t\t\t<\/rs-layer><!--\n-->\t\t\t\t\t\t<\/rs-slide>\n\t\t\t\t\t<\/rs-slides>\n\t\t\t\t<\/rs-module>\n\t\t\t\t<script>\n\t\t\t\t\tsetREVStartSize({c: 'rev_slider_25_1',rl:[2400,1240,1200,480],el:[700],gw:[600],gh:[700],type:'standard',justify:'',layout:'fullwidth',mh:\"0\"});if (window.RS_MODULES!==undefined && window.RS_MODULES.modules!==undefined && window.RS_MODULES.modules[\"revslider251\"]!==undefined) {window.RS_MODULES.modules[\"revslider251\"].once = false;window.revapi25 = undefined;if (window.RS_MODULES.checkMinimal!==undefined) window.RS_MODULES.checkMinimal()}\n\t\t\t\t<\/script>\n\t\t\t<\/rs-module-wrap>\n\t\t\t<!-- END REVOLUTION SLIDER -->\n[\/vc_column][\/vc_row][vc_row full_width=&#8220;stretch_row&#8220;][vc_column][vc_single_image image=&#8220;1819&#8243; img_size=&#8220;1200&#215;568&#8243; alignment=&#8220;center&#8220;][\/vc_column][\/vc_row][vc_row][vc_column width=&#8220;1\/2&#8243;][vc_column_text el_class=&#8220;titre-moyen&#8220;]<\/p>\n<p class=\"fort\">Besonderheiten der automatischen Sortiermaschine \u201econnectique\u201c:<\/p>\n<p>[\/vc_column_text][vc_column_text]<\/p>\n<ul>\n<li>1 Abmessungsstation (Au\u00dfendurchmesser, L\u00e4ngen, verdrehte Teile, aufgerollte Sp\u00e4ne)<\/li>\n<li>Bis zu 3 Stationen f\u00fcr das Aussehen in Seitenansicht (Sp\u00e4ne, Vorhandensein von Bohrungen, Vorhandensein von Querl\u00f6chern, verdrehte Fr\u00e4sungen, verformte Teile, Vorhandensein von Fasen)<\/li>\n<li>Spezifisches Rad f\u00fcr die Zuf\u00fchrung und Kontrolle von Teilen<\/li>\n<\/ul>\n<p>[\/vc_column_text][vc_column_text el_class=&#8220;titre-moyen&#8220;]<\/p>\n<p class=\"fort\">Technische Daten:<\/p>\n<p>[\/vc_column_text][vc_column_text]<\/p>\n<ul>\n<li>Teile mit \u00d8 1 bis 8 mm und 10 bis 40 mm L\u00e4nge<\/li>\n<li>Taktzahl = 5.000 bis 20.000 Teile\/Stunde<\/li>\n<\/ul>\n<p>[\/vc_column_text][\/vc_column][vc_column width=&#8220;1\/2&#8243;][vc_column_text el_class=&#8220;titre-moyen&#8220;]<\/p>\n<p class=\"fort\">Serienausstattungen:<\/p>\n<p>[\/vc_column_text][vc_column_text]<\/p>\n<ul>\n<li>2 vibrierende Trichter (Lagerung + Entk\u00f6rnungsmaschine)<\/li>\n<li>Gebl\u00e4sesystem f\u00fcr den Auswurf der Teile<\/li>\n<li>Platz f\u00fcr konforme und nicht konforme Teile<\/li>\n<\/ul>\n<p>[\/vc_column_text][vc_column_text el_class=&#8220;titre-moyen&#8220;]<\/p>\n<p class=\"fort\">Zusatzausstattungen:<\/p>\n<p>[\/vc_column_text][vc_column_text]<\/p>\n<ul>\n<li>Zuf\u00fchrung von Teilen<\/li>\n<li>Endoskop (Aussehen)<\/li>\n<li>Verpackung<\/li>\n<\/ul>\n<p>[\/vc_column_text][\/vc_column][\/vc_row][vc_row][vc_column][vc_btn title=&#8220;Datenblatt herunterladen&#8220; style=&#8220;custom&#8220; custom_background=&#8220;#f7941f&#8220; custom_text=&#8220;#ffffff&#8220; shape=&#8220;round&#8220; align=&#8220;left&#8220; link=&#8220;url:https%3A%2F%2Fwww.tqs-group.com%2Fwp-content%2Fuploads%2F2023%2F02%2FDATENBLATT-HERUNTERLADEN-Sortiermaschine-Verbindungsteile.pdf|target:_blank&#8220;][vc_btn title=&#8220;Einen Kostenvoranschlag erhalten&#8220; style=&#8220;custom&#8220; custom_background=&#8220;#0a0a0a&#8220; custom_text=&#8220;#f7941f&#8220; shape=&#8220;round&#8220; size=&#8220;xs&#8220; align=&#8220;left&#8220; el_class=&#8220;btn-black-orange&#8220; link=&#8220;url:https%3A%2F%2Fwww.tqs-group.com%2Fde%2Fkontakt%2F|title:Kontakt&#8220;][\/vc_column][\/vc_row]<\/p>\n","protected":false},"excerpt":{"rendered":"<p>[vc_row][vc_column width=&#8220;1\/2&#8243;][vc_btn title=&#8220;Zur\u00fcck&#8220; style=&#8220;custom&#8220; custom_background=&#8220;#f7941f&#8220; custom_text=&#8220;#ffffff&#8220; shape=&#8220;round&#8220; size=&#8220;xs&#8220; align=&#8220;left&#8220; i_icon_fontawesome=&#8220;fas fa-arrow-left&#8220; add_icon=&#8220;true&#8220; el_class=&#8220;btn-orange-white&#8220; link=&#8220;url:https%3A%2F%2Fwww.tqs-group.com%2Fde%2Fstatten-sie-sich-mit-einer-sortiermaschine-aus%2F&#8220;][vc_column_text]SORTIERMASCHINE F\u00dcR VERBINDUNGSTEILE Ab 150.000 \u20ac je nach Optionen[\/vc_column_text][vc_btn title=&#8220;Kaufen&#8220; style=&#8220;custom&#8220; custom_background=&#8220;#0a0a0a&#8220; custom_text=&#8220;#f7941f&#8220;<span class=\"excerpt-hellip\"> [\u2026]<\/span><\/p>\n","protected":false},"author":1,"featured_media":0,"parent":0,"menu_order":0,"comment_status":"closed","ping_status":"closed","template":"","meta":{"footnotes":""},"class_list":["post-2488","page","type-page","status-publish","hentry"],"yoast_head":"<!-- This site is optimized with the Yoast SEO plugin v27.4 - https:\/\/yoast.com\/product\/yoast-seo-wordpress\/ -->\n<title>Lieferant f\u00fcr automatische Sortiermaschinen f\u00fcr Verbindungsteile<\/title>\n<meta name=\"description\" content=\"TQS ist ein Anbieter von automatischen Sortiermaschinen f\u00fcr Anschlussteile wie elektronische Steckverbinder. Kontaktieren Sie uns!\" \/>\n<meta name=\"robots\" content=\"index, follow, max-snippet:-1, max-image-preview:large, max-video-preview:-1\" \/>\n<link rel=\"canonical\" href=\"https:\/\/www.tqs-group.com\/de\/sortiermaschine-fuer-steckverbinder\/\" \/>\n<meta property=\"og:locale\" content=\"de_DE\" \/>\n<meta property=\"og:type\" content=\"article\" \/>\n<meta property=\"og:title\" content=\"Lieferant f\u00fcr automatische Sortiermaschinen f\u00fcr Verbindungsteile\" \/>\n<meta property=\"og:description\" content=\"TQS ist ein Anbieter von automatischen Sortiermaschinen f\u00fcr Anschlussteile wie elektronische Steckverbinder. Kontaktieren Sie uns!\" \/>\n<meta property=\"og:url\" content=\"https:\/\/www.tqs-group.com\/de\/sortiermaschine-fuer-steckverbinder\/\" \/>\n<meta property=\"og:site_name\" content=\"Tri qualit\u00e9 service\" \/>\n<meta property=\"article:modified_time\" content=\"2023-02-07T10:57:06+00:00\" \/>\n<meta property=\"og:image\" content=\"https:\/\/www.tqs-group.com\/wp-content\/uploads\/2022\/03\/tri-piece-usinage.png\" \/>\n\t<meta property=\"og:image:width\" content=\"385\" \/>\n\t<meta property=\"og:image:height\" content=\"380\" \/>\n\t<meta property=\"og:image:type\" content=\"image\/png\" \/>\n<meta name=\"twitter:card\" content=\"summary_large_image\" \/>\n<meta name=\"twitter:label1\" content=\"Gesch\u00e4tzte Lesezeit\" \/>\n\t<meta name=\"twitter:data1\" content=\"2\u00a0Minuten\" \/>\n<script type=\"application\/ld+json\" class=\"yoast-schema-graph\">{\"@context\":\"https:\\\/\\\/schema.org\",\"@graph\":[{\"@type\":\"WebPage\",\"@id\":\"https:\\\/\\\/www.tqs-group.com\\\/de\\\/sortiermaschine-fuer-steckverbinder\\\/\",\"url\":\"https:\\\/\\\/www.tqs-group.com\\\/de\\\/sortiermaschine-fuer-steckverbinder\\\/\",\"name\":\"Lieferant f\u00fcr automatische Sortiermaschinen f\u00fcr Verbindungsteile\",\"isPartOf\":{\"@id\":\"https:\\\/\\\/www.tqs-group.com\\\/de\\\/#website\"},\"datePublished\":\"2022-07-21T15:25:00+00:00\",\"dateModified\":\"2023-02-07T10:57:06+00:00\",\"description\":\"TQS ist ein Anbieter von automatischen Sortiermaschinen f\u00fcr Anschlussteile wie elektronische Steckverbinder. Kontaktieren Sie uns!\",\"breadcrumb\":{\"@id\":\"https:\\\/\\\/www.tqs-group.com\\\/de\\\/sortiermaschine-fuer-steckverbinder\\\/#breadcrumb\"},\"inLanguage\":\"de\",\"potentialAction\":[{\"@type\":\"ReadAction\",\"target\":[\"https:\\\/\\\/www.tqs-group.com\\\/de\\\/sortiermaschine-fuer-steckverbinder\\\/\"]}]},{\"@type\":\"BreadcrumbList\",\"@id\":\"https:\\\/\\\/www.tqs-group.com\\\/de\\\/sortiermaschine-fuer-steckverbinder\\\/#breadcrumb\",\"itemListElement\":[{\"@type\":\"ListItem\",\"position\":1,\"name\":\"Accueil\",\"item\":\"https:\\\/\\\/www.tqs-group.com\\\/de\\\/\"},{\"@type\":\"ListItem\",\"position\":2,\"name\":\"Sortiermaschine f\u00fcr Steckverbinder\"}]},{\"@type\":\"WebSite\",\"@id\":\"https:\\\/\\\/www.tqs-group.com\\\/de\\\/#website\",\"url\":\"https:\\\/\\\/www.tqs-group.com\\\/de\\\/\",\"name\":\"TRI QUALITE SERVICE\",\"description\":\"TQS Group\",\"publisher\":{\"@id\":\"https:\\\/\\\/www.tqs-group.com\\\/de\\\/#organization\"},\"alternateName\":\"TQS GROUP\",\"potentialAction\":[{\"@type\":\"SearchAction\",\"target\":{\"@type\":\"EntryPoint\",\"urlTemplate\":\"https:\\\/\\\/www.tqs-group.com\\\/de\\\/?s={search_term_string}\"},\"query-input\":{\"@type\":\"PropertyValueSpecification\",\"valueRequired\":true,\"valueName\":\"search_term_string\"}}],\"inLanguage\":\"de\"},{\"@type\":\"Organization\",\"@id\":\"https:\\\/\\\/www.tqs-group.com\\\/de\\\/#organization\",\"name\":\"TRI QUALITE SERVICE\",\"alternateName\":\"TQS GROUP\",\"url\":\"https:\\\/\\\/www.tqs-group.com\\\/de\\\/\",\"logo\":{\"@type\":\"ImageObject\",\"inLanguage\":\"de\",\"@id\":\"https:\\\/\\\/www.tqs-group.com\\\/de\\\/#\\\/schema\\\/logo\\\/image\\\/\",\"url\":\"https:\\\/\\\/www.tqs-group.com\\\/wp-content\\\/uploads\\\/2022\\\/03\\\/tri-piece-usinage.png\",\"contentUrl\":\"https:\\\/\\\/www.tqs-group.com\\\/wp-content\\\/uploads\\\/2022\\\/03\\\/tri-piece-usinage.png\",\"width\":385,\"height\":380,\"caption\":\"TRI QUALITE SERVICE\"},\"image\":{\"@id\":\"https:\\\/\\\/www.tqs-group.com\\\/de\\\/#\\\/schema\\\/logo\\\/image\\\/\"}}]}<\/script>\n<!-- \/ Yoast SEO plugin. -->","yoast_head_json":{"title":"Lieferant f\u00fcr automatische Sortiermaschinen f\u00fcr Verbindungsteile","description":"TQS ist ein Anbieter von automatischen Sortiermaschinen f\u00fcr Anschlussteile wie elektronische Steckverbinder. Kontaktieren Sie uns!","robots":{"index":"index","follow":"follow","max-snippet":"max-snippet:-1","max-image-preview":"max-image-preview:large","max-video-preview":"max-video-preview:-1"},"canonical":"https:\/\/www.tqs-group.com\/de\/sortiermaschine-fuer-steckverbinder\/","og_locale":"de_DE","og_type":"article","og_title":"Lieferant f\u00fcr automatische Sortiermaschinen f\u00fcr Verbindungsteile","og_description":"TQS ist ein Anbieter von automatischen Sortiermaschinen f\u00fcr Anschlussteile wie elektronische Steckverbinder. Kontaktieren Sie uns!","og_url":"https:\/\/www.tqs-group.com\/de\/sortiermaschine-fuer-steckverbinder\/","og_site_name":"Tri qualit\u00e9 service","article_modified_time":"2023-02-07T10:57:06+00:00","og_image":[{"width":385,"height":380,"url":"https:\/\/www.tqs-group.com\/wp-content\/uploads\/2022\/03\/tri-piece-usinage.png","type":"image\/png"}],"twitter_card":"summary_large_image","twitter_misc":{"Gesch\u00e4tzte Lesezeit":"2\u00a0Minuten"},"schema":{"@context":"https:\/\/schema.org","@graph":[{"@type":"WebPage","@id":"https:\/\/www.tqs-group.com\/de\/sortiermaschine-fuer-steckverbinder\/","url":"https:\/\/www.tqs-group.com\/de\/sortiermaschine-fuer-steckverbinder\/","name":"Lieferant f\u00fcr automatische Sortiermaschinen f\u00fcr Verbindungsteile","isPartOf":{"@id":"https:\/\/www.tqs-group.com\/de\/#website"},"datePublished":"2022-07-21T15:25:00+00:00","dateModified":"2023-02-07T10:57:06+00:00","description":"TQS ist ein Anbieter von automatischen Sortiermaschinen f\u00fcr Anschlussteile wie elektronische Steckverbinder. Kontaktieren Sie uns!","breadcrumb":{"@id":"https:\/\/www.tqs-group.com\/de\/sortiermaschine-fuer-steckverbinder\/#breadcrumb"},"inLanguage":"de","potentialAction":[{"@type":"ReadAction","target":["https:\/\/www.tqs-group.com\/de\/sortiermaschine-fuer-steckverbinder\/"]}]},{"@type":"BreadcrumbList","@id":"https:\/\/www.tqs-group.com\/de\/sortiermaschine-fuer-steckverbinder\/#breadcrumb","itemListElement":[{"@type":"ListItem","position":1,"name":"Accueil","item":"https:\/\/www.tqs-group.com\/de\/"},{"@type":"ListItem","position":2,"name":"Sortiermaschine f\u00fcr Steckverbinder"}]},{"@type":"WebSite","@id":"https:\/\/www.tqs-group.com\/de\/#website","url":"https:\/\/www.tqs-group.com\/de\/","name":"TRI QUALITE SERVICE","description":"TQS Group","publisher":{"@id":"https:\/\/www.tqs-group.com\/de\/#organization"},"alternateName":"TQS GROUP","potentialAction":[{"@type":"SearchAction","target":{"@type":"EntryPoint","urlTemplate":"https:\/\/www.tqs-group.com\/de\/?s={search_term_string}"},"query-input":{"@type":"PropertyValueSpecification","valueRequired":true,"valueName":"search_term_string"}}],"inLanguage":"de"},{"@type":"Organization","@id":"https:\/\/www.tqs-group.com\/de\/#organization","name":"TRI QUALITE SERVICE","alternateName":"TQS GROUP","url":"https:\/\/www.tqs-group.com\/de\/","logo":{"@type":"ImageObject","inLanguage":"de","@id":"https:\/\/www.tqs-group.com\/de\/#\/schema\/logo\/image\/","url":"https:\/\/www.tqs-group.com\/wp-content\/uploads\/2022\/03\/tri-piece-usinage.png","contentUrl":"https:\/\/www.tqs-group.com\/wp-content\/uploads\/2022\/03\/tri-piece-usinage.png","width":385,"height":380,"caption":"TRI QUALITE SERVICE"},"image":{"@id":"https:\/\/www.tqs-group.com\/de\/#\/schema\/logo\/image\/"}}]}},"_links":{"self":[{"href":"https:\/\/www.tqs-group.com\/de\/wp-json\/wp\/v2\/pages\/2488","targetHints":{"allow":["GET"]}}],"collection":[{"href":"https:\/\/www.tqs-group.com\/de\/wp-json\/wp\/v2\/pages"}],"about":[{"href":"https:\/\/www.tqs-group.com\/de\/wp-json\/wp\/v2\/types\/page"}],"author":[{"embeddable":true,"href":"https:\/\/www.tqs-group.com\/de\/wp-json\/wp\/v2\/users\/1"}],"replies":[{"embeddable":true,"href":"https:\/\/www.tqs-group.com\/de\/wp-json\/wp\/v2\/comments?post=2488"}],"version-history":[{"count":11,"href":"https:\/\/www.tqs-group.com\/de\/wp-json\/wp\/v2\/pages\/2488\/revisions"}],"predecessor-version":[{"id":3424,"href":"https:\/\/www.tqs-group.com\/de\/wp-json\/wp\/v2\/pages\/2488\/revisions\/3424"}],"wp:attachment":[{"href":"https:\/\/www.tqs-group.com\/de\/wp-json\/wp\/v2\/media?parent=2488"}],"curies":[{"name":"wp","href":"https:\/\/api.w.org\/{rel}","templated":true}]}}