{"id":2557,"date":"2022-06-16T17:04:29","date_gmt":"2022-06-16T15:04:29","guid":{"rendered":"https:\/\/www.tqs-group.com\/industrielle-vision\/"},"modified":"2023-02-06T17:01:09","modified_gmt":"2023-02-06T16:01:09","slug":"automatische-sortierung-teilen-industriellen-bildverarbeitung","status":"publish","type":"page","link":"https:\/\/www.tqs-group.com\/de\/automatische-sortierung-teilen-industriellen-bildverarbeitung\/","title":{"rendered":"Industrielle Vision"},"content":{"rendered":"<p>[vc_row][vc_column][vc_btn title=&#8220;Zur\u00fcck&#8220; style=&#8220;custom&#8220; custom_background=&#8220;#f7941f&#8220; custom_text=&#8220;#ffffff&#8220; shape=&#8220;round&#8220; size=&#8220;xs&#8220; align=&#8220;left&#8220; i_icon_fontawesome=&#8220;fas fa-arrow-left&#8220; add_icon=&#8220;true&#8220; link=&#8220;url:https%3A%2F%2Fwww.tqs-group.com%2Fde%2Fautomatische-sortierung-von-teilen%2F&#8220; el_class=&#8220;btn-orange-white&#8220;][vc_column_text el_class=&#8220;petit-txt&#8220;]Die <strong>automatische Teilesortierung durch industrielle Bildverarbeitung<\/strong> besteht aus der Aufnahme eines Bildes mithilfe einer Kamera und der anschlie\u00dfenden Analyse dieses Bildes durch geeignete Computeralgorithmen mit dem Ziel, das <strong>Auftreten oder Nichtauftreten eines Fehlers auf dem Industrieteil zu bestimmen<\/strong>.<\/p>\n<p>Die <strong> industrielle Bildverarbeitung<\/strong> ist das Hauptwerkzeug im Beruf des <strong>automatischen Teilesortierers<\/strong> und erm\u00f6glicht eine <strong>schnelle ber\u00fchrungslose Analyse des Zustands des Teils<\/strong>, die Kontrolle mehrerer Kriterien gleichzeitig und ist \u00e4u\u00dferst pr\u00e4zise.<\/p>\n<p>Die verschiedenen Kriterien, die durch die industrielle Bildverarbeitung analysiert werden:<\/p>\n<ul>\n<li><strong>dimensionale Kontrolle<\/strong> dank einer Hintergrundbeleuchtung und telezentrischer Optik,<\/li>\n<li><strong>Aussehenskontrolle<\/strong> mit einer Kombination aus direkten Beleuchtungen wie Lumitrax oder Multispectrum.<\/li>\n<\/ul>\n<p>TQS ist der franz\u00f6sische Systemintegrator f\u00fcr die Bildverarbeitungstools des Unternehmens KEYENCE, das in diesem Bereich weltweit f\u00fchrend ist.[\/vc_column_text][\/vc_column][\/vc_row][vc_row][vc_column][vc_btn title=&#8220;Kontaktieren Sie uns!&#8220; style=&#8220;custom&#8220; custom_background=&#8220;#0a0a0a&#8220; custom_text=&#8220;#f7941f&#8220; shape=&#8220;round&#8220; align=&#8220;left&#8220; link=&#8220;url:https%3A%2F%2Fwww.tqs-group.com%2Fde%2Fkontakt%2F|title:Kontakt&#8220; el_class=&#8220;btn-black-orange&#8220;][\/vc_column][\/vc_row]<\/p>\n","protected":false},"excerpt":{"rendered":"<p>[vc_row][vc_column][vc_btn title=&#8220;Zur\u00fcck&#8220; style=&#8220;custom&#8220; custom_background=&#8220;#f7941f&#8220; custom_text=&#8220;#ffffff&#8220; shape=&#8220;round&#8220; size=&#8220;xs&#8220; align=&#8220;left&#8220; i_icon_fontawesome=&#8220;fas fa-arrow-left&#8220; add_icon=&#8220;true&#8220; link=&#8220;url:https%3A%2F%2Fwww.tqs-group.com%2Fde%2Fautomatische-sortierung-von-teilen%2F&#8220; el_class=&#8220;btn-orange-white&#8220;][vc_column_text el_class=&#8220;petit-txt&#8220;]Die automatische Teilesortierung durch industrielle Bildverarbeitung besteht aus der Aufnahme eines Bildes mithilfe<span class=\"excerpt-hellip\"> [\u2026]<\/span><\/p>\n","protected":false},"author":1,"featured_media":0,"parent":0,"menu_order":0,"comment_status":"closed","ping_status":"closed","template":"","meta":{"footnotes":""},"class_list":["post-2557","page","type-page","status-publish","hentry"],"yoast_head":"<!-- This site is optimized with the Yoast SEO plugin v27.4 - https:\/\/yoast.com\/product\/yoast-seo-wordpress\/ -->\n<title>Subunternehmer Automatische Sortierung von Teilen durch maschinelle Bildverarbeitung<\/title>\n<meta name=\"description\" content=\"TQS ist ein Subunternehmer f\u00fcr die automatische Sortierung von Teilen durch maschinelle Bildverarbeitung, die die Erkennung von Fehlern erm\u00f6glicht. Kontaktieren Sie uns!\" \/>\n<meta name=\"robots\" content=\"index, follow, max-snippet:-1, max-image-preview:large, max-video-preview:-1\" \/>\n<link rel=\"canonical\" href=\"https:\/\/www.tqs-group.com\/de\/automatische-sortierung-teilen-industriellen-bildverarbeitung\/\" \/>\n<meta property=\"og:locale\" content=\"de_DE\" \/>\n<meta property=\"og:type\" content=\"article\" \/>\n<meta property=\"og:title\" content=\"Subunternehmer Automatische Sortierung von Teilen durch maschinelle Bildverarbeitung\" \/>\n<meta property=\"og:description\" content=\"TQS ist ein Subunternehmer f\u00fcr die automatische Sortierung von Teilen durch maschinelle Bildverarbeitung, die die Erkennung von Fehlern erm\u00f6glicht. Kontaktieren Sie uns!\" \/>\n<meta property=\"og:url\" content=\"https:\/\/www.tqs-group.com\/de\/automatische-sortierung-teilen-industriellen-bildverarbeitung\/\" \/>\n<meta property=\"og:site_name\" content=\"Tri qualit\u00e9 service\" \/>\n<meta property=\"article:modified_time\" content=\"2023-02-06T16:01:09+00:00\" \/>\n<meta property=\"og:image\" content=\"https:\/\/www.tqs-group.com\/wp-content\/uploads\/2022\/03\/tri-piece-usinage.png\" \/>\n\t<meta property=\"og:image:width\" content=\"385\" \/>\n\t<meta property=\"og:image:height\" content=\"380\" \/>\n\t<meta property=\"og:image:type\" content=\"image\/png\" \/>\n<meta name=\"twitter:card\" content=\"summary_large_image\" \/>\n<meta name=\"twitter:label1\" content=\"Gesch\u00e4tzte Lesezeit\" \/>\n\t<meta name=\"twitter:data1\" content=\"1\u00a0Minute\" \/>\n<script type=\"application\/ld+json\" class=\"yoast-schema-graph\">{\"@context\":\"https:\\\/\\\/schema.org\",\"@graph\":[{\"@type\":\"WebPage\",\"@id\":\"https:\\\/\\\/www.tqs-group.com\\\/de\\\/automatische-sortierung-teilen-industriellen-bildverarbeitung\\\/\",\"url\":\"https:\\\/\\\/www.tqs-group.com\\\/de\\\/automatische-sortierung-teilen-industriellen-bildverarbeitung\\\/\",\"name\":\"Subunternehmer Automatische Sortierung von Teilen durch maschinelle Bildverarbeitung\",\"isPartOf\":{\"@id\":\"https:\\\/\\\/www.tqs-group.com\\\/de\\\/#website\"},\"datePublished\":\"2022-06-16T15:04:29+00:00\",\"dateModified\":\"2023-02-06T16:01:09+00:00\",\"description\":\"TQS ist ein Subunternehmer f\u00fcr die automatische Sortierung von Teilen durch maschinelle Bildverarbeitung, die die Erkennung von Fehlern erm\u00f6glicht. Kontaktieren Sie uns!\",\"breadcrumb\":{\"@id\":\"https:\\\/\\\/www.tqs-group.com\\\/de\\\/automatische-sortierung-teilen-industriellen-bildverarbeitung\\\/#breadcrumb\"},\"inLanguage\":\"de\",\"potentialAction\":[{\"@type\":\"ReadAction\",\"target\":[\"https:\\\/\\\/www.tqs-group.com\\\/de\\\/automatische-sortierung-teilen-industriellen-bildverarbeitung\\\/\"]}]},{\"@type\":\"BreadcrumbList\",\"@id\":\"https:\\\/\\\/www.tqs-group.com\\\/de\\\/automatische-sortierung-teilen-industriellen-bildverarbeitung\\\/#breadcrumb\",\"itemListElement\":[{\"@type\":\"ListItem\",\"position\":1,\"name\":\"Accueil\",\"item\":\"https:\\\/\\\/www.tqs-group.com\\\/de\\\/\"},{\"@type\":\"ListItem\",\"position\":2,\"name\":\"Industrielle Vision\"}]},{\"@type\":\"WebSite\",\"@id\":\"https:\\\/\\\/www.tqs-group.com\\\/de\\\/#website\",\"url\":\"https:\\\/\\\/www.tqs-group.com\\\/de\\\/\",\"name\":\"TRI QUALITE SERVICE\",\"description\":\"TQS Group\",\"publisher\":{\"@id\":\"https:\\\/\\\/www.tqs-group.com\\\/de\\\/#organization\"},\"alternateName\":\"TQS GROUP\",\"potentialAction\":[{\"@type\":\"SearchAction\",\"target\":{\"@type\":\"EntryPoint\",\"urlTemplate\":\"https:\\\/\\\/www.tqs-group.com\\\/de\\\/?s={search_term_string}\"},\"query-input\":{\"@type\":\"PropertyValueSpecification\",\"valueRequired\":true,\"valueName\":\"search_term_string\"}}],\"inLanguage\":\"de\"},{\"@type\":\"Organization\",\"@id\":\"https:\\\/\\\/www.tqs-group.com\\\/de\\\/#organization\",\"name\":\"TRI QUALITE SERVICE\",\"alternateName\":\"TQS GROUP\",\"url\":\"https:\\\/\\\/www.tqs-group.com\\\/de\\\/\",\"logo\":{\"@type\":\"ImageObject\",\"inLanguage\":\"de\",\"@id\":\"https:\\\/\\\/www.tqs-group.com\\\/de\\\/#\\\/schema\\\/logo\\\/image\\\/\",\"url\":\"https:\\\/\\\/www.tqs-group.com\\\/wp-content\\\/uploads\\\/2022\\\/03\\\/tri-piece-usinage.png\",\"contentUrl\":\"https:\\\/\\\/www.tqs-group.com\\\/wp-content\\\/uploads\\\/2022\\\/03\\\/tri-piece-usinage.png\",\"width\":385,\"height\":380,\"caption\":\"TRI QUALITE SERVICE\"},\"image\":{\"@id\":\"https:\\\/\\\/www.tqs-group.com\\\/de\\\/#\\\/schema\\\/logo\\\/image\\\/\"}}]}<\/script>\n<!-- \/ Yoast SEO plugin. -->","yoast_head_json":{"title":"Subunternehmer Automatische Sortierung von Teilen durch maschinelle Bildverarbeitung","description":"TQS ist ein Subunternehmer f\u00fcr die automatische Sortierung von Teilen durch maschinelle Bildverarbeitung, die die Erkennung von Fehlern erm\u00f6glicht. Kontaktieren Sie uns!","robots":{"index":"index","follow":"follow","max-snippet":"max-snippet:-1","max-image-preview":"max-image-preview:large","max-video-preview":"max-video-preview:-1"},"canonical":"https:\/\/www.tqs-group.com\/de\/automatische-sortierung-teilen-industriellen-bildverarbeitung\/","og_locale":"de_DE","og_type":"article","og_title":"Subunternehmer Automatische Sortierung von Teilen durch maschinelle Bildverarbeitung","og_description":"TQS ist ein Subunternehmer f\u00fcr die automatische Sortierung von Teilen durch maschinelle Bildverarbeitung, die die Erkennung von Fehlern erm\u00f6glicht. Kontaktieren Sie uns!","og_url":"https:\/\/www.tqs-group.com\/de\/automatische-sortierung-teilen-industriellen-bildverarbeitung\/","og_site_name":"Tri qualit\u00e9 service","article_modified_time":"2023-02-06T16:01:09+00:00","og_image":[{"width":385,"height":380,"url":"https:\/\/www.tqs-group.com\/wp-content\/uploads\/2022\/03\/tri-piece-usinage.png","type":"image\/png"}],"twitter_card":"summary_large_image","twitter_misc":{"Gesch\u00e4tzte Lesezeit":"1\u00a0Minute"},"schema":{"@context":"https:\/\/schema.org","@graph":[{"@type":"WebPage","@id":"https:\/\/www.tqs-group.com\/de\/automatische-sortierung-teilen-industriellen-bildverarbeitung\/","url":"https:\/\/www.tqs-group.com\/de\/automatische-sortierung-teilen-industriellen-bildverarbeitung\/","name":"Subunternehmer Automatische Sortierung von Teilen durch maschinelle Bildverarbeitung","isPartOf":{"@id":"https:\/\/www.tqs-group.com\/de\/#website"},"datePublished":"2022-06-16T15:04:29+00:00","dateModified":"2023-02-06T16:01:09+00:00","description":"TQS ist ein Subunternehmer f\u00fcr die automatische Sortierung von Teilen durch maschinelle Bildverarbeitung, die die Erkennung von Fehlern erm\u00f6glicht. Kontaktieren Sie uns!","breadcrumb":{"@id":"https:\/\/www.tqs-group.com\/de\/automatische-sortierung-teilen-industriellen-bildverarbeitung\/#breadcrumb"},"inLanguage":"de","potentialAction":[{"@type":"ReadAction","target":["https:\/\/www.tqs-group.com\/de\/automatische-sortierung-teilen-industriellen-bildverarbeitung\/"]}]},{"@type":"BreadcrumbList","@id":"https:\/\/www.tqs-group.com\/de\/automatische-sortierung-teilen-industriellen-bildverarbeitung\/#breadcrumb","itemListElement":[{"@type":"ListItem","position":1,"name":"Accueil","item":"https:\/\/www.tqs-group.com\/de\/"},{"@type":"ListItem","position":2,"name":"Industrielle Vision"}]},{"@type":"WebSite","@id":"https:\/\/www.tqs-group.com\/de\/#website","url":"https:\/\/www.tqs-group.com\/de\/","name":"TRI QUALITE SERVICE","description":"TQS Group","publisher":{"@id":"https:\/\/www.tqs-group.com\/de\/#organization"},"alternateName":"TQS GROUP","potentialAction":[{"@type":"SearchAction","target":{"@type":"EntryPoint","urlTemplate":"https:\/\/www.tqs-group.com\/de\/?s={search_term_string}"},"query-input":{"@type":"PropertyValueSpecification","valueRequired":true,"valueName":"search_term_string"}}],"inLanguage":"de"},{"@type":"Organization","@id":"https:\/\/www.tqs-group.com\/de\/#organization","name":"TRI QUALITE SERVICE","alternateName":"TQS GROUP","url":"https:\/\/www.tqs-group.com\/de\/","logo":{"@type":"ImageObject","inLanguage":"de","@id":"https:\/\/www.tqs-group.com\/de\/#\/schema\/logo\/image\/","url":"https:\/\/www.tqs-group.com\/wp-content\/uploads\/2022\/03\/tri-piece-usinage.png","contentUrl":"https:\/\/www.tqs-group.com\/wp-content\/uploads\/2022\/03\/tri-piece-usinage.png","width":385,"height":380,"caption":"TRI QUALITE SERVICE"},"image":{"@id":"https:\/\/www.tqs-group.com\/de\/#\/schema\/logo\/image\/"}}]}},"_links":{"self":[{"href":"https:\/\/www.tqs-group.com\/de\/wp-json\/wp\/v2\/pages\/2557","targetHints":{"allow":["GET"]}}],"collection":[{"href":"https:\/\/www.tqs-group.com\/de\/wp-json\/wp\/v2\/pages"}],"about":[{"href":"https:\/\/www.tqs-group.com\/de\/wp-json\/wp\/v2\/types\/page"}],"author":[{"embeddable":true,"href":"https:\/\/www.tqs-group.com\/de\/wp-json\/wp\/v2\/users\/1"}],"replies":[{"embeddable":true,"href":"https:\/\/www.tqs-group.com\/de\/wp-json\/wp\/v2\/comments?post=2557"}],"version-history":[{"count":3,"href":"https:\/\/www.tqs-group.com\/de\/wp-json\/wp\/v2\/pages\/2557\/revisions"}],"predecessor-version":[{"id":3388,"href":"https:\/\/www.tqs-group.com\/de\/wp-json\/wp\/v2\/pages\/2557\/revisions\/3388"}],"wp:attachment":[{"href":"https:\/\/www.tqs-group.com\/de\/wp-json\/wp\/v2\/media?parent=2557"}],"curies":[{"name":"wp","href":"https:\/\/api.w.org\/{rel}","templated":true}]}}