{"id":2590,"date":"2022-06-16T16:31:58","date_gmt":"2022-06-16T14:31:58","guid":{"rendered":"https:\/\/www.tqs-group.com\/mechanische-kontrolle\/"},"modified":"2023-02-06T16:59:00","modified_gmt":"2023-02-06T15:59:00","slug":"automatischen-sortierung-mechanische-kontrolle","status":"publish","type":"page","link":"https:\/\/www.tqs-group.com\/de\/automatischen-sortierung-mechanische-kontrolle\/","title":{"rendered":"Mechanische Kontrolle"},"content":{"rendered":"<p>[vc_row][vc_column][vc_btn title=&#8220;Zur\u00fcck&#8220; style=&#8220;custom&#8220; custom_background=&#8220;#f7941f&#8220; custom_text=&#8220;#ffffff&#8220; shape=&#8220;round&#8220; size=&#8220;xs&#8220; align=&#8220;left&#8220; i_icon_fontawesome=&#8220;fas fa-arrow-left&#8220; add_icon=&#8220;true&#8220; link=&#8220;url:https%3A%2F%2Fwww.tqs-group.com%2Fde%2Fautomatische-sortierung-von-teilen%2F&#8220; el_class=&#8220;btn-orange-white&#8220;][vc_column_text el_class=&#8220;petit-txt&#8220;]Die <strong>mechanischen Kontrollen<\/strong> sind in der <strong>automatischen Sortierung von Industrieteilen \u00fcblich<\/strong>, sie k\u00f6nnen mehrere Ziele haben.<\/p>\n<p>Am h\u00e4ufigsten wird eine Messung \u00fcber Kontakt mit einem Messtaster durchgef\u00fchrt, der einen Dimensionswert liefert, wenn er mit dem Zielteil in Kontakt kommt. TQS verwendet diese Technologie zum Beispiel, um die Tiefe einer <strong>Vertiefung in einem Schraubenkopf zu messen<\/strong>.<\/p>\n<p>Die <strong>Sortierung von Teilen durch mechanische Kontrollen<\/strong>, erm\u00f6glicht es, <strong>die Funktionalit\u00e4t eines Teils zu \u00fcberpr\u00fcfen<\/strong>. Zum Beispiel k\u00f6nnen wir \u00fcberpr\u00fcfen, ob das richtige Werkzeug in die Vertiefung einer Schraube passt, oder auf komplexere Weise \u00fcberpr\u00fcfen, ob die Gewinde einer Schraube funktional sind.<\/p>\n<p>TQS hat eine einmalige Technologie zur <strong>\u00dcberpr\u00fcfung der Einschraubbarkeit<\/strong> die es m\u00f6glich macht, <strong>die Einschraubfunktion von Gewinden bei hoher Geschwindigkeit zu kontrollieren,<\/strong> indem die Dimensionskriterien (Steigung, Winkel, Durchmesser&#8230;), aber auch die Verbiegung (verdrehtes Teil), die Ansammlung von Oberfl\u00e4chenbehandlungen, die St\u00f6\u00dfe auf die Gewinde&#8230; \u00fcberpr\u00fcft werden. Diese einzigartige L\u00f6sung wird durch ein Patent gesch\u00fctzt.[\/vc_column_text][\/vc_column][\/vc_row][vc_row][vc_column][vc_btn title=&#8220;Kontaktieren Sie uns!&#8220; style=&#8220;custom&#8220; custom_background=&#8220;#0a0a0a&#8220; custom_text=&#8220;#f7941f&#8220; shape=&#8220;round&#8220; align=&#8220;left&#8220; link=&#8220;url:https%3A%2F%2Fwww.tqs-group.com%2Fde%2Fkontakt%2F|title:Kontakt&#8220; el_class=&#8220;btn-black-orange&#8220;][\/vc_column][\/vc_row]<\/p>\n","protected":false},"excerpt":{"rendered":"<p>[vc_row][vc_column][vc_btn title=&#8220;Zur\u00fcck&#8220; style=&#8220;custom&#8220; custom_background=&#8220;#f7941f&#8220; custom_text=&#8220;#ffffff&#8220; shape=&#8220;round&#8220; size=&#8220;xs&#8220; align=&#8220;left&#8220; i_icon_fontawesome=&#8220;fas fa-arrow-left&#8220; add_icon=&#8220;true&#8220; link=&#8220;url:https%3A%2F%2Fwww.tqs-group.com%2Fde%2Fautomatische-sortierung-von-teilen%2F&#8220; el_class=&#8220;btn-orange-white&#8220;][vc_column_text el_class=&#8220;petit-txt&#8220;]Die mechanischen Kontrollen sind in der automatischen Sortierung von Industrieteilen \u00fcblich, sie k\u00f6nnen<span class=\"excerpt-hellip\"> [\u2026]<\/span><\/p>\n","protected":false},"author":1,"featured_media":0,"parent":0,"menu_order":0,"comment_status":"closed","ping_status":"closed","template":"","meta":{"footnotes":""},"class_list":["post-2590","page","type-page","status-publish","hentry"],"yoast_head":"<!-- This site is optimized with the Yoast SEO plugin v27.4 - https:\/\/yoast.com\/product\/yoast-seo-wordpress\/ -->\n<title>Subunternehmer Automatische Sortierung von Teilen durch mechanische Kontrolle<\/title>\n<meta name=\"description\" content=\"TQS bietet L\u00f6sungen f\u00fcr die automatische Sortierung von Industrieteilen durch mechanische Kontrolle an. Kontaktieren Sie uns, um mehr zu erfahren!\" \/>\n<meta name=\"robots\" content=\"index, follow, max-snippet:-1, max-image-preview:large, max-video-preview:-1\" \/>\n<link rel=\"canonical\" href=\"https:\/\/www.tqs-group.com\/de\/automatischen-sortierung-mechanische-kontrolle\/\" \/>\n<meta property=\"og:locale\" content=\"de_DE\" \/>\n<meta property=\"og:type\" content=\"article\" \/>\n<meta property=\"og:title\" content=\"Subunternehmer Automatische Sortierung von Teilen durch mechanische Kontrolle\" \/>\n<meta property=\"og:description\" content=\"TQS bietet L\u00f6sungen f\u00fcr die automatische Sortierung von Industrieteilen durch mechanische Kontrolle an. Kontaktieren Sie uns, um mehr zu erfahren!\" \/>\n<meta property=\"og:url\" content=\"https:\/\/www.tqs-group.com\/de\/automatischen-sortierung-mechanische-kontrolle\/\" \/>\n<meta property=\"og:site_name\" content=\"Tri qualit\u00e9 service\" \/>\n<meta property=\"article:modified_time\" content=\"2023-02-06T15:59:00+00:00\" \/>\n<meta property=\"og:image\" content=\"https:\/\/www.tqs-group.com\/wp-content\/uploads\/2022\/03\/tri-piece-usinage.png\" \/>\n\t<meta property=\"og:image:width\" content=\"385\" \/>\n\t<meta property=\"og:image:height\" content=\"380\" \/>\n\t<meta property=\"og:image:type\" content=\"image\/png\" \/>\n<meta name=\"twitter:card\" content=\"summary_large_image\" \/>\n<meta name=\"twitter:label1\" content=\"Gesch\u00e4tzte Lesezeit\" \/>\n\t<meta name=\"twitter:data1\" content=\"1\u00a0Minute\" \/>\n<script type=\"application\/ld+json\" class=\"yoast-schema-graph\">{\"@context\":\"https:\\\/\\\/schema.org\",\"@graph\":[{\"@type\":\"WebPage\",\"@id\":\"https:\\\/\\\/www.tqs-group.com\\\/de\\\/automatischen-sortierung-mechanische-kontrolle\\\/\",\"url\":\"https:\\\/\\\/www.tqs-group.com\\\/de\\\/automatischen-sortierung-mechanische-kontrolle\\\/\",\"name\":\"Subunternehmer Automatische Sortierung von Teilen durch mechanische Kontrolle\",\"isPartOf\":{\"@id\":\"https:\\\/\\\/www.tqs-group.com\\\/de\\\/#website\"},\"datePublished\":\"2022-06-16T14:31:58+00:00\",\"dateModified\":\"2023-02-06T15:59:00+00:00\",\"description\":\"TQS bietet L\u00f6sungen f\u00fcr die automatische Sortierung von Industrieteilen durch mechanische Kontrolle an. Kontaktieren Sie uns, um mehr zu erfahren!\",\"breadcrumb\":{\"@id\":\"https:\\\/\\\/www.tqs-group.com\\\/de\\\/automatischen-sortierung-mechanische-kontrolle\\\/#breadcrumb\"},\"inLanguage\":\"de\",\"potentialAction\":[{\"@type\":\"ReadAction\",\"target\":[\"https:\\\/\\\/www.tqs-group.com\\\/de\\\/automatischen-sortierung-mechanische-kontrolle\\\/\"]}]},{\"@type\":\"BreadcrumbList\",\"@id\":\"https:\\\/\\\/www.tqs-group.com\\\/de\\\/automatischen-sortierung-mechanische-kontrolle\\\/#breadcrumb\",\"itemListElement\":[{\"@type\":\"ListItem\",\"position\":1,\"name\":\"Accueil\",\"item\":\"https:\\\/\\\/www.tqs-group.com\\\/de\\\/\"},{\"@type\":\"ListItem\",\"position\":2,\"name\":\"Mechanische Kontrolle\"}]},{\"@type\":\"WebSite\",\"@id\":\"https:\\\/\\\/www.tqs-group.com\\\/de\\\/#website\",\"url\":\"https:\\\/\\\/www.tqs-group.com\\\/de\\\/\",\"name\":\"TRI QUALITE SERVICE\",\"description\":\"TQS Group\",\"publisher\":{\"@id\":\"https:\\\/\\\/www.tqs-group.com\\\/de\\\/#organization\"},\"alternateName\":\"TQS GROUP\",\"potentialAction\":[{\"@type\":\"SearchAction\",\"target\":{\"@type\":\"EntryPoint\",\"urlTemplate\":\"https:\\\/\\\/www.tqs-group.com\\\/de\\\/?s={search_term_string}\"},\"query-input\":{\"@type\":\"PropertyValueSpecification\",\"valueRequired\":true,\"valueName\":\"search_term_string\"}}],\"inLanguage\":\"de\"},{\"@type\":\"Organization\",\"@id\":\"https:\\\/\\\/www.tqs-group.com\\\/de\\\/#organization\",\"name\":\"TRI QUALITE SERVICE\",\"alternateName\":\"TQS GROUP\",\"url\":\"https:\\\/\\\/www.tqs-group.com\\\/de\\\/\",\"logo\":{\"@type\":\"ImageObject\",\"inLanguage\":\"de\",\"@id\":\"https:\\\/\\\/www.tqs-group.com\\\/de\\\/#\\\/schema\\\/logo\\\/image\\\/\",\"url\":\"https:\\\/\\\/www.tqs-group.com\\\/wp-content\\\/uploads\\\/2022\\\/03\\\/tri-piece-usinage.png\",\"contentUrl\":\"https:\\\/\\\/www.tqs-group.com\\\/wp-content\\\/uploads\\\/2022\\\/03\\\/tri-piece-usinage.png\",\"width\":385,\"height\":380,\"caption\":\"TRI QUALITE SERVICE\"},\"image\":{\"@id\":\"https:\\\/\\\/www.tqs-group.com\\\/de\\\/#\\\/schema\\\/logo\\\/image\\\/\"}}]}<\/script>\n<!-- \/ Yoast SEO plugin. -->","yoast_head_json":{"title":"Subunternehmer Automatische Sortierung von Teilen durch mechanische Kontrolle","description":"TQS bietet L\u00f6sungen f\u00fcr die automatische Sortierung von Industrieteilen durch mechanische Kontrolle an. Kontaktieren Sie uns, um mehr zu erfahren!","robots":{"index":"index","follow":"follow","max-snippet":"max-snippet:-1","max-image-preview":"max-image-preview:large","max-video-preview":"max-video-preview:-1"},"canonical":"https:\/\/www.tqs-group.com\/de\/automatischen-sortierung-mechanische-kontrolle\/","og_locale":"de_DE","og_type":"article","og_title":"Subunternehmer Automatische Sortierung von Teilen durch mechanische Kontrolle","og_description":"TQS bietet L\u00f6sungen f\u00fcr die automatische Sortierung von Industrieteilen durch mechanische Kontrolle an. Kontaktieren Sie uns, um mehr zu erfahren!","og_url":"https:\/\/www.tqs-group.com\/de\/automatischen-sortierung-mechanische-kontrolle\/","og_site_name":"Tri qualit\u00e9 service","article_modified_time":"2023-02-06T15:59:00+00:00","og_image":[{"width":385,"height":380,"url":"https:\/\/www.tqs-group.com\/wp-content\/uploads\/2022\/03\/tri-piece-usinage.png","type":"image\/png"}],"twitter_card":"summary_large_image","twitter_misc":{"Gesch\u00e4tzte Lesezeit":"1\u00a0Minute"},"schema":{"@context":"https:\/\/schema.org","@graph":[{"@type":"WebPage","@id":"https:\/\/www.tqs-group.com\/de\/automatischen-sortierung-mechanische-kontrolle\/","url":"https:\/\/www.tqs-group.com\/de\/automatischen-sortierung-mechanische-kontrolle\/","name":"Subunternehmer Automatische Sortierung von Teilen durch mechanische Kontrolle","isPartOf":{"@id":"https:\/\/www.tqs-group.com\/de\/#website"},"datePublished":"2022-06-16T14:31:58+00:00","dateModified":"2023-02-06T15:59:00+00:00","description":"TQS bietet L\u00f6sungen f\u00fcr die automatische Sortierung von Industrieteilen durch mechanische Kontrolle an. Kontaktieren Sie uns, um mehr zu erfahren!","breadcrumb":{"@id":"https:\/\/www.tqs-group.com\/de\/automatischen-sortierung-mechanische-kontrolle\/#breadcrumb"},"inLanguage":"de","potentialAction":[{"@type":"ReadAction","target":["https:\/\/www.tqs-group.com\/de\/automatischen-sortierung-mechanische-kontrolle\/"]}]},{"@type":"BreadcrumbList","@id":"https:\/\/www.tqs-group.com\/de\/automatischen-sortierung-mechanische-kontrolle\/#breadcrumb","itemListElement":[{"@type":"ListItem","position":1,"name":"Accueil","item":"https:\/\/www.tqs-group.com\/de\/"},{"@type":"ListItem","position":2,"name":"Mechanische Kontrolle"}]},{"@type":"WebSite","@id":"https:\/\/www.tqs-group.com\/de\/#website","url":"https:\/\/www.tqs-group.com\/de\/","name":"TRI QUALITE SERVICE","description":"TQS Group","publisher":{"@id":"https:\/\/www.tqs-group.com\/de\/#organization"},"alternateName":"TQS GROUP","potentialAction":[{"@type":"SearchAction","target":{"@type":"EntryPoint","urlTemplate":"https:\/\/www.tqs-group.com\/de\/?s={search_term_string}"},"query-input":{"@type":"PropertyValueSpecification","valueRequired":true,"valueName":"search_term_string"}}],"inLanguage":"de"},{"@type":"Organization","@id":"https:\/\/www.tqs-group.com\/de\/#organization","name":"TRI QUALITE SERVICE","alternateName":"TQS GROUP","url":"https:\/\/www.tqs-group.com\/de\/","logo":{"@type":"ImageObject","inLanguage":"de","@id":"https:\/\/www.tqs-group.com\/de\/#\/schema\/logo\/image\/","url":"https:\/\/www.tqs-group.com\/wp-content\/uploads\/2022\/03\/tri-piece-usinage.png","contentUrl":"https:\/\/www.tqs-group.com\/wp-content\/uploads\/2022\/03\/tri-piece-usinage.png","width":385,"height":380,"caption":"TRI QUALITE SERVICE"},"image":{"@id":"https:\/\/www.tqs-group.com\/de\/#\/schema\/logo\/image\/"}}]}},"_links":{"self":[{"href":"https:\/\/www.tqs-group.com\/de\/wp-json\/wp\/v2\/pages\/2590","targetHints":{"allow":["GET"]}}],"collection":[{"href":"https:\/\/www.tqs-group.com\/de\/wp-json\/wp\/v2\/pages"}],"about":[{"href":"https:\/\/www.tqs-group.com\/de\/wp-json\/wp\/v2\/types\/page"}],"author":[{"embeddable":true,"href":"https:\/\/www.tqs-group.com\/de\/wp-json\/wp\/v2\/users\/1"}],"replies":[{"embeddable":true,"href":"https:\/\/www.tqs-group.com\/de\/wp-json\/wp\/v2\/comments?post=2590"}],"version-history":[{"count":4,"href":"https:\/\/www.tqs-group.com\/de\/wp-json\/wp\/v2\/pages\/2590\/revisions"}],"predecessor-version":[{"id":3386,"href":"https:\/\/www.tqs-group.com\/de\/wp-json\/wp\/v2\/pages\/2590\/revisions\/3386"}],"wp:attachment":[{"href":"https:\/\/www.tqs-group.com\/de\/wp-json\/wp\/v2\/media?parent=2590"}],"curies":[{"name":"wp","href":"https:\/\/api.w.org\/{rel}","templated":true}]}}