{"id":2665,"date":"2022-06-06T16:15:12","date_gmt":"2022-06-06T14:15:12","guid":{"rendered":"https:\/\/www.tqs-group.com\/logistik\/"},"modified":"2023-02-07T11:51:28","modified_gmt":"2023-02-07T10:51:28","slug":"logistik","status":"publish","type":"page","link":"https:\/\/www.tqs-group.com\/de\/logistik\/","title":{"rendered":"Logistik"},"content":{"rendered":"<p>[vc_row css=&#8220;.vc_custom_1668787059605{background-color: #777777 !important;}&#8220; el_class=&#8220;menu-flottant&#8220;][vc_column][vc_column_text el_class=&#8220;btn-menu-flottant&#8220;]<a href=\"https:\/\/www.tqs-group.com\/recherche-et-developpement\/\">F&amp;E<\/a>[\/vc_column_text][vc_column_text el_class=&#8220;btn-menu-flottant&#8220;]<a href=\"https:\/\/www.tqs-group.com\/de\/logistik\/\">Logistik<\/a>[\/vc_column_text][vc_column_text el_class=&#8220;btn-menu-flottant&#8220;]<a href=\"https:\/\/www.tqs-group.com\/recrutement\/\">Rekrutierung<\/a>[\/vc_column_text][vc_column_text el_class=&#8220;btn-menu-flottant&#8220;]<a href=\"https:\/\/www.tqs-group.com\/entreprise-machine-de-tri\/\">Geschichte und Erfahrung<\/a>[\/vc_column_text][\/vc_column][\/vc_row][vc_row][vc_column][vc_empty_space][\/vc_column][\/vc_row][vc_row][vc_column][vc_column_text el_class=&#8220;petit-txt&#8220;]<\/p>\n<p style=\"text-align: center;\">Die Fristen sind ein fester Bestandteil der industriellen Anforderungen. Mit der automatischen Sortierung wird dieser Parameter quantifizierbar. Wir legen daher besonders viel Wert auf dieses Thema, indem wir an den Produktionsmitteln arbeiten, aber auch an den \u00dcberwachungs- und Kommunikationsinstrumenten dank unseres Softwarepakets KEEPSO.<\/p>\n<p>[\/vc_column_text][\/vc_column][\/vc_row][vc_row][vc_column width=&#8220;1\/2&#8243;][vc_column_text el_class=&#8220;tres-gros-titre txt-orange&#8220;]<strong>1 &#8211; Empfang<\/strong>[\/vc_column_text][vc_column_text el_class=&#8220;petit-txt&#8220;]Dieser Schritt besteht aus der Registrierung der Bestellung, der Zuweisung unserer R\u00fcckverfolgbarkeit und der Planung der Charge. Ab diesem Zeitpunkt verlieren die Teile aus Gr\u00fcnden der Vertraulichkeit die Kundenidentifikation.[\/vc_column_text][\/vc_column][vc_column width=&#8220;1\/2&#8243;][vc_column_text el_class=&#8220;tres-gros-titre txt-orange&#8220;]<strong>2- Sortieren der Teile<\/strong>[\/vc_column_text][vc_column_text el_class=&#8220;petit-txt&#8220;]Wir zeichnen w\u00e4hrend dieses Vorgangs alle Produktionsereignisse auf, um unseren Kunden m\u00f6glichst viele Informationen \u00fcber die anvertrauten Teile zu liefern.[\/vc_column_text][\/vc_column][\/vc_row][vc_row][vc_column width=&#8220;1\/2&#8243;][vc_column_text el_class=&#8220;tres-gros-titre txt-orange&#8220;]<strong>3- Verpackung<\/strong>[\/vc_column_text][vc_column_text el_class=&#8220;petit-txt&#8220;]Es ist von grundlegender Bedeutung, dass wir die Teile in ihren endg\u00fcltigen Beh\u00e4ltern verpacken k\u00f6nnen, da dies das Qualit\u00e4tsniveau der Leistung garantiert.[\/vc_column_text][\/vc_column][vc_column width=&#8220;1\/2&#8243;][vc_column_text el_class=&#8220;tres-gros-titre txt-orange&#8220;]<strong>4 &#8211; Versand<\/strong>[\/vc_column_text][vc_column_text el_class=&#8220;petit-txt&#8220;]Dies ist der Zeitpunkt, an dem wir die vollst\u00e4ndigen Daten zur Sortierung liefern, insbesondere mit der Aufschl\u00fcsselung des festgestellten Ausschusses.[\/vc_column_text][\/vc_column][\/vc_row]<\/p>\n","protected":false},"excerpt":{"rendered":"<p>[vc_row css=&#8220;.vc_custom_1668787059605{background-color: #777777 !important;}&#8220; el_class=&#8220;menu-flottant&#8220;][vc_column][vc_column_text el_class=&#8220;btn-menu-flottant&#8220;]F&amp;E[\/vc_column_text][vc_column_text el_class=&#8220;btn-menu-flottant&#8220;]Logistik[\/vc_column_text][vc_column_text el_class=&#8220;btn-menu-flottant&#8220;]Rekrutierung[\/vc_column_text][vc_column_text el_class=&#8220;btn-menu-flottant&#8220;]Geschichte und Erfahrung[\/vc_column_text][\/vc_column][\/vc_row][vc_row][vc_column][vc_empty_space][\/vc_column][\/vc_row][vc_row][vc_column][vc_column_text el_class=&#8220;petit-txt&#8220;] Die Fristen sind ein fester Bestandteil der industriellen Anforderungen. Mit der automatischen Sortierung wird<span class=\"excerpt-hellip\"> [\u2026]<\/span><\/p>\n","protected":false},"author":1,"featured_media":0,"parent":0,"menu_order":0,"comment_status":"closed","ping_status":"closed","template":"","meta":{"footnotes":""},"class_list":["post-2665","page","type-page","status-publish","hentry"],"yoast_head":"<!-- This site is optimized with the Yoast SEO plugin v27.4 - https:\/\/yoast.com\/product\/yoast-seo-wordpress\/ -->\n<title>Automatische Sortierlogistik f\u00fcr Industrieteile<\/title>\n<meta name=\"description\" content=\"TQS bietet die Sortierung von Industrieteilen an. Fordern Sie ein Angebot an!\" \/>\n<meta name=\"robots\" content=\"index, follow, max-snippet:-1, max-image-preview:large, max-video-preview:-1\" \/>\n<link rel=\"canonical\" href=\"https:\/\/www.tqs-group.com\/de\/logistik\/\" \/>\n<meta property=\"og:locale\" content=\"de_DE\" \/>\n<meta property=\"og:type\" content=\"article\" \/>\n<meta property=\"og:title\" content=\"Automatische Sortierlogistik f\u00fcr Industrieteile\" \/>\n<meta property=\"og:description\" content=\"TQS bietet die Sortierung von Industrieteilen an. Fordern Sie ein Angebot an!\" \/>\n<meta property=\"og:url\" content=\"https:\/\/www.tqs-group.com\/de\/logistik\/\" \/>\n<meta property=\"og:site_name\" content=\"Tri qualit\u00e9 service\" \/>\n<meta property=\"article:modified_time\" content=\"2023-02-07T10:51:28+00:00\" \/>\n<meta property=\"og:image\" content=\"https:\/\/www.tqs-group.com\/wp-content\/uploads\/2022\/03\/tri-piece-usinage.png\" \/>\n\t<meta property=\"og:image:width\" content=\"385\" \/>\n\t<meta property=\"og:image:height\" content=\"380\" \/>\n\t<meta property=\"og:image:type\" content=\"image\/png\" \/>\n<meta name=\"twitter:card\" content=\"summary_large_image\" \/>\n<meta name=\"twitter:label1\" content=\"Gesch\u00e4tzte Lesezeit\" \/>\n\t<meta name=\"twitter:data1\" content=\"1\u00a0Minute\" \/>\n<script type=\"application\/ld+json\" class=\"yoast-schema-graph\">{\"@context\":\"https:\\\/\\\/schema.org\",\"@graph\":[{\"@type\":\"WebPage\",\"@id\":\"https:\\\/\\\/www.tqs-group.com\\\/de\\\/logistik\\\/\",\"url\":\"https:\\\/\\\/www.tqs-group.com\\\/de\\\/logistik\\\/\",\"name\":\"Automatische Sortierlogistik f\u00fcr Industrieteile\",\"isPartOf\":{\"@id\":\"https:\\\/\\\/www.tqs-group.com\\\/de\\\/#website\"},\"datePublished\":\"2022-06-06T14:15:12+00:00\",\"dateModified\":\"2023-02-07T10:51:28+00:00\",\"description\":\"TQS bietet die Sortierung von Industrieteilen an. Fordern Sie ein Angebot an!\",\"breadcrumb\":{\"@id\":\"https:\\\/\\\/www.tqs-group.com\\\/de\\\/logistik\\\/#breadcrumb\"},\"inLanguage\":\"de\",\"potentialAction\":[{\"@type\":\"ReadAction\",\"target\":[\"https:\\\/\\\/www.tqs-group.com\\\/de\\\/logistik\\\/\"]}]},{\"@type\":\"BreadcrumbList\",\"@id\":\"https:\\\/\\\/www.tqs-group.com\\\/de\\\/logistik\\\/#breadcrumb\",\"itemListElement\":[{\"@type\":\"ListItem\",\"position\":1,\"name\":\"Accueil\",\"item\":\"https:\\\/\\\/www.tqs-group.com\\\/de\\\/\"},{\"@type\":\"ListItem\",\"position\":2,\"name\":\"Logistik\"}]},{\"@type\":\"WebSite\",\"@id\":\"https:\\\/\\\/www.tqs-group.com\\\/de\\\/#website\",\"url\":\"https:\\\/\\\/www.tqs-group.com\\\/de\\\/\",\"name\":\"TRI QUALITE SERVICE\",\"description\":\"TQS Group\",\"publisher\":{\"@id\":\"https:\\\/\\\/www.tqs-group.com\\\/de\\\/#organization\"},\"alternateName\":\"TQS GROUP\",\"potentialAction\":[{\"@type\":\"SearchAction\",\"target\":{\"@type\":\"EntryPoint\",\"urlTemplate\":\"https:\\\/\\\/www.tqs-group.com\\\/de\\\/?s={search_term_string}\"},\"query-input\":{\"@type\":\"PropertyValueSpecification\",\"valueRequired\":true,\"valueName\":\"search_term_string\"}}],\"inLanguage\":\"de\"},{\"@type\":\"Organization\",\"@id\":\"https:\\\/\\\/www.tqs-group.com\\\/de\\\/#organization\",\"name\":\"TRI QUALITE SERVICE\",\"alternateName\":\"TQS GROUP\",\"url\":\"https:\\\/\\\/www.tqs-group.com\\\/de\\\/\",\"logo\":{\"@type\":\"ImageObject\",\"inLanguage\":\"de\",\"@id\":\"https:\\\/\\\/www.tqs-group.com\\\/de\\\/#\\\/schema\\\/logo\\\/image\\\/\",\"url\":\"https:\\\/\\\/www.tqs-group.com\\\/wp-content\\\/uploads\\\/2022\\\/03\\\/tri-piece-usinage.png\",\"contentUrl\":\"https:\\\/\\\/www.tqs-group.com\\\/wp-content\\\/uploads\\\/2022\\\/03\\\/tri-piece-usinage.png\",\"width\":385,\"height\":380,\"caption\":\"TRI QUALITE SERVICE\"},\"image\":{\"@id\":\"https:\\\/\\\/www.tqs-group.com\\\/de\\\/#\\\/schema\\\/logo\\\/image\\\/\"}}]}<\/script>\n<!-- \/ Yoast SEO plugin. -->","yoast_head_json":{"title":"Automatische Sortierlogistik f\u00fcr Industrieteile","description":"TQS bietet die Sortierung von Industrieteilen an. Fordern Sie ein Angebot an!","robots":{"index":"index","follow":"follow","max-snippet":"max-snippet:-1","max-image-preview":"max-image-preview:large","max-video-preview":"max-video-preview:-1"},"canonical":"https:\/\/www.tqs-group.com\/de\/logistik\/","og_locale":"de_DE","og_type":"article","og_title":"Automatische Sortierlogistik f\u00fcr Industrieteile","og_description":"TQS bietet die Sortierung von Industrieteilen an. Fordern Sie ein Angebot an!","og_url":"https:\/\/www.tqs-group.com\/de\/logistik\/","og_site_name":"Tri qualit\u00e9 service","article_modified_time":"2023-02-07T10:51:28+00:00","og_image":[{"width":385,"height":380,"url":"https:\/\/www.tqs-group.com\/wp-content\/uploads\/2022\/03\/tri-piece-usinage.png","type":"image\/png"}],"twitter_card":"summary_large_image","twitter_misc":{"Gesch\u00e4tzte Lesezeit":"1\u00a0Minute"},"schema":{"@context":"https:\/\/schema.org","@graph":[{"@type":"WebPage","@id":"https:\/\/www.tqs-group.com\/de\/logistik\/","url":"https:\/\/www.tqs-group.com\/de\/logistik\/","name":"Automatische Sortierlogistik f\u00fcr Industrieteile","isPartOf":{"@id":"https:\/\/www.tqs-group.com\/de\/#website"},"datePublished":"2022-06-06T14:15:12+00:00","dateModified":"2023-02-07T10:51:28+00:00","description":"TQS bietet die Sortierung von Industrieteilen an. Fordern Sie ein Angebot an!","breadcrumb":{"@id":"https:\/\/www.tqs-group.com\/de\/logistik\/#breadcrumb"},"inLanguage":"de","potentialAction":[{"@type":"ReadAction","target":["https:\/\/www.tqs-group.com\/de\/logistik\/"]}]},{"@type":"BreadcrumbList","@id":"https:\/\/www.tqs-group.com\/de\/logistik\/#breadcrumb","itemListElement":[{"@type":"ListItem","position":1,"name":"Accueil","item":"https:\/\/www.tqs-group.com\/de\/"},{"@type":"ListItem","position":2,"name":"Logistik"}]},{"@type":"WebSite","@id":"https:\/\/www.tqs-group.com\/de\/#website","url":"https:\/\/www.tqs-group.com\/de\/","name":"TRI QUALITE SERVICE","description":"TQS Group","publisher":{"@id":"https:\/\/www.tqs-group.com\/de\/#organization"},"alternateName":"TQS GROUP","potentialAction":[{"@type":"SearchAction","target":{"@type":"EntryPoint","urlTemplate":"https:\/\/www.tqs-group.com\/de\/?s={search_term_string}"},"query-input":{"@type":"PropertyValueSpecification","valueRequired":true,"valueName":"search_term_string"}}],"inLanguage":"de"},{"@type":"Organization","@id":"https:\/\/www.tqs-group.com\/de\/#organization","name":"TRI QUALITE SERVICE","alternateName":"TQS GROUP","url":"https:\/\/www.tqs-group.com\/de\/","logo":{"@type":"ImageObject","inLanguage":"de","@id":"https:\/\/www.tqs-group.com\/de\/#\/schema\/logo\/image\/","url":"https:\/\/www.tqs-group.com\/wp-content\/uploads\/2022\/03\/tri-piece-usinage.png","contentUrl":"https:\/\/www.tqs-group.com\/wp-content\/uploads\/2022\/03\/tri-piece-usinage.png","width":385,"height":380,"caption":"TRI QUALITE SERVICE"},"image":{"@id":"https:\/\/www.tqs-group.com\/de\/#\/schema\/logo\/image\/"}}]}},"_links":{"self":[{"href":"https:\/\/www.tqs-group.com\/de\/wp-json\/wp\/v2\/pages\/2665","targetHints":{"allow":["GET"]}}],"collection":[{"href":"https:\/\/www.tqs-group.com\/de\/wp-json\/wp\/v2\/pages"}],"about":[{"href":"https:\/\/www.tqs-group.com\/de\/wp-json\/wp\/v2\/types\/page"}],"author":[{"embeddable":true,"href":"https:\/\/www.tqs-group.com\/de\/wp-json\/wp\/v2\/users\/1"}],"replies":[{"embeddable":true,"href":"https:\/\/www.tqs-group.com\/de\/wp-json\/wp\/v2\/comments?post=2665"}],"version-history":[{"count":2,"href":"https:\/\/www.tqs-group.com\/de\/wp-json\/wp\/v2\/pages\/2665\/revisions"}],"predecessor-version":[{"id":2667,"href":"https:\/\/www.tqs-group.com\/de\/wp-json\/wp\/v2\/pages\/2665\/revisions\/2667"}],"wp:attachment":[{"href":"https:\/\/www.tqs-group.com\/de\/wp-json\/wp\/v2\/media?parent=2665"}],"curies":[{"name":"wp","href":"https:\/\/api.w.org\/{rel}","templated":true}]}}