{"id":2688,"date":"2022-06-06T15:18:13","date_gmt":"2022-06-06T13:18:13","guid":{"rendered":"https:\/\/www.tqs-group.com\/einsteller-einstellerin-fuer-sortiermascheinen-mit-bildverarbeitung-alternierend\/"},"modified":"2023-02-07T11:37:52","modified_gmt":"2023-02-07T10:37:52","slug":"einsteller-einstellerin-fuer-sortiermascheinen-mit-bildverarbeitung-alternierend","status":"publish","type":"page","link":"https:\/\/www.tqs-group.com\/de\/einsteller-einstellerin-fuer-sortiermascheinen-mit-bildverarbeitung-alternierend\/","title":{"rendered":"Einsteller\/Einstellerin f\u00fcr Sortiermascheinen mit Bildverarbeitung &#8211; Alternierend"},"content":{"rendered":"<p>[vc_row][vc_column][vc_column_text el_class=&#8220;tres-gros-titre txt-orange&#8220;]<\/p>\n<h1 style=\"text-align: center;\">Einsteller\/Einstellerin f\u00fcr Sortiermascheinen mit Bildverarbeitung &#8211; Alternierend<\/h1>\n<p>[\/vc_column_text][\/vc_column][\/vc_row][vc_row][vc_column][vc_column_text el_class=&#8220;txt-orange uni_neueregular-font&#8220;]Ort:[\/vc_column_text][vc_column_text el_class=&#8220;petit-txt&#8220;]150 rue des Techniques 74970 Marignier (Haute Savoie &#8211; Frankreich)[\/vc_column_text][vc_column_text el_class=&#8220;txt-orange uni_neueregular-font&#8220;]Beschreibung des Unternehmens:[\/vc_column_text][vc_column_text el_class=&#8220;petit-txt&#8220;]T.Q.S. wurde 2004 gegr\u00fcndet und ist auf die Sortierung mechanischer Teile auf automatischen Maschinen spezialisiert, die mit Hightech-Kameras ausgestattet sind. Unser Ziel ist es, die Null-Fehler-Garantie f\u00fcr mechanische Teile zu gew\u00e4hrleisten, die f\u00fcr Hightech-Branchen wie die Automobilindustrie, die Uhrenindustrie, die Luftfahrtindustrie und die Medizintechnik bestimmt sind. T.Q.S. bietet Ihnen ein freundliches und dynamisches Arbeitsumfeld, in dem Sie sich dank der &#8222;TQS Academy&#8220;, die verschiedenen internen Schulungsmodule f\u00fcr Bildverarbeitung, Mechanik, Robotik, Qualit\u00e4t usw. anbietet, weiterentwickeln k\u00f6nnen\u2026[\/vc_column_text][vc_column_text el_class=&#8220;txt-orange uni_neueregular-font&#8220;]Stellenbeschreibung:[\/vc_column_text][vc_column_text el_class=&#8220;petit-txt&#8220;]Ihre Aufgabe ist es, die Produktions- und Qualit\u00e4tskontrolle der Sortiermaschinen mit Bildverarbeitung zu gew\u00e4hrleisten.<\/p>\n<p>In dieser Funktion sind Ihre wichtigsten Aufgaben:<\/p>\n<ul>\n<li>Einstellen der mechanischen Zuf\u00fchrung der Teile durch R\u00fcttelsch\u00fcssel oder Roboter<\/li>\n<li>Einstellen der Bildverarbeitung f\u00fcr die Ma\u00df- und Aussehenskontrolle bei Serienstarts<\/li>\n<li>Kalibrierung und Test von nicht konformen Teilen, um die richtige Einstellung der Maschine zu best\u00e4tigen<\/li>\n<li>Analyse der Leistungs- und Qualit\u00e4tsindikatoren der Maschine<\/li>\n<li>Leeren des Arbeitsplatzes + Reinigung am Ende einer Sortierung<\/li>\n<li>Verpackung der Teile<\/li>\n<\/ul>\n<p>[\/vc_column_text][vc_column_text el_class=&#8220;txt-orange uni_neueregular-font&#8220;]Gesuchtes Profil:[\/vc_column_text][vc_column_text el_class=&#8220;petit-txt&#8220;]Ausbildung: Sie haben ein Abitur oder Fachabitur und m\u00f6chten Ihr duales Studium in BTS fortsetzen<\/p>\n<ul>\n<li>Ausbildung auf Abiturniveau<\/li>\n<li>Kenntnisse in der Metrologie<\/li>\n<li>Kenntnisse im Lesen von Pl\u00e4nen<\/li>\n<\/ul>\n<p>[\/vc_column_text][vc_column_text el_class=&#8220;txt-orange uni_neueregular-font&#8220;]Qualit\u00e4ten:[\/vc_column_text][vc_column_text]<\/p>\n<ul>\n<li>Selbstst\u00e4ndigkeit, Genauigkeit, Reaktionsf\u00e4higkeit<\/li>\n<li>Neugier<\/li>\n<li>Vorschlagsst\u00e4rke, Analysef\u00e4higkeit<\/li>\n<li>Teamgeist, Serviceorientierung, Kontaktfreudigkeit<\/li>\n<\/ul>\n<p>[\/vc_column_text][vc_column_text el_class=&#8220;txt-orange uni_neueregular-font&#8220;]Besondere Kenntnisse:[\/vc_column_text][vc_column_text]<\/p>\n<ul>\n<li>Lesen von Pl\u00e4nen<\/li>\n<li>Kenntnisse in der Metrologie<\/li>\n<\/ul>\n<p>[\/vc_column_text][\/vc_column][\/vc_row][vc_row][vc_column width=&#8220;1\/6&#8243;][\/vc_column][vc_column width=&#8220;2\/3&#8243;][vc_column_text el_class=&#8220;tres-gros-titre txt-orange&#8220;]<\/p>\n<p style=\"text-align: center;\">Meine Bewerbung einreichen<\/p>\n<p>[\/vc_column_text]\n<div class=\"wpcf7 no-js\" id=\"wpcf7-f2732-o1\" lang=\"de-DE\" dir=\"ltr\" data-wpcf7-id=\"2732\">\n<div class=\"screen-reader-response\"><p role=\"status\" aria-live=\"polite\" aria-atomic=\"true\"><\/p> <ul><\/ul><\/div>\n<form action=\"\/de\/wp-json\/wp\/v2\/pages\/2688#wpcf7-f2732-o1\" method=\"post\" class=\"wpcf7-form init\" aria-label=\"Kontaktformular\" enctype=\"multipart\/form-data\" novalidate=\"novalidate\" data-status=\"init\">\n<fieldset class=\"hidden-fields-container\"><input type=\"hidden\" name=\"_wpcf7\" value=\"2732\" \/><input type=\"hidden\" name=\"_wpcf7_version\" value=\"6.1.5\" \/><input type=\"hidden\" name=\"_wpcf7_locale\" value=\"de_DE\" \/><input type=\"hidden\" name=\"_wpcf7_unit_tag\" value=\"wpcf7-f2732-o1\" \/><input type=\"hidden\" name=\"_wpcf7_container_post\" value=\"0\" \/><input type=\"hidden\" name=\"_wpcf7_posted_data_hash\" value=\"\" \/><input type=\"hidden\" name=\"_wpcf7cf_hidden_group_fields\" value=\"[]\" \/><input type=\"hidden\" name=\"_wpcf7cf_hidden_groups\" value=\"[]\" \/><input type=\"hidden\" name=\"_wpcf7cf_visible_groups\" value=\"[]\" \/><input type=\"hidden\" name=\"_wpcf7cf_repeaters\" value=\"[]\" \/><input type=\"hidden\" name=\"_wpcf7cf_steps\" value=\"{}\" \/><input type=\"hidden\" name=\"_wpcf7cf_options\" value=\"{&quot;form_id&quot;:2732,&quot;conditions&quot;:[],&quot;settings&quot;:{&quot;animation&quot;:&quot;yes&quot;,&quot;animation_intime&quot;:200,&quot;animation_outtime&quot;:200,&quot;conditions_ui&quot;:&quot;normal&quot;,&quot;notice_dismissed&quot;:false}}\" \/>\n<\/fieldset>\n<p><label>Name<br \/>\n<span class=\"wpcf7-form-control-wrap\" data-name=\"your-name\"><input size=\"40\" maxlength=\"400\" class=\"wpcf7-form-control wpcf7-text wpcf7-validates-as-required\" aria-required=\"true\" aria-invalid=\"false\" value=\"\" type=\"text\" name=\"your-name\" \/><\/span> <\/label>\n<\/p>\n<p><label>Telefon<br \/>\n<span class=\"wpcf7-form-control-wrap\" data-name=\"tel-969\"><input size=\"40\" maxlength=\"400\" class=\"wpcf7-form-control wpcf7-tel wpcf7-text wpcf7-validates-as-tel\" aria-invalid=\"false\" value=\"\" type=\"tel\" name=\"tel-969\" \/><\/span><\/label>\n<\/p>\n<p><label>E-Mail<br \/>\n<span class=\"wpcf7-form-control-wrap\" data-name=\"your-email\"><input size=\"40\" maxlength=\"400\" class=\"wpcf7-form-control wpcf7-email wpcf7-validates-as-required wpcf7-text wpcf7-validates-as-email\" aria-required=\"true\" aria-invalid=\"false\" value=\"\" type=\"email\" name=\"your-email\" \/><\/span> <\/label>\n<\/p>\n<p><label>Position<br \/>\n<span class=\"wpcf7-form-control-wrap\" data-name=\"menu-756\"><select class=\"wpcf7-form-control wpcf7-select\" aria-invalid=\"false\" name=\"menu-756\"><option value=\"Technischer Vertriebsmitarbeiter \/ technische Vertriebsmitarbeiterin \u2013 Alternierend\">Technischer Vertriebsmitarbeiter \/ technische Vertriebsmitarbeiterin \u2013 Alternierend<\/option><option value=\"Suche Einsteller\/Einstellerin Sortiermaschine mit Bildverarbeitung \u2013 Alternierend\">Suche Einsteller\/Einstellerin Sortiermaschine mit Bildverarbeitung \u2013 Alternierend<\/option><option value=\"Suche Einsteller\/Einstellerin Sortiermaschine mit Bildverarbeitung\">Suche Einsteller\/Einstellerin Sortiermaschine mit Bildverarbeitung<\/option><option value=\"Spontane Bewerbung\">Spontane Bewerbung<\/option><\/select><\/span><\/label>\n<\/p>\n<p><label>CV<br \/>\n<span class=\"wpcf7-form-control-wrap\" data-name=\"file-178\"><input size=\"40\" class=\"wpcf7-form-control wpcf7-file\" accept=\".pdf,.jpg,.png,.docx\" aria-invalid=\"false\" type=\"file\" name=\"file-178\" \/><\/span><\/label>\n<\/p>\n<p><label> Ihre Mitteilung<br \/>\n<span class=\"wpcf7-form-control-wrap\" data-name=\"your-message\"><textarea cols=\"40\" rows=\"10\" maxlength=\"2000\" class=\"wpcf7-form-control wpcf7-textarea\" aria-invalid=\"false\" name=\"your-message\"><\/textarea><\/span> <\/label>\n<\/p>\n<p><label>Wie haben Sie von uns erfahren?<br \/>\n<span class=\"wpcf7-form-control-wrap\" data-name=\"source\"><select class=\"wpcf7-form-control wpcf7-select wpcf7-validates-as-required\" aria-required=\"true\" aria-invalid=\"false\" name=\"source\"><option value=\"\">&#8211; Bitte ausw\u00e4hlen &#8211;<\/option><option value=\"Google-Suche\">Google-Suche<\/option><option value=\"Mund-zu-Mund-Propaganda\">Mund-zu-Mund-Propaganda<\/option><option value=\"Soziale Netzwerke\">Soziale Netzwerke<\/option><option value=\"Veranstaltung\">Veranstaltung<\/option><option value=\"E-Mail-Marketing\">E-Mail-Marketing<\/option><\/select><\/span><\/label>\n<\/p>\n<p><span class=\"wpcf7-form-control-wrap\" data-name=\"your-consent\"><span class=\"wpcf7-form-control wpcf7-acceptance\"><span class=\"wpcf7-list-item\"><label><input type=\"checkbox\" name=\"your-consent\" value=\"1\" aria-invalid=\"false\" \/><span class=\"wpcf7-list-item-label\">Mit der Nutzung dieses Formulars stimme ich der Speicherung und Nutzung meiner Daten durch diese Website zu.<\/span><\/label><\/span><\/span><\/span>\n<\/p>\n<p><input class=\"wpcf7-form-control wpcf7-submit has-spinner\" type=\"submit\" value=\"Senden Sie\" \/>\n<\/p><input type=\"hidden\" id=\"ct_checkjs_cf7_11b921ef080f7736089c757404650e40\" name=\"ct_checkjs_cf7\" value=\"0\" \/><div class=\"wpcf7-response-output\" aria-hidden=\"true\"><\/div>\n<\/form>\n<\/div>\n[\/vc_column][vc_column width=&#8220;1\/6&#8243;][\/vc_column][\/vc_row][vc_row][vc_column][\/vc_column][\/vc_row]<\/p>\n","protected":false},"excerpt":{"rendered":"<p>[vc_row][vc_column][vc_column_text el_class=&#8220;tres-gros-titre txt-orange&#8220;] Einsteller\/Einstellerin f\u00fcr Sortiermascheinen mit Bildverarbeitung &#8211; Alternierend [\/vc_column_text][\/vc_column][\/vc_row][vc_row][vc_column][vc_column_text el_class=&#8220;txt-orange uni_neueregular-font&#8220;]Ort:[\/vc_column_text][vc_column_text el_class=&#8220;petit-txt&#8220;]150 rue des Techniques 74970 Marignier (Haute Savoie &#8211; Frankreich)[\/vc_column_text][vc_column_text el_class=&#8220;txt-orange uni_neueregular-font&#8220;]Beschreibung des<span class=\"excerpt-hellip\"> [\u2026]<\/span><\/p>\n","protected":false},"author":1,"featured_media":0,"parent":0,"menu_order":0,"comment_status":"closed","ping_status":"closed","template":"","meta":{"footnotes":""},"class_list":["post-2688","page","type-page","status-publish","hentry"],"yoast_head":"<!-- This site is optimized with the Yoast SEO plugin v27.4 - https:\/\/yoast.com\/product\/yoast-seo-wordpress\/ -->\n<title>Einsteller\/Einstellerin Sortiermaschine mit Bildverarbeitung, alternierend<\/title>\n<meta name=\"description\" content=\"QS sucht einen Einsteller \/ eine Einstellerin f\u00fcr Sortiermaschinen mit Bildgebung im Rahmen eines dualen Studiums, um die Produktion und die Qualit\u00e4t der Sortiermaschinen zu gew\u00e4hrleisten. Kontaktieren Sie uns!\" \/>\n<meta name=\"robots\" content=\"index, follow, max-snippet:-1, max-image-preview:large, max-video-preview:-1\" \/>\n<link rel=\"canonical\" href=\"https:\/\/www.tqs-group.com\/de\/einsteller-einstellerin-fuer-sortiermascheinen-mit-bildverarbeitung-alternierend\/\" \/>\n<meta property=\"og:locale\" content=\"de_DE\" \/>\n<meta property=\"og:type\" content=\"article\" \/>\n<meta property=\"og:title\" content=\"Einsteller\/Einstellerin Sortiermaschine mit Bildverarbeitung, alternierend\" \/>\n<meta property=\"og:description\" content=\"QS sucht einen Einsteller \/ eine Einstellerin f\u00fcr Sortiermaschinen mit Bildgebung im Rahmen eines dualen Studiums, um die Produktion und die Qualit\u00e4t der Sortiermaschinen zu gew\u00e4hrleisten. Kontaktieren Sie uns!\" \/>\n<meta property=\"og:url\" content=\"https:\/\/www.tqs-group.com\/de\/einsteller-einstellerin-fuer-sortiermascheinen-mit-bildverarbeitung-alternierend\/\" \/>\n<meta property=\"og:site_name\" content=\"Tri qualit\u00e9 service\" \/>\n<meta property=\"article:modified_time\" content=\"2023-02-07T10:37:52+00:00\" \/>\n<meta property=\"og:image\" content=\"https:\/\/www.tqs-group.com\/wp-content\/uploads\/2022\/03\/tri-piece-usinage.png\" \/>\n\t<meta property=\"og:image:width\" content=\"385\" \/>\n\t<meta property=\"og:image:height\" content=\"380\" \/>\n\t<meta property=\"og:image:type\" content=\"image\/png\" \/>\n<meta name=\"twitter:card\" content=\"summary_large_image\" \/>\n<meta name=\"twitter:label1\" content=\"Gesch\u00e4tzte Lesezeit\" \/>\n\t<meta name=\"twitter:data1\" content=\"2\u00a0Minuten\" \/>\n<script type=\"application\/ld+json\" class=\"yoast-schema-graph\">{\"@context\":\"https:\\\/\\\/schema.org\",\"@graph\":[{\"@type\":\"WebPage\",\"@id\":\"https:\\\/\\\/www.tqs-group.com\\\/de\\\/einsteller-einstellerin-fuer-sortiermascheinen-mit-bildverarbeitung-alternierend\\\/\",\"url\":\"https:\\\/\\\/www.tqs-group.com\\\/de\\\/einsteller-einstellerin-fuer-sortiermascheinen-mit-bildverarbeitung-alternierend\\\/\",\"name\":\"Einsteller\\\/Einstellerin Sortiermaschine mit Bildverarbeitung, alternierend\",\"isPartOf\":{\"@id\":\"https:\\\/\\\/www.tqs-group.com\\\/de\\\/#website\"},\"datePublished\":\"2022-06-06T13:18:13+00:00\",\"dateModified\":\"2023-02-07T10:37:52+00:00\",\"description\":\"QS sucht einen Einsteller \\\/ eine Einstellerin f\u00fcr Sortiermaschinen mit Bildgebung im Rahmen eines dualen Studiums, um die Produktion und die Qualit\u00e4t der Sortiermaschinen zu gew\u00e4hrleisten. Kontaktieren Sie uns!\",\"breadcrumb\":{\"@id\":\"https:\\\/\\\/www.tqs-group.com\\\/de\\\/einsteller-einstellerin-fuer-sortiermascheinen-mit-bildverarbeitung-alternierend\\\/#breadcrumb\"},\"inLanguage\":\"de\",\"potentialAction\":[{\"@type\":\"ReadAction\",\"target\":[\"https:\\\/\\\/www.tqs-group.com\\\/de\\\/einsteller-einstellerin-fuer-sortiermascheinen-mit-bildverarbeitung-alternierend\\\/\"]}]},{\"@type\":\"BreadcrumbList\",\"@id\":\"https:\\\/\\\/www.tqs-group.com\\\/de\\\/einsteller-einstellerin-fuer-sortiermascheinen-mit-bildverarbeitung-alternierend\\\/#breadcrumb\",\"itemListElement\":[{\"@type\":\"ListItem\",\"position\":1,\"name\":\"Accueil\",\"item\":\"https:\\\/\\\/www.tqs-group.com\\\/de\\\/\"},{\"@type\":\"ListItem\",\"position\":2,\"name\":\"Einsteller\\\/Einstellerin f\u00fcr Sortiermascheinen mit Bildverarbeitung &#8211; Alternierend\"}]},{\"@type\":\"WebSite\",\"@id\":\"https:\\\/\\\/www.tqs-group.com\\\/de\\\/#website\",\"url\":\"https:\\\/\\\/www.tqs-group.com\\\/de\\\/\",\"name\":\"TRI QUALITE SERVICE\",\"description\":\"TQS Group\",\"publisher\":{\"@id\":\"https:\\\/\\\/www.tqs-group.com\\\/de\\\/#organization\"},\"alternateName\":\"TQS GROUP\",\"potentialAction\":[{\"@type\":\"SearchAction\",\"target\":{\"@type\":\"EntryPoint\",\"urlTemplate\":\"https:\\\/\\\/www.tqs-group.com\\\/de\\\/?s={search_term_string}\"},\"query-input\":{\"@type\":\"PropertyValueSpecification\",\"valueRequired\":true,\"valueName\":\"search_term_string\"}}],\"inLanguage\":\"de\"},{\"@type\":\"Organization\",\"@id\":\"https:\\\/\\\/www.tqs-group.com\\\/de\\\/#organization\",\"name\":\"TRI QUALITE SERVICE\",\"alternateName\":\"TQS GROUP\",\"url\":\"https:\\\/\\\/www.tqs-group.com\\\/de\\\/\",\"logo\":{\"@type\":\"ImageObject\",\"inLanguage\":\"de\",\"@id\":\"https:\\\/\\\/www.tqs-group.com\\\/de\\\/#\\\/schema\\\/logo\\\/image\\\/\",\"url\":\"https:\\\/\\\/www.tqs-group.com\\\/wp-content\\\/uploads\\\/2022\\\/03\\\/tri-piece-usinage.png\",\"contentUrl\":\"https:\\\/\\\/www.tqs-group.com\\\/wp-content\\\/uploads\\\/2022\\\/03\\\/tri-piece-usinage.png\",\"width\":385,\"height\":380,\"caption\":\"TRI QUALITE SERVICE\"},\"image\":{\"@id\":\"https:\\\/\\\/www.tqs-group.com\\\/de\\\/#\\\/schema\\\/logo\\\/image\\\/\"}}]}<\/script>\n<!-- \/ Yoast SEO plugin. -->","yoast_head_json":{"title":"Einsteller\/Einstellerin Sortiermaschine mit Bildverarbeitung, alternierend","description":"QS sucht einen Einsteller \/ eine Einstellerin f\u00fcr Sortiermaschinen mit Bildgebung im Rahmen eines dualen Studiums, um die Produktion und die Qualit\u00e4t der Sortiermaschinen zu gew\u00e4hrleisten. Kontaktieren Sie uns!","robots":{"index":"index","follow":"follow","max-snippet":"max-snippet:-1","max-image-preview":"max-image-preview:large","max-video-preview":"max-video-preview:-1"},"canonical":"https:\/\/www.tqs-group.com\/de\/einsteller-einstellerin-fuer-sortiermascheinen-mit-bildverarbeitung-alternierend\/","og_locale":"de_DE","og_type":"article","og_title":"Einsteller\/Einstellerin Sortiermaschine mit Bildverarbeitung, alternierend","og_description":"QS sucht einen Einsteller \/ eine Einstellerin f\u00fcr Sortiermaschinen mit Bildgebung im Rahmen eines dualen Studiums, um die Produktion und die Qualit\u00e4t der Sortiermaschinen zu gew\u00e4hrleisten. Kontaktieren Sie uns!","og_url":"https:\/\/www.tqs-group.com\/de\/einsteller-einstellerin-fuer-sortiermascheinen-mit-bildverarbeitung-alternierend\/","og_site_name":"Tri qualit\u00e9 service","article_modified_time":"2023-02-07T10:37:52+00:00","og_image":[{"width":385,"height":380,"url":"https:\/\/www.tqs-group.com\/wp-content\/uploads\/2022\/03\/tri-piece-usinage.png","type":"image\/png"}],"twitter_card":"summary_large_image","twitter_misc":{"Gesch\u00e4tzte Lesezeit":"2\u00a0Minuten"},"schema":{"@context":"https:\/\/schema.org","@graph":[{"@type":"WebPage","@id":"https:\/\/www.tqs-group.com\/de\/einsteller-einstellerin-fuer-sortiermascheinen-mit-bildverarbeitung-alternierend\/","url":"https:\/\/www.tqs-group.com\/de\/einsteller-einstellerin-fuer-sortiermascheinen-mit-bildverarbeitung-alternierend\/","name":"Einsteller\/Einstellerin Sortiermaschine mit Bildverarbeitung, alternierend","isPartOf":{"@id":"https:\/\/www.tqs-group.com\/de\/#website"},"datePublished":"2022-06-06T13:18:13+00:00","dateModified":"2023-02-07T10:37:52+00:00","description":"QS sucht einen Einsteller \/ eine Einstellerin f\u00fcr Sortiermaschinen mit Bildgebung im Rahmen eines dualen Studiums, um die Produktion und die Qualit\u00e4t der Sortiermaschinen zu gew\u00e4hrleisten. Kontaktieren Sie uns!","breadcrumb":{"@id":"https:\/\/www.tqs-group.com\/de\/einsteller-einstellerin-fuer-sortiermascheinen-mit-bildverarbeitung-alternierend\/#breadcrumb"},"inLanguage":"de","potentialAction":[{"@type":"ReadAction","target":["https:\/\/www.tqs-group.com\/de\/einsteller-einstellerin-fuer-sortiermascheinen-mit-bildverarbeitung-alternierend\/"]}]},{"@type":"BreadcrumbList","@id":"https:\/\/www.tqs-group.com\/de\/einsteller-einstellerin-fuer-sortiermascheinen-mit-bildverarbeitung-alternierend\/#breadcrumb","itemListElement":[{"@type":"ListItem","position":1,"name":"Accueil","item":"https:\/\/www.tqs-group.com\/de\/"},{"@type":"ListItem","position":2,"name":"Einsteller\/Einstellerin f\u00fcr Sortiermascheinen mit Bildverarbeitung &#8211; Alternierend"}]},{"@type":"WebSite","@id":"https:\/\/www.tqs-group.com\/de\/#website","url":"https:\/\/www.tqs-group.com\/de\/","name":"TRI QUALITE SERVICE","description":"TQS Group","publisher":{"@id":"https:\/\/www.tqs-group.com\/de\/#organization"},"alternateName":"TQS GROUP","potentialAction":[{"@type":"SearchAction","target":{"@type":"EntryPoint","urlTemplate":"https:\/\/www.tqs-group.com\/de\/?s={search_term_string}"},"query-input":{"@type":"PropertyValueSpecification","valueRequired":true,"valueName":"search_term_string"}}],"inLanguage":"de"},{"@type":"Organization","@id":"https:\/\/www.tqs-group.com\/de\/#organization","name":"TRI QUALITE SERVICE","alternateName":"TQS GROUP","url":"https:\/\/www.tqs-group.com\/de\/","logo":{"@type":"ImageObject","inLanguage":"de","@id":"https:\/\/www.tqs-group.com\/de\/#\/schema\/logo\/image\/","url":"https:\/\/www.tqs-group.com\/wp-content\/uploads\/2022\/03\/tri-piece-usinage.png","contentUrl":"https:\/\/www.tqs-group.com\/wp-content\/uploads\/2022\/03\/tri-piece-usinage.png","width":385,"height":380,"caption":"TRI QUALITE SERVICE"},"image":{"@id":"https:\/\/www.tqs-group.com\/de\/#\/schema\/logo\/image\/"}}]}},"_links":{"self":[{"href":"https:\/\/www.tqs-group.com\/de\/wp-json\/wp\/v2\/pages\/2688","targetHints":{"allow":["GET"]}}],"collection":[{"href":"https:\/\/www.tqs-group.com\/de\/wp-json\/wp\/v2\/pages"}],"about":[{"href":"https:\/\/www.tqs-group.com\/de\/wp-json\/wp\/v2\/types\/page"}],"author":[{"embeddable":true,"href":"https:\/\/www.tqs-group.com\/de\/wp-json\/wp\/v2\/users\/1"}],"replies":[{"embeddable":true,"href":"https:\/\/www.tqs-group.com\/de\/wp-json\/wp\/v2\/comments?post=2688"}],"version-history":[{"count":5,"href":"https:\/\/www.tqs-group.com\/de\/wp-json\/wp\/v2\/pages\/2688\/revisions"}],"predecessor-version":[{"id":3416,"href":"https:\/\/www.tqs-group.com\/de\/wp-json\/wp\/v2\/pages\/2688\/revisions\/3416"}],"wp:attachment":[{"href":"https:\/\/www.tqs-group.com\/de\/wp-json\/wp\/v2\/media?parent=2688"}],"curies":[{"name":"wp","href":"https:\/\/api.w.org\/{rel}","templated":true}]}}