{"id":2756,"date":"2022-06-06T14:31:39","date_gmt":"2022-06-06T12:31:39","guid":{"rendered":"https:\/\/www.tqs-group.com\/forschung-entwicklung\/"},"modified":"2023-02-07T11:43:34","modified_gmt":"2023-02-07T10:43:34","slug":"forschung-entwicklung","status":"publish","type":"page","link":"https:\/\/www.tqs-group.com\/de\/forschung-entwicklung\/","title":{"rendered":"Forschung &amp; Entwicklung"},"content":{"rendered":"<p>[vc_row el_class=&#8220;menu-flottant&#8220; css=&#8220;.vc_custom_1668786805686{background-color: #777777 !important;}&#8220;][vc_column][vc_column_text el_class=&#8220;btn-menu-flottant&#8220;]<a href=\"https:\/\/www.tqs-group.com\/de\/forschung-entwicklung\/\">F&amp;E<\/a>[\/vc_column_text][vc_column_text el_class=&#8220;btn-menu-flottant&#8220;]<a href=\"https:\/\/www.tqs-group.com\/de\/logistik\/\">Logistik<\/a>[\/vc_column_text][vc_column_text el_class=&#8220;btn-menu-flottant&#8220;]<a href=\"https:\/\/www.tqs-group.com\/de\/rekrutierung\/\">Rekrutierung<\/a>[\/vc_column_text][vc_column_text el_class=&#8220;btn-menu-flottant&#8220;]<a href=\"https:\/\/www.tqs-group.com\/entreprise-machine-de-tri\/\">Geschichte und Erfahrung<\/a>[\/vc_column_text][\/vc_column][\/vc_row][vc_row][vc_column][vc_empty_space height=&#8220;40px&#8220;][\/vc_column][\/vc_row][vc_row][vc_column][vc_row_inner css=&#8220;.vc_custom_1651585119860{margin-bottom: 0px !important;}&#8220;][vc_column_inner width=&#8220;1\/6&#8243; offset=&#8220;vc_hidden-md vc_hidden-sm vc_hidden-xs&#8220; css=&#8220;.vc_custom_1669105163250{margin-bottom: 0px !important;}&#8220;][\/vc_column_inner][vc_column_inner offset=&#8220;vc_col-lg-8&#8243;][vc_column_text el_class=&#8220;petit-txt&#8220;]<\/p>\n<p style=\"text-align: center;\">Da die im Handel angebotenen <strong>Sortierl\u00f6sungen<\/strong> f\u00fcr unsere T\u00e4tigkeit zu standardisiert waren, haben wir uns entschieden, unsere eigene Designabteilung zu integrieren, die heute 100 % der verwendeten Mittel untersucht und entwickelt. Diese T\u00e4tigkeit erm\u00f6glicht es uns, aktiv zu beobachten und innovative technische L\u00f6sungen zu entwickeln, die manchmal zu Patentanmeldungen f\u00fchren.<\/p>\n<p>[\/vc_column_text][\/vc_column_inner][vc_column_inner width=&#8220;1\/6&#8243;][\/vc_column_inner][\/vc_row_inner][\/vc_column][\/vc_row]<\/p>\n","protected":false},"excerpt":{"rendered":"<p>[vc_row el_class=&#8220;menu-flottant&#8220; css=&#8220;.vc_custom_1668786805686{background-color: #777777 !important;}&#8220;][vc_column][vc_column_text el_class=&#8220;btn-menu-flottant&#8220;]F&amp;E[\/vc_column_text][vc_column_text el_class=&#8220;btn-menu-flottant&#8220;]Logistik[\/vc_column_text][vc_column_text el_class=&#8220;btn-menu-flottant&#8220;]Rekrutierung[\/vc_column_text][vc_column_text el_class=&#8220;btn-menu-flottant&#8220;]Geschichte und Erfahrung[\/vc_column_text][\/vc_column][\/vc_row][vc_row][vc_column][vc_empty_space height=&#8220;40px&#8220;][\/vc_column][\/vc_row][vc_row][vc_column][vc_row_inner css=&#8220;.vc_custom_1651585119860{margin-bottom: 0px !important;}&#8220;][vc_column_inner width=&#8220;1\/6&#8243; offset=&#8220;vc_hidden-md vc_hidden-sm vc_hidden-xs&#8220; css=&#8220;.vc_custom_1669105163250{margin-bottom: 0px !important;}&#8220;][\/vc_column_inner][vc_column_inner offset=&#8220;vc_col-lg-8&#8243;][vc_column_text el_class=&#8220;petit-txt&#8220;] Da die<span class=\"excerpt-hellip\"> [\u2026]<\/span><\/p>\n","protected":false},"author":1,"featured_media":0,"parent":0,"menu_order":0,"comment_status":"closed","ping_status":"closed","template":"","meta":{"footnotes":""},"class_list":["post-2756","page","type-page","status-publish","hentry"],"yoast_head":"<!-- This site is optimized with the Yoast SEO plugin v27.4 - https:\/\/yoast.com\/product\/yoast-seo-wordpress\/ -->\n<title>F&amp;E Automatisiertes Sortieren, Entwurf einer automatischen Sortiermaschine f\u00fcr Industrieteile<\/title>\n<meta name=\"description\" content=\"TQS hat eine eigene F&amp;E-Abteilung f\u00fcr die Konzeption und Entwicklung innovativer L\u00f6sungen in Bezug auf automatisierte Sortiermaschinen. Kontaktieren Sie uns, wenn Sie Fragen haben!\" \/>\n<meta name=\"robots\" content=\"index, follow, max-snippet:-1, max-image-preview:large, max-video-preview:-1\" \/>\n<link rel=\"canonical\" href=\"https:\/\/www.tqs-group.com\/de\/forschung-entwicklung\/\" \/>\n<meta property=\"og:locale\" content=\"de_DE\" \/>\n<meta property=\"og:type\" content=\"article\" \/>\n<meta property=\"og:title\" content=\"F&amp;E Automatisiertes Sortieren, Entwurf einer automatischen Sortiermaschine f\u00fcr Industrieteile\" \/>\n<meta property=\"og:description\" content=\"TQS hat eine eigene F&amp;E-Abteilung f\u00fcr die Konzeption und Entwicklung innovativer L\u00f6sungen in Bezug auf automatisierte Sortiermaschinen. Kontaktieren Sie uns, wenn Sie Fragen haben!\" \/>\n<meta property=\"og:url\" content=\"https:\/\/www.tqs-group.com\/de\/forschung-entwicklung\/\" \/>\n<meta property=\"og:site_name\" content=\"Tri qualit\u00e9 service\" \/>\n<meta property=\"article:modified_time\" content=\"2023-02-07T10:43:34+00:00\" \/>\n<meta property=\"og:image\" content=\"https:\/\/www.tqs-group.com\/wp-content\/uploads\/2022\/03\/tri-piece-usinage.png\" \/>\n\t<meta property=\"og:image:width\" content=\"385\" \/>\n\t<meta property=\"og:image:height\" content=\"380\" \/>\n\t<meta property=\"og:image:type\" content=\"image\/png\" \/>\n<meta name=\"twitter:card\" content=\"summary_large_image\" \/>\n<meta name=\"twitter:label1\" content=\"Gesch\u00e4tzte Lesezeit\" \/>\n\t<meta name=\"twitter:data1\" content=\"1\u00a0Minute\" \/>\n<script type=\"application\/ld+json\" class=\"yoast-schema-graph\">{\"@context\":\"https:\\\/\\\/schema.org\",\"@graph\":[{\"@type\":\"WebPage\",\"@id\":\"https:\\\/\\\/www.tqs-group.com\\\/de\\\/forschung-entwicklung\\\/\",\"url\":\"https:\\\/\\\/www.tqs-group.com\\\/de\\\/forschung-entwicklung\\\/\",\"name\":\"F&E Automatisiertes Sortieren, Entwurf einer automatischen Sortiermaschine f\u00fcr Industrieteile\",\"isPartOf\":{\"@id\":\"https:\\\/\\\/www.tqs-group.com\\\/de\\\/#website\"},\"datePublished\":\"2022-06-06T12:31:39+00:00\",\"dateModified\":\"2023-02-07T10:43:34+00:00\",\"description\":\"TQS hat eine eigene F&E-Abteilung f\u00fcr die Konzeption und Entwicklung innovativer L\u00f6sungen in Bezug auf automatisierte Sortiermaschinen. Kontaktieren Sie uns, wenn Sie Fragen haben!\",\"breadcrumb\":{\"@id\":\"https:\\\/\\\/www.tqs-group.com\\\/de\\\/forschung-entwicklung\\\/#breadcrumb\"},\"inLanguage\":\"de\",\"potentialAction\":[{\"@type\":\"ReadAction\",\"target\":[\"https:\\\/\\\/www.tqs-group.com\\\/de\\\/forschung-entwicklung\\\/\"]}]},{\"@type\":\"BreadcrumbList\",\"@id\":\"https:\\\/\\\/www.tqs-group.com\\\/de\\\/forschung-entwicklung\\\/#breadcrumb\",\"itemListElement\":[{\"@type\":\"ListItem\",\"position\":1,\"name\":\"Accueil\",\"item\":\"https:\\\/\\\/www.tqs-group.com\\\/de\\\/\"},{\"@type\":\"ListItem\",\"position\":2,\"name\":\"Forschung &amp; Entwicklung\"}]},{\"@type\":\"WebSite\",\"@id\":\"https:\\\/\\\/www.tqs-group.com\\\/de\\\/#website\",\"url\":\"https:\\\/\\\/www.tqs-group.com\\\/de\\\/\",\"name\":\"TRI QUALITE SERVICE\",\"description\":\"TQS Group\",\"publisher\":{\"@id\":\"https:\\\/\\\/www.tqs-group.com\\\/de\\\/#organization\"},\"alternateName\":\"TQS GROUP\",\"potentialAction\":[{\"@type\":\"SearchAction\",\"target\":{\"@type\":\"EntryPoint\",\"urlTemplate\":\"https:\\\/\\\/www.tqs-group.com\\\/de\\\/?s={search_term_string}\"},\"query-input\":{\"@type\":\"PropertyValueSpecification\",\"valueRequired\":true,\"valueName\":\"search_term_string\"}}],\"inLanguage\":\"de\"},{\"@type\":\"Organization\",\"@id\":\"https:\\\/\\\/www.tqs-group.com\\\/de\\\/#organization\",\"name\":\"TRI QUALITE SERVICE\",\"alternateName\":\"TQS GROUP\",\"url\":\"https:\\\/\\\/www.tqs-group.com\\\/de\\\/\",\"logo\":{\"@type\":\"ImageObject\",\"inLanguage\":\"de\",\"@id\":\"https:\\\/\\\/www.tqs-group.com\\\/de\\\/#\\\/schema\\\/logo\\\/image\\\/\",\"url\":\"https:\\\/\\\/www.tqs-group.com\\\/wp-content\\\/uploads\\\/2022\\\/03\\\/tri-piece-usinage.png\",\"contentUrl\":\"https:\\\/\\\/www.tqs-group.com\\\/wp-content\\\/uploads\\\/2022\\\/03\\\/tri-piece-usinage.png\",\"width\":385,\"height\":380,\"caption\":\"TRI QUALITE SERVICE\"},\"image\":{\"@id\":\"https:\\\/\\\/www.tqs-group.com\\\/de\\\/#\\\/schema\\\/logo\\\/image\\\/\"}}]}<\/script>\n<!-- \/ Yoast SEO plugin. -->","yoast_head_json":{"title":"F&E Automatisiertes Sortieren, Entwurf einer automatischen Sortiermaschine f\u00fcr Industrieteile","description":"TQS hat eine eigene F&E-Abteilung f\u00fcr die Konzeption und Entwicklung innovativer L\u00f6sungen in Bezug auf automatisierte Sortiermaschinen. Kontaktieren Sie uns, wenn Sie Fragen haben!","robots":{"index":"index","follow":"follow","max-snippet":"max-snippet:-1","max-image-preview":"max-image-preview:large","max-video-preview":"max-video-preview:-1"},"canonical":"https:\/\/www.tqs-group.com\/de\/forschung-entwicklung\/","og_locale":"de_DE","og_type":"article","og_title":"F&E Automatisiertes Sortieren, Entwurf einer automatischen Sortiermaschine f\u00fcr Industrieteile","og_description":"TQS hat eine eigene F&E-Abteilung f\u00fcr die Konzeption und Entwicklung innovativer L\u00f6sungen in Bezug auf automatisierte Sortiermaschinen. Kontaktieren Sie uns, wenn Sie Fragen haben!","og_url":"https:\/\/www.tqs-group.com\/de\/forschung-entwicklung\/","og_site_name":"Tri qualit\u00e9 service","article_modified_time":"2023-02-07T10:43:34+00:00","og_image":[{"width":385,"height":380,"url":"https:\/\/www.tqs-group.com\/wp-content\/uploads\/2022\/03\/tri-piece-usinage.png","type":"image\/png"}],"twitter_card":"summary_large_image","twitter_misc":{"Gesch\u00e4tzte Lesezeit":"1\u00a0Minute"},"schema":{"@context":"https:\/\/schema.org","@graph":[{"@type":"WebPage","@id":"https:\/\/www.tqs-group.com\/de\/forschung-entwicklung\/","url":"https:\/\/www.tqs-group.com\/de\/forschung-entwicklung\/","name":"F&E Automatisiertes Sortieren, Entwurf einer automatischen Sortiermaschine f\u00fcr Industrieteile","isPartOf":{"@id":"https:\/\/www.tqs-group.com\/de\/#website"},"datePublished":"2022-06-06T12:31:39+00:00","dateModified":"2023-02-07T10:43:34+00:00","description":"TQS hat eine eigene F&E-Abteilung f\u00fcr die Konzeption und Entwicklung innovativer L\u00f6sungen in Bezug auf automatisierte Sortiermaschinen. Kontaktieren Sie uns, wenn Sie Fragen haben!","breadcrumb":{"@id":"https:\/\/www.tqs-group.com\/de\/forschung-entwicklung\/#breadcrumb"},"inLanguage":"de","potentialAction":[{"@type":"ReadAction","target":["https:\/\/www.tqs-group.com\/de\/forschung-entwicklung\/"]}]},{"@type":"BreadcrumbList","@id":"https:\/\/www.tqs-group.com\/de\/forschung-entwicklung\/#breadcrumb","itemListElement":[{"@type":"ListItem","position":1,"name":"Accueil","item":"https:\/\/www.tqs-group.com\/de\/"},{"@type":"ListItem","position":2,"name":"Forschung &amp; Entwicklung"}]},{"@type":"WebSite","@id":"https:\/\/www.tqs-group.com\/de\/#website","url":"https:\/\/www.tqs-group.com\/de\/","name":"TRI QUALITE SERVICE","description":"TQS Group","publisher":{"@id":"https:\/\/www.tqs-group.com\/de\/#organization"},"alternateName":"TQS GROUP","potentialAction":[{"@type":"SearchAction","target":{"@type":"EntryPoint","urlTemplate":"https:\/\/www.tqs-group.com\/de\/?s={search_term_string}"},"query-input":{"@type":"PropertyValueSpecification","valueRequired":true,"valueName":"search_term_string"}}],"inLanguage":"de"},{"@type":"Organization","@id":"https:\/\/www.tqs-group.com\/de\/#organization","name":"TRI QUALITE SERVICE","alternateName":"TQS GROUP","url":"https:\/\/www.tqs-group.com\/de\/","logo":{"@type":"ImageObject","inLanguage":"de","@id":"https:\/\/www.tqs-group.com\/de\/#\/schema\/logo\/image\/","url":"https:\/\/www.tqs-group.com\/wp-content\/uploads\/2022\/03\/tri-piece-usinage.png","contentUrl":"https:\/\/www.tqs-group.com\/wp-content\/uploads\/2022\/03\/tri-piece-usinage.png","width":385,"height":380,"caption":"TRI QUALITE SERVICE"},"image":{"@id":"https:\/\/www.tqs-group.com\/de\/#\/schema\/logo\/image\/"}}]}},"_links":{"self":[{"href":"https:\/\/www.tqs-group.com\/de\/wp-json\/wp\/v2\/pages\/2756","targetHints":{"allow":["GET"]}}],"collection":[{"href":"https:\/\/www.tqs-group.com\/de\/wp-json\/wp\/v2\/pages"}],"about":[{"href":"https:\/\/www.tqs-group.com\/de\/wp-json\/wp\/v2\/types\/page"}],"author":[{"embeddable":true,"href":"https:\/\/www.tqs-group.com\/de\/wp-json\/wp\/v2\/users\/1"}],"replies":[{"embeddable":true,"href":"https:\/\/www.tqs-group.com\/de\/wp-json\/wp\/v2\/comments?post=2756"}],"version-history":[{"count":10,"href":"https:\/\/www.tqs-group.com\/de\/wp-json\/wp\/v2\/pages\/2756\/revisions"}],"predecessor-version":[{"id":2796,"href":"https:\/\/www.tqs-group.com\/de\/wp-json\/wp\/v2\/pages\/2756\/revisions\/2796"}],"wp:attachment":[{"href":"https:\/\/www.tqs-group.com\/de\/wp-json\/wp\/v2\/media?parent=2756"}],"curies":[{"name":"wp","href":"https:\/\/api.w.org\/{rel}","templated":true}]}}