{"id":2778,"date":"2022-05-23T13:51:24","date_gmt":"2022-05-23T11:51:24","guid":{"rendered":"https:\/\/www.tqs-group.com\/automatisches-sortieren-von-teilen-fuer-die-verbindungstechnik\/"},"modified":"2023-02-06T21:31:44","modified_gmt":"2023-02-06T20:31:44","slug":"automatisches-sortieren-von-teilen-fuer-die-verbindungstechnik","status":"publish","type":"page","link":"https:\/\/www.tqs-group.com\/de\/automatisches-sortieren-von-teilen-fuer-die-verbindungstechnik\/","title":{"rendered":"Automatisches Sortieren von Teilen f\u00fcr die Verbindungstechnik"},"content":{"rendered":"<p>[vc_row][vc_column][vc_btn title=&#8220;Zur\u00fcck&#8220; style=&#8220;custom&#8220; custom_background=&#8220;#f7941f&#8220; custom_text=&#8220;#ffffff&#8220; shape=&#8220;round&#8220; size=&#8220;xs&#8220; align=&#8220;left&#8220; i_icon_fontawesome=&#8220;fas fa-arrow-left&#8220; add_icon=&#8220;true&#8220; link=&#8220;url:https%3A%2F%2Fwww.tqs-group.com%2Fde%2Fautomatische-sortierung-von-teilen%2F&#8220; el_class=&#8220;btn-orange-white&#8220;][vc_column_text]Immer mehr Gegenst\u00e4nde sind elektrifiziert, vernetzt und kommunizieren miteinander. Dies erfordert zahlreiche Verbindungen. Der <strong class=\"d2b\">Markt f\u00fcr Verbindungstechnik<\/strong> boomt und verlangt nach<strong class=\"d2b\">automatischen Sortierl\u00f6sungen<\/strong> speziell f\u00fcr diese Art von Teilen. Nach 5 Jahren Forschung und Entwicklung hat TQS eine <strong class=\"d2b\">Sortiermaschine speziell f\u00fcr Verbindungstechnikteile<\/strong> entwickelt, die insbesondere die Anforderungen an Takt, Pr\u00e4zision und Spanfreiheit erf\u00fcllt. Diese Innovation macht TQS zum Spitzenreiter in diesem T\u00e4tigkeitsbereich.[\/vc_column_text][vc_btn title=&#8220;Kontaktieren Sie uns!&#8220; style=&#8220;custom&#8220; custom_background=&#8220;#f7941f&#8220; custom_text=&#8220;#ffffff&#8220; shape=&#8220;round&#8220; align=&#8220;center&#8220; link=&#8220;url:https%3A%2F%2Fwww.tqs-group.com%2Fde%2Fkontakt%2F|title:Kontakt&#8220; el_class=&#8220;btn-orange-white&#8220;][\/vc_column][\/vc_row]<\/p>\n","protected":false},"excerpt":{"rendered":"<p>[vc_row][vc_column][vc_btn title=&#8220;Zur\u00fcck&#8220; style=&#8220;custom&#8220; custom_background=&#8220;#f7941f&#8220; custom_text=&#8220;#ffffff&#8220; shape=&#8220;round&#8220; size=&#8220;xs&#8220; align=&#8220;left&#8220; i_icon_fontawesome=&#8220;fas fa-arrow-left&#8220; add_icon=&#8220;true&#8220; link=&#8220;url:https%3A%2F%2Fwww.tqs-group.com%2Fde%2Fautomatische-sortierung-von-teilen%2F&#8220; el_class=&#8220;btn-orange-white&#8220;][vc_column_text]Immer mehr Gegenst\u00e4nde sind elektrifiziert, vernetzt und kommunizieren miteinander. Dies erfordert zahlreiche Verbindungen. Der<span class=\"excerpt-hellip\"> [\u2026]<\/span><\/p>\n","protected":false},"author":1,"featured_media":0,"parent":0,"menu_order":0,"comment_status":"closed","ping_status":"closed","template":"","meta":{"footnotes":""},"class_list":["post-2778","page","type-page","status-publish","hentry"],"yoast_head":"<!-- This site is optimized with the Yoast SEO plugin v27.4 - https:\/\/yoast.com\/product\/yoast-seo-wordpress\/ -->\n<title>Automatische Sortiermaschine Verbindungsteil, Auftragsuntervergabe automatisierte Kontrolle Verbindungsteil<\/title>\n<meta name=\"description\" content=\"TQS bietet Dienstleistungen zur automatischen Sortierung von Teilen f\u00fcr die Verbindungsindustrie an. Kontaktieren Sie uns!\" \/>\n<meta name=\"robots\" content=\"index, follow, max-snippet:-1, max-image-preview:large, max-video-preview:-1\" \/>\n<link rel=\"canonical\" href=\"https:\/\/www.tqs-group.com\/de\/automatisches-sortieren-von-teilen-fuer-die-verbindungstechnik\/\" \/>\n<meta property=\"og:locale\" content=\"de_DE\" \/>\n<meta property=\"og:type\" content=\"article\" \/>\n<meta property=\"og:title\" content=\"Automatische Sortiermaschine Verbindungsteil, Auftragsuntervergabe automatisierte Kontrolle Verbindungsteil\" \/>\n<meta property=\"og:description\" content=\"TQS bietet Dienstleistungen zur automatischen Sortierung von Teilen f\u00fcr die Verbindungsindustrie an. Kontaktieren Sie uns!\" \/>\n<meta property=\"og:url\" content=\"https:\/\/www.tqs-group.com\/de\/automatisches-sortieren-von-teilen-fuer-die-verbindungstechnik\/\" \/>\n<meta property=\"og:site_name\" content=\"Tri qualit\u00e9 service\" \/>\n<meta property=\"article:modified_time\" content=\"2023-02-06T20:31:44+00:00\" \/>\n<meta property=\"og:image\" content=\"https:\/\/www.tqs-group.com\/wp-content\/uploads\/2022\/03\/tri-piece-usinage.png\" \/>\n\t<meta property=\"og:image:width\" content=\"385\" \/>\n\t<meta property=\"og:image:height\" content=\"380\" \/>\n\t<meta property=\"og:image:type\" content=\"image\/png\" \/>\n<meta name=\"twitter:card\" content=\"summary_large_image\" \/>\n<meta name=\"twitter:label1\" content=\"Gesch\u00e4tzte Lesezeit\" \/>\n\t<meta name=\"twitter:data1\" content=\"1\u00a0Minute\" \/>\n<script type=\"application\/ld+json\" class=\"yoast-schema-graph\">{\"@context\":\"https:\\\/\\\/schema.org\",\"@graph\":[{\"@type\":\"WebPage\",\"@id\":\"https:\\\/\\\/www.tqs-group.com\\\/de\\\/automatisches-sortieren-von-teilen-fuer-die-verbindungstechnik\\\/\",\"url\":\"https:\\\/\\\/www.tqs-group.com\\\/de\\\/automatisches-sortieren-von-teilen-fuer-die-verbindungstechnik\\\/\",\"name\":\"Automatische Sortiermaschine Verbindungsteil, Auftragsuntervergabe automatisierte Kontrolle Verbindungsteil\",\"isPartOf\":{\"@id\":\"https:\\\/\\\/www.tqs-group.com\\\/de\\\/#website\"},\"datePublished\":\"2022-05-23T11:51:24+00:00\",\"dateModified\":\"2023-02-06T20:31:44+00:00\",\"description\":\"TQS bietet Dienstleistungen zur automatischen Sortierung von Teilen f\u00fcr die Verbindungsindustrie an. Kontaktieren Sie uns!\",\"breadcrumb\":{\"@id\":\"https:\\\/\\\/www.tqs-group.com\\\/de\\\/automatisches-sortieren-von-teilen-fuer-die-verbindungstechnik\\\/#breadcrumb\"},\"inLanguage\":\"de\",\"potentialAction\":[{\"@type\":\"ReadAction\",\"target\":[\"https:\\\/\\\/www.tqs-group.com\\\/de\\\/automatisches-sortieren-von-teilen-fuer-die-verbindungstechnik\\\/\"]}]},{\"@type\":\"BreadcrumbList\",\"@id\":\"https:\\\/\\\/www.tqs-group.com\\\/de\\\/automatisches-sortieren-von-teilen-fuer-die-verbindungstechnik\\\/#breadcrumb\",\"itemListElement\":[{\"@type\":\"ListItem\",\"position\":1,\"name\":\"Accueil\",\"item\":\"https:\\\/\\\/www.tqs-group.com\\\/de\\\/\"},{\"@type\":\"ListItem\",\"position\":2,\"name\":\"Automatisches Sortieren von Teilen f\u00fcr die Verbindungstechnik\"}]},{\"@type\":\"WebSite\",\"@id\":\"https:\\\/\\\/www.tqs-group.com\\\/de\\\/#website\",\"url\":\"https:\\\/\\\/www.tqs-group.com\\\/de\\\/\",\"name\":\"TRI QUALITE SERVICE\",\"description\":\"TQS Group\",\"publisher\":{\"@id\":\"https:\\\/\\\/www.tqs-group.com\\\/de\\\/#organization\"},\"alternateName\":\"TQS GROUP\",\"potentialAction\":[{\"@type\":\"SearchAction\",\"target\":{\"@type\":\"EntryPoint\",\"urlTemplate\":\"https:\\\/\\\/www.tqs-group.com\\\/de\\\/?s={search_term_string}\"},\"query-input\":{\"@type\":\"PropertyValueSpecification\",\"valueRequired\":true,\"valueName\":\"search_term_string\"}}],\"inLanguage\":\"de\"},{\"@type\":\"Organization\",\"@id\":\"https:\\\/\\\/www.tqs-group.com\\\/de\\\/#organization\",\"name\":\"TRI QUALITE SERVICE\",\"alternateName\":\"TQS GROUP\",\"url\":\"https:\\\/\\\/www.tqs-group.com\\\/de\\\/\",\"logo\":{\"@type\":\"ImageObject\",\"inLanguage\":\"de\",\"@id\":\"https:\\\/\\\/www.tqs-group.com\\\/de\\\/#\\\/schema\\\/logo\\\/image\\\/\",\"url\":\"https:\\\/\\\/www.tqs-group.com\\\/wp-content\\\/uploads\\\/2022\\\/03\\\/tri-piece-usinage.png\",\"contentUrl\":\"https:\\\/\\\/www.tqs-group.com\\\/wp-content\\\/uploads\\\/2022\\\/03\\\/tri-piece-usinage.png\",\"width\":385,\"height\":380,\"caption\":\"TRI QUALITE SERVICE\"},\"image\":{\"@id\":\"https:\\\/\\\/www.tqs-group.com\\\/de\\\/#\\\/schema\\\/logo\\\/image\\\/\"}}]}<\/script>\n<!-- \/ Yoast SEO plugin. -->","yoast_head_json":{"title":"Automatische Sortiermaschine Verbindungsteil, Auftragsuntervergabe automatisierte Kontrolle Verbindungsteil","description":"TQS bietet Dienstleistungen zur automatischen Sortierung von Teilen f\u00fcr die Verbindungsindustrie an. Kontaktieren Sie uns!","robots":{"index":"index","follow":"follow","max-snippet":"max-snippet:-1","max-image-preview":"max-image-preview:large","max-video-preview":"max-video-preview:-1"},"canonical":"https:\/\/www.tqs-group.com\/de\/automatisches-sortieren-von-teilen-fuer-die-verbindungstechnik\/","og_locale":"de_DE","og_type":"article","og_title":"Automatische Sortiermaschine Verbindungsteil, Auftragsuntervergabe automatisierte Kontrolle Verbindungsteil","og_description":"TQS bietet Dienstleistungen zur automatischen Sortierung von Teilen f\u00fcr die Verbindungsindustrie an. Kontaktieren Sie uns!","og_url":"https:\/\/www.tqs-group.com\/de\/automatisches-sortieren-von-teilen-fuer-die-verbindungstechnik\/","og_site_name":"Tri qualit\u00e9 service","article_modified_time":"2023-02-06T20:31:44+00:00","og_image":[{"width":385,"height":380,"url":"https:\/\/www.tqs-group.com\/wp-content\/uploads\/2022\/03\/tri-piece-usinage.png","type":"image\/png"}],"twitter_card":"summary_large_image","twitter_misc":{"Gesch\u00e4tzte Lesezeit":"1\u00a0Minute"},"schema":{"@context":"https:\/\/schema.org","@graph":[{"@type":"WebPage","@id":"https:\/\/www.tqs-group.com\/de\/automatisches-sortieren-von-teilen-fuer-die-verbindungstechnik\/","url":"https:\/\/www.tqs-group.com\/de\/automatisches-sortieren-von-teilen-fuer-die-verbindungstechnik\/","name":"Automatische Sortiermaschine Verbindungsteil, Auftragsuntervergabe automatisierte Kontrolle Verbindungsteil","isPartOf":{"@id":"https:\/\/www.tqs-group.com\/de\/#website"},"datePublished":"2022-05-23T11:51:24+00:00","dateModified":"2023-02-06T20:31:44+00:00","description":"TQS bietet Dienstleistungen zur automatischen Sortierung von Teilen f\u00fcr die Verbindungsindustrie an. Kontaktieren Sie uns!","breadcrumb":{"@id":"https:\/\/www.tqs-group.com\/de\/automatisches-sortieren-von-teilen-fuer-die-verbindungstechnik\/#breadcrumb"},"inLanguage":"de","potentialAction":[{"@type":"ReadAction","target":["https:\/\/www.tqs-group.com\/de\/automatisches-sortieren-von-teilen-fuer-die-verbindungstechnik\/"]}]},{"@type":"BreadcrumbList","@id":"https:\/\/www.tqs-group.com\/de\/automatisches-sortieren-von-teilen-fuer-die-verbindungstechnik\/#breadcrumb","itemListElement":[{"@type":"ListItem","position":1,"name":"Accueil","item":"https:\/\/www.tqs-group.com\/de\/"},{"@type":"ListItem","position":2,"name":"Automatisches Sortieren von Teilen f\u00fcr die Verbindungstechnik"}]},{"@type":"WebSite","@id":"https:\/\/www.tqs-group.com\/de\/#website","url":"https:\/\/www.tqs-group.com\/de\/","name":"TRI QUALITE SERVICE","description":"TQS Group","publisher":{"@id":"https:\/\/www.tqs-group.com\/de\/#organization"},"alternateName":"TQS GROUP","potentialAction":[{"@type":"SearchAction","target":{"@type":"EntryPoint","urlTemplate":"https:\/\/www.tqs-group.com\/de\/?s={search_term_string}"},"query-input":{"@type":"PropertyValueSpecification","valueRequired":true,"valueName":"search_term_string"}}],"inLanguage":"de"},{"@type":"Organization","@id":"https:\/\/www.tqs-group.com\/de\/#organization","name":"TRI QUALITE SERVICE","alternateName":"TQS GROUP","url":"https:\/\/www.tqs-group.com\/de\/","logo":{"@type":"ImageObject","inLanguage":"de","@id":"https:\/\/www.tqs-group.com\/de\/#\/schema\/logo\/image\/","url":"https:\/\/www.tqs-group.com\/wp-content\/uploads\/2022\/03\/tri-piece-usinage.png","contentUrl":"https:\/\/www.tqs-group.com\/wp-content\/uploads\/2022\/03\/tri-piece-usinage.png","width":385,"height":380,"caption":"TRI QUALITE SERVICE"},"image":{"@id":"https:\/\/www.tqs-group.com\/de\/#\/schema\/logo\/image\/"}}]}},"_links":{"self":[{"href":"https:\/\/www.tqs-group.com\/de\/wp-json\/wp\/v2\/pages\/2778","targetHints":{"allow":["GET"]}}],"collection":[{"href":"https:\/\/www.tqs-group.com\/de\/wp-json\/wp\/v2\/pages"}],"about":[{"href":"https:\/\/www.tqs-group.com\/de\/wp-json\/wp\/v2\/types\/page"}],"author":[{"embeddable":true,"href":"https:\/\/www.tqs-group.com\/de\/wp-json\/wp\/v2\/users\/1"}],"replies":[{"embeddable":true,"href":"https:\/\/www.tqs-group.com\/de\/wp-json\/wp\/v2\/comments?post=2778"}],"version-history":[{"count":9,"href":"https:\/\/www.tqs-group.com\/de\/wp-json\/wp\/v2\/pages\/2778\/revisions"}],"predecessor-version":[{"id":3393,"href":"https:\/\/www.tqs-group.com\/de\/wp-json\/wp\/v2\/pages\/2778\/revisions\/3393"}],"wp:attachment":[{"href":"https:\/\/www.tqs-group.com\/de\/wp-json\/wp\/v2\/media?parent=2778"}],"curies":[{"name":"wp","href":"https:\/\/api.w.org\/{rel}","templated":true}]}}