{"id":2806,"date":"2022-05-23T12:01:40","date_gmt":"2022-05-23T10:01:40","guid":{"rendered":"https:\/\/www.tqs-group.com\/automatische-sortierung-von-teilen-fuer-die-uhrenindustrie\/"},"modified":"2023-02-06T16:41:44","modified_gmt":"2023-02-06T15:41:44","slug":"automatische-sortierung-von-teilen-fuer-die-uhrenindustrie","status":"publish","type":"page","link":"https:\/\/www.tqs-group.com\/de\/automatische-sortierung-von-teilen-fuer-die-uhrenindustrie\/","title":{"rendered":"Automatische Sortierung von Teilen f\u00fcr die Uhrenindustrie"},"content":{"rendered":"<p>[vc_row][vc_column][vc_btn title=&#8220;Zur\u00fcck&#8220; style=&#8220;custom&#8220; custom_background=&#8220;#f7941f&#8220; custom_text=&#8220;#ffffff&#8220; shape=&#8220;round&#8220; size=&#8220;xs&#8220; align=&#8220;left&#8220; i_icon_fontawesome=&#8220;fas fa-arrow-left&#8220; add_icon=&#8220;true&#8220; link=&#8220;url:https%3A%2F%2Fwww.tqs-group.com%2Fde%2Fautomatische-sortierung-von-teilen%2F&#8220; el_class=&#8220;btn-orange-white&#8220;][vc_column_text]Der <strong class=\"d2b\">Sektor der Uhrenindustrie<\/strong> besteht aus sehr unterschiedlichen Akteuren, die auf verschiedenen Marktzielen t\u00e4tig sind. Im <strong class=\"d2b\">Sektor der Uhrenindustrie<\/strong>, richtet sich die <strong class=\"d2b\">automatische Sortierung<\/strong> haupts\u00e4chlich an <strong class=\"d2b\">Hersteller gro\u00dfer Serien von Luxusg\u00fctern<\/strong> oder nicht. Tats\u00e4chlich ist die Automatisierung der Montage eines der Kriterien hinsichtlich des Kontrollbedarfs, aber nicht nur. Die <strong>Uhrenteile<\/strong> sind extrem klein und sehr pr\u00e4zise, was eine manuelle Kontrolle kompliziert macht, vor allem wenn eine gro\u00dfe Anzahl von Teilen kontrolliert werden muss. Deshalb bieten wir <a href=\"https:\/\/www.tqs-group.com\/de\/maschine-zur-qualitaetskontrolle-von-uhrenteilen\/\">Roboterl\u00f6sungen<\/a> an, die f\u00fcr diese Art von Sortierung geeignet sind.[\/vc_column_text][vc_btn title=&#8220;Kontaktieren Sie uns!&#8220; style=&#8220;custom&#8220; custom_background=&#8220;#f7941f&#8220; custom_text=&#8220;#ffffff&#8220; shape=&#8220;round&#8220; align=&#8220;center&#8220; link=&#8220;url:https%3A%2F%2Fwww.tqs-group.com%2Fde%2Fkontakt%2F|title:Kontakt&#8220; el_class=&#8220;btn-orange-white&#8220;][\/vc_column][\/vc_row][vc_row][vc_column][vc_column_text el_class=&#8220;tres-gros-titre txt-orange&#8220;]<\/p>\n<h2>Beispiel f\u00fcr die automatische Sortierung von Teilen in der Uhrenindustrie<\/h2>\n<p>[\/vc_column_text][\/vc_column][\/vc_row][vc_row el_class=&#8220;border-radius-machine-tri range-vente-machine range-vente-machine-right block-invert&#8220; css=&#8220;.vc_custom_1662972336611{background-image: url(https:\/\/www.tqs-group.com\/wp-content\/uploads\/2022\/05\/degrade.jpg?id=449) !important;background-position: center !important;background-repeat: no-repeat !important;background-size: cover !important;}&#8220;][vc_column width=&#8220;1\/2&#8243; el_class=&#8220;txt-align-left-mobile&#8220;][vc_row_inner][vc_column_inner width=&#8220;1\/3&#8243;][\/vc_column_inner][vc_column_inner width=&#8220;2\/3&#8243;][vc_column_text]<span class=\"txt-orange\">Art des Teils:<\/span> Schraubfu\u00df[\/vc_column_text][vc_separator color=&#8220;custom&#8220; align=&#8220;align_left&#8220; el_width=&#8220;40&#8243; accent_color=&#8220;#000000&#8243;][vc_column_text]<span class=\"txt-orange\">Herstellungsverfahren:<\/span> Automatendrehen[\/vc_column_text][vc_separator color=&#8220;custom&#8220; align=&#8220;align_left&#8220; el_width=&#8220;40&#8243; accent_color=&#8220;#000000&#8243;][vc_column_text]<span class=\"txt-orange\">Material: <\/span> Stahl[\/vc_column_text][vc_separator color=&#8220;custom&#8220; align=&#8220;align_left&#8220; el_width=&#8220;40&#8243; accent_color=&#8220;#000000&#8243;][vc_column_text]<span class=\"txt-orange\">Risiken bei Defekten:<\/span><\/p>\n<ul>\n<li>Zusammenbau nicht m\u00f6glich<\/li>\n<\/ul>\n<p>[\/vc_column_text][vc_raw_html]PHRhYmxlPgogICAKICAgIDx0Ym9keT4KICAgICAgICA8dHI+CiAgICAgICAgICAgIDx0ZD5TT1JUSUVSS1JJVEVSSVVNPC90ZD4KICAgICAgICAgICAgPHRkPlZFUldFTkRFVEUgVEVDSE5PTE9HSUU8L3RkPgogICAgICAgIDwvdHI+CiAgICAgIDx0cj4KICAgICAgICAgICAgPHRkPkFibWVzc3VuZzwvdGQ+CiAgICAgICAgICAgIDx0ZD5JbmR1c3RyaWVsbGUgQmlsZHZlcmFyYmVpdHVuZzwvdGQ+CiAgICAgICAgPC90cj4KICAgICAgPHRyPgogICAgICAgICAgICA8dGQ+MsK1bS1LbGFzc2U8L3RkPgogICAgICAgICAgICA8dGQ+SW5kdXN0cmllbGxlIEJpbGR2ZXJhcmJlaXR1bmc8L3RkPgogICAgICAgIDwvdHI+CiAgICAgIDx0cj4KICAgICAgICAgICAgPHRkPlNwYW5mcmVpaGVpdDwvdGQ+CiAgICAgICAgICAgIDx0ZD5JbmR1c3RyaWVsbGUgQmlsZHZlcmFyYmVpdHVuZzwvdGQ+CiAgICAgICAgPC90cj4KICAgICAgICA8dHI+CiAgICAgICAgICAgIDx0ZD5Iw6RydGU8L3RkPgogICAgICAgICAgICA8dGQ+V2lyYmVsc3Ryw7ZtZTwvdGQ+CiAgICAgICAgPC90cj4KICAgIDwvdGJvZHk+CjwvdGFibGU+[\/vc_raw_html][\/vc_column_inner][\/vc_row_inner][\/vc_column][vc_column width=&#8220;1\/2&#8243;][vc_single_image image=&#8220;1922&#8243; img_size=&#8220;full&#8220; alignment=&#8220;center&#8220;][\/vc_column][\/vc_row][vc_row el_class=&#8220;border-radius-machine-tri range-vente-machine range-vente-machine-left&#8220; css=&#8220;.vc_custom_1662972292138{background-image: url(https:\/\/www.tqs-group.com\/wp-content\/uploads\/2022\/05\/offre-pour-idustriel-installe.jpg?id=454) !important;background-position: center !important;background-repeat: no-repeat !important;background-size: cover !important;}&#8220;][vc_column width=&#8220;1\/2&#8243;][vc_single_image image=&#8220;1920&#8243; img_size=&#8220;full&#8220; alignment=&#8220;center&#8220;][\/vc_column][vc_column width=&#8220;1\/2&#8243;][vc_row_inner][vc_column_inner width=&#8220;2\/3&#8243;][vc_column_text]<span class=\"txt-orange\">Art des Teils:<\/span> Zahnrad[\/vc_column_text][vc_separator color=&#8220;custom&#8220; align=&#8220;align_left&#8220; el_width=&#8220;40&#8243; accent_color=&#8220;#000000&#8243;][vc_column_text]<span class=\"txt-orange\">Herstellungsverfahren:<\/span> Schneiden\/Trimmen[\/vc_column_text][vc_separator color=&#8220;custom&#8220; align=&#8220;align_left&#8220; el_width=&#8220;40&#8243; accent_color=&#8220;#000000&#8243;][vc_column_text]<span class=\"txt-orange\">Material: <\/span> Messing[\/vc_column_text][vc_separator color=&#8220;custom&#8220; align=&#8220;align_left&#8220; el_width=&#8220;40&#8243; accent_color=&#8220;#000000&#8243;][vc_column_text]<span class=\"txt-orange\">Risiken bei Defekten:<\/span><\/p>\n<ul>\n<li>Antrieb nicht m\u00f6glich<\/li>\n<li>Bewegungsbruch<\/li>\n<li>Montage nicht m\u00f6glich<\/li>\n<\/ul>\n<p>[\/vc_column_text][vc_raw_html]PHRhYmxlPgogICAKICAgIDx0Ym9keT4KICAgICAgICA8dHI+CiAgICAgICAgICAgIDx0ZD5TT1JUSUVSS1JJVEVSSVVNPC90ZD4KICAgICAgICAgICAgPHRkPlZFUldFTkRFVEUgVEVDSE5PTE9HSUU8L3RkPgogICAgICAgIDwvdHI+CiAgICAgIDx0cj4KICAgICAgICAgICAgPHRkPkFibWVzc3VuZzwvdGQ+CiAgICAgICAgICAgIDx0ZD5JbmR1c3RyaWVsbGUgQmlsZHZlcmFyYmVpdHVuZzwvdGQ+CiAgICAgICAgPC90cj4KICAgICAgPHRyPgogICAgICAgICAgICA8dGQ+WmFobmtvbmZvcm1pdMOkdDwvdGQ+CiAgICAgICAgICAgIDx0ZD5JbmR1c3RyaWVsbGUgQmlsZHZlcmFyYmVpdHVuZzwvdGQ+CiAgICAgICAgPC90cj4KICAgICAKICAgIDwvdGJvZHk+CjwvdGFibGU+[\/vc_raw_html][\/vc_column_inner][vc_column_inner width=&#8220;1\/3&#8243;][\/vc_column_inner][\/vc_row_inner][\/vc_column][\/vc_row][vc_row el_class=&#8220;border-radius-machine-tri range-vente-machine range-vente-machine-right block-invert&#8220; css=&#8220;.vc_custom_1662972406202{background-image: url(https:\/\/www.tqs-group.com\/wp-content\/uploads\/2022\/05\/degrade.jpg?id=449) !important;background-position: center !important;background-repeat: no-repeat !important;background-size: cover !important;}&#8220;][vc_column width=&#8220;1\/2&#8243; el_class=&#8220;txt-align-left-mobile&#8220;][vc_row_inner][vc_column_inner width=&#8220;1\/3&#8243;][\/vc_column_inner][vc_column_inner width=&#8220;2\/3&#8243;][vc_column_text]<span class=\"txt-orange\">Art des Teils:<\/span> Schraube[\/vc_column_text][vc_separator color=&#8220;custom&#8220; align=&#8220;align_left&#8220; el_width=&#8220;40&#8243; accent_color=&#8220;#000000&#8243;][vc_column_text]<span class=\"txt-orange\">Herstellungsverfahren:<\/span> Automatendrehen[\/vc_column_text][vc_separator color=&#8220;custom&#8220; align=&#8220;align_left&#8220; el_width=&#8220;40&#8243; accent_color=&#8220;#000000&#8243;][vc_column_text]<span class=\"txt-orange\">Material:<\/span> Stahl[\/vc_column_text][vc_separator color=&#8220;custom&#8220; align=&#8220;align_left&#8220; el_width=&#8220;40&#8243; accent_color=&#8220;#000000&#8243;][vc_column_text]<span class=\"txt-orange\">Risiken bei Defekten:<\/span><\/p>\n<ul>\n<li>Montage nicht m\u00f6glich<\/li>\n<li>Besch\u00e4digung des Gewindebohrers<\/li>\n<li>\u00c4sthetisch nicht akzeptabel<\/li>\n<\/ul>\n<p>[\/vc_column_text][vc_raw_html]PHRhYmxlPgogICAKICAgIDx0Ym9keT4KICAgICAgICA8dHI+CiAgICAgICAgICAgIDx0ZD5TT1JUSUVSS1JJVEVSSVVNPC90ZD4KICAgICAgICAgICAgPHRkPlZFUldFTkRFVEUgVEVDSE5PTE9HSUU8L3RkPgogICAgICAgIDwvdHI+CiAgICAgIDx0cj4KICAgICAgICAgICAgPHRkPkFibWVzc3VuZzwvdGQ+CiAgICAgICAgICAgIDx0ZD5JbmR1c3RyaWVsbGUgQmlsZHZlcmFyYmVpdHVuZzwvdGQ+CiAgICAgICAgPC90cj4KICAgICAgPHRyPgogICAgICAgICAgICA8dGQ+QXVzc2VoZW4gYXVmIGRlbSBLb3BmPC90ZD4KICAgICAgICAgICAgPHRkPkluZHVzdHJpZWxsZSBCaWxkdmVyYXJiZWl0dW5nPC90ZD4KICAgICAgICA8L3RyPgoKICAgICAgICAgPHRyPgogICAgICAgICAgICA8dGQ+R2V3aW5kZWR1cmNobWVzc2VyIGF1ZiAyIFByb2ZpbGVuPC90ZD4KICAgICAgICAgICAgPHRkPkluZHVzdHJpZWxsZSBCaWxkdmVyYXJiZWl0dW5nPC90ZD4KICAgICAgICA8L3RyPgogICAgIAogICAgPC90Ym9keT4KPC90YWJsZT4=[\/vc_raw_html][\/vc_column_inner][\/vc_row_inner][\/vc_column][vc_column width=&#8220;1\/2&#8243;][vc_single_image image=&#8220;1918&#8243; img_size=&#8220;full&#8220; alignment=&#8220;center&#8220;][\/vc_column][\/vc_row][vc_row el_class=&#8220;border-radius-machine-tri range-vente-machine range-vente-machine-left&#8220; css=&#8220;.vc_custom_1662972482279{background-image: url(https:\/\/www.tqs-group.com\/wp-content\/uploads\/2022\/05\/offre-pour-idustriel-installe.jpg?id=454) !important;background-position: center !important;background-repeat: no-repeat !important;background-size: cover !important;}&#8220;][vc_column width=&#8220;1\/2&#8243;][vc_single_image image=&#8220;1916&#8243; img_size=&#8220;full&#8220; alignment=&#8220;center&#8220;][\/vc_column][vc_column width=&#8220;1\/2&#8243;][vc_row_inner][vc_column_inner width=&#8220;2\/3&#8243;][vc_column_text]<span class=\"txt-orange\">Art des Teils:<\/span> Schraube[\/vc_column_text][vc_separator color=&#8220;custom&#8220; align=&#8220;align_left&#8220; el_width=&#8220;40&#8243; accent_color=&#8220;#000000&#8243;][vc_column_text]<span class=\"txt-orange\">Herstellungsverfahren:<\/span> Automatendrehen[\/vc_column_text][vc_separator color=&#8220;custom&#8220; align=&#8220;align_left&#8220; el_width=&#8220;40&#8243; accent_color=&#8220;#000000&#8243;][vc_column_text]<span class=\"txt-orange\">Material:<\/span> Stahl[\/vc_column_text][vc_separator color=&#8220;custom&#8220; align=&#8220;align_left&#8220; el_width=&#8220;40&#8243; accent_color=&#8220;#000000&#8243;][vc_column_text]<span class=\"txt-orange\">Risiken bei Defekten:<\/span><\/p>\n<ul>\n<li>Montage nicht m\u00f6glich<\/li>\n<li>Besch\u00e4digung des Gewindebohrers<\/li>\n<li>\u00c4sthetisch nicht akzeptabel<\/li>\n<\/ul>\n<p>[\/vc_column_text][vc_raw_html]PHRhYmxlPgogICAKICAgIDx0Ym9keT4KICAgICAgICA8dHI+CiAgICAgICAgICAgIDx0ZD5TT1JUSUVSS1JJVEVSSVVNPC90ZD4KICAgICAgICAgICAgPHRkPlZFUldFTkRFVEUgVEVDSE5PTE9HSUU8L3RkPgogICAgICAgIDwvdHI+CiAgICAgIDx0cj4KICAgICAgICAgICAgPHRkPkFibWVzc3VuZzwvdGQ+CiAgICAgICAgICAgIDx0ZD5JbmR1c3RyaWVsbGUgQmlsZHZlcmFyYmVpdHVuZzwvdGQ+CiAgICAgICAgPC90cj4KICAgICAgPHRyPgogICAgICAgICAgICA8dGQ+QXVzc2VoZW4gYXVmIGRlbSBLb3BmPC90ZD4KICAgICAgICAgICAgPHRkPkluZHVzdHJpZWxsZSBCaWxkdmVyYXJiZWl0dW5nPC90ZD4KICAgICAgICA8L3RyPgoKICAgICAgICAgPHRyPgogICAgICAgICAgICA8dGQ+R2V3aW5kZWR1cmNobWVzc2VyIGF1ZiAyIFByb2ZpbGVuPC90ZD4KICAgICAgICAgICAgPHRkPkluZHVzdHJpZWxsZSBCaWxkdmVyYXJiZWl0dW5nPC90ZD4KICAgICAgICA8L3RyPgogICAgIAogICAgPC90Ym9keT4KPC90YWJsZT4=[\/vc_raw_html][\/vc_column_inner][vc_column_inner width=&#8220;1\/3&#8243;][\/vc_column_inner][\/vc_row_inner][\/vc_column][\/vc_row][vc_row][vc_column][vc_empty_space][\/vc_column][\/vc_row][vc_row][vc_column][vc_empty_space][vc_btn title=&#8220;Kontaktieren Sie uns!&#8220; style=&#8220;custom&#8220; custom_background=&#8220;#0a0a0a&#8220; custom_text=&#8220;#f7941f&#8220; shape=&#8220;round&#8220; align=&#8220;left&#8220; link=&#8220;url:https%3A%2F%2Fwww.tqs-group.com%2Fde%2Fkontakt%2F|title:Kontakt&#8220; el_class=&#8220;btn-black-orange&#8220;][\/vc_column][\/vc_row]<\/p>\n","protected":false},"excerpt":{"rendered":"<p>[vc_row][vc_column][vc_btn title=&#8220;Zur\u00fcck&#8220; style=&#8220;custom&#8220; custom_background=&#8220;#f7941f&#8220; custom_text=&#8220;#ffffff&#8220; shape=&#8220;round&#8220; size=&#8220;xs&#8220; align=&#8220;left&#8220; i_icon_fontawesome=&#8220;fas fa-arrow-left&#8220; add_icon=&#8220;true&#8220; link=&#8220;url:https%3A%2F%2Fwww.tqs-group.com%2Fde%2Fautomatische-sortierung-von-teilen%2F&#8220; el_class=&#8220;btn-orange-white&#8220;][vc_column_text]Der Sektor der Uhrenindustrie besteht aus sehr unterschiedlichen Akteuren, die auf verschiedenen Marktzielen t\u00e4tig<span class=\"excerpt-hellip\"> [\u2026]<\/span><\/p>\n","protected":false},"author":1,"featured_media":0,"parent":0,"menu_order":0,"comment_status":"closed","ping_status":"closed","template":"","meta":{"footnotes":""},"class_list":["post-2806","page","type-page","status-publish","hentry"],"yoast_head":"<!-- This site is optimized with the Yoast SEO plugin v27.4 - https:\/\/yoast.com\/product\/yoast-seo-wordpress\/ -->\n<title>Automatische Sortierung von Teilen in der Uhrenindustrie, Automatische Sortiermaschine, Kontrolle des Aussehens von Teilen aus der Uhrenindustrie<\/title>\n<meta name=\"description\" content=\"TQS bietet automatische Sortierungen von Teilen f\u00fcr die Uhrenindustrie wie Schraubf\u00fc\u00dfe an. Fordern Sie ein Angebot an!\" \/>\n<meta name=\"robots\" content=\"index, follow, max-snippet:-1, max-image-preview:large, max-video-preview:-1\" \/>\n<link rel=\"canonical\" href=\"https:\/\/www.tqs-group.com\/de\/automatische-sortierung-von-teilen-fuer-die-uhrenindustrie\/\" \/>\n<meta property=\"og:locale\" content=\"de_DE\" \/>\n<meta property=\"og:type\" content=\"article\" \/>\n<meta property=\"og:title\" content=\"Automatische Sortierung von Teilen in der Uhrenindustrie, Automatische Sortiermaschine, Kontrolle des Aussehens von Teilen aus der Uhrenindustrie\" \/>\n<meta property=\"og:description\" content=\"TQS bietet automatische Sortierungen von Teilen f\u00fcr die Uhrenindustrie wie Schraubf\u00fc\u00dfe an. Fordern Sie ein Angebot an!\" \/>\n<meta property=\"og:url\" content=\"https:\/\/www.tqs-group.com\/de\/automatische-sortierung-von-teilen-fuer-die-uhrenindustrie\/\" \/>\n<meta property=\"og:site_name\" content=\"Tri qualit\u00e9 service\" \/>\n<meta property=\"article:modified_time\" content=\"2023-02-06T15:41:44+00:00\" \/>\n<meta property=\"og:image\" content=\"https:\/\/www.tqs-group.com\/wp-content\/uploads\/2022\/03\/tri-piece-usinage.png\" \/>\n\t<meta property=\"og:image:width\" content=\"385\" \/>\n\t<meta property=\"og:image:height\" content=\"380\" \/>\n\t<meta property=\"og:image:type\" content=\"image\/png\" \/>\n<meta name=\"twitter:card\" content=\"summary_large_image\" \/>\n<meta name=\"twitter:label1\" content=\"Gesch\u00e4tzte Lesezeit\" \/>\n\t<meta name=\"twitter:data1\" content=\"2\u00a0Minuten\" \/>\n<script type=\"application\/ld+json\" class=\"yoast-schema-graph\">{\"@context\":\"https:\\\/\\\/schema.org\",\"@graph\":[{\"@type\":\"WebPage\",\"@id\":\"https:\\\/\\\/www.tqs-group.com\\\/de\\\/automatische-sortierung-von-teilen-fuer-die-uhrenindustrie\\\/\",\"url\":\"https:\\\/\\\/www.tqs-group.com\\\/de\\\/automatische-sortierung-von-teilen-fuer-die-uhrenindustrie\\\/\",\"name\":\"Automatische Sortierung von Teilen in der Uhrenindustrie, Automatische Sortiermaschine, Kontrolle des Aussehens von Teilen aus der Uhrenindustrie\",\"isPartOf\":{\"@id\":\"https:\\\/\\\/www.tqs-group.com\\\/de\\\/#website\"},\"datePublished\":\"2022-05-23T10:01:40+00:00\",\"dateModified\":\"2023-02-06T15:41:44+00:00\",\"description\":\"TQS bietet automatische Sortierungen von Teilen f\u00fcr die Uhrenindustrie wie Schraubf\u00fc\u00dfe an. Fordern Sie ein Angebot an!\",\"breadcrumb\":{\"@id\":\"https:\\\/\\\/www.tqs-group.com\\\/de\\\/automatische-sortierung-von-teilen-fuer-die-uhrenindustrie\\\/#breadcrumb\"},\"inLanguage\":\"de\",\"potentialAction\":[{\"@type\":\"ReadAction\",\"target\":[\"https:\\\/\\\/www.tqs-group.com\\\/de\\\/automatische-sortierung-von-teilen-fuer-die-uhrenindustrie\\\/\"]}]},{\"@type\":\"BreadcrumbList\",\"@id\":\"https:\\\/\\\/www.tqs-group.com\\\/de\\\/automatische-sortierung-von-teilen-fuer-die-uhrenindustrie\\\/#breadcrumb\",\"itemListElement\":[{\"@type\":\"ListItem\",\"position\":1,\"name\":\"Accueil\",\"item\":\"https:\\\/\\\/www.tqs-group.com\\\/de\\\/\"},{\"@type\":\"ListItem\",\"position\":2,\"name\":\"Automatische Sortierung von Teilen f\u00fcr die Uhrenindustrie\"}]},{\"@type\":\"WebSite\",\"@id\":\"https:\\\/\\\/www.tqs-group.com\\\/de\\\/#website\",\"url\":\"https:\\\/\\\/www.tqs-group.com\\\/de\\\/\",\"name\":\"TRI QUALITE SERVICE\",\"description\":\"TQS Group\",\"publisher\":{\"@id\":\"https:\\\/\\\/www.tqs-group.com\\\/de\\\/#organization\"},\"alternateName\":\"TQS GROUP\",\"potentialAction\":[{\"@type\":\"SearchAction\",\"target\":{\"@type\":\"EntryPoint\",\"urlTemplate\":\"https:\\\/\\\/www.tqs-group.com\\\/de\\\/?s={search_term_string}\"},\"query-input\":{\"@type\":\"PropertyValueSpecification\",\"valueRequired\":true,\"valueName\":\"search_term_string\"}}],\"inLanguage\":\"de\"},{\"@type\":\"Organization\",\"@id\":\"https:\\\/\\\/www.tqs-group.com\\\/de\\\/#organization\",\"name\":\"TRI QUALITE SERVICE\",\"alternateName\":\"TQS GROUP\",\"url\":\"https:\\\/\\\/www.tqs-group.com\\\/de\\\/\",\"logo\":{\"@type\":\"ImageObject\",\"inLanguage\":\"de\",\"@id\":\"https:\\\/\\\/www.tqs-group.com\\\/de\\\/#\\\/schema\\\/logo\\\/image\\\/\",\"url\":\"https:\\\/\\\/www.tqs-group.com\\\/wp-content\\\/uploads\\\/2022\\\/03\\\/tri-piece-usinage.png\",\"contentUrl\":\"https:\\\/\\\/www.tqs-group.com\\\/wp-content\\\/uploads\\\/2022\\\/03\\\/tri-piece-usinage.png\",\"width\":385,\"height\":380,\"caption\":\"TRI QUALITE SERVICE\"},\"image\":{\"@id\":\"https:\\\/\\\/www.tqs-group.com\\\/de\\\/#\\\/schema\\\/logo\\\/image\\\/\"}}]}<\/script>\n<!-- \/ Yoast SEO plugin. -->","yoast_head_json":{"title":"Automatische Sortierung von Teilen in der Uhrenindustrie, Automatische Sortiermaschine, Kontrolle des Aussehens von Teilen aus der Uhrenindustrie","description":"TQS bietet automatische Sortierungen von Teilen f\u00fcr die Uhrenindustrie wie Schraubf\u00fc\u00dfe an. Fordern Sie ein Angebot an!","robots":{"index":"index","follow":"follow","max-snippet":"max-snippet:-1","max-image-preview":"max-image-preview:large","max-video-preview":"max-video-preview:-1"},"canonical":"https:\/\/www.tqs-group.com\/de\/automatische-sortierung-von-teilen-fuer-die-uhrenindustrie\/","og_locale":"de_DE","og_type":"article","og_title":"Automatische Sortierung von Teilen in der Uhrenindustrie, Automatische Sortiermaschine, Kontrolle des Aussehens von Teilen aus der Uhrenindustrie","og_description":"TQS bietet automatische Sortierungen von Teilen f\u00fcr die Uhrenindustrie wie Schraubf\u00fc\u00dfe an. Fordern Sie ein Angebot an!","og_url":"https:\/\/www.tqs-group.com\/de\/automatische-sortierung-von-teilen-fuer-die-uhrenindustrie\/","og_site_name":"Tri qualit\u00e9 service","article_modified_time":"2023-02-06T15:41:44+00:00","og_image":[{"width":385,"height":380,"url":"https:\/\/www.tqs-group.com\/wp-content\/uploads\/2022\/03\/tri-piece-usinage.png","type":"image\/png"}],"twitter_card":"summary_large_image","twitter_misc":{"Gesch\u00e4tzte Lesezeit":"2\u00a0Minuten"},"schema":{"@context":"https:\/\/schema.org","@graph":[{"@type":"WebPage","@id":"https:\/\/www.tqs-group.com\/de\/automatische-sortierung-von-teilen-fuer-die-uhrenindustrie\/","url":"https:\/\/www.tqs-group.com\/de\/automatische-sortierung-von-teilen-fuer-die-uhrenindustrie\/","name":"Automatische Sortierung von Teilen in der Uhrenindustrie, Automatische Sortiermaschine, Kontrolle des Aussehens von Teilen aus der Uhrenindustrie","isPartOf":{"@id":"https:\/\/www.tqs-group.com\/de\/#website"},"datePublished":"2022-05-23T10:01:40+00:00","dateModified":"2023-02-06T15:41:44+00:00","description":"TQS bietet automatische Sortierungen von Teilen f\u00fcr die Uhrenindustrie wie Schraubf\u00fc\u00dfe an. Fordern Sie ein Angebot an!","breadcrumb":{"@id":"https:\/\/www.tqs-group.com\/de\/automatische-sortierung-von-teilen-fuer-die-uhrenindustrie\/#breadcrumb"},"inLanguage":"de","potentialAction":[{"@type":"ReadAction","target":["https:\/\/www.tqs-group.com\/de\/automatische-sortierung-von-teilen-fuer-die-uhrenindustrie\/"]}]},{"@type":"BreadcrumbList","@id":"https:\/\/www.tqs-group.com\/de\/automatische-sortierung-von-teilen-fuer-die-uhrenindustrie\/#breadcrumb","itemListElement":[{"@type":"ListItem","position":1,"name":"Accueil","item":"https:\/\/www.tqs-group.com\/de\/"},{"@type":"ListItem","position":2,"name":"Automatische Sortierung von Teilen f\u00fcr die Uhrenindustrie"}]},{"@type":"WebSite","@id":"https:\/\/www.tqs-group.com\/de\/#website","url":"https:\/\/www.tqs-group.com\/de\/","name":"TRI QUALITE SERVICE","description":"TQS Group","publisher":{"@id":"https:\/\/www.tqs-group.com\/de\/#organization"},"alternateName":"TQS GROUP","potentialAction":[{"@type":"SearchAction","target":{"@type":"EntryPoint","urlTemplate":"https:\/\/www.tqs-group.com\/de\/?s={search_term_string}"},"query-input":{"@type":"PropertyValueSpecification","valueRequired":true,"valueName":"search_term_string"}}],"inLanguage":"de"},{"@type":"Organization","@id":"https:\/\/www.tqs-group.com\/de\/#organization","name":"TRI QUALITE SERVICE","alternateName":"TQS GROUP","url":"https:\/\/www.tqs-group.com\/de\/","logo":{"@type":"ImageObject","inLanguage":"de","@id":"https:\/\/www.tqs-group.com\/de\/#\/schema\/logo\/image\/","url":"https:\/\/www.tqs-group.com\/wp-content\/uploads\/2022\/03\/tri-piece-usinage.png","contentUrl":"https:\/\/www.tqs-group.com\/wp-content\/uploads\/2022\/03\/tri-piece-usinage.png","width":385,"height":380,"caption":"TRI QUALITE SERVICE"},"image":{"@id":"https:\/\/www.tqs-group.com\/de\/#\/schema\/logo\/image\/"}}]}},"_links":{"self":[{"href":"https:\/\/www.tqs-group.com\/de\/wp-json\/wp\/v2\/pages\/2806","targetHints":{"allow":["GET"]}}],"collection":[{"href":"https:\/\/www.tqs-group.com\/de\/wp-json\/wp\/v2\/pages"}],"about":[{"href":"https:\/\/www.tqs-group.com\/de\/wp-json\/wp\/v2\/types\/page"}],"author":[{"embeddable":true,"href":"https:\/\/www.tqs-group.com\/de\/wp-json\/wp\/v2\/users\/1"}],"replies":[{"embeddable":true,"href":"https:\/\/www.tqs-group.com\/de\/wp-json\/wp\/v2\/comments?post=2806"}],"version-history":[{"count":18,"href":"https:\/\/www.tqs-group.com\/de\/wp-json\/wp\/v2\/pages\/2806\/revisions"}],"predecessor-version":[{"id":3382,"href":"https:\/\/www.tqs-group.com\/de\/wp-json\/wp\/v2\/pages\/2806\/revisions\/3382"}],"wp:attachment":[{"href":"https:\/\/www.tqs-group.com\/de\/wp-json\/wp\/v2\/media?parent=2806"}],"curies":[{"name":"wp","href":"https:\/\/api.w.org\/{rel}","templated":true}]}}