{"id":2837,"date":"2022-05-23T12:00:15","date_gmt":"2022-05-23T10:00:15","guid":{"rendered":"https:\/\/www.tqs-group.com\/automatische-sortierung-von-teilen-von-fuer-die-kosmetikbranche\/"},"modified":"2023-02-06T21:32:20","modified_gmt":"2023-02-06T20:32:20","slug":"automatische-sortierung-von-teilen-von-fuer-die-kosmetikbranche","status":"publish","type":"page","link":"https:\/\/www.tqs-group.com\/de\/automatische-sortierung-von-teilen-von-fuer-die-kosmetikbranche\/","title":{"rendered":"Automatische Sortierung von Teilen von f\u00fcr die Kosmetikbranche"},"content":{"rendered":"<p>[vc_row][vc_column][vc_btn title=&#8220;Zur\u00fcck&#8220; style=&#8220;custom&#8220; custom_background=&#8220;#f7941f&#8220; custom_text=&#8220;#ffffff&#8220; shape=&#8220;round&#8220; size=&#8220;xs&#8220; align=&#8220;left&#8220; i_icon_fontawesome=&#8220;fas fa-arrow-left&#8220; add_icon=&#8220;true&#8220; link=&#8220;url:https%3A%2F%2Fwww.tqs-group.com%2Fde%2Fautomatische-sortierung-von-teilen%2F&#8220; el_class=&#8220;btn-orange-white&#8220;][vc_column_text]Die <strong class=\"d2b\">Kosmetik<\/strong> ist eine Branche, die immer technischer und mechanischer wird, was die Spender, die <strong class=\"d2b\">Zerst\u00e4uber<\/strong>, die Applikatoren betrifft. Die Serien der <strong class=\"d2b\">Herstellung von Teilen f\u00fcr die Kosmetikbranche<\/strong> sind sehr gro\u00df und erfordern daher sehr strenge Kontrollregeln f\u00fcr Teile, die manchmal mit der Haut der Verbraucher in Ber\u00fchrung kommen. TQS wird daher regelm\u00e4\u00dfig gebeten,<strong class=\"d2b\">gro\u00dfe Mengen von Teilen f\u00fcr den Kosmetiksektor<\/strong> zu sortieren.[\/vc_column_text][vc_btn title=&#8220;Kontaktieren Sie uns!&#8220; style=&#8220;custom&#8220; custom_background=&#8220;#f7941f&#8220; custom_text=&#8220;#ffffff&#8220; shape=&#8220;round&#8220; align=&#8220;center&#8220; link=&#8220;url:https%3A%2F%2Fwww.tqs-group.com%2Fde%2Fkontakt%2F|title:Kontakt&#8220; el_class=&#8220;btn-orange-white&#8220;][\/vc_column][\/vc_row][vc_row][vc_column][vc_column_text el_class=&#8220;tres-gros-titre txt-orange&#8220;]<\/p>\n<h2>Beispiel f\u00fcr die automatische Sortierung von Teilen f\u00fcr die Kosmetikbranche<\/h2>\n<p>[\/vc_column_text][\/vc_column][\/vc_row][vc_row el_class=&#8220;border-radius-machine-tri range-vente-machine range-vente-machine-right block-invert&#8220; css=&#8220;.vc_custom_1662972178923{background-image: url(https:\/\/www.tqs-group.com\/wp-content\/uploads\/2022\/05\/degrade.jpg?id=449) !important;background-position: center !important;background-repeat: no-repeat !important;background-size: cover !important;}&#8220;][vc_column width=&#8220;1\/2&#8243; el_class=&#8220;txt-align-left-mobile&#8220;][vc_row_inner][vc_column_inner width=&#8220;1\/3&#8243;][\/vc_column_inner][vc_column_inner width=&#8220;2\/3&#8243;][vc_column_text]<span class=\"txt-orange\">Art des Teils:<\/span> Pumpenabdeckung[\/vc_column_text][vc_separator color=&#8220;custom&#8220; align=&#8220;align_left&#8220; el_width=&#8220;40&#8243; accent_color=&#8220;#000000&#8243;][vc_column_text]<span class=\"txt-orange\">Herstellungsverfahren:<\/span> Tiefziehen[\/vc_column_text][vc_separator color=&#8220;custom&#8220; align=&#8220;align_left&#8220; el_width=&#8220;40&#8243; accent_color=&#8220;#000000&#8243;][vc_column_text]<span class=\"txt-orange\">Material:<\/span> Aluminium[\/vc_column_text][vc_separator color=&#8220;custom&#8220; align=&#8220;align_left&#8220; el_width=&#8220;40&#8243; accent_color=&#8220;#000000&#8243;][vc_column_text]<span class=\"txt-orange\">Risiken bei Defekten:<\/span><\/p>\n<ul>\n<li>Undichtigkeiten<\/li>\n<li>Montage nicht m\u00f6glich<\/li>\n<\/ul>\n<p>[\/vc_column_text][vc_raw_html]PHRhYmxlPgogICAKICAgIDx0Ym9keT4KICAgICAgICA8dHI+CiAgICAgICAgICAgIDx0ZD5TT1JUSUVSS1JJVEVSSVVNPC90ZD4KICAgICAgICAgICAgPHRkPlZFUldFTkRFVEUgVEVDSE5PTE9HSUU8L3RkPgogICAgICAgIDwvdHI+CiAgICAgIDx0cj4KICAgICAgICAgICAgPHRkPktlaW5lIEF1ZmdhYmVuPC90ZD4KICAgICAgICAgICAgPHRkPkluZHVzdHJpZWxsZSBCaWxkdmVyYXJiZWl0dW5nPC90ZD4KICAgICAgICA8L3RyPgogICAgICA8dHI+CiAgICAgICAgICAgIDx0ZD5EdXJjaG1lc3NlciB1bmQgTMOkbmdlbjwvdGQ+CiAgICAgICAgICAgIDx0ZD5JbmR1c3RyaWVsbGUgQmlsZHZlcmFyYmVpdHVuZzwvdGQ+CiAgICAgICAgPC90cj4KICAgIDwvdGJvZHk+CjwvdGFibGU+[\/vc_raw_html][\/vc_column_inner][\/vc_row_inner][\/vc_column][vc_column width=&#8220;1\/2&#8243;][vc_single_image image=&#8220;1929&#8243; img_size=&#8220;full&#8220; alignment=&#8220;center&#8220;][\/vc_column][\/vc_row][vc_row][vc_column][vc_empty_space][\/vc_column][\/vc_row][vc_row][vc_column][vc_empty_space][vc_btn title=&#8220;Kontaktieren Sie uns!&#8220; style=&#8220;custom&#8220; custom_background=&#8220;#0a0a0a&#8220; custom_text=&#8220;#f7941f&#8220; shape=&#8220;round&#8220; align=&#8220;left&#8220; link=&#8220;url:https%3A%2F%2Fwww.tqs-group.com%2Fde%2Fkontakt%2F|title:Kontakt&#8220; el_class=&#8220;btn-black-orange&#8220;][\/vc_column][\/vc_row]<\/p>\n","protected":false},"excerpt":{"rendered":"<p>[vc_row][vc_column][vc_btn title=&#8220;Zur\u00fcck&#8220; style=&#8220;custom&#8220; custom_background=&#8220;#f7941f&#8220; custom_text=&#8220;#ffffff&#8220; shape=&#8220;round&#8220; size=&#8220;xs&#8220; align=&#8220;left&#8220; i_icon_fontawesome=&#8220;fas fa-arrow-left&#8220; add_icon=&#8220;true&#8220; link=&#8220;url:https%3A%2F%2Fwww.tqs-group.com%2Fde%2Fautomatische-sortierung-von-teilen%2F&#8220; el_class=&#8220;btn-orange-white&#8220;][vc_column_text]Die Kosmetik ist eine Branche, die immer technischer und mechanischer wird, was die Spender,<span class=\"excerpt-hellip\"> [\u2026]<\/span><\/p>\n","protected":false},"author":1,"featured_media":0,"parent":0,"menu_order":0,"comment_status":"closed","ping_status":"closed","template":"","meta":{"footnotes":""},"class_list":["post-2837","page","type-page","status-publish","hentry"],"yoast_head":"<!-- This site is optimized with the Yoast SEO plugin v27.4 - https:\/\/yoast.com\/product\/yoast-seo-wordpress\/ -->\n<title>Automatische Sortierung von Teilen in der Kosmektibranche, Subunternehmer Automatische Sortierung von Teilen in der Kosmetikbranche<\/title>\n<meta name=\"description\" content=\"TQS bietet automatische Sortierleistungen f\u00fcr Teile aus der Kosmektibranche an. Kontaktieren Sie uns, um mehr zu erfahren!\" \/>\n<meta name=\"robots\" content=\"index, follow, max-snippet:-1, max-image-preview:large, max-video-preview:-1\" \/>\n<link rel=\"canonical\" href=\"https:\/\/www.tqs-group.com\/de\/automatische-sortierung-von-teilen-von-fuer-die-kosmetikbranche\/\" \/>\n<meta property=\"og:locale\" content=\"de_DE\" \/>\n<meta property=\"og:type\" content=\"article\" \/>\n<meta property=\"og:title\" content=\"Automatische Sortierung von Teilen in der Kosmektibranche, Subunternehmer Automatische Sortierung von Teilen in der Kosmetikbranche\" \/>\n<meta property=\"og:description\" content=\"TQS bietet automatische Sortierleistungen f\u00fcr Teile aus der Kosmektibranche an. Kontaktieren Sie uns, um mehr zu erfahren!\" \/>\n<meta property=\"og:url\" content=\"https:\/\/www.tqs-group.com\/de\/automatische-sortierung-von-teilen-von-fuer-die-kosmetikbranche\/\" \/>\n<meta property=\"og:site_name\" content=\"Tri qualit\u00e9 service\" \/>\n<meta property=\"article:modified_time\" content=\"2023-02-06T20:32:20+00:00\" \/>\n<meta property=\"og:image\" content=\"https:\/\/www.tqs-group.com\/wp-content\/uploads\/2022\/03\/tri-piece-usinage.png\" \/>\n\t<meta property=\"og:image:width\" content=\"385\" \/>\n\t<meta property=\"og:image:height\" content=\"380\" \/>\n\t<meta property=\"og:image:type\" content=\"image\/png\" \/>\n<meta name=\"twitter:card\" content=\"summary_large_image\" \/>\n<meta name=\"twitter:label1\" content=\"Gesch\u00e4tzte Lesezeit\" \/>\n\t<meta name=\"twitter:data1\" content=\"1\u00a0Minute\" \/>\n<script type=\"application\/ld+json\" class=\"yoast-schema-graph\">{\"@context\":\"https:\\\/\\\/schema.org\",\"@graph\":[{\"@type\":\"WebPage\",\"@id\":\"https:\\\/\\\/www.tqs-group.com\\\/de\\\/automatische-sortierung-von-teilen-von-fuer-die-kosmetikbranche\\\/\",\"url\":\"https:\\\/\\\/www.tqs-group.com\\\/de\\\/automatische-sortierung-von-teilen-von-fuer-die-kosmetikbranche\\\/\",\"name\":\"Automatische Sortierung von Teilen in der Kosmektibranche, Subunternehmer Automatische Sortierung von Teilen in der Kosmetikbranche\",\"isPartOf\":{\"@id\":\"https:\\\/\\\/www.tqs-group.com\\\/de\\\/#website\"},\"datePublished\":\"2022-05-23T10:00:15+00:00\",\"dateModified\":\"2023-02-06T20:32:20+00:00\",\"description\":\"TQS bietet automatische Sortierleistungen f\u00fcr Teile aus der Kosmektibranche an. Kontaktieren Sie uns, um mehr zu erfahren!\",\"breadcrumb\":{\"@id\":\"https:\\\/\\\/www.tqs-group.com\\\/de\\\/automatische-sortierung-von-teilen-von-fuer-die-kosmetikbranche\\\/#breadcrumb\"},\"inLanguage\":\"de\",\"potentialAction\":[{\"@type\":\"ReadAction\",\"target\":[\"https:\\\/\\\/www.tqs-group.com\\\/de\\\/automatische-sortierung-von-teilen-von-fuer-die-kosmetikbranche\\\/\"]}]},{\"@type\":\"BreadcrumbList\",\"@id\":\"https:\\\/\\\/www.tqs-group.com\\\/de\\\/automatische-sortierung-von-teilen-von-fuer-die-kosmetikbranche\\\/#breadcrumb\",\"itemListElement\":[{\"@type\":\"ListItem\",\"position\":1,\"name\":\"Accueil\",\"item\":\"https:\\\/\\\/www.tqs-group.com\\\/de\\\/\"},{\"@type\":\"ListItem\",\"position\":2,\"name\":\"Automatische Sortierung von Teilen von f\u00fcr die Kosmetikbranche\"}]},{\"@type\":\"WebSite\",\"@id\":\"https:\\\/\\\/www.tqs-group.com\\\/de\\\/#website\",\"url\":\"https:\\\/\\\/www.tqs-group.com\\\/de\\\/\",\"name\":\"TRI QUALITE SERVICE\",\"description\":\"TQS Group\",\"publisher\":{\"@id\":\"https:\\\/\\\/www.tqs-group.com\\\/de\\\/#organization\"},\"alternateName\":\"TQS GROUP\",\"potentialAction\":[{\"@type\":\"SearchAction\",\"target\":{\"@type\":\"EntryPoint\",\"urlTemplate\":\"https:\\\/\\\/www.tqs-group.com\\\/de\\\/?s={search_term_string}\"},\"query-input\":{\"@type\":\"PropertyValueSpecification\",\"valueRequired\":true,\"valueName\":\"search_term_string\"}}],\"inLanguage\":\"de\"},{\"@type\":\"Organization\",\"@id\":\"https:\\\/\\\/www.tqs-group.com\\\/de\\\/#organization\",\"name\":\"TRI QUALITE SERVICE\",\"alternateName\":\"TQS GROUP\",\"url\":\"https:\\\/\\\/www.tqs-group.com\\\/de\\\/\",\"logo\":{\"@type\":\"ImageObject\",\"inLanguage\":\"de\",\"@id\":\"https:\\\/\\\/www.tqs-group.com\\\/de\\\/#\\\/schema\\\/logo\\\/image\\\/\",\"url\":\"https:\\\/\\\/www.tqs-group.com\\\/wp-content\\\/uploads\\\/2022\\\/03\\\/tri-piece-usinage.png\",\"contentUrl\":\"https:\\\/\\\/www.tqs-group.com\\\/wp-content\\\/uploads\\\/2022\\\/03\\\/tri-piece-usinage.png\",\"width\":385,\"height\":380,\"caption\":\"TRI QUALITE SERVICE\"},\"image\":{\"@id\":\"https:\\\/\\\/www.tqs-group.com\\\/de\\\/#\\\/schema\\\/logo\\\/image\\\/\"}}]}<\/script>\n<!-- \/ Yoast SEO plugin. -->","yoast_head_json":{"title":"Automatische Sortierung von Teilen in der Kosmektibranche, Subunternehmer Automatische Sortierung von Teilen in der Kosmetikbranche","description":"TQS bietet automatische Sortierleistungen f\u00fcr Teile aus der Kosmektibranche an. Kontaktieren Sie uns, um mehr zu erfahren!","robots":{"index":"index","follow":"follow","max-snippet":"max-snippet:-1","max-image-preview":"max-image-preview:large","max-video-preview":"max-video-preview:-1"},"canonical":"https:\/\/www.tqs-group.com\/de\/automatische-sortierung-von-teilen-von-fuer-die-kosmetikbranche\/","og_locale":"de_DE","og_type":"article","og_title":"Automatische Sortierung von Teilen in der Kosmektibranche, Subunternehmer Automatische Sortierung von Teilen in der Kosmetikbranche","og_description":"TQS bietet automatische Sortierleistungen f\u00fcr Teile aus der Kosmektibranche an. Kontaktieren Sie uns, um mehr zu erfahren!","og_url":"https:\/\/www.tqs-group.com\/de\/automatische-sortierung-von-teilen-von-fuer-die-kosmetikbranche\/","og_site_name":"Tri qualit\u00e9 service","article_modified_time":"2023-02-06T20:32:20+00:00","og_image":[{"width":385,"height":380,"url":"https:\/\/www.tqs-group.com\/wp-content\/uploads\/2022\/03\/tri-piece-usinage.png","type":"image\/png"}],"twitter_card":"summary_large_image","twitter_misc":{"Gesch\u00e4tzte Lesezeit":"1\u00a0Minute"},"schema":{"@context":"https:\/\/schema.org","@graph":[{"@type":"WebPage","@id":"https:\/\/www.tqs-group.com\/de\/automatische-sortierung-von-teilen-von-fuer-die-kosmetikbranche\/","url":"https:\/\/www.tqs-group.com\/de\/automatische-sortierung-von-teilen-von-fuer-die-kosmetikbranche\/","name":"Automatische Sortierung von Teilen in der Kosmektibranche, Subunternehmer Automatische Sortierung von Teilen in der Kosmetikbranche","isPartOf":{"@id":"https:\/\/www.tqs-group.com\/de\/#website"},"datePublished":"2022-05-23T10:00:15+00:00","dateModified":"2023-02-06T20:32:20+00:00","description":"TQS bietet automatische Sortierleistungen f\u00fcr Teile aus der Kosmektibranche an. Kontaktieren Sie uns, um mehr zu erfahren!","breadcrumb":{"@id":"https:\/\/www.tqs-group.com\/de\/automatische-sortierung-von-teilen-von-fuer-die-kosmetikbranche\/#breadcrumb"},"inLanguage":"de","potentialAction":[{"@type":"ReadAction","target":["https:\/\/www.tqs-group.com\/de\/automatische-sortierung-von-teilen-von-fuer-die-kosmetikbranche\/"]}]},{"@type":"BreadcrumbList","@id":"https:\/\/www.tqs-group.com\/de\/automatische-sortierung-von-teilen-von-fuer-die-kosmetikbranche\/#breadcrumb","itemListElement":[{"@type":"ListItem","position":1,"name":"Accueil","item":"https:\/\/www.tqs-group.com\/de\/"},{"@type":"ListItem","position":2,"name":"Automatische Sortierung von Teilen von f\u00fcr die Kosmetikbranche"}]},{"@type":"WebSite","@id":"https:\/\/www.tqs-group.com\/de\/#website","url":"https:\/\/www.tqs-group.com\/de\/","name":"TRI QUALITE SERVICE","description":"TQS Group","publisher":{"@id":"https:\/\/www.tqs-group.com\/de\/#organization"},"alternateName":"TQS GROUP","potentialAction":[{"@type":"SearchAction","target":{"@type":"EntryPoint","urlTemplate":"https:\/\/www.tqs-group.com\/de\/?s={search_term_string}"},"query-input":{"@type":"PropertyValueSpecification","valueRequired":true,"valueName":"search_term_string"}}],"inLanguage":"de"},{"@type":"Organization","@id":"https:\/\/www.tqs-group.com\/de\/#organization","name":"TRI QUALITE SERVICE","alternateName":"TQS GROUP","url":"https:\/\/www.tqs-group.com\/de\/","logo":{"@type":"ImageObject","inLanguage":"de","@id":"https:\/\/www.tqs-group.com\/de\/#\/schema\/logo\/image\/","url":"https:\/\/www.tqs-group.com\/wp-content\/uploads\/2022\/03\/tri-piece-usinage.png","contentUrl":"https:\/\/www.tqs-group.com\/wp-content\/uploads\/2022\/03\/tri-piece-usinage.png","width":385,"height":380,"caption":"TRI QUALITE SERVICE"},"image":{"@id":"https:\/\/www.tqs-group.com\/de\/#\/schema\/logo\/image\/"}}]}},"_links":{"self":[{"href":"https:\/\/www.tqs-group.com\/de\/wp-json\/wp\/v2\/pages\/2837","targetHints":{"allow":["GET"]}}],"collection":[{"href":"https:\/\/www.tqs-group.com\/de\/wp-json\/wp\/v2\/pages"}],"about":[{"href":"https:\/\/www.tqs-group.com\/de\/wp-json\/wp\/v2\/types\/page"}],"author":[{"embeddable":true,"href":"https:\/\/www.tqs-group.com\/de\/wp-json\/wp\/v2\/users\/1"}],"replies":[{"embeddable":true,"href":"https:\/\/www.tqs-group.com\/de\/wp-json\/wp\/v2\/comments?post=2837"}],"version-history":[{"count":24,"href":"https:\/\/www.tqs-group.com\/de\/wp-json\/wp\/v2\/pages\/2837\/revisions"}],"predecessor-version":[{"id":3381,"href":"https:\/\/www.tqs-group.com\/de\/wp-json\/wp\/v2\/pages\/2837\/revisions\/3381"}],"wp:attachment":[{"href":"https:\/\/www.tqs-group.com\/de\/wp-json\/wp\/v2\/media?parent=2837"}],"curies":[{"name":"wp","href":"https:\/\/api.w.org\/{rel}","templated":true}]}}