{"id":2989,"date":"2022-05-02T17:13:41","date_gmt":"2022-05-02T15:13:41","guid":{"rendered":"https:\/\/www.tqs-group.com\/keepso-software\/"},"modified":"2023-02-06T15:11:41","modified_gmt":"2023-02-06T14:11:41","slug":"keepso-software","status":"publish","type":"page","link":"https:\/\/www.tqs-group.com\/de\/keepso-software\/","title":{"rendered":"Keepso"},"content":{"rendered":"<p>[vc_row][vc_column][vc_column_text el_class=&#8220;tres-gros-titre&#8220;]<\/p>\n<h1 style=\"text-align: center;\">Keepso-Software f\u00fcr die automatische Sortierung von Industrieteilen<\/h1>\n<p>[\/vc_column_text][vc_column_text]<\/p>\n<p style=\"text-align: center;\">Als untrennbarer Lenker unserer Maschinen ist Keepso auch und vor allem die Software, auf der unsere <span class=\"fort\">gesamte<\/span> Methodik beruht<\/p>\n<p>[\/vc_column_text][\/vc_column][\/vc_row][vc_row full_width=&#8220;stretch_row_content&#8220; equal_height=&#8220;yes&#8220; content_placement=&#8220;middle&#8220; css=&#8220;.vc_custom_1652173232137{background-image: url(https:\/\/www.tqs-group.com\/wp-content\/uploads\/2022\/05\/entreprise-tri-pieces-automatique.jpg?id=291) !important;background-position: center !important;background-repeat: no-repeat !important;background-size: cover !important;}&#8220;][vc_column width=&#8220;1\/2&#8243;][vc_row_inner][vc_column_inner offset=&#8220;vc_hidden-md vc_hidden-sm vc_hidden-xs&#8220;][vc_empty_space height=&#8220;80px&#8220;][\/vc_column_inner][\/vc_row_inner][vc_row_inner css=&#8220;.vc_custom_1651503994225{padding-right: 20px !important;padding-left: 20px !important;}&#8220;][vc_column_inner][vc_column_text el_class=&#8220;tres-gros-titre h2-light uni_neuelight-font&#8220;]<\/p>\n<h2>Eine von TQS entwickelte Software<br \/>\n<span class=\"span-h2\">zum Sortieren und zur Steuerung von automatischen Sortiermaschinen<\/span><\/h2>\n<p>[\/vc_column_text][vc_column_text el_class=&#8220;petit-txt&#8220;]Die <strong>Software KEEPSO<\/strong> ist das Ergebnis der 18-j\u00e4hrigen Erfahrung von TQS in der <strong>Verwaltung von Sortiermaschinen<\/strong>. Der Name leitet sich vom englischen &#8222;Sorting Keeper&#8220; ab, dem W\u00e4chter der Sortierung. Er hat in der Tat die Aufgabe, die korrekte Einhaltung der Verfahren w\u00e4hrend der Sortiervorg\u00e4nge zu gew\u00e4hrleisten und eine l\u00fcckenlose R\u00fcckverfolgbarkeit sicherzustellen.<\/p>\n<p>Diese Softwarel\u00f6sung hat die Besonderheit, dass sie auf dem <strong>Qualit\u00e4tsmanagementsystem<\/strong> basiert und eine intuitive Navigation durch die verschiedenen Unternehmensprozesse bietet. Sie deckt die Funktionen von <strong>ERP<\/strong>, von <strong>MES<\/strong> und von <strong>CRM<\/strong>.[\/vc_column_text][\/vc_column_inner][\/vc_row_inner][vc_row_inner][vc_column_inner offset=&#8220;vc_hidden-md vc_hidden-sm vc_hidden-xs&#8220;][vc_empty_space height=&#8220;80px&#8220;][\/vc_column_inner][\/vc_row_inner][\/vc_column][vc_column width=&#8220;1\/2&#8243; css=&#8220;.vc_custom_1651497155116{background-position: center !important;background-repeat: no-repeat !important;background-size: cover !important;}&#8220; el_class=&#8220;padding-left-right-zero&#8220;][vc_single_image image=&#8220;1700&#8243; img_size=&#8220;full&#8220; alignment=&#8220;right&#8220;][\/vc_column][\/vc_row][vc_row full_width=&#8220;stretch_row_content&#8220; equal_height=&#8220;yes&#8220; content_placement=&#8220;middle&#8220; css=&#8220;.vc_custom_1652174110079{background-position: center !important;background-repeat: no-repeat !important;background-size: cover !important;}&#8220;][vc_column width=&#8220;1\/2&#8243;][vc_row_inner][vc_column_inner offset=&#8220;vc_hidden-lg vc_hidden-md vc_hidden-sm vc_hidden-xs&#8220;][vc_empty_space height=&#8220;50px&#8220;][\/vc_column_inner][\/vc_row_inner][vc_row_inner][vc_column_inner][vc_single_image image=&#8220;2002&#8243; img_size=&#8220;full&#8220; alignment=&#8220;center&#8220;][\/vc_column_inner][\/vc_row_inner][vc_row_inner css=&#8220;.vc_custom_1651504002203{padding-right: 20px !important;padding-left: 20px !important;}&#8220;][vc_column_inner][vc_column_text el_class=&#8220;tres-gros-titre h2-light uni_neuelight-font&#8220;]<\/p>\n<h2>Eine Software zur Verwaltung von Werkst\u00e4tten<br \/>\n<span class=\"span-h2\">und zur Fernwartung<\/span><\/h2>\n<p>[\/vc_column_text][vc_column_text el_class=&#8220;petit-txt&#8220;]Diese <strong>Software zur Kontrolle der Sortierung von Teilen<\/strong> bringt kommunikative Funktionen mit; sie machen sie zur perfekten Schnittstelle f\u00fcr die Kunden, die dort \u00fcber ihr personalisiertes Portal alle sie betreffenden Informationen finden k\u00f6nnen, wie z. B. Preisanfragen, BLs, Rechnungen oder auch Qualit\u00e4tsberichte und den Fortschritt der Sortierung. Au\u00dferdem erm\u00f6glichen bestimmte Automatismen die Benachrichtigung von Kunden, wenn ihre Teile bereitgestellt werden.[\/vc_column_text][\/vc_column_inner][\/vc_row_inner][vc_row_inner][vc_column_inner offset=&#8220;vc_hidden-lg vc_hidden-md vc_hidden-sm vc_hidden-xs&#8220;][vc_empty_space height=&#8220;50px&#8220;][\/vc_column_inner][\/vc_row_inner][\/vc_column][vc_column width=&#8220;1\/2&#8243; css=&#8220;.vc_custom_1663575979979{background-image: url(https:\/\/www.tqs-group.com\/wp-content\/uploads\/2022\/09\/logiciel-keepso-tri-automatique-piece-industrielle.jpg?id=926) !important;background-position: center !important;background-repeat: no-repeat !important;background-size: cover !important;}&#8220; el_class=&#8220;padding-left-right-zero all-margin-zero overflow-visible block-img-cover&#8220;][\/vc_column][\/vc_row][vc_row full_width=&#8220;stretch_row_content&#8220; equal_height=&#8220;yes&#8220; content_placement=&#8220;middle&#8220; css=&#8220;.vc_custom_1652175060173{background-image: url(https:\/\/www.tqs-group.com\/wp-content\/uploads\/2022\/05\/degrade.jpg?id=449) !important;background-position: center !important;background-repeat: no-repeat !important;background-size: cover !important;}&#8220;][vc_column width=&#8220;1\/2&#8243;][vc_row_inner][vc_column_inner offset=&#8220;vc_hidden-md vc_hidden-sm vc_hidden-xs&#8220;][vc_empty_space height=&#8220;80px&#8220;][\/vc_column_inner][\/vc_row_inner][vc_row_inner css=&#8220;.vc_custom_1651503917648{padding-right: 20px !important;padding-left: 20px !important;}&#8220;][vc_column_inner][vc_column_text el_class=&#8220;tres-gros-titre h2-light uni_neuelight-font&#8220;]<\/p>\n<h2>Eine Software zur Produktionsverfolgung<br \/>\n<span class=\"span-h2\">und zur R\u00fcckverfolgbarkeit<\/span><\/h2>\n<p>[\/vc_column_text][vc_column_text el_class=&#8220;petit-txt&#8220;]Es gibt jetzt eine in die TQS-Maschinen integrierte Version, die es erm\u00f6glicht, die <strong>Produktionseingaben zu vereinfachen<\/strong> und die <strong>\u00dcberwachung der Sortiermaschinen zu automatisieren<\/strong>. Diese L\u00f6sung wird allen K\u00e4ufern einer <strong>TQS-Sortiermaschine angeboten<\/strong>.<\/p>\n<p>Die &#8222;Full Web&#8220;-Technologie, auf der KEEPSO basiert, verleiht ihr alle Vorteile moderner L\u00f6sungen und befreit sie von Hardwarezw\u00e4ngen, da sie \u00fcber eine Internetverbindung zug\u00e4nglich ist, unabh\u00e4ngig vom Tr\u00e4ger: PC, Tablets, Mobiltelefone\u2026[\/vc_column_text][\/vc_column_inner][\/vc_row_inner][vc_row_inner][vc_column_inner offset=&#8220;vc_hidden-md vc_hidden-sm vc_hidden-xs&#8220;][vc_empty_space height=&#8220;80px&#8220;][\/vc_column_inner][\/vc_row_inner][\/vc_column][vc_column width=&#8220;1\/2&#8243; css=&#8220;.vc_custom_1651497155116{background-position: center !important;background-repeat: no-repeat !important;background-size: cover !important;}&#8220; el_class=&#8220;padding-left-right-zero&#8220;][vc_single_image image=&#8220;2077&#8243; img_size=&#8220;full&#8220; alignment=&#8220;right&#8220;][\/vc_column][\/vc_row]<\/p>\n","protected":false},"excerpt":{"rendered":"<p>[vc_row][vc_column][vc_column_text el_class=&#8220;tres-gros-titre&#8220;] Keepso-Software f\u00fcr die automatische Sortierung von Industrieteilen [\/vc_column_text][vc_column_text] Als untrennbarer Lenker unserer Maschinen ist Keepso auch und vor allem die Software, auf der unsere<span class=\"excerpt-hellip\"> [\u2026]<\/span><\/p>\n","protected":false},"author":1,"featured_media":0,"parent":0,"menu_order":0,"comment_status":"closed","ping_status":"closed","template":"","meta":{"footnotes":""},"class_list":["post-2989","page","type-page","status-publish","hentry"],"yoast_head":"<!-- This site is optimized with the Yoast SEO plugin v27.4 - https:\/\/yoast.com\/product\/yoast-seo-wordpress\/ -->\n<title>Software zur Produktionsverfolgung, Software zur automatischen Sortierung von Teilen<\/title>\n<meta name=\"description\" content=\"TQS bietet eine Software zur Produktionsverfolgung f\u00fcr die automatische Sortierung von Teilen an. Kontaktieren Sie uns, um mehr zu erfahren!\" \/>\n<meta name=\"robots\" content=\"index, follow, max-snippet:-1, max-image-preview:large, max-video-preview:-1\" \/>\n<link rel=\"canonical\" href=\"https:\/\/www.tqs-group.com\/de\/keepso-software\/\" \/>\n<meta property=\"og:locale\" content=\"de_DE\" \/>\n<meta property=\"og:type\" content=\"article\" \/>\n<meta property=\"og:title\" content=\"Software zur Produktionsverfolgung, Software zur automatischen Sortierung von Teilen\" \/>\n<meta property=\"og:description\" content=\"TQS bietet eine Software zur Produktionsverfolgung f\u00fcr die automatische Sortierung von Teilen an. Kontaktieren Sie uns, um mehr zu erfahren!\" \/>\n<meta property=\"og:url\" content=\"https:\/\/www.tqs-group.com\/de\/keepso-software\/\" \/>\n<meta property=\"og:site_name\" content=\"Tri qualit\u00e9 service\" \/>\n<meta property=\"article:modified_time\" content=\"2023-02-06T14:11:41+00:00\" \/>\n<meta property=\"og:image\" content=\"https:\/\/www.tqs-group.com\/wp-content\/uploads\/2022\/03\/tri-piece-usinage.png\" \/>\n\t<meta property=\"og:image:width\" content=\"385\" \/>\n\t<meta property=\"og:image:height\" content=\"380\" \/>\n\t<meta property=\"og:image:type\" content=\"image\/png\" \/>\n<meta name=\"twitter:card\" content=\"summary_large_image\" \/>\n<meta name=\"twitter:label1\" content=\"Gesch\u00e4tzte Lesezeit\" \/>\n\t<meta name=\"twitter:data1\" content=\"3\u00a0Minuten\" \/>\n<script type=\"application\/ld+json\" class=\"yoast-schema-graph\">{\"@context\":\"https:\\\/\\\/schema.org\",\"@graph\":[{\"@type\":\"WebPage\",\"@id\":\"https:\\\/\\\/www.tqs-group.com\\\/de\\\/keepso-software\\\/\",\"url\":\"https:\\\/\\\/www.tqs-group.com\\\/de\\\/keepso-software\\\/\",\"name\":\"Software zur Produktionsverfolgung, Software zur automatischen Sortierung von Teilen\",\"isPartOf\":{\"@id\":\"https:\\\/\\\/www.tqs-group.com\\\/de\\\/#website\"},\"datePublished\":\"2022-05-02T15:13:41+00:00\",\"dateModified\":\"2023-02-06T14:11:41+00:00\",\"description\":\"TQS bietet eine Software zur Produktionsverfolgung f\u00fcr die automatische Sortierung von Teilen an. Kontaktieren Sie uns, um mehr zu erfahren!\",\"breadcrumb\":{\"@id\":\"https:\\\/\\\/www.tqs-group.com\\\/de\\\/keepso-software\\\/#breadcrumb\"},\"inLanguage\":\"de\",\"potentialAction\":[{\"@type\":\"ReadAction\",\"target\":[\"https:\\\/\\\/www.tqs-group.com\\\/de\\\/keepso-software\\\/\"]}]},{\"@type\":\"BreadcrumbList\",\"@id\":\"https:\\\/\\\/www.tqs-group.com\\\/de\\\/keepso-software\\\/#breadcrumb\",\"itemListElement\":[{\"@type\":\"ListItem\",\"position\":1,\"name\":\"Accueil\",\"item\":\"https:\\\/\\\/www.tqs-group.com\\\/de\\\/\"},{\"@type\":\"ListItem\",\"position\":2,\"name\":\"Keepso\"}]},{\"@type\":\"WebSite\",\"@id\":\"https:\\\/\\\/www.tqs-group.com\\\/de\\\/#website\",\"url\":\"https:\\\/\\\/www.tqs-group.com\\\/de\\\/\",\"name\":\"TRI QUALITE SERVICE\",\"description\":\"TQS Group\",\"publisher\":{\"@id\":\"https:\\\/\\\/www.tqs-group.com\\\/de\\\/#organization\"},\"alternateName\":\"TQS GROUP\",\"potentialAction\":[{\"@type\":\"SearchAction\",\"target\":{\"@type\":\"EntryPoint\",\"urlTemplate\":\"https:\\\/\\\/www.tqs-group.com\\\/de\\\/?s={search_term_string}\"},\"query-input\":{\"@type\":\"PropertyValueSpecification\",\"valueRequired\":true,\"valueName\":\"search_term_string\"}}],\"inLanguage\":\"de\"},{\"@type\":\"Organization\",\"@id\":\"https:\\\/\\\/www.tqs-group.com\\\/de\\\/#organization\",\"name\":\"TRI QUALITE SERVICE\",\"alternateName\":\"TQS GROUP\",\"url\":\"https:\\\/\\\/www.tqs-group.com\\\/de\\\/\",\"logo\":{\"@type\":\"ImageObject\",\"inLanguage\":\"de\",\"@id\":\"https:\\\/\\\/www.tqs-group.com\\\/de\\\/#\\\/schema\\\/logo\\\/image\\\/\",\"url\":\"https:\\\/\\\/www.tqs-group.com\\\/wp-content\\\/uploads\\\/2022\\\/03\\\/tri-piece-usinage.png\",\"contentUrl\":\"https:\\\/\\\/www.tqs-group.com\\\/wp-content\\\/uploads\\\/2022\\\/03\\\/tri-piece-usinage.png\",\"width\":385,\"height\":380,\"caption\":\"TRI QUALITE SERVICE\"},\"image\":{\"@id\":\"https:\\\/\\\/www.tqs-group.com\\\/de\\\/#\\\/schema\\\/logo\\\/image\\\/\"}}]}<\/script>\n<!-- \/ Yoast SEO plugin. -->","yoast_head_json":{"title":"Software zur Produktionsverfolgung, Software zur automatischen Sortierung von Teilen","description":"TQS bietet eine Software zur Produktionsverfolgung f\u00fcr die automatische Sortierung von Teilen an. Kontaktieren Sie uns, um mehr zu erfahren!","robots":{"index":"index","follow":"follow","max-snippet":"max-snippet:-1","max-image-preview":"max-image-preview:large","max-video-preview":"max-video-preview:-1"},"canonical":"https:\/\/www.tqs-group.com\/de\/keepso-software\/","og_locale":"de_DE","og_type":"article","og_title":"Software zur Produktionsverfolgung, Software zur automatischen Sortierung von Teilen","og_description":"TQS bietet eine Software zur Produktionsverfolgung f\u00fcr die automatische Sortierung von Teilen an. Kontaktieren Sie uns, um mehr zu erfahren!","og_url":"https:\/\/www.tqs-group.com\/de\/keepso-software\/","og_site_name":"Tri qualit\u00e9 service","article_modified_time":"2023-02-06T14:11:41+00:00","og_image":[{"width":385,"height":380,"url":"https:\/\/www.tqs-group.com\/wp-content\/uploads\/2022\/03\/tri-piece-usinage.png","type":"image\/png"}],"twitter_card":"summary_large_image","twitter_misc":{"Gesch\u00e4tzte Lesezeit":"3\u00a0Minuten"},"schema":{"@context":"https:\/\/schema.org","@graph":[{"@type":"WebPage","@id":"https:\/\/www.tqs-group.com\/de\/keepso-software\/","url":"https:\/\/www.tqs-group.com\/de\/keepso-software\/","name":"Software zur Produktionsverfolgung, Software zur automatischen Sortierung von Teilen","isPartOf":{"@id":"https:\/\/www.tqs-group.com\/de\/#website"},"datePublished":"2022-05-02T15:13:41+00:00","dateModified":"2023-02-06T14:11:41+00:00","description":"TQS bietet eine Software zur Produktionsverfolgung f\u00fcr die automatische Sortierung von Teilen an. Kontaktieren Sie uns, um mehr zu erfahren!","breadcrumb":{"@id":"https:\/\/www.tqs-group.com\/de\/keepso-software\/#breadcrumb"},"inLanguage":"de","potentialAction":[{"@type":"ReadAction","target":["https:\/\/www.tqs-group.com\/de\/keepso-software\/"]}]},{"@type":"BreadcrumbList","@id":"https:\/\/www.tqs-group.com\/de\/keepso-software\/#breadcrumb","itemListElement":[{"@type":"ListItem","position":1,"name":"Accueil","item":"https:\/\/www.tqs-group.com\/de\/"},{"@type":"ListItem","position":2,"name":"Keepso"}]},{"@type":"WebSite","@id":"https:\/\/www.tqs-group.com\/de\/#website","url":"https:\/\/www.tqs-group.com\/de\/","name":"TRI QUALITE SERVICE","description":"TQS Group","publisher":{"@id":"https:\/\/www.tqs-group.com\/de\/#organization"},"alternateName":"TQS GROUP","potentialAction":[{"@type":"SearchAction","target":{"@type":"EntryPoint","urlTemplate":"https:\/\/www.tqs-group.com\/de\/?s={search_term_string}"},"query-input":{"@type":"PropertyValueSpecification","valueRequired":true,"valueName":"search_term_string"}}],"inLanguage":"de"},{"@type":"Organization","@id":"https:\/\/www.tqs-group.com\/de\/#organization","name":"TRI QUALITE SERVICE","alternateName":"TQS GROUP","url":"https:\/\/www.tqs-group.com\/de\/","logo":{"@type":"ImageObject","inLanguage":"de","@id":"https:\/\/www.tqs-group.com\/de\/#\/schema\/logo\/image\/","url":"https:\/\/www.tqs-group.com\/wp-content\/uploads\/2022\/03\/tri-piece-usinage.png","contentUrl":"https:\/\/www.tqs-group.com\/wp-content\/uploads\/2022\/03\/tri-piece-usinage.png","width":385,"height":380,"caption":"TRI QUALITE SERVICE"},"image":{"@id":"https:\/\/www.tqs-group.com\/de\/#\/schema\/logo\/image\/"}}]}},"_links":{"self":[{"href":"https:\/\/www.tqs-group.com\/de\/wp-json\/wp\/v2\/pages\/2989","targetHints":{"allow":["GET"]}}],"collection":[{"href":"https:\/\/www.tqs-group.com\/de\/wp-json\/wp\/v2\/pages"}],"about":[{"href":"https:\/\/www.tqs-group.com\/de\/wp-json\/wp\/v2\/types\/page"}],"author":[{"embeddable":true,"href":"https:\/\/www.tqs-group.com\/de\/wp-json\/wp\/v2\/users\/1"}],"replies":[{"embeddable":true,"href":"https:\/\/www.tqs-group.com\/de\/wp-json\/wp\/v2\/comments?post=2989"}],"version-history":[{"count":10,"href":"https:\/\/www.tqs-group.com\/de\/wp-json\/wp\/v2\/pages\/2989\/revisions"}],"predecessor-version":[{"id":3362,"href":"https:\/\/www.tqs-group.com\/de\/wp-json\/wp\/v2\/pages\/2989\/revisions\/3362"}],"wp:attachment":[{"href":"https:\/\/www.tqs-group.com\/de\/wp-json\/wp\/v2\/media?parent=2989"}],"curies":[{"name":"wp","href":"https:\/\/api.w.org\/{rel}","templated":true}]}}