{"id":3016,"date":"2022-05-02T14:49:06","date_gmt":"2022-05-02T12:49:06","guid":{"rendered":"https:\/\/www.tqs-group.com\/ueber-uns\/"},"modified":"2023-02-07T11:58:18","modified_gmt":"2023-02-07T10:58:18","slug":"ueber-uns","status":"publish","type":"page","link":"https:\/\/www.tqs-group.com\/de\/ueber-uns\/","title":{"rendered":"\u00dcber uns"},"content":{"rendered":"<p>[vc_row el_class=&#8220;menu-flottant&#8220; css=&#8220;.vc_custom_1668441759531{background-color: #777777 !important;}&#8220;][vc_column][vc_column_text el_class=&#8220;btn-menu-flottant&#8220;]<a href=\"https:\/\/www.tqs-group.com\/de\/forschung-entwicklung\/\">F&amp;E<\/a>[\/vc_column_text][vc_column_text el_class=&#8220;btn-menu-flottant&#8220;]<a href=\"https:\/\/www.tqs-group.com\/de\/logistik\/\">Logistik<\/a>[\/vc_column_text][vc_column_text el_class=&#8220;btn-menu-flottant&#8220;]<a href=\"https:\/\/www.tqs-group.com\/de\/rekrutierung\/\">Rekrutierung<\/a>[\/vc_column_text][vc_column_text el_class=&#8220;btn-menu-flottant&#8220;]<a href=\"https:\/\/www.tqs-group.com\/de\/ueber-uns\/\">Geschichte und Erfahrung<\/a>[\/vc_column_text][\/vc_column][\/vc_row][vc_row][vc_column][vc_empty_space][\/vc_column][\/vc_row][vc_row el_class=&#8220;border-radius-machine-tri range-vente-machine range-vente-machine-left txt-blanc&#8220; css=&#8220;.vc_custom_1659000418923{background-image: url(https:\/\/www.tqs-group.com\/wp-content\/uploads\/2022\/07\/tri-automatique-piece-usinee-1.jpg?id=738) !important;background-position: center !important;background-repeat: no-repeat !important;background-size: cover !important;}&#8220;][vc_column width=&#8220;1\/2&#8243;][\/vc_column][vc_column width=&#8220;1\/2&#8243; el_class=&#8220;txt-align-center-mobile&#8220;][vc_row_inner][vc_column_inner offset=&#8220;vc_col-lg-8&#8243;][vc_column_text el_class=&#8220;tres-gros-titre txt-orange&#8220;]<\/p>\n<p style=\"text-align: left;\">2004<\/p>\n<p>[\/vc_column_text][vc_column_text]Tri Qualit\u00e9 Service (TQS) entstand 2004 aus der gemeinsamen Erfahrung der beiden Gr\u00fcnder Pierre LOZES und Olivier LABERTRANDE bei Keyence und sollte eine innovative Alternative zum wachsenden Investitionsbedarf im Bereich der <strong> automatischen Sortierung von verarbeiteten Teilen an<\/strong>. Bruno LEROY, damals Qualit\u00e4tsmanager in der Drehteilindustrie, schloss sich dem Projekt schnell an.[\/vc_column_text][\/vc_column_inner][vc_column_inner width=&#8220;1\/3&#8243; offset=&#8220;vc_hidden-md vc_hidden-sm vc_hidden-xs&#8220;][\/vc_column_inner][\/vc_row_inner][\/vc_column][\/vc_row][vc_row][vc_column][vc_empty_space height=&#8220;10px&#8220;][\/vc_column][\/vc_row][vc_row el_class=&#8220;border-radius-machine-tri range-vente-machine range-vente-machine-right&#8220; css=&#8220;.vc_custom_1659000859072{background-image: url(https:\/\/www.tqs-group.com\/wp-content\/uploads\/2022\/07\/vente-machine-tri-standard.jpg?id=743) !important;background-position: center !important;background-repeat: no-repeat !important;background-size: cover !important;}&#8220;][vc_column width=&#8220;1\/2&#8243; el_class=&#8220;txt-align-center-mobile&#8220;][vc_column_text el_class=&#8220;tres-gros-titre txt-orange&#8220;]<\/p>\n<p style=\"text-align: right;\">2006<\/p>\n<p>[\/vc_column_text][vc_row_inner][vc_column_inner width=&#8220;1\/3&#8243;][\/vc_column_inner][vc_column_inner width=&#8220;2\/3&#8243;][vc_column_text]<\/p>\n<p style=\"text-align: right;\">TQS beschlie\u00dft, nach einigen technologischen Versuchen, in<strong>Standardsortiermaschinen<\/strong> on Visicontrol und 2007 dann bei Lazpiur f\u00fcr den Bereich Schrauben zu investieren.<\/p>\n<p>&nbsp;<\/p>\n<p>&nbsp;<\/p>\n<p>&nbsp;<\/p>\n<p>[\/vc_column_text][\/vc_column_inner][\/vc_row_inner][\/vc_column][vc_column width=&#8220;1\/2&#8243;][\/vc_column][\/vc_row][vc_row][vc_column][vc_empty_space height=&#8220;10px&#8220;][\/vc_column][\/vc_row][vc_row el_class=&#8220;border-radius-machine-tri range-vente-machine range-vente-machine-left txt-blanc&#8220; css=&#8220;.vc_custom_1659001130708{background-image: url(https:\/\/www.tqs-group.com\/wp-content\/uploads\/2022\/07\/specialiste-du-tri-automatique-de-piece.jpg?id=745) !important;background-position: center !important;background-repeat: no-repeat !important;background-size: cover !important;}&#8220;][vc_column width=&#8220;1\/2&#8243;][\/vc_column][vc_column width=&#8220;1\/2&#8243; el_class=&#8220;txt-align-center-mobile&#8220;][vc_column_text el_class=&#8220;tres-gros-titre txt-orange&#8220;]2007[\/vc_column_text][vc_row_inner][vc_column_inner width=&#8220;2\/3&#8243;][vc_column_text]Ein erster Umzug erfolgt nach Marnaz, der Standort Scionzier wurde aufgegeben, da er zu klein und unpraktisch f\u00fcr das damalige Wachstum war. TQS versp\u00fcrte bereits das Bed\u00fcrfnis, sich einigen seiner weit entfernten Kunden anzun\u00e4hern, und gr\u00fcndete einen Standort in Sartrouville, der der Krise von 2008 zum Opfer fiel und Anfang 2009 wieder verschwand.<\/p>\n<p>&nbsp;<\/p>\n<p>[\/vc_column_text][\/vc_column_inner][vc_column_inner width=&#8220;1\/3&#8243;][\/vc_column_inner][\/vc_row_inner][\/vc_column][\/vc_row][vc_row][vc_column][vc_empty_space height=&#8220;10px&#8220;][\/vc_column][\/vc_row][vc_row el_class=&#8220;border-radius-machine-tri range-vente-machine range-vente-machine-right&#8220; css=&#8220;.vc_custom_1659001520496{background-image: url(https:\/\/www.tqs-group.com\/wp-content\/uploads\/2022\/07\/tri-de-piece-pour-le-secteur-industriel.jpg?id=748) !important;background-position: center !important;background-repeat: no-repeat !important;background-size: cover !important;}&#8220;][vc_column width=&#8220;1\/2&#8243; el_class=&#8220;txt-align-center-mobile&#8220;][vc_column_text el_class=&#8220;tres-gros-titre txt-orange&#8220;]<\/p>\n<p style=\"text-align: right;\">2008<\/p>\n<p>[\/vc_column_text][vc_row_inner][vc_column_inner width=&#8220;1\/3&#8243;][\/vc_column_inner][vc_column_inner width=&#8220;2\/3&#8243;][vc_column_text]<\/p>\n<p style=\"text-align: right;\">Danach \u00e4nderte sich die Eigent\u00fcmerschaft. Pierre LOZES, der Gesch\u00e4ftsf\u00fchrer von TQS, und Bruno LEROY, der Anfang 2008 als Qualit\u00e4tsmanager zum Team stie\u00df, blieben \u00fcbrig.<\/p>\n<p style=\"text-align: right;\">Nach dieser Krise entwarf TQS die Grundlagen f\u00fcr seine heutige Strategie, n\u00e4mlich sich zu 100% auf die <strong>automatische Sortierung<\/strong> zu konzentrieren und massiv in die Entwicklung seiner eigenen Technologie zu investieren. 2010 wurde die erste 100%ige TQS-Maschine auf den Markt gebracht.<\/p>\n<p>[\/vc_column_text][\/vc_column_inner][\/vc_row_inner][\/vc_column][vc_column width=&#8220;1\/2&#8243;][\/vc_column][\/vc_row][vc_row][vc_column][vc_empty_space height=&#8220;10px&#8220;][\/vc_column][\/vc_row][vc_row el_class=&#8220;border-radius-machine-tri range-vente-machine range-vente-machine-left txt-blanc&#8220; css=&#8220;.vc_custom_1659001927313{background-image: url(https:\/\/www.tqs-group.com\/wp-content\/uploads\/2022\/07\/machine-tri-pour-industrie-horlogere.jpg?id=751) !important;background-position: center !important;background-repeat: no-repeat !important;background-size: cover !important;}&#8220;][vc_column width=&#8220;1\/2&#8243;][\/vc_column][vc_column width=&#8220;1\/2&#8243; el_class=&#8220;txt-align-center-mobile&#8220;][vc_column_text el_class=&#8220;tres-gros-titre txt-orange&#8220;]2013[\/vc_column_text][vc_row_inner][vc_column_inner width=&#8220;2\/3&#8243;][vc_column_text]2013 bezieht TQS seinen neuen Firmensitz in Marignier in einem 1700 m\u00b2 gro\u00dfen Geb\u00e4ude, das das Wachstum f\u00f6rdern wird.<\/p>\n<p>Im darauf folgenden Jahr beschlie\u00dft TQS, auf die wachsende Nachfrage der Uhrenindustrie zu reagieren und gr\u00fcndet einen eigenen Standort in der Schweiz.<\/p>\n<p>&nbsp;<\/p>\n<p>&nbsp;<\/p>\n<p>[\/vc_column_text][\/vc_column_inner][vc_column_inner width=&#8220;1\/3&#8243;][\/vc_column_inner][\/vc_row_inner][\/vc_column][\/vc_row][vc_row][vc_column][vc_empty_space height=&#8220;10px&#8220;][\/vc_column][\/vc_row][vc_row el_class=&#8220;border-radius-machine-tri range-vente-machine range-vente-machine-right&#8220; css=&#8220;.vc_custom_1659009817597{background-image: url(https:\/\/www.tqs-group.com\/wp-content\/uploads\/2022\/07\/logiciel-gestion-controle-de-tri.jpg?id=754) !important;background-position: center !important;background-repeat: no-repeat !important;background-size: cover !important;}&#8220;][vc_column width=&#8220;1\/2&#8243; el_class=&#8220;txt-align-center-mobile&#8220;][vc_column_text el_class=&#8220;tres-gros-titre txt-orange&#8220;]<\/p>\n<p style=\"text-align: right;\">2015<\/p>\n<p>[\/vc_column_text][vc_row_inner][vc_column_inner width=&#8220;1\/3&#8243;][\/vc_column_inner][vc_column_inner width=&#8220;2\/3&#8243;][vc_column_text]<\/p>\n<p style=\"text-align: right;\">In der N\u00e4he von Mailand wurde ein Standort f\u00fcr die norditalienische Maschinenbauindustrie gegr\u00fcndet. Dieses Jahr ist auch deshalb von entscheidender Bedeutung, weil es dem Beginn eines Projekts darstellt, das das Niveau der Qualit\u00e4tsleistung von TQS radikal ver\u00e4ndern sollte: es handelt sich um die Entwicklung unserer ERP-Software KEEPSO, die zur Referenz f\u00fcr Prozesskontrolle und R\u00fcckverfolgbarkeit geworden ist. Sie ist heute eine der drei S\u00e4ulen des TQS-Modells.<\/p>\n<p>[\/vc_column_text][\/vc_column_inner][\/vc_row_inner][\/vc_column][vc_column width=&#8220;1\/2&#8243;][\/vc_column][\/vc_row][vc_row][vc_column][vc_empty_space height=&#8220;10px&#8220;][\/vc_column][\/vc_row][vc_row el_class=&#8220;border-radius-machine-tri range-vente-machine range-vente-machine-left txt-blanc&#8220; css=&#8220;.vc_custom_1659010148778{background-image: url(https:\/\/www.tqs-group.com\/wp-content\/uploads\/2022\/07\/vente-machine-de-tri.jpg?id=756) !important;background-position: center !important;background-repeat: no-repeat !important;background-size: cover !important;}&#8220;][vc_column width=&#8220;1\/2&#8243;][\/vc_column][vc_column width=&#8220;1\/2&#8243; el_class=&#8220;txt-align-center-mobile&#8220;][vc_column_text el_class=&#8220;tres-gros-titre txt-orange&#8220;]2016[\/vc_column_text][vc_row_inner][vc_column_inner width=&#8220;2\/3&#8243;][vc_column_text]2016 wird der Standort Besan\u00e7on gegr\u00fcndet, der als erweiterte Basis f\u00fcr alle Akteure in der Franche-Comt\u00e9 dient und 2020 in ein neues Geb\u00e4ude umzieht, das nach KEEPSO-Standards entworfen wurde. 2016 werden die ersten Schulungsmodule der TQS Academy fertiggestellt, was die 3<sup>.<\/sup> S\u00e4ule der TQS-Strategie darstellt.<\/p>\n<p>ach 10 Jahren der <strong>Entwicklung von Sortiermaschinen<\/strong> auf eigene Rechnung beschlie\u00dft TQS 2019, seine Sortiermaschinen <strong>seinen Kunden zum Verkauf<\/strong> anzubieten. Der Erfolg ist stellt sich rasch ein und dieser Zweig stellt heute die wichtigste Wachstumsachse dar, die fast 25 % des Gesamtumsatzes der Gruppe ausmacht.[\/vc_column_text][\/vc_column_inner][vc_column_inner width=&#8220;1\/3&#8243;][\/vc_column_inner][\/vc_row_inner][\/vc_column][\/vc_row][vc_row][vc_column][vc_empty_space height=&#8220;10px&#8220;][\/vc_column][\/vc_row][vc_row el_class=&#8220;border-radius-machine-tri range-vente-machine range-vente-machine-right&#8220; css=&#8220;.vc_custom_1659011078713{background-image: url(https:\/\/www.tqs-group.com\/wp-content\/uploads\/2022\/07\/solution-logicielle-tri-automatique-de-piece.jpg?id=758) !important;background-position: center !important;background-repeat: no-repeat !important;background-size: cover !important;}&#8220;][vc_column width=&#8220;1\/2&#8243; el_class=&#8220;txt-align-center-mobile&#8220;][vc_column_text el_class=&#8220;tres-gros-titre txt-orange&#8220;]<\/p>\n<p style=\"text-align: right;\">2020<\/p>\n<p>[\/vc_column_text][vc_row_inner][vc_column_inner width=&#8220;1\/3&#8243;][\/vc_column_inner][vc_column_inner width=&#8220;2\/3&#8243;][vc_column_text]<\/p>\n<p style=\"text-align: right;\">2020 bietet TQS als Erg\u00e4nzung zu seinen Maschinen Softwarel\u00f6sungen an, die auf dem KEEPSO-Standard basieren, und bereitet die Zukunft der geografischen Ausbreitung mit einem innovativen Franchisekonzept vor.<\/p>\n<p>&nbsp;<\/p>\n<p>&nbsp;<\/p>\n<p>[\/vc_column_text][\/vc_column_inner][\/vc_row_inner][\/vc_column][vc_column width=&#8220;1\/2&#8243;][\/vc_column][\/vc_row][vc_row][vc_column][vc_empty_space height=&#8220;10px&#8220;][\/vc_column][\/vc_row][vc_row el_class=&#8220;border-radius-machine-tri range-vente-machine range-vente-machine-left txt-blanc&#8220; css=&#8220;.vc_custom_1669126742389{background-image: url(https:\/\/www.tqs-group.com\/wp-content\/uploads\/2022\/11\/prestataire-tri-automatique-de-piece-industrielle.jpg?id=1202) !important;background-position: center !important;background-repeat: no-repeat !important;background-size: cover !important;}&#8220;][vc_column width=&#8220;1\/2&#8243;][\/vc_column][vc_column width=&#8220;1\/2&#8243; el_class=&#8220;txt-align-center-mobile&#8220;][vc_column_text el_class=&#8220;tres-gros-titre txt-orange&#8220;]2021[\/vc_column_text][vc_row_inner][vc_column_inner width=&#8220;2\/3&#8243;][vc_column_text]Der erste TQS-Franchisenehmer er\u00f6ffnet im September 2021 in Gisors in der N\u00e4he von Paris.<\/p>\n<p>&nbsp;<\/p>\n<p>&nbsp;<\/p>\n<p>&nbsp;<\/p>\n<p>[\/vc_column_text][\/vc_column_inner][vc_column_inner width=&#8220;1\/3&#8243;][\/vc_column_inner][\/vc_row_inner][\/vc_column][\/vc_row][vc_row][vc_column][vc_empty_space height=&#8220;10px&#8220;][\/vc_column][\/vc_row]<\/p>\n","protected":false},"excerpt":{"rendered":"<p>[vc_row el_class=&#8220;menu-flottant&#8220; css=&#8220;.vc_custom_1668441759531{background-color: #777777 !important;}&#8220;][vc_column][vc_column_text el_class=&#8220;btn-menu-flottant&#8220;]F&amp;E[\/vc_column_text][vc_column_text el_class=&#8220;btn-menu-flottant&#8220;]Logistik[\/vc_column_text][vc_column_text el_class=&#8220;btn-menu-flottant&#8220;]Rekrutierung[\/vc_column_text][vc_column_text el_class=&#8220;btn-menu-flottant&#8220;]Geschichte und Erfahrung[\/vc_column_text][\/vc_column][\/vc_row][vc_row][vc_column][vc_empty_space][\/vc_column][\/vc_row][vc_row el_class=&#8220;border-radius-machine-tri range-vente-machine range-vente-machine-left txt-blanc&#8220; css=&#8220;.vc_custom_1659000418923{background-image: url(https:\/\/www.tqs-group.com\/wp-content\/uploads\/2022\/07\/tri-automatique-piece-usinee-1.jpg?id=738) !important;background-position: center !important;background-repeat: no-repeat !important;background-size: cover !important;}&#8220;][vc_column width=&#8220;1\/2&#8243;][\/vc_column][vc_column width=&#8220;1\/2&#8243;<span class=\"excerpt-hellip\"> [\u2026]<\/span><\/p>\n","protected":false},"author":1,"featured_media":0,"parent":0,"menu_order":0,"comment_status":"closed","ping_status":"closed","template":"","meta":{"footnotes":""},"class_list":["post-3016","page","type-page","status-publish","hentry"],"yoast_head":"<!-- This site is optimized with the Yoast SEO plugin v27.4 - https:\/\/yoast.com\/product\/yoast-seo-wordpress\/ -->\n<title>Herstellerunternehmen f\u00fcr automatisierte Sortiermaschinen f\u00fcr Industrieteile, Franchise automatisierte Sortierung<\/title>\n<meta name=\"description\" content=\"TQS ist ein Unternehmen, das sich auf die automatische Sortierung von verarbeiteten Teilen und Industrieteilen spezialisiert hat. Kontaktieren Sie uns, um mehr zu erfahren!\" \/>\n<meta name=\"robots\" content=\"index, follow, max-snippet:-1, max-image-preview:large, max-video-preview:-1\" \/>\n<link rel=\"canonical\" href=\"https:\/\/www.tqs-group.com\/de\/ueber-uns\/\" \/>\n<meta property=\"og:locale\" content=\"de_DE\" \/>\n<meta property=\"og:type\" content=\"article\" \/>\n<meta property=\"og:title\" content=\"Herstellerunternehmen f\u00fcr automatisierte Sortiermaschinen f\u00fcr Industrieteile, Franchise automatisierte Sortierung\" \/>\n<meta property=\"og:description\" content=\"TQS ist ein Unternehmen, das sich auf die automatische Sortierung von verarbeiteten Teilen und Industrieteilen spezialisiert hat. Kontaktieren Sie uns, um mehr zu erfahren!\" \/>\n<meta property=\"og:url\" content=\"https:\/\/www.tqs-group.com\/de\/ueber-uns\/\" \/>\n<meta property=\"og:site_name\" content=\"Tri qualit\u00e9 service\" \/>\n<meta property=\"article:modified_time\" content=\"2023-02-07T10:58:18+00:00\" \/>\n<meta property=\"og:image\" content=\"https:\/\/www.tqs-group.com\/wp-content\/uploads\/2022\/03\/tri-piece-usinage.png\" \/>\n\t<meta property=\"og:image:width\" content=\"385\" \/>\n\t<meta property=\"og:image:height\" content=\"380\" \/>\n\t<meta property=\"og:image:type\" content=\"image\/png\" \/>\n<meta name=\"twitter:card\" content=\"summary_large_image\" \/>\n<meta name=\"twitter:label1\" content=\"Gesch\u00e4tzte Lesezeit\" \/>\n\t<meta name=\"twitter:data1\" content=\"4\u00a0Minuten\" \/>\n<script type=\"application\/ld+json\" class=\"yoast-schema-graph\">{\"@context\":\"https:\\\/\\\/schema.org\",\"@graph\":[{\"@type\":\"WebPage\",\"@id\":\"https:\\\/\\\/www.tqs-group.com\\\/de\\\/ueber-uns\\\/\",\"url\":\"https:\\\/\\\/www.tqs-group.com\\\/de\\\/ueber-uns\\\/\",\"name\":\"Herstellerunternehmen f\u00fcr automatisierte Sortiermaschinen f\u00fcr Industrieteile, Franchise automatisierte Sortierung\",\"isPartOf\":{\"@id\":\"https:\\\/\\\/www.tqs-group.com\\\/de\\\/#website\"},\"datePublished\":\"2022-05-02T12:49:06+00:00\",\"dateModified\":\"2023-02-07T10:58:18+00:00\",\"description\":\"TQS ist ein Unternehmen, das sich auf die automatische Sortierung von verarbeiteten Teilen und Industrieteilen spezialisiert hat. Kontaktieren Sie uns, um mehr zu erfahren!\",\"breadcrumb\":{\"@id\":\"https:\\\/\\\/www.tqs-group.com\\\/de\\\/ueber-uns\\\/#breadcrumb\"},\"inLanguage\":\"de\",\"potentialAction\":[{\"@type\":\"ReadAction\",\"target\":[\"https:\\\/\\\/www.tqs-group.com\\\/de\\\/ueber-uns\\\/\"]}]},{\"@type\":\"BreadcrumbList\",\"@id\":\"https:\\\/\\\/www.tqs-group.com\\\/de\\\/ueber-uns\\\/#breadcrumb\",\"itemListElement\":[{\"@type\":\"ListItem\",\"position\":1,\"name\":\"Accueil\",\"item\":\"https:\\\/\\\/www.tqs-group.com\\\/de\\\/\"},{\"@type\":\"ListItem\",\"position\":2,\"name\":\"\u00dcber uns\"}]},{\"@type\":\"WebSite\",\"@id\":\"https:\\\/\\\/www.tqs-group.com\\\/de\\\/#website\",\"url\":\"https:\\\/\\\/www.tqs-group.com\\\/de\\\/\",\"name\":\"TRI QUALITE SERVICE\",\"description\":\"TQS Group\",\"publisher\":{\"@id\":\"https:\\\/\\\/www.tqs-group.com\\\/de\\\/#organization\"},\"alternateName\":\"TQS GROUP\",\"potentialAction\":[{\"@type\":\"SearchAction\",\"target\":{\"@type\":\"EntryPoint\",\"urlTemplate\":\"https:\\\/\\\/www.tqs-group.com\\\/de\\\/?s={search_term_string}\"},\"query-input\":{\"@type\":\"PropertyValueSpecification\",\"valueRequired\":true,\"valueName\":\"search_term_string\"}}],\"inLanguage\":\"de\"},{\"@type\":\"Organization\",\"@id\":\"https:\\\/\\\/www.tqs-group.com\\\/de\\\/#organization\",\"name\":\"TRI QUALITE SERVICE\",\"alternateName\":\"TQS GROUP\",\"url\":\"https:\\\/\\\/www.tqs-group.com\\\/de\\\/\",\"logo\":{\"@type\":\"ImageObject\",\"inLanguage\":\"de\",\"@id\":\"https:\\\/\\\/www.tqs-group.com\\\/de\\\/#\\\/schema\\\/logo\\\/image\\\/\",\"url\":\"https:\\\/\\\/www.tqs-group.com\\\/wp-content\\\/uploads\\\/2022\\\/03\\\/tri-piece-usinage.png\",\"contentUrl\":\"https:\\\/\\\/www.tqs-group.com\\\/wp-content\\\/uploads\\\/2022\\\/03\\\/tri-piece-usinage.png\",\"width\":385,\"height\":380,\"caption\":\"TRI QUALITE SERVICE\"},\"image\":{\"@id\":\"https:\\\/\\\/www.tqs-group.com\\\/de\\\/#\\\/schema\\\/logo\\\/image\\\/\"}}]}<\/script>\n<!-- \/ Yoast SEO plugin. -->","yoast_head_json":{"title":"Herstellerunternehmen f\u00fcr automatisierte Sortiermaschinen f\u00fcr Industrieteile, Franchise automatisierte Sortierung","description":"TQS ist ein Unternehmen, das sich auf die automatische Sortierung von verarbeiteten Teilen und Industrieteilen spezialisiert hat. Kontaktieren Sie uns, um mehr zu erfahren!","robots":{"index":"index","follow":"follow","max-snippet":"max-snippet:-1","max-image-preview":"max-image-preview:large","max-video-preview":"max-video-preview:-1"},"canonical":"https:\/\/www.tqs-group.com\/de\/ueber-uns\/","og_locale":"de_DE","og_type":"article","og_title":"Herstellerunternehmen f\u00fcr automatisierte Sortiermaschinen f\u00fcr Industrieteile, Franchise automatisierte Sortierung","og_description":"TQS ist ein Unternehmen, das sich auf die automatische Sortierung von verarbeiteten Teilen und Industrieteilen spezialisiert hat. Kontaktieren Sie uns, um mehr zu erfahren!","og_url":"https:\/\/www.tqs-group.com\/de\/ueber-uns\/","og_site_name":"Tri qualit\u00e9 service","article_modified_time":"2023-02-07T10:58:18+00:00","og_image":[{"width":385,"height":380,"url":"https:\/\/www.tqs-group.com\/wp-content\/uploads\/2022\/03\/tri-piece-usinage.png","type":"image\/png"}],"twitter_card":"summary_large_image","twitter_misc":{"Gesch\u00e4tzte Lesezeit":"4\u00a0Minuten"},"schema":{"@context":"https:\/\/schema.org","@graph":[{"@type":"WebPage","@id":"https:\/\/www.tqs-group.com\/de\/ueber-uns\/","url":"https:\/\/www.tqs-group.com\/de\/ueber-uns\/","name":"Herstellerunternehmen f\u00fcr automatisierte Sortiermaschinen f\u00fcr Industrieteile, Franchise automatisierte Sortierung","isPartOf":{"@id":"https:\/\/www.tqs-group.com\/de\/#website"},"datePublished":"2022-05-02T12:49:06+00:00","dateModified":"2023-02-07T10:58:18+00:00","description":"TQS ist ein Unternehmen, das sich auf die automatische Sortierung von verarbeiteten Teilen und Industrieteilen spezialisiert hat. Kontaktieren Sie uns, um mehr zu erfahren!","breadcrumb":{"@id":"https:\/\/www.tqs-group.com\/de\/ueber-uns\/#breadcrumb"},"inLanguage":"de","potentialAction":[{"@type":"ReadAction","target":["https:\/\/www.tqs-group.com\/de\/ueber-uns\/"]}]},{"@type":"BreadcrumbList","@id":"https:\/\/www.tqs-group.com\/de\/ueber-uns\/#breadcrumb","itemListElement":[{"@type":"ListItem","position":1,"name":"Accueil","item":"https:\/\/www.tqs-group.com\/de\/"},{"@type":"ListItem","position":2,"name":"\u00dcber uns"}]},{"@type":"WebSite","@id":"https:\/\/www.tqs-group.com\/de\/#website","url":"https:\/\/www.tqs-group.com\/de\/","name":"TRI QUALITE SERVICE","description":"TQS Group","publisher":{"@id":"https:\/\/www.tqs-group.com\/de\/#organization"},"alternateName":"TQS GROUP","potentialAction":[{"@type":"SearchAction","target":{"@type":"EntryPoint","urlTemplate":"https:\/\/www.tqs-group.com\/de\/?s={search_term_string}"},"query-input":{"@type":"PropertyValueSpecification","valueRequired":true,"valueName":"search_term_string"}}],"inLanguage":"de"},{"@type":"Organization","@id":"https:\/\/www.tqs-group.com\/de\/#organization","name":"TRI QUALITE SERVICE","alternateName":"TQS GROUP","url":"https:\/\/www.tqs-group.com\/de\/","logo":{"@type":"ImageObject","inLanguage":"de","@id":"https:\/\/www.tqs-group.com\/de\/#\/schema\/logo\/image\/","url":"https:\/\/www.tqs-group.com\/wp-content\/uploads\/2022\/03\/tri-piece-usinage.png","contentUrl":"https:\/\/www.tqs-group.com\/wp-content\/uploads\/2022\/03\/tri-piece-usinage.png","width":385,"height":380,"caption":"TRI QUALITE SERVICE"},"image":{"@id":"https:\/\/www.tqs-group.com\/de\/#\/schema\/logo\/image\/"}}]}},"_links":{"self":[{"href":"https:\/\/www.tqs-group.com\/de\/wp-json\/wp\/v2\/pages\/3016","targetHints":{"allow":["GET"]}}],"collection":[{"href":"https:\/\/www.tqs-group.com\/de\/wp-json\/wp\/v2\/pages"}],"about":[{"href":"https:\/\/www.tqs-group.com\/de\/wp-json\/wp\/v2\/types\/page"}],"author":[{"embeddable":true,"href":"https:\/\/www.tqs-group.com\/de\/wp-json\/wp\/v2\/users\/1"}],"replies":[{"embeddable":true,"href":"https:\/\/www.tqs-group.com\/de\/wp-json\/wp\/v2\/comments?post=3016"}],"version-history":[{"count":9,"href":"https:\/\/www.tqs-group.com\/de\/wp-json\/wp\/v2\/pages\/3016\/revisions"}],"predecessor-version":[{"id":3034,"href":"https:\/\/www.tqs-group.com\/de\/wp-json\/wp\/v2\/pages\/3016\/revisions\/3034"}],"wp:attachment":[{"href":"https:\/\/www.tqs-group.com\/de\/wp-json\/wp\/v2\/media?parent=3016"}],"curies":[{"name":"wp","href":"https:\/\/api.w.org\/{rel}","templated":true}]}}