{"id":3042,"date":"2022-05-02T12:01:59","date_gmt":"2022-05-02T10:01:59","guid":{"rendered":"https:\/\/www.tqs-group.com\/franchise-sortiermaschine-fuer-industrieteile\/"},"modified":"2023-02-07T11:48:21","modified_gmt":"2023-02-07T10:48:21","slug":"franchise-sortiermaschine-fuer-industrieteile","status":"publish","type":"page","link":"https:\/\/www.tqs-group.com\/de\/franchise-sortiermaschine-fuer-industrieteile\/","title":{"rendered":"Franchise"},"content":{"rendered":"<p>[vc_row full_width=&#8220;stretch_row_content&#8220; equal_height=&#8220;yes&#8220; content_placement=&#8220;middle&#8220; css=&#8220;.vc_custom_1652187250388{background-image: url(https:\/\/www.tqs-group.com\/wp-content\/uploads\/2022\/05\/offre-pour-idustriel-installe.jpg?id=454) !important;background-position: center !important;background-repeat: no-repeat !important;background-size: cover !important;}&#8220;][vc_column width=&#8220;1\/2&#8243; css=&#8220;.vc_custom_1651497155116{background-position: center !important;background-repeat: no-repeat !important;background-size: cover !important;}&#8220; el_class=&#8220;padding-left-right-zero&#8220;][vc_single_image image=&#8220;2083&#8243; img_size=&#8220;full&#8220; alignment=&#8220;center&#8220;][\/vc_column][vc_column width=&#8220;1\/2&#8243;][vc_row_inner][vc_column_inner offset=&#8220;vc_hidden-md vc_hidden-sm vc_hidden-xs&#8220;][vc_empty_space height=&#8220;80px&#8220;][\/vc_column_inner][\/vc_row_inner][vc_row_inner css=&#8220;.vc_custom_1651503994225{padding-right: 20px !important;padding-left: 20px !important;}&#8220;][vc_column_inner][vc_column_text el_class=&#8220;tres-gros-titre&#8220;]<\/p>\n<h2>F\u00fcr wen<br \/>\n<span class=\"uni_neuelight-font\">ist das Franchise gedacht ?<\/span><\/h2>\n<p>[\/vc_column_text][vc_column_text]Dieses Angebot richtet sich an etablierte Industrieunternehmen, die eine neue, zus\u00e4tzliche Dienstleistung anbieten m\u00f6chten, oder an zuk\u00fcnftige Unternehmer, die sich bei der Gr\u00fcndung ihres Industrieunternehmens begleiten lassen und mit einer umfassenden und sicheren L\u00f6sung von der gesamten Erfahrung von TQS profitieren m\u00f6chten.[\/vc_column_text][\/vc_column_inner][\/vc_row_inner][vc_row_inner][vc_column_inner offset=&#8220;vc_hidden-md vc_hidden-sm vc_hidden-xs&#8220;][vc_empty_space height=&#8220;80px&#8220;][\/vc_column_inner][\/vc_row_inner][\/vc_column][\/vc_row][vc_row full_width=&#8220;stretch_row_content&#8220; equal_height=&#8220;yes&#8220; content_placement=&#8220;middle&#8220; css=&#8220;.vc_custom_1652187523455{background-image: url(https:\/\/www.tqs-group.com\/wp-content\/uploads\/2022\/05\/degrade.jpg?id=449) !important;background-position: center !important;background-repeat: no-repeat !important;background-size: cover !important;}&#8220;][vc_column width=&#8220;1\/2&#8243;][vc_row_inner][vc_column_inner offset=&#8220;vc_hidden-lg vc_hidden-md vc_hidden-sm vc_hidden-xs&#8220;][vc_empty_space height=&#8220;50px&#8220;][\/vc_column_inner][\/vc_row_inner][vc_row_inner css=&#8220;.vc_custom_1651504002203{padding-right: 20px !important;padding-left: 20px !important;}&#8220;][vc_column_inner][vc_column_text el_class=&#8220;tres-gros-titre&#8220;]<\/p>\n<h2>Warum?<br \/>\n<span class=\"uni_neuelight-font\">Weil der Markt f\u00fcr die automatische Sortierung w\u00e4chst<\/span><\/h2>\n<p>[\/vc_column_text][vc_column_text]<\/p>\n<ul>\n<li>Die Fertigungsindustrie wird immer st\u00e4rker automatisiert und verlangt daher, dass alle zusammengesetzten Teile konform sind. Daher das Streben nach &#8222;Null Fehler&#8220;.<\/li>\n<li>Die Anforderungen der Kunden werden immer h\u00f6her und die Produkte immer technischer, daher ist es wichtig, die Qualit\u00e4t jedes einzelnen Bauteils zu beherrschen.<\/li>\n<li>Die Preise f\u00fcr Zulieferungen basieren nicht mehr auf dem Teil, sondern auf der Funktion, daher sind die Kosten f\u00fcr Kontrollen regelm\u00e4\u00dfig h\u00f6her als die Herstellungskosten.<\/li>\n<li>Die M\u00e4rkte brauchen Sicherheit und daher R\u00fcckverfolgbarkeit, daher ist es unerl\u00e4sslich, jedes Teil einzeln zu kontrollieren.<\/li>\n<\/ul>\n<p>[\/vc_column_text][\/vc_column_inner][\/vc_row_inner][vc_row_inner][vc_column_inner offset=&#8220;vc_hidden-lg vc_hidden-md vc_hidden-sm vc_hidden-xs&#8220;][vc_empty_space height=&#8220;50px&#8220;][\/vc_column_inner][\/vc_row_inner][\/vc_column][vc_column width=&#8220;1\/2&#8243; css=&#8220;.vc_custom_1658934242082{background-image: url(https:\/\/www.tqs-group.com\/wp-content\/uploads\/2022\/07\/devenir-franchise-controle-automatique-piece.jpg?id=721) !important;background-position: center !important;background-repeat: no-repeat !important;background-size: cover !important;}&#8220; el_class=&#8220;padding-left-right-zero all-margin-zero overflow-visible block-img-cover&#8220;][\/vc_column][\/vc_row][vc_row full_width=&#8220;stretch_row_content&#8220; equal_height=&#8220;yes&#8220; content_placement=&#8220;middle&#8220; css=&#8220;.vc_custom_1652193272037{background-image: url(https:\/\/www.tqs-group.com\/wp-content\/uploads\/2022\/05\/entreprise-tri-pieces-automatique.jpg?id=291) !important;background-position: center !important;background-repeat: no-repeat !important;background-size: cover !important;}&#8220;][vc_column width=&#8220;1\/2&#8243;][vc_row_inner][vc_column_inner offset=&#8220;vc_hidden-lg vc_hidden-md vc_hidden-sm vc_hidden-xs&#8220;][vc_empty_space height=&#8220;50px&#8220;][\/vc_column_inner][\/vc_row_inner][vc_row_inner css=&#8220;.vc_custom_1651504002203{padding-right: 20px !important;padding-left: 20px !important;}&#8220;][vc_column_inner][vc_column_text el_class=&#8220;gros-titre uni_neueblack-font&#8220;]Weil die TQS-L\u00f6sung auf drei soliden S\u00e4ulen ruht:[\/vc_column_text][vc_column_text el_class=&#8220;gros-titre&#8220;]<span class=\"uni_neuelight-font\">1. Unsere KEEPSO-Software<\/span>[\/vc_column_text][vc_column_text]Das Ergebnis von 18 Jahren an Erfahrung und vollst\u00e4ndiger Beherrschung der Prozesse bei der <strong class=\"d2b\">Erbringung von automatischen Sortierleistungen<\/strong> erm\u00f6glicht es, die Einhaltung aller Vorg\u00e4nge zu gew\u00e4hrleisten und alle Ereignisse bei den verschiedenen Sortierungen aufzuzeichnen.[\/vc_column_text][vc_column_text el_class=&#8220;gros-titre&#8220;]<span class=\"uni_neuelight-font\">2. Unsere Sortiermaschinen<\/span>[\/vc_column_text][vc_column_text]Unsere zuverl\u00e4ssigen und robusten <strong class=\"d2b\">Sortiermaschinen f\u00fcr Industrieteile<\/strong> erden seit 12 Jahren von unserem Konstruktionsb\u00fcro entwickelt, wobei Qualit\u00e4t, Ergonomie und Kommunikation oberste Priorit\u00e4t haben. Tats\u00e4chlich k\u00f6nnen alle <strong class=\"d2b\">Maschinen zur Teilekontrolle<\/strong> aus der Ferne bedient werden, um Diagnosen, Einstellungen oder Bildverarbeitungsprogramme durchzuf\u00fchren. Eine unvergleichliche Sicherheit und ein unvergleichlicher Komfort f\u00fcr den Franchisenehmer.[\/vc_column_text][vc_column_text el_class=&#8220;gros-titre&#8220;]<span class=\"uni_neuelight-font\">3. Unsere Schulungen<\/span>[\/vc_column_text][vc_column_text]Die dritte S\u00e4ule ist die Ausbildung. TQS hat ab 2015 ein Dutzend Ausbildungsmodule entwickelt, die unter der TQS Academy zusammengefasst werden; sie erm\u00f6glichen es, alle automatischen Sortiervorg\u00e4nge perfekt zu beherrschen und den Beruf in vollem Vertrauen aus\u00fcben zu k\u00f6nnen. Sie sind die grundlegenden Elemente der Beziehung zwischen den TQS-Teams und den Teams der Franchisenehmer.[\/vc_column_text][\/vc_column_inner][\/vc_row_inner][vc_row_inner][vc_column_inner offset=&#8220;vc_hidden-lg vc_hidden-md vc_hidden-sm vc_hidden-xs&#8220;][vc_empty_space height=&#8220;50px&#8220;][\/vc_column_inner][\/vc_row_inner][\/vc_column][vc_column width=&#8220;1\/2&#8243; css=&#8220;.vc_custom_1652193156640{background-image: url(https:\/\/www.tqs-group.com\/wp-content\/uploads\/2022\/05\/solution-tqs-trois-piliers-solides.png?id=458) !important;background-position: center !important;background-repeat: no-repeat !important;background-size: contain !important;}&#8220; el_class=&#8220;padding-left-right-zero all-margin-zero overflow-visible block-img-cover&#8220;][\/vc_column][\/vc_row][vc_row full_width=&#8220;stretch_row_content&#8220; equal_height=&#8220;yes&#8220; content_placement=&#8220;middle&#8220; css=&#8220;.vc_custom_1652187523455{background-image: url(https:\/\/www.tqs-group.com\/wp-content\/uploads\/2022\/05\/degrade.jpg?id=449) !important;background-position: center !important;background-repeat: no-repeat !important;background-size: cover !important;}&#8220;][vc_column width=&#8220;1\/2&#8243;][vc_row_inner][vc_column_inner offset=&#8220;vc_hidden-lg vc_hidden-md vc_hidden-sm vc_hidden-xs&#8220;][vc_empty_space height=&#8220;50px&#8220;][\/vc_column_inner][\/vc_row_inner][vc_row_inner css=&#8220;.vc_custom_1651504002203{padding-right: 20px !important;padding-left: 20px !important;}&#8220;][vc_column_inner][vc_column_text el_class=&#8220;gros-titre uni_neueblack-font&#8220;]Um ein Netzwerk zu integrieren und zu teilen:[\/vc_column_text][vc_column_text]<\/p>\n<ul>\n<li>Gesch\u00e4ftsm\u00f6glichkeiten auf zunehmend globalisierten M\u00e4rkten, die ein sehr \u201estandardisiertes\u201c Angebot erzwingen, das allein ein hervorragendes Qualit\u00e4ts- und Serviceniveau garantiert.<\/li>\n<li>Technologie\u00fcberwachung auf einem sich st\u00e4ndig weiterentwickelnden Markt mit st\u00e4ndigen Innovationen, insbesondere in der industriellen Bildverarbeitung.<\/li>\n<li>Erstklassige Technologieanbieter mit soliden und langfristigen Partnerschaften.<\/li>\n<li>Kommunikation und Netzwerkanimation, die es dem Franchisenehmer insbesondere erm\u00f6glichen, je nach Fall zum lokalen technologischen Schaufenster f\u00fcr TQS beim Verkauf von Maschinen zu werden.<\/li>\n<\/ul>\n<p>[\/vc_column_text][\/vc_column_inner][\/vc_row_inner][vc_row_inner][vc_column_inner offset=&#8220;vc_hidden-lg vc_hidden-md vc_hidden-sm vc_hidden-xs&#8220;][vc_empty_space height=&#8220;50px&#8220;][\/vc_column_inner][\/vc_row_inner][\/vc_column][vc_column width=&#8220;1\/2&#8243; css=&#8220;.vc_custom_1658934416179{background-image: url(https:\/\/www.tqs-group.com\/wp-content\/uploads\/2022\/07\/franchise-controle-automatique-de-piece.jpg?id=726) !important;background-position: center !important;background-repeat: no-repeat !important;background-size: cover !important;}&#8220; el_class=&#8220;padding-left-right-zero all-margin-zero overflow-visible block-img-cover&#8220;][\/vc_column][\/vc_row][vc_row][vc_column][vc_column_text el_class=&#8220;tres-gros-titre&#8220;]<\/p>\n<h2 style=\"text-align: center;\"><span class=\"uni_neuelight-font\">Weitere Informationen?<\/span><\/h2>\n<p>[\/vc_column_text][vc_row_inner][vc_column_inner width=&#8220;1\/3&#8243;][\/vc_column_inner][vc_column_inner width=&#8220;1\/3&#8243; css=&#8220;.vc_custom_1662641067298{background-color: #f7941f !important;border-radius: 25px !important;}&#8220;][vc_single_image image=&#8220;2020&#8243; img_size=&#8220;full&#8220; alignment=&#8220;center&#8220; el_class=&#8220;margin-zero&#8220;][vc_column_text el_class=&#8220;tres-gros-titre&#8220;]<\/p>\n<p style=\"text-align: center;\">Entdecken Sie das Wei\u00dfbuch<\/p>\n<p>[\/vc_column_text][vc_column_text el_class=&#8220;gros-titre uni_neueblack-font&#8220;]<\/p>\n<p style=\"text-align: center;\">&#8222;Ihr TQS-Franchise in 7 Schritten\u201c<\/p>\n<p>[\/vc_column_text][vc_single_image image=&#8220;2022&#8243; img_size=&#8220;full&#8220; alignment=&#8220;center&#8220; css=&#8220;.vc_custom_1662702334354{margin-bottom: 0px !important;padding-bottom: 0px !important;}&#8220; el_class=&#8220;margin-zero&#8220;][vc_column_text el_class=&#8220;tel-pdf&#8220;]<\/p>\n<p style=\"text-align: center;\">\n<div class=\"wpcf7 no-js\" id=\"wpcf7-f2390-o1\" lang=\"de-DE\" dir=\"ltr\" data-wpcf7-id=\"2390\">\n<div class=\"screen-reader-response\"><p role=\"status\" aria-live=\"polite\" aria-atomic=\"true\"><\/p> <ul><\/ul><\/div>\n<form action=\"\/de\/wp-json\/wp\/v2\/pages\/3042#wpcf7-f2390-o1\" method=\"post\" class=\"wpcf7-form init\" aria-label=\"Kontaktformular\" novalidate=\"novalidate\" data-status=\"init\">\n<fieldset class=\"hidden-fields-container\"><input type=\"hidden\" name=\"_wpcf7\" value=\"2390\" \/><input type=\"hidden\" name=\"_wpcf7_version\" value=\"6.1.5\" \/><input type=\"hidden\" name=\"_wpcf7_locale\" value=\"de_DE\" \/><input type=\"hidden\" name=\"_wpcf7_unit_tag\" value=\"wpcf7-f2390-o1\" \/><input type=\"hidden\" name=\"_wpcf7_container_post\" value=\"0\" \/><input type=\"hidden\" name=\"_wpcf7_posted_data_hash\" value=\"\" \/><input type=\"hidden\" name=\"_wpcf7cf_hidden_group_fields\" value=\"[]\" \/><input type=\"hidden\" name=\"_wpcf7cf_hidden_groups\" value=\"[]\" \/><input type=\"hidden\" name=\"_wpcf7cf_visible_groups\" value=\"[]\" \/><input type=\"hidden\" name=\"_wpcf7cf_repeaters\" value=\"[]\" \/><input type=\"hidden\" name=\"_wpcf7cf_steps\" value=\"{}\" \/><input type=\"hidden\" name=\"_wpcf7cf_options\" value=\"{&quot;form_id&quot;:2390,&quot;conditions&quot;:[],&quot;settings&quot;:{&quot;animation&quot;:&quot;yes&quot;,&quot;animation_intime&quot;:200,&quot;animation_outtime&quot;:200,&quot;conditions_ui&quot;:&quot;normal&quot;,&quot;notice_dismissed&quot;:false}}\" \/>\n<\/fieldset>\n<p><label> Um auf das Wei\u00dfbuch zuzugreifen, geben Sie bitte Ihre E-Mail-Adresse an:<br \/>\n<span class=\"wpcf7-form-control-wrap\" data-name=\"your-email\"><input size=\"40\" maxlength=\"400\" class=\"wpcf7-form-control wpcf7-email wpcf7-validates-as-required wpcf7-text wpcf7-validates-as-email\" aria-required=\"true\" aria-invalid=\"false\" value=\"\" type=\"email\" name=\"your-email\" \/><\/span> <\/label>\n<\/p>\n<p><input class=\"wpcf7-form-control wpcf7-submit has-spinner\" type=\"submit\" value=\"Mein Wei\u00dfbuch erhalten\" \/>\n<\/p><input type=\"hidden\" id=\"ct_checkjs_cf7_5878a7ab84fb43402106c575658472fa\" name=\"ct_checkjs_cf7\" value=\"0\" \/><div class=\"wpcf7-response-output\" aria-hidden=\"true\"><\/div>\n<\/form>\n<\/div>\n<p>[\/vc_column_text][\/vc_column_inner][vc_column_inner width=&#8220;1\/3&#8243;][\/vc_column_inner][\/vc_row_inner][\/vc_column][\/vc_row]<\/p>\n","protected":false},"excerpt":{"rendered":"<p>[vc_row full_width=&#8220;stretch_row_content&#8220; equal_height=&#8220;yes&#8220; content_placement=&#8220;middle&#8220; css=&#8220;.vc_custom_1652187250388{background-image: url(https:\/\/www.tqs-group.com\/wp-content\/uploads\/2022\/05\/offre-pour-idustriel-installe.jpg?id=454) !important;background-position: center !important;background-repeat: no-repeat !important;background-size: cover !important;}&#8220;][vc_column width=&#8220;1\/2&#8243; css=&#8220;.vc_custom_1651497155116{background-position: center !important;background-repeat: no-repeat !important;background-size: cover !important;}&#8220; el_class=&#8220;padding-left-right-zero&#8220;][vc_single_image image=&#8220;2083&#8243; img_size=&#8220;full&#8220; alignment=&#8220;center&#8220;][\/vc_column][vc_column width=&#8220;1\/2&#8243;][vc_row_inner][vc_column_inner<span class=\"excerpt-hellip\"> [\u2026]<\/span><\/p>\n","protected":false},"author":1,"featured_media":0,"parent":0,"menu_order":0,"comment_status":"closed","ping_status":"closed","template":"","meta":{"footnotes":""},"class_list":["post-3042","page","type-page","status-publish","hentry"],"yoast_head":"<!-- This site is optimized with the Yoast SEO plugin v27.4 - https:\/\/yoast.com\/product\/yoast-seo-wordpress\/ -->\n<title>Werden Sie zu einem TQS-Franchisenehmer, Franchise-Subunternehmer automatisierte Sortierung von Industrieteilen<\/title>\n<meta name=\"description\" content=\"TQS bietet Ihnen die M\u00f6glichkeit, Franchisenehmer f\u00fcr seine technischen L\u00f6sungen f\u00fcr die Sortierung und Fehlerkontrolle von Industrieteilen zu werden. Kontaktieren Sie uns!\" \/>\n<meta name=\"robots\" content=\"index, follow, max-snippet:-1, max-image-preview:large, max-video-preview:-1\" \/>\n<link rel=\"canonical\" href=\"https:\/\/www.tqs-group.com\/de\/franchise-sortiermaschine-fuer-industrieteile\/\" \/>\n<meta property=\"og:locale\" content=\"de_DE\" \/>\n<meta property=\"og:type\" content=\"article\" \/>\n<meta property=\"og:title\" content=\"Werden Sie zu einem TQS-Franchisenehmer, Franchise-Subunternehmer automatisierte Sortierung von Industrieteilen\" \/>\n<meta property=\"og:description\" content=\"TQS bietet Ihnen die M\u00f6glichkeit, Franchisenehmer f\u00fcr seine technischen L\u00f6sungen f\u00fcr die Sortierung und Fehlerkontrolle von Industrieteilen zu werden. Kontaktieren Sie uns!\" \/>\n<meta property=\"og:url\" content=\"https:\/\/www.tqs-group.com\/de\/franchise-sortiermaschine-fuer-industrieteile\/\" \/>\n<meta property=\"og:site_name\" content=\"Tri qualit\u00e9 service\" \/>\n<meta property=\"article:modified_time\" content=\"2023-02-07T10:48:21+00:00\" \/>\n<meta property=\"og:image\" content=\"https:\/\/www.tqs-group.com\/wp-content\/uploads\/2022\/03\/tri-piece-usinage.png\" \/>\n\t<meta property=\"og:image:width\" content=\"385\" \/>\n\t<meta property=\"og:image:height\" content=\"380\" \/>\n\t<meta property=\"og:image:type\" content=\"image\/png\" \/>\n<meta name=\"twitter:card\" content=\"summary_large_image\" \/>\n<meta name=\"twitter:label1\" content=\"Gesch\u00e4tzte Lesezeit\" \/>\n\t<meta name=\"twitter:data1\" content=\"4\u00a0Minuten\" \/>\n<script type=\"application\/ld+json\" class=\"yoast-schema-graph\">{\"@context\":\"https:\\\/\\\/schema.org\",\"@graph\":[{\"@type\":\"WebPage\",\"@id\":\"https:\\\/\\\/www.tqs-group.com\\\/de\\\/franchise-sortiermaschine-fuer-industrieteile\\\/\",\"url\":\"https:\\\/\\\/www.tqs-group.com\\\/de\\\/franchise-sortiermaschine-fuer-industrieteile\\\/\",\"name\":\"Werden Sie zu einem TQS-Franchisenehmer, Franchise-Subunternehmer automatisierte Sortierung von Industrieteilen\",\"isPartOf\":{\"@id\":\"https:\\\/\\\/www.tqs-group.com\\\/de\\\/#website\"},\"datePublished\":\"2022-05-02T10:01:59+00:00\",\"dateModified\":\"2023-02-07T10:48:21+00:00\",\"description\":\"TQS bietet Ihnen die M\u00f6glichkeit, Franchisenehmer f\u00fcr seine technischen L\u00f6sungen f\u00fcr die Sortierung und Fehlerkontrolle von Industrieteilen zu werden. Kontaktieren Sie uns!\",\"breadcrumb\":{\"@id\":\"https:\\\/\\\/www.tqs-group.com\\\/de\\\/franchise-sortiermaschine-fuer-industrieteile\\\/#breadcrumb\"},\"inLanguage\":\"de\",\"potentialAction\":[{\"@type\":\"ReadAction\",\"target\":[\"https:\\\/\\\/www.tqs-group.com\\\/de\\\/franchise-sortiermaschine-fuer-industrieteile\\\/\"]}]},{\"@type\":\"BreadcrumbList\",\"@id\":\"https:\\\/\\\/www.tqs-group.com\\\/de\\\/franchise-sortiermaschine-fuer-industrieteile\\\/#breadcrumb\",\"itemListElement\":[{\"@type\":\"ListItem\",\"position\":1,\"name\":\"Accueil\",\"item\":\"https:\\\/\\\/www.tqs-group.com\\\/de\\\/\"},{\"@type\":\"ListItem\",\"position\":2,\"name\":\"Franchise\"}]},{\"@type\":\"WebSite\",\"@id\":\"https:\\\/\\\/www.tqs-group.com\\\/de\\\/#website\",\"url\":\"https:\\\/\\\/www.tqs-group.com\\\/de\\\/\",\"name\":\"TRI QUALITE SERVICE\",\"description\":\"TQS Group\",\"publisher\":{\"@id\":\"https:\\\/\\\/www.tqs-group.com\\\/de\\\/#organization\"},\"alternateName\":\"TQS GROUP\",\"potentialAction\":[{\"@type\":\"SearchAction\",\"target\":{\"@type\":\"EntryPoint\",\"urlTemplate\":\"https:\\\/\\\/www.tqs-group.com\\\/de\\\/?s={search_term_string}\"},\"query-input\":{\"@type\":\"PropertyValueSpecification\",\"valueRequired\":true,\"valueName\":\"search_term_string\"}}],\"inLanguage\":\"de\"},{\"@type\":\"Organization\",\"@id\":\"https:\\\/\\\/www.tqs-group.com\\\/de\\\/#organization\",\"name\":\"TRI QUALITE SERVICE\",\"alternateName\":\"TQS GROUP\",\"url\":\"https:\\\/\\\/www.tqs-group.com\\\/de\\\/\",\"logo\":{\"@type\":\"ImageObject\",\"inLanguage\":\"de\",\"@id\":\"https:\\\/\\\/www.tqs-group.com\\\/de\\\/#\\\/schema\\\/logo\\\/image\\\/\",\"url\":\"https:\\\/\\\/www.tqs-group.com\\\/wp-content\\\/uploads\\\/2022\\\/03\\\/tri-piece-usinage.png\",\"contentUrl\":\"https:\\\/\\\/www.tqs-group.com\\\/wp-content\\\/uploads\\\/2022\\\/03\\\/tri-piece-usinage.png\",\"width\":385,\"height\":380,\"caption\":\"TRI QUALITE SERVICE\"},\"image\":{\"@id\":\"https:\\\/\\\/www.tqs-group.com\\\/de\\\/#\\\/schema\\\/logo\\\/image\\\/\"}}]}<\/script>\n<!-- \/ Yoast SEO plugin. -->","yoast_head_json":{"title":"Werden Sie zu einem TQS-Franchisenehmer, Franchise-Subunternehmer automatisierte Sortierung von Industrieteilen","description":"TQS bietet Ihnen die M\u00f6glichkeit, Franchisenehmer f\u00fcr seine technischen L\u00f6sungen f\u00fcr die Sortierung und Fehlerkontrolle von Industrieteilen zu werden. Kontaktieren Sie uns!","robots":{"index":"index","follow":"follow","max-snippet":"max-snippet:-1","max-image-preview":"max-image-preview:large","max-video-preview":"max-video-preview:-1"},"canonical":"https:\/\/www.tqs-group.com\/de\/franchise-sortiermaschine-fuer-industrieteile\/","og_locale":"de_DE","og_type":"article","og_title":"Werden Sie zu einem TQS-Franchisenehmer, Franchise-Subunternehmer automatisierte Sortierung von Industrieteilen","og_description":"TQS bietet Ihnen die M\u00f6glichkeit, Franchisenehmer f\u00fcr seine technischen L\u00f6sungen f\u00fcr die Sortierung und Fehlerkontrolle von Industrieteilen zu werden. Kontaktieren Sie uns!","og_url":"https:\/\/www.tqs-group.com\/de\/franchise-sortiermaschine-fuer-industrieteile\/","og_site_name":"Tri qualit\u00e9 service","article_modified_time":"2023-02-07T10:48:21+00:00","og_image":[{"width":385,"height":380,"url":"https:\/\/www.tqs-group.com\/wp-content\/uploads\/2022\/03\/tri-piece-usinage.png","type":"image\/png"}],"twitter_card":"summary_large_image","twitter_misc":{"Gesch\u00e4tzte Lesezeit":"4\u00a0Minuten"},"schema":{"@context":"https:\/\/schema.org","@graph":[{"@type":"WebPage","@id":"https:\/\/www.tqs-group.com\/de\/franchise-sortiermaschine-fuer-industrieteile\/","url":"https:\/\/www.tqs-group.com\/de\/franchise-sortiermaschine-fuer-industrieteile\/","name":"Werden Sie zu einem TQS-Franchisenehmer, Franchise-Subunternehmer automatisierte Sortierung von Industrieteilen","isPartOf":{"@id":"https:\/\/www.tqs-group.com\/de\/#website"},"datePublished":"2022-05-02T10:01:59+00:00","dateModified":"2023-02-07T10:48:21+00:00","description":"TQS bietet Ihnen die M\u00f6glichkeit, Franchisenehmer f\u00fcr seine technischen L\u00f6sungen f\u00fcr die Sortierung und Fehlerkontrolle von Industrieteilen zu werden. Kontaktieren Sie uns!","breadcrumb":{"@id":"https:\/\/www.tqs-group.com\/de\/franchise-sortiermaschine-fuer-industrieteile\/#breadcrumb"},"inLanguage":"de","potentialAction":[{"@type":"ReadAction","target":["https:\/\/www.tqs-group.com\/de\/franchise-sortiermaschine-fuer-industrieteile\/"]}]},{"@type":"BreadcrumbList","@id":"https:\/\/www.tqs-group.com\/de\/franchise-sortiermaschine-fuer-industrieteile\/#breadcrumb","itemListElement":[{"@type":"ListItem","position":1,"name":"Accueil","item":"https:\/\/www.tqs-group.com\/de\/"},{"@type":"ListItem","position":2,"name":"Franchise"}]},{"@type":"WebSite","@id":"https:\/\/www.tqs-group.com\/de\/#website","url":"https:\/\/www.tqs-group.com\/de\/","name":"TRI QUALITE SERVICE","description":"TQS Group","publisher":{"@id":"https:\/\/www.tqs-group.com\/de\/#organization"},"alternateName":"TQS GROUP","potentialAction":[{"@type":"SearchAction","target":{"@type":"EntryPoint","urlTemplate":"https:\/\/www.tqs-group.com\/de\/?s={search_term_string}"},"query-input":{"@type":"PropertyValueSpecification","valueRequired":true,"valueName":"search_term_string"}}],"inLanguage":"de"},{"@type":"Organization","@id":"https:\/\/www.tqs-group.com\/de\/#organization","name":"TRI QUALITE SERVICE","alternateName":"TQS GROUP","url":"https:\/\/www.tqs-group.com\/de\/","logo":{"@type":"ImageObject","inLanguage":"de","@id":"https:\/\/www.tqs-group.com\/de\/#\/schema\/logo\/image\/","url":"https:\/\/www.tqs-group.com\/wp-content\/uploads\/2022\/03\/tri-piece-usinage.png","contentUrl":"https:\/\/www.tqs-group.com\/wp-content\/uploads\/2022\/03\/tri-piece-usinage.png","width":385,"height":380,"caption":"TRI QUALITE SERVICE"},"image":{"@id":"https:\/\/www.tqs-group.com\/de\/#\/schema\/logo\/image\/"}}]}},"_links":{"self":[{"href":"https:\/\/www.tqs-group.com\/de\/wp-json\/wp\/v2\/pages\/3042","targetHints":{"allow":["GET"]}}],"collection":[{"href":"https:\/\/www.tqs-group.com\/de\/wp-json\/wp\/v2\/pages"}],"about":[{"href":"https:\/\/www.tqs-group.com\/de\/wp-json\/wp\/v2\/types\/page"}],"author":[{"embeddable":true,"href":"https:\/\/www.tqs-group.com\/de\/wp-json\/wp\/v2\/users\/1"}],"replies":[{"embeddable":true,"href":"https:\/\/www.tqs-group.com\/de\/wp-json\/wp\/v2\/comments?post=3042"}],"version-history":[{"count":11,"href":"https:\/\/www.tqs-group.com\/de\/wp-json\/wp\/v2\/pages\/3042\/revisions"}],"predecessor-version":[{"id":3417,"href":"https:\/\/www.tqs-group.com\/de\/wp-json\/wp\/v2\/pages\/3042\/revisions\/3417"}],"wp:attachment":[{"href":"https:\/\/www.tqs-group.com\/de\/wp-json\/wp\/v2\/media?parent=3042"}],"curies":[{"name":"wp","href":"https:\/\/api.w.org\/{rel}","templated":true}]}}