{"id":3062,"date":"2022-04-19T17:39:03","date_gmt":"2022-04-19T15:39:03","guid":{"rendered":"https:\/\/www.tqs-group.com\/statten-sie-sich-mit-einer-sortiermaschine-aus\/"},"modified":"2023-02-06T22:07:38","modified_gmt":"2023-02-06T21:07:38","slug":"statten-sie-sich-mit-einer-sortiermaschine-aus","status":"publish","type":"page","link":"https:\/\/www.tqs-group.com\/de\/statten-sie-sich-mit-einer-sortiermaschine-aus\/","title":{"rendered":"Ausgestattet werden"},"content":{"rendered":"<p>[vc_row][vc_column][vc_empty_space][\/vc_column][\/vc_row][vc_row el_class=&#8220;border-radius-machine-tri range-vente-machine range-vente-machine-right&#8220; css=&#8220;.vc_custom_1668435316985{background-image: url(https:\/\/www.tqs-group.com\/wp-content\/uploads\/2022\/11\/tri-automatique-piece-machine-plateau-de-verre.jpg?id=1137) !important;background-position: center !important;background-repeat: no-repeat !important;background-size: cover !important;}&#8220;][vc_column width=&#8220;1\/2&#8243; el_class=&#8220;txt-align-center-mobile&#8220;][vc_column_text el_class=&#8220;tres-gros-titre&#8220;]<\/p>\n<h2 style=\"text-align: right;\"><span class=\"uni_neuelight-font\">Unsere Maschinen mit<br \/>\nGlasplatte<\/span><\/h2>\n<p>[\/vc_column_text][vc_row_inner][vc_column_inner width=&#8220;1\/3&#8243;][\/vc_column_inner][vc_column_inner width=&#8220;2\/3&#8243;][vc_column_text]<\/p>\n<p style=\"text-align: right;\">Diese Maschine ist mit einer Glasplatte mit einem Durchmesser von 600 mm ausger\u00fcstet, die die M\u00f6glichkeit hat, \u00fcber bis zu drei Bildverarbeitungssysteme zu verf\u00fcgen&#8230;.<\/p>\n<p>[\/vc_column_text][\/vc_column_inner][\/vc_row_inner][vc_row_inner content_placement=&#8220;middle&#8220; el_class=&#8220;btn-txt-btn btn-txt-btn-g&#8220;][vc_column_inner offset=&#8220;vc_col-lg-4&#8243;][vc_btn title=&#8220;Erfahren Sie mehr&#8220; style=&#8220;custom&#8220; custom_background=&#8220;#000000&#8243; custom_text=&#8220;#f7941f&#8220; shape=&#8220;round&#8220; size=&#8220;xs&#8220; align=&#8220;center&#8220; i_align=&#8220;right&#8220; i_icon_fontawesome=&#8220;fas fa-plus&#8220; css_animation=&#8220;bounceInLeft&#8220; add_icon=&#8220;true&#8220; link=&#8220;url:https%3A%2F%2Fwww.tqs-group.com%2Fde%2Fsortiermaschine-mit-glasplatte%2F|title:Maschine%20mit%20Glasplatte&#8220; el_class=&#8220;btn-black-orange&#8220;][\/vc_column_inner][vc_column_inner offset=&#8220;vc_col-lg-4&#8243;][vc_column_text el_class=&#8220;txt-orange&#8220;]<\/p>\n<p class=\"fort\" style=\"text-align: center;\">Ab 94.500 \u20ac<\/p>\n<p>[\/vc_column_text][\/vc_column_inner][vc_column_inner offset=&#8220;vc_col-lg-4&#8243;][vc_btn title=&#8220;Kaufen&#8220; style=&#8220;custom&#8220; custom_background=&#8220;#f7941f&#8220; custom_text=&#8220;#ffffff&#8220; shape=&#8220;round&#8220; align=&#8220;center&#8220; link=&#8220;url:https%3A%2F%2Fwww.tqs-group.com%2Fde%2Fkontakt%2F|title:Kontakt|&#8220;][\/vc_column_inner][\/vc_row_inner][\/vc_column][vc_column width=&#8220;1\/2&#8243;][\/vc_column][\/vc_row][vc_row][vc_column][vc_empty_space height=&#8220;10px&#8220;][\/vc_column][\/vc_row][vc_row el_class=&#8220;border-radius-machine-tri range-vente-machine range-vente-machine-left txt-blanc&#8220; css=&#8220;.vc_custom_1658933131232{background-image: url(https:\/\/www.tqs-group.com\/wp-content\/uploads\/2022\/07\/fabricant-machine-robotisee-courant-foucault-1.jpg?id=715) !important;background-position: center !important;background-repeat: no-repeat !important;background-size: cover !important;}&#8220;][vc_column width=&#8220;1\/2&#8243;][\/vc_column][vc_column width=&#8220;1\/2&#8243; el_class=&#8220;txt-align-center-mobile&#8220;][vc_row_inner][vc_column_inner width=&#8220;2\/3&#8243;][vc_column_text el_class=&#8220;tres-gros-titre&#8220;]<\/p>\n<h2 style=\"text-align: left;\"><span class=\"uni_neuelight-font\">Unsere Maschinen<br \/>\nmit Kerbplatte<br \/>\nf\u00fcr Schrauben<\/span><\/h2>\n<p>[\/vc_column_text][vc_column_text]<\/p>\n<p style=\"text-align: left;\">Die Maschine mit Kerbplatte ist f\u00fcr die Pr\u00fcfung des Aussehens und der Abmessungen konzipiert und kann mit bis zu drei Sichtsystemen ausgestattet werden.<\/p>\n<p>[\/vc_column_text][\/vc_column_inner][vc_column_inner width=&#8220;1\/3&#8243;][\/vc_column_inner][\/vc_row_inner][vc_row_inner content_placement=&#8220;middle&#8220; el_class=&#8220;btn-txt-btn btn-txt-btn-d&#8220;][vc_column_inner offset=&#8220;vc_col-lg-4&#8243;][vc_btn title=&#8220;Erfahren Sie mehr&#8220; style=&#8220;custom&#8220; custom_background=&#8220;#000000&#8243; custom_text=&#8220;#f7941f&#8220; shape=&#8220;round&#8220; size=&#8220;xs&#8220; align=&#8220;center&#8220; i_align=&#8220;right&#8220; i_icon_fontawesome=&#8220;fas fa-plus&#8220; css_animation=&#8220;bounceInRight&#8220; add_icon=&#8220;true&#8220; link=&#8220;url:https%3A%2F%2Fwww.tqs-group.com%2Fde%2Fsortiermaschine-mit-kerbschale%2F|title:Maschine%20mit%20Kerbplatte&#8220; el_class=&#8220;btn-black-orange&#8220;][\/vc_column_inner][vc_column_inner offset=&#8220;vc_col-lg-4&#8243;][vc_column_text el_class=&#8220;txt-orange&#8220;]<\/p>\n<p class=\"fort\" style=\"text-align: center;\">Ab 127.000 \u20ac<\/p>\n<p>[\/vc_column_text][\/vc_column_inner][vc_column_inner offset=&#8220;vc_col-lg-4&#8243;][vc_btn title=&#8220;Kaufen&#8220; style=&#8220;custom&#8220; custom_background=&#8220;#f7941f&#8220; custom_text=&#8220;#ffffff&#8220; shape=&#8220;round&#8220; align=&#8220;center&#8220; link=&#8220;url:https%3A%2F%2Fwww.tqs-group.com%2Fde%2Fkontakt%2F|title:Kontakt|&#8220;][\/vc_column_inner][\/vc_row_inner][\/vc_column][\/vc_row][vc_row][vc_column][vc_empty_space height=&#8220;10px&#8220;][\/vc_column][\/vc_row][vc_row el_class=&#8220;border-radius-machine-tri range-vente-machine range-vente-machine-right&#8220; css=&#8220;.vc_custom_1658928615857{background-image: url(https:\/\/www.tqs-group.com\/wp-content\/uploads\/2022\/07\/fabricant-machine-goulotte-verre.jpg?id=703) !important;background-position: center !important;background-repeat: no-repeat !important;background-size: cover !important;}&#8220;][vc_column width=&#8220;1\/2&#8243; el_class=&#8220;txt-align-center-mobile&#8220;][vc_column_text el_class=&#8220;tres-gros-titre&#8220;]<\/p>\n<h2 style=\"text-align: right;\"><span class=\"uni_neuelight-font\">Unsere Maschinen mit<br \/>\nGlasrutsche<\/span><\/h2>\n<p>[\/vc_column_text][vc_row_inner][vc_column_inner width=&#8220;1\/3&#8243;][\/vc_column_inner][vc_column_inner width=&#8220;2\/3&#8243;][vc_column_text]<\/p>\n<p style=\"text-align: right;\">Die Maschine besteht aus einem Bildverarbeitungssystem, das die Ma\u00dfe und das Aussehen Ihrer Teile \u00fcberpr\u00fcfen kann. Diese Maschine ist mit 4 Kameras ausgestattet&#8230;<\/p>\n<p>[\/vc_column_text][\/vc_column_inner][\/vc_row_inner][vc_row_inner content_placement=&#8220;middle&#8220; el_class=&#8220;btn-txt-btn btn-txt-btn-g&#8220;][vc_column_inner offset=&#8220;vc_col-lg-4&#8243;][vc_btn title=&#8220;Erfahren Sie mehr&#8220; style=&#8220;custom&#8220; custom_background=&#8220;#000000&#8243; custom_text=&#8220;#f7941f&#8220; shape=&#8220;round&#8220; size=&#8220;xs&#8220; align=&#8220;center&#8220; i_align=&#8220;right&#8220; i_icon_fontawesome=&#8220;fas fa-plus&#8220; css_animation=&#8220;bounceInLeft&#8220; add_icon=&#8220;true&#8220; link=&#8220;url:https%3A%2F%2Fwww.tqs-group.com%2Fde%2Frutschensortiermaschine-industrieteile%2F&#8220; el_class=&#8220;btn-black-orange&#8220;][\/vc_column_inner][vc_column_inner offset=&#8220;vc_col-lg-4&#8243;][vc_column_text el_class=&#8220;txt-orange&#8220;]<\/p>\n<p class=\"fort\" style=\"text-align: center;\">Ab 120.000 \u20ac<\/p>\n<p>[\/vc_column_text][\/vc_column_inner][vc_column_inner offset=&#8220;vc_col-lg-4&#8243;][vc_btn title=&#8220;Kaufen&#8220; style=&#8220;custom&#8220; custom_background=&#8220;#f7941f&#8220; custom_text=&#8220;#ffffff&#8220; shape=&#8220;round&#8220; align=&#8220;center&#8220; link=&#8220;url:https%3A%2F%2Fwww.tqs-group.com%2Fde%2Fkontakt%2F|title:Kontakt|&#8220;][\/vc_column_inner][\/vc_row_inner][\/vc_column][vc_column width=&#8220;1\/2&#8243;][\/vc_column][\/vc_row][vc_row][vc_column][vc_empty_space height=&#8220;10px&#8220;][\/vc_column][\/vc_row][vc_row el_class=&#8220;border-radius-machine-tri range-vente-machine range-vente-machine-left txt-blanc&#8220; css=&#8220;.vc_custom_1658930327636{background-image: url(https:\/\/www.tqs-group.com\/wp-content\/uploads\/2022\/07\/fabricant-machine-goulotte-verre-1.jpg?id=709) !important;background-position: center !important;background-repeat: no-repeat !important;background-size: cover !important;}&#8220;][vc_column width=&#8220;1\/2&#8243;][\/vc_column][vc_column width=&#8220;1\/2&#8243; el_class=&#8220;txt-align-center-mobile&#8220;][vc_column_text el_class=&#8220;tres-gros-titre&#8220;]<\/p>\n<h2><span class=\"uni_neuelight-font\">Unsere Sortiermaschinen f\u00fcr Steckverbindungen<\/span><\/h2>\n<p>[\/vc_column_text][vc_row_inner][vc_column_inner width=&#8220;2\/3&#8243;][vc_column_text]Die Maschine besteht aus einem Bildverarbeitungssystem, das die Ma\u00dfe und das Aussehen Ihrer Teile \u00fcberpr\u00fcfen kann. Diese Maschine ist mit 4 Kameras ausgestattet&#8230;[\/vc_column_text][\/vc_column_inner][vc_column_inner width=&#8220;1\/3&#8243;][\/vc_column_inner][\/vc_row_inner][vc_row_inner content_placement=&#8220;middle&#8220; el_class=&#8220;btn-txt-btn btn-txt-btn-d&#8220;][vc_column_inner offset=&#8220;vc_col-lg-4&#8243;][vc_btn title=&#8220;Erfahren Sie mehr&#8220; style=&#8220;custom&#8220; custom_background=&#8220;#000000&#8243; custom_text=&#8220;#f7941f&#8220; shape=&#8220;round&#8220; size=&#8220;xs&#8220; align=&#8220;center&#8220; i_align=&#8220;right&#8220; i_icon_fontawesome=&#8220;fas fa-plus&#8220; css_animation=&#8220;bounceInRight&#8220; add_icon=&#8220;true&#8220; link=&#8220;url:https%3A%2F%2Fwww.tqs-group.com%2Fde%2Fsortiermaschine-fuer-steckverbinder%2F|&#8220; el_class=&#8220;btn-black-orange&#8220;][\/vc_column_inner][vc_column_inner offset=&#8220;vc_col-lg-4&#8243;][vc_column_text el_class=&#8220;txt-orange&#8220;]<\/p>\n<p class=\"fort\" style=\"text-align: center;\">Ab 150.000 \u20ac<\/p>\n<p>[\/vc_column_text][\/vc_column_inner][vc_column_inner offset=&#8220;vc_col-lg-4&#8243;][vc_btn title=&#8220;Kaufen&#8220; style=&#8220;custom&#8220; custom_background=&#8220;#f7941f&#8220; custom_text=&#8220;#ffffff&#8220; shape=&#8220;round&#8220; align=&#8220;center&#8220; link=&#8220;url:https%3A%2F%2Fwww.tqs-group.com%2Fde%2Fkontakt%2F|title:Kontakt|&#8220;][\/vc_column_inner][\/vc_row_inner][\/vc_column][\/vc_row][vc_row][vc_column][vc_empty_space height=&#8220;10px&#8220;][\/vc_column][\/vc_row][vc_row el_class=&#8220;border-radius-machine-tri range-vente-machine range-vente-machine-right&#8220; css=&#8220;.vc_custom_1658932319038{background-image: url(https:\/\/www.tqs-group.com\/wp-content\/uploads\/2022\/07\/concepteur-machine-plateau-verre.jpg?id=711) !important;background-position: center !important;background-repeat: no-repeat !important;background-size: cover !important;}&#8220;][vc_column width=&#8220;1\/2&#8243; el_class=&#8220;txt-align-center-mobile&#8220;][vc_column_text el_class=&#8220;tres-gros-titre&#8220;]<\/p>\n<h2 style=\"text-align: right;\"><span class=\"uni_neuelight-font\">Unsere Maschinen<br \/>\nf\u00fcr die Qualit\u00e4tskontrolle in der Uhrenindustrie<\/span><\/h2>\n<p>[\/vc_column_text][vc_row_inner][vc_column_inner width=&#8220;1\/3&#8243;][\/vc_column_inner][vc_column_inner width=&#8220;2\/3&#8243;][vc_column_text]<\/p>\n<p style=\"text-align: right;\">Diese <strong class=\"d2b\">Maschine zur Qualit\u00e4tskontrolle von Industrieteilen<\/strong> ist dem <strong class=\"d2b\">Uhrenmarkt gewidmet<\/strong> ist f\u00fcr die <strong class=\"d2b\">Kontrolle des Aussehens und der Abmessungen von Uhrenteilen konzipiert<\/strong>.<\/p>\n<p>[\/vc_column_text][\/vc_column_inner][\/vc_row_inner][vc_row_inner content_placement=&#8220;middle&#8220; el_class=&#8220;btn-txt-btn btn-txt-btn-g&#8220;][vc_column_inner offset=&#8220;vc_col-lg-4&#8243;][vc_btn title=&#8220;Erfahren Sie mehr&#8220; style=&#8220;custom&#8220; custom_background=&#8220;#000000&#8243; custom_text=&#8220;#f7941f&#8220; shape=&#8220;round&#8220; size=&#8220;xs&#8220; align=&#8220;center&#8220; i_align=&#8220;right&#8220; i_icon_fontawesome=&#8220;fas fa-plus&#8220; css_animation=&#8220;bounceInLeft&#8220; add_icon=&#8220;true&#8220; link=&#8220;url:https%3A%2F%2Fwww.tqs-group.com%2Fde%2Fmaschine-zur-qualitaetskontrolle-von-uhrenteilen%2F|&#8220; el_class=&#8220;btn-black-orange&#8220;][\/vc_column_inner][vc_column_inner offset=&#8220;vc_col-lg-4&#8243;][vc_column_text el_class=&#8220;txt-orange&#8220;]<\/p>\n<p class=\"fort\" style=\"text-align: center;\">Ab 160.000 \u20ac<\/p>\n<p>[\/vc_column_text][\/vc_column_inner][vc_column_inner offset=&#8220;vc_col-lg-4&#8243;][vc_btn title=&#8220;Kaufen&#8220; style=&#8220;custom&#8220; custom_background=&#8220;#f7941f&#8220; custom_text=&#8220;#ffffff&#8220; shape=&#8220;round&#8220; align=&#8220;center&#8220; link=&#8220;url:https%3A%2F%2Fwww.tqs-group.com%2Fde%2Fkontakt%2F|title:Kontakt|&#8220;][\/vc_column_inner][\/vc_row_inner][\/vc_column][vc_column width=&#8220;1\/2&#8243;][\/vc_column][\/vc_row][vc_row][vc_column][vc_empty_space height=&#8220;10px&#8220;][\/vc_column][\/vc_row]<\/p>\n","protected":false},"excerpt":{"rendered":"<p>[vc_row][vc_column][vc_empty_space][\/vc_column][\/vc_row][vc_row el_class=&#8220;border-radius-machine-tri range-vente-machine range-vente-machine-right&#8220; css=&#8220;.vc_custom_1668435316985{background-image: url(https:\/\/www.tqs-group.com\/wp-content\/uploads\/2022\/11\/tri-automatique-piece-machine-plateau-de-verre.jpg?id=1137) !important;background-position: center !important;background-repeat: no-repeat !important;background-size: cover !important;}&#8220;][vc_column width=&#8220;1\/2&#8243; el_class=&#8220;txt-align-center-mobile&#8220;][vc_column_text el_class=&#8220;tres-gros-titre&#8220;] Unsere Maschinen mit Glasplatte [\/vc_column_text][vc_row_inner][vc_column_inner width=&#8220;1\/3&#8243;][\/vc_column_inner][vc_column_inner width=&#8220;2\/3&#8243;][vc_column_text] Diese Maschine ist<span class=\"excerpt-hellip\"> [\u2026]<\/span><\/p>\n","protected":false},"author":1,"featured_media":0,"parent":0,"menu_order":0,"comment_status":"closed","ping_status":"closed","template":"","meta":{"footnotes":""},"class_list":["post-3062","page","type-page","status-publish","hentry"],"yoast_head":"<!-- This site is optimized with the Yoast SEO plugin v27.4 - https:\/\/yoast.com\/product\/yoast-seo-wordpress\/ -->\n<title>Sortiermaschine f\u00fcr Industrieteile<\/title>\n<meta name=\"description\" content=\"Tri Qualit\u00e9 Service verkauft Sortiermaschinen f\u00fcr Industrieteile und erm\u00f6glicht die Entwicklung von ma\u00dfgeschneiderten Maschinen. Kontaktieren Sie uns!\" \/>\n<meta name=\"robots\" content=\"index, follow, max-snippet:-1, max-image-preview:large, max-video-preview:-1\" \/>\n<link rel=\"canonical\" href=\"https:\/\/www.tqs-group.com\/de\/statten-sie-sich-mit-einer-sortiermaschine-aus\/\" \/>\n<meta property=\"og:locale\" content=\"de_DE\" \/>\n<meta property=\"og:type\" content=\"article\" \/>\n<meta property=\"og:title\" content=\"Sortiermaschine f\u00fcr Industrieteile\" \/>\n<meta property=\"og:description\" content=\"Tri Qualit\u00e9 Service verkauft Sortiermaschinen f\u00fcr Industrieteile und erm\u00f6glicht die Entwicklung von ma\u00dfgeschneiderten Maschinen. Kontaktieren Sie uns!\" \/>\n<meta property=\"og:url\" content=\"https:\/\/www.tqs-group.com\/de\/statten-sie-sich-mit-einer-sortiermaschine-aus\/\" \/>\n<meta property=\"og:site_name\" content=\"Tri qualit\u00e9 service\" \/>\n<meta property=\"article:modified_time\" content=\"2023-02-06T21:07:38+00:00\" \/>\n<meta property=\"og:image\" content=\"https:\/\/www.tqs-group.com\/wp-content\/uploads\/2022\/03\/tri-piece-usinage.png\" \/>\n\t<meta property=\"og:image:width\" content=\"385\" \/>\n\t<meta property=\"og:image:height\" content=\"380\" \/>\n\t<meta property=\"og:image:type\" content=\"image\/png\" \/>\n<meta name=\"twitter:card\" content=\"summary_large_image\" \/>\n<meta name=\"twitter:label1\" content=\"Gesch\u00e4tzte Lesezeit\" \/>\n\t<meta name=\"twitter:data1\" content=\"3\u00a0Minuten\" \/>\n<script type=\"application\/ld+json\" class=\"yoast-schema-graph\">{\"@context\":\"https:\\\/\\\/schema.org\",\"@graph\":[{\"@type\":\"WebPage\",\"@id\":\"https:\\\/\\\/www.tqs-group.com\\\/de\\\/statten-sie-sich-mit-einer-sortiermaschine-aus\\\/\",\"url\":\"https:\\\/\\\/www.tqs-group.com\\\/de\\\/statten-sie-sich-mit-einer-sortiermaschine-aus\\\/\",\"name\":\"Sortiermaschine f\u00fcr Industrieteile\",\"isPartOf\":{\"@id\":\"https:\\\/\\\/www.tqs-group.com\\\/de\\\/#website\"},\"datePublished\":\"2022-04-19T15:39:03+00:00\",\"dateModified\":\"2023-02-06T21:07:38+00:00\",\"description\":\"Tri Qualit\u00e9 Service verkauft Sortiermaschinen f\u00fcr Industrieteile und erm\u00f6glicht die Entwicklung von ma\u00dfgeschneiderten Maschinen. Kontaktieren Sie uns!\",\"breadcrumb\":{\"@id\":\"https:\\\/\\\/www.tqs-group.com\\\/de\\\/statten-sie-sich-mit-einer-sortiermaschine-aus\\\/#breadcrumb\"},\"inLanguage\":\"de\",\"potentialAction\":[{\"@type\":\"ReadAction\",\"target\":[\"https:\\\/\\\/www.tqs-group.com\\\/de\\\/statten-sie-sich-mit-einer-sortiermaschine-aus\\\/\"]}]},{\"@type\":\"BreadcrumbList\",\"@id\":\"https:\\\/\\\/www.tqs-group.com\\\/de\\\/statten-sie-sich-mit-einer-sortiermaschine-aus\\\/#breadcrumb\",\"itemListElement\":[{\"@type\":\"ListItem\",\"position\":1,\"name\":\"Accueil\",\"item\":\"https:\\\/\\\/www.tqs-group.com\\\/de\\\/\"},{\"@type\":\"ListItem\",\"position\":2,\"name\":\"Ausgestattet werden\"}]},{\"@type\":\"WebSite\",\"@id\":\"https:\\\/\\\/www.tqs-group.com\\\/de\\\/#website\",\"url\":\"https:\\\/\\\/www.tqs-group.com\\\/de\\\/\",\"name\":\"TRI QUALITE SERVICE\",\"description\":\"TQS Group\",\"publisher\":{\"@id\":\"https:\\\/\\\/www.tqs-group.com\\\/de\\\/#organization\"},\"alternateName\":\"TQS GROUP\",\"potentialAction\":[{\"@type\":\"SearchAction\",\"target\":{\"@type\":\"EntryPoint\",\"urlTemplate\":\"https:\\\/\\\/www.tqs-group.com\\\/de\\\/?s={search_term_string}\"},\"query-input\":{\"@type\":\"PropertyValueSpecification\",\"valueRequired\":true,\"valueName\":\"search_term_string\"}}],\"inLanguage\":\"de\"},{\"@type\":\"Organization\",\"@id\":\"https:\\\/\\\/www.tqs-group.com\\\/de\\\/#organization\",\"name\":\"TRI QUALITE SERVICE\",\"alternateName\":\"TQS GROUP\",\"url\":\"https:\\\/\\\/www.tqs-group.com\\\/de\\\/\",\"logo\":{\"@type\":\"ImageObject\",\"inLanguage\":\"de\",\"@id\":\"https:\\\/\\\/www.tqs-group.com\\\/de\\\/#\\\/schema\\\/logo\\\/image\\\/\",\"url\":\"https:\\\/\\\/www.tqs-group.com\\\/wp-content\\\/uploads\\\/2022\\\/03\\\/tri-piece-usinage.png\",\"contentUrl\":\"https:\\\/\\\/www.tqs-group.com\\\/wp-content\\\/uploads\\\/2022\\\/03\\\/tri-piece-usinage.png\",\"width\":385,\"height\":380,\"caption\":\"TRI QUALITE SERVICE\"},\"image\":{\"@id\":\"https:\\\/\\\/www.tqs-group.com\\\/de\\\/#\\\/schema\\\/logo\\\/image\\\/\"}}]}<\/script>\n<!-- \/ Yoast SEO plugin. -->","yoast_head_json":{"title":"Sortiermaschine f\u00fcr Industrieteile","description":"Tri Qualit\u00e9 Service verkauft Sortiermaschinen f\u00fcr Industrieteile und erm\u00f6glicht die Entwicklung von ma\u00dfgeschneiderten Maschinen. Kontaktieren Sie uns!","robots":{"index":"index","follow":"follow","max-snippet":"max-snippet:-1","max-image-preview":"max-image-preview:large","max-video-preview":"max-video-preview:-1"},"canonical":"https:\/\/www.tqs-group.com\/de\/statten-sie-sich-mit-einer-sortiermaschine-aus\/","og_locale":"de_DE","og_type":"article","og_title":"Sortiermaschine f\u00fcr Industrieteile","og_description":"Tri Qualit\u00e9 Service verkauft Sortiermaschinen f\u00fcr Industrieteile und erm\u00f6glicht die Entwicklung von ma\u00dfgeschneiderten Maschinen. Kontaktieren Sie uns!","og_url":"https:\/\/www.tqs-group.com\/de\/statten-sie-sich-mit-einer-sortiermaschine-aus\/","og_site_name":"Tri qualit\u00e9 service","article_modified_time":"2023-02-06T21:07:38+00:00","og_image":[{"width":385,"height":380,"url":"https:\/\/www.tqs-group.com\/wp-content\/uploads\/2022\/03\/tri-piece-usinage.png","type":"image\/png"}],"twitter_card":"summary_large_image","twitter_misc":{"Gesch\u00e4tzte Lesezeit":"3\u00a0Minuten"},"schema":{"@context":"https:\/\/schema.org","@graph":[{"@type":"WebPage","@id":"https:\/\/www.tqs-group.com\/de\/statten-sie-sich-mit-einer-sortiermaschine-aus\/","url":"https:\/\/www.tqs-group.com\/de\/statten-sie-sich-mit-einer-sortiermaschine-aus\/","name":"Sortiermaschine f\u00fcr Industrieteile","isPartOf":{"@id":"https:\/\/www.tqs-group.com\/de\/#website"},"datePublished":"2022-04-19T15:39:03+00:00","dateModified":"2023-02-06T21:07:38+00:00","description":"Tri Qualit\u00e9 Service verkauft Sortiermaschinen f\u00fcr Industrieteile und erm\u00f6glicht die Entwicklung von ma\u00dfgeschneiderten Maschinen. Kontaktieren Sie uns!","breadcrumb":{"@id":"https:\/\/www.tqs-group.com\/de\/statten-sie-sich-mit-einer-sortiermaschine-aus\/#breadcrumb"},"inLanguage":"de","potentialAction":[{"@type":"ReadAction","target":["https:\/\/www.tqs-group.com\/de\/statten-sie-sich-mit-einer-sortiermaschine-aus\/"]}]},{"@type":"BreadcrumbList","@id":"https:\/\/www.tqs-group.com\/de\/statten-sie-sich-mit-einer-sortiermaschine-aus\/#breadcrumb","itemListElement":[{"@type":"ListItem","position":1,"name":"Accueil","item":"https:\/\/www.tqs-group.com\/de\/"},{"@type":"ListItem","position":2,"name":"Ausgestattet werden"}]},{"@type":"WebSite","@id":"https:\/\/www.tqs-group.com\/de\/#website","url":"https:\/\/www.tqs-group.com\/de\/","name":"TRI QUALITE SERVICE","description":"TQS Group","publisher":{"@id":"https:\/\/www.tqs-group.com\/de\/#organization"},"alternateName":"TQS GROUP","potentialAction":[{"@type":"SearchAction","target":{"@type":"EntryPoint","urlTemplate":"https:\/\/www.tqs-group.com\/de\/?s={search_term_string}"},"query-input":{"@type":"PropertyValueSpecification","valueRequired":true,"valueName":"search_term_string"}}],"inLanguage":"de"},{"@type":"Organization","@id":"https:\/\/www.tqs-group.com\/de\/#organization","name":"TRI QUALITE SERVICE","alternateName":"TQS GROUP","url":"https:\/\/www.tqs-group.com\/de\/","logo":{"@type":"ImageObject","inLanguage":"de","@id":"https:\/\/www.tqs-group.com\/de\/#\/schema\/logo\/image\/","url":"https:\/\/www.tqs-group.com\/wp-content\/uploads\/2022\/03\/tri-piece-usinage.png","contentUrl":"https:\/\/www.tqs-group.com\/wp-content\/uploads\/2022\/03\/tri-piece-usinage.png","width":385,"height":380,"caption":"TRI QUALITE SERVICE"},"image":{"@id":"https:\/\/www.tqs-group.com\/de\/#\/schema\/logo\/image\/"}}]}},"_links":{"self":[{"href":"https:\/\/www.tqs-group.com\/de\/wp-json\/wp\/v2\/pages\/3062","targetHints":{"allow":["GET"]}}],"collection":[{"href":"https:\/\/www.tqs-group.com\/de\/wp-json\/wp\/v2\/pages"}],"about":[{"href":"https:\/\/www.tqs-group.com\/de\/wp-json\/wp\/v2\/types\/page"}],"author":[{"embeddable":true,"href":"https:\/\/www.tqs-group.com\/de\/wp-json\/wp\/v2\/users\/1"}],"replies":[{"embeddable":true,"href":"https:\/\/www.tqs-group.com\/de\/wp-json\/wp\/v2\/comments?post=3062"}],"version-history":[{"count":12,"href":"https:\/\/www.tqs-group.com\/de\/wp-json\/wp\/v2\/pages\/3062\/revisions"}],"predecessor-version":[{"id":3412,"href":"https:\/\/www.tqs-group.com\/de\/wp-json\/wp\/v2\/pages\/3062\/revisions\/3412"}],"wp:attachment":[{"href":"https:\/\/www.tqs-group.com\/de\/wp-json\/wp\/v2\/media?parent=3062"}],"curies":[{"name":"wp","href":"https:\/\/api.w.org\/{rel}","templated":true}]}}