{"id":3127,"date":"2022-01-27T15:13:01","date_gmt":"2022-01-27T14:13:01","guid":{"rendered":"https:\/\/www.tqs-group.com\/datenschutzrichtlinie\/"},"modified":"2023-02-01T22:52:18","modified_gmt":"2023-02-01T21:52:18","slug":"datenschutzrichtlinie","status":"publish","type":"page","link":"https:\/\/www.tqs-group.com\/de\/datenschutzrichtlinie\/","title":{"rendered":"Datenschutzrichtlinie"},"content":{"rendered":"<p>[vc_row][vc_column][vc_column_text]<\/p>\n<p>Wir nehmen Ihre Privatsph\u00e4re sehr ernst!<\/p>\n<p>Vielen Dank, dass Sie unsere Websites und Dienstleistungen nutzen. Wie Sie glauben auch wir, dass pers\u00f6nliche Integrit\u00e4t wichtig ist und nehmen Ihre Privatsph\u00e4re ernst. Diese Datenschutzrichtlinie ist f\u00fcr jede nat\u00fcrliche Person relevant, die ihre pers\u00f6nlichen Daten direkt oder indirekt mit Tri Qualit\u00e9 Service teilt, indem sie unsere Websites besucht oder unsere Dienstleistungen nutzt.<\/p>\n<p>Tri Qqualit\u00e9 Service ist ein Unternehmen mit Sitz in <span class=\"s-text-color-blue\"><strong>Frankreich<\/strong><\/span> und als solches halten wir uns an die <span class=\"s-text-color-blue\"><strong>franz\u00f6sische<\/strong><\/span> Gesetzgebung zum Schutz pers\u00f6nlicher Informationen (1998: 204), die die europ\u00e4ische Datenschutzrichtlinie, die so genannte RGPD, umsetzt.<\/p>\n<p>Unser Hauptsitz befindet sich in 150, rue des Techniques<br \/>\n74970 Marignier &#8211; Frankreich.<\/p>\n<p>Z\u00f6gern Sie nicht, uns Ihre Fragen oder Bedenken bez\u00fcglich des Datenschutzes unter folgender Adresse mitzuteilen: contact@triqualiteservice.com<\/p>\n<p>In dieser Datenschutzrichtlinie erkl\u00e4ren wir, welche Arten von personenbezogenen Daten wir zu welchem Zweck verarbeiten k\u00f6nnen. Au\u00dferdem erl\u00e4utern wir, welche Wahlm\u00f6glichkeiten Sie in Bezug auf unsere Verarbeitung haben bzw. wie Sie sich \u00fcber unsere Verarbeitung und Ihre Rechte informieren k\u00f6nnen.<\/p>\n<p>&nbsp;<\/p>\n<h2>UMFANG DER DATENSCHUTZERKL\u00c4RUNG<\/h2>\n<p>Bitte beachten Sie, dass diese Datenschutzerkl\u00e4rung sich auf die Verarbeitung von personenbezogenen Daten bezieht, f\u00fcr die Tri qualit\u00e9 service als Verantwortlicher f\u00fcr die Verarbeitung fungiert, d. h. in F\u00e4llen, in denen Tri qualit\u00e9 service \u00fcber die Zwecke und Mittel der Verarbeitung entschieden hat.<\/p>\n<p>Um Zweifel auszuschlie\u00dfen, gilt diese Datenschutzerkl\u00e4rung nicht f\u00fcr eine Verarbeitung personenbezogener Daten durch Tri qualit\u00e9 service als Subunternehmer, die sich aus Ihrer Nutzung unserer Dienste ergibt.<\/p>\n<p>Um weitere Informationen zu erhalten, wie unsere Dienstleistungen verwendet werden k\u00f6nnen, um Ihre Verarbeitung personenbezogener Daten zu verbessern, und zu den diesbez\u00fcglichen Verantwortlichkeiten und Verpflichtungen von Tri qualit\u00e9 service, lesen Sie bitte die betreffenden Bedingungen durch.<\/p>\n<p>&nbsp;<\/p>\n<h2>VERARBEITETE PERSONENBEZOGENE DATEN<\/h2>\n<p>Personenbezogene Daten sind Daten, die Sie als eine nat\u00fcrliche Person identifizieren. Wir k\u00f6nnen die folgenden Arten von personenbezogenen Daten \u00fcber Sie verarbeiten:<\/p>\n<ul>\n<li>Ihre Kontaktdaten einschlie\u00dflich Ihres Namens, der E-Mail-Adresse und der Telefonnummer<\/li>\n<li>Benutzerinformationen, z. B. wenn Sie sich bei unserem Service anmelden oder unsere Websites besuchen. Diese Informationen k\u00f6nnen die IP-Nummer, den Ger\u00e4tetyp und den Browser, die Zeitzone, den geografischen Standort sowie Ihre Interessen und Pr\u00e4ferenzen bez\u00fcglich Ihrer Interaktion mit unseren Diensten umfassen, z. B. verwendete Funktionen und angeklickte Schaltfl\u00e4chen<\/li>\n<li>Andere Informationen, die wir \u00fcber Ihre Kontakte erhalten<\/li>\n<\/ul>\n<p>&nbsp;<\/p>\n<h2>ZWECKE DER VERARBEITUNG<\/h2>\n<p>Wir verarbeiten Ihre personenbezogenen Daten zu folgenden Zwecken:<\/p>\n<ul>\n<li>Die Bereitstellung unserer Dienstleistungen entspricht den geltenden Bedingungen<\/li>\n<li>Verwaltung der Gesch\u00e4ftsbeziehung mit Ihnen und dem von Ihnen vertretenen Kunden von Tri Qualit\u00e9 Service<\/li>\n<li>Entwicklung und Verbesserung unserer Dienstleistungen<\/li>\n<li>Zur Bereitstellung von Informationen und Angeboten an aktuelle oder potenzielle Kunden von Tri qualit\u00e9 service \u00fcber unsere Dienstleistungen durch ausgew\u00e4hlte Dritte. Um Missverst\u00e4ndnisse zu vermeiden, werden alle Marketingmaterialien, die mit Ihren pers\u00f6nlichen Daten verteilt werden, an Sie als aktuellen oder potenziellen Tri qualit\u00e9 Service-Kundenbetreuer und nicht an Sie als Privatperson gesendet.<\/li>\n<\/ul>\n<p>&nbsp;<\/p>\n<h2>AUSTAUSCH MIT DRITTEN UND \u00dcBERTRAGUNG IN DRITTL\u00c4NDER<\/h2>\n<p>Wir k\u00f6nnen personenbezogene Daten zu den oben erl\u00e4uterten Zwecken an Dritte weitergeben. Um jeden Zweifel auszuschlie\u00dfen, werden wir personenbezogene Daten nicht an Dritte weitergeben, damit diese Dritte personenbezogene Daten f\u00fcr Direktmarketingzwecke in Verbindung mit Ihnen als Einzelperson verwenden, sondern nur mit Ihnen als Kundenvertreter oder potenzieller Sortierdienstleister.<\/p>\n<p>Wir k\u00f6nnen personenbezogene Daten in ein Land au\u00dferhalb des EWR \u00fcbermitteln, m\u00fcssen aber zun\u00e4chst Ihre Zustimmung einholen oder durch andere Vorkehrungen sicherstellen, dass die \u00dcbermittlung legal und sicher ist.<\/p>\n<p>ergessen Sie, wie oben erl\u00e4utert, nicht, dass diese Datenschutzerkl\u00e4rung nicht die Datenverarbeitung betrifft, f\u00fcr die Sie infolge der Nutzung unserer Dienste verantwortlich sein k\u00f6nnen. Sie oder die Partei, die Sie vertreten, sind immer f\u00fcr die Verarbeitung personenbezogener Daten im Einklang mit dem geltenden Recht verantwortlich.<\/p>\n<p>&nbsp;<\/p>\n<h2>IHRE RECHTE<\/h2>\n<p>Wir sind verpflichtet, spezifische, relevante und notwendige personenbezogene Daten zu verarbeiten, wobei wir unsere legitimen Zwecke ber\u00fccksichtigen. Es ist Ihr Recht, uns zu kontrollieren.<br \/>\nUm die von uns verarbeiteten personenbezogenen Daten zu aktualisieren, wenden Sie sich bitte an contact@triqualiteservice.com. Wenn Sie einen kostenlosen Auszug Ihrer personenbezogenen Daten, die wir verarbeiten, erhalten m\u00f6chten, senden Sie uns ein unterzeichnetes Schreiben an die <span class=\"s-text-color-blue\">Adresse von Tri Qualit\u00e9 Service<\/span>.<\/p>\n<p>&nbsp;<\/p>\n<h2>VERWALTUNG VON COOKIES<\/h2>\n<p>Wir verwenden Cookies aus verschiedenen Gr\u00fcnden. Sie k\u00f6nnen Ihre Auswahl jederzeit \u00e4ndern, indem Sie auf das Symbol unten rechts auf der Seite klicken.<\/p>\n<p>F\u00fcr das Funktionieren der Website notwendige Cookies<\/p>\n<p>Diese Cookies erm\u00f6glichen es im Wesentlichen, Spam zu erkennen und die Sicherheit der Website zu verbessern, deren Daten in Frankreich gespeichert werden. Sie sind f\u00fcr das Funktionieren der Website obligatorisch und enthalten keine verwertbaren pers\u00f6nlichen Daten.<\/p>\n<p>Cookies zur Messung des Traffic<\/p>\n<p>Es werden zwei Arten von Cookies verwendet, eine Art f\u00fcr eine anonymisierte R\u00fcckverfolgung (in Frankreich gespeicherte Daten) und die andere f\u00fcr eine R\u00fcckverfolgung \u00fcber das Google Analytics-Tool (in den Vereinigten Staaten gespeicherte Daten), die je nach Ihrer Wahl aktiviert oder deaktiviert werden k\u00f6nnen.<\/p>\n<p>Pr\u00e4ferenz-Cookies<\/p>\n<p>Diese Cookies werden verwendet, um Ihnen Inhalte zu pr\u00e4sentieren, die Ihren Surfgewohnheiten entsprechen.<br \/>\nDiese Cookies werden vor allem von Youtube (Daten in den USA gespeichert) verwendet, um die aufgerufenen Videos zu verfolgen.<\/p>\n<p>[\/vc_column_text][\/vc_column][\/vc_row][vc_row][vc_column][vc_raw_html]PGlmcmFtZSBzdHlsZT0iYm9yZGVyOiAwOyBoZWlnaHQ6IDIwMHB4OyB3aWR0aDogMTAwJTsiIHNyYz0iaHR0cHM6Ly9hbmFseXRpY3MuZDJiY29uc3VsdGluZy5mci9pbmRleC5waHA\/bW9kdWxlPUNvcmVBZG1pbkhvbWUmYW1wO2FjdGlvbj1vcHRPdXQmYW1wO2xhbmd1YWdlPWZyJmFtcDtiYWNrZ3JvdW5kQ29sb3I9ZmZmZmZmJmFtcDtmb250Q29sb3I9JmFtcDtmb250U2l6ZT0xNXB4JmFtcDtmb250RmFtaWx5PSdPcGVuJTIwU2FucycsJTIwc2Fucy1zZXJpZiI+PC9pZnJhbWU+[\/vc_raw_html][\/vc_column][\/vc_row]<\/p>\n","protected":false},"excerpt":{"rendered":"<p>[vc_row][vc_column][vc_column_text] Wir nehmen Ihre Privatsph\u00e4re sehr ernst! Vielen Dank, dass Sie unsere Websites und Dienstleistungen nutzen. Wie Sie glauben auch wir, dass pers\u00f6nliche Integrit\u00e4t wichtig ist<span class=\"excerpt-hellip\"> [\u2026]<\/span><\/p>\n","protected":false},"author":1,"featured_media":0,"parent":0,"menu_order":0,"comment_status":"closed","ping_status":"closed","template":"","meta":{"footnotes":""},"class_list":["post-3127","page","type-page","status-publish","hentry"],"yoast_head":"<!-- This site is optimized with the Yoast SEO plugin v27.4 - https:\/\/yoast.com\/product\/yoast-seo-wordpress\/ -->\n<title>Datenschutzrichtlinie von Tri qualit\u00e9 service<\/title>\n<meta name=\"robots\" content=\"index, follow, max-snippet:-1, max-image-preview:large, max-video-preview:-1\" \/>\n<link rel=\"canonical\" href=\"https:\/\/www.tqs-group.com\/de\/datenschutzrichtlinie\/\" \/>\n<meta property=\"og:locale\" content=\"de_DE\" \/>\n<meta property=\"og:type\" content=\"article\" \/>\n<meta property=\"og:title\" content=\"Datenschutzrichtlinie von Tri qualit\u00e9 service\" \/>\n<meta property=\"og:description\" content=\"[vc_row][vc_column][vc_column_text] Wir nehmen Ihre Privatsph\u00e4re sehr ernst! Vielen Dank, dass Sie unsere Websites und Dienstleistungen nutzen. Wie Sie glauben auch wir, dass pers\u00f6nliche Integrit\u00e4t wichtig ist [\u2026]\" \/>\n<meta property=\"og:url\" content=\"https:\/\/www.tqs-group.com\/de\/datenschutzrichtlinie\/\" \/>\n<meta property=\"og:site_name\" content=\"Tri qualit\u00e9 service\" \/>\n<meta property=\"article:modified_time\" content=\"2023-02-01T21:52:18+00:00\" \/>\n<meta property=\"og:image\" content=\"https:\/\/www.tqs-group.com\/wp-content\/uploads\/2022\/03\/tri-piece-usinage.png\" \/>\n\t<meta property=\"og:image:width\" content=\"385\" \/>\n\t<meta property=\"og:image:height\" content=\"380\" \/>\n\t<meta property=\"og:image:type\" content=\"image\/png\" \/>\n<meta name=\"twitter:card\" content=\"summary_large_image\" \/>\n<meta name=\"twitter:label1\" content=\"Gesch\u00e4tzte Lesezeit\" \/>\n\t<meta name=\"twitter:data1\" content=\"5\u00a0Minuten\" \/>\n<script type=\"application\/ld+json\" class=\"yoast-schema-graph\">{\"@context\":\"https:\\\/\\\/schema.org\",\"@graph\":[{\"@type\":\"WebPage\",\"@id\":\"https:\\\/\\\/www.tqs-group.com\\\/de\\\/datenschutzrichtlinie\\\/\",\"url\":\"https:\\\/\\\/www.tqs-group.com\\\/de\\\/datenschutzrichtlinie\\\/\",\"name\":\"Datenschutzrichtlinie von Tri qualit\u00e9 service\",\"isPartOf\":{\"@id\":\"https:\\\/\\\/www.tqs-group.com\\\/de\\\/#website\"},\"datePublished\":\"2022-01-27T14:13:01+00:00\",\"dateModified\":\"2023-02-01T21:52:18+00:00\",\"breadcrumb\":{\"@id\":\"https:\\\/\\\/www.tqs-group.com\\\/de\\\/datenschutzrichtlinie\\\/#breadcrumb\"},\"inLanguage\":\"de\",\"potentialAction\":[{\"@type\":\"ReadAction\",\"target\":[\"https:\\\/\\\/www.tqs-group.com\\\/de\\\/datenschutzrichtlinie\\\/\"]}]},{\"@type\":\"BreadcrumbList\",\"@id\":\"https:\\\/\\\/www.tqs-group.com\\\/de\\\/datenschutzrichtlinie\\\/#breadcrumb\",\"itemListElement\":[{\"@type\":\"ListItem\",\"position\":1,\"name\":\"Accueil\",\"item\":\"https:\\\/\\\/www.tqs-group.com\\\/de\\\/\"},{\"@type\":\"ListItem\",\"position\":2,\"name\":\"Datenschutzrichtlinie\"}]},{\"@type\":\"WebSite\",\"@id\":\"https:\\\/\\\/www.tqs-group.com\\\/de\\\/#website\",\"url\":\"https:\\\/\\\/www.tqs-group.com\\\/de\\\/\",\"name\":\"TRI QUALITE SERVICE\",\"description\":\"TQS Group\",\"publisher\":{\"@id\":\"https:\\\/\\\/www.tqs-group.com\\\/de\\\/#organization\"},\"alternateName\":\"TQS GROUP\",\"potentialAction\":[{\"@type\":\"SearchAction\",\"target\":{\"@type\":\"EntryPoint\",\"urlTemplate\":\"https:\\\/\\\/www.tqs-group.com\\\/de\\\/?s={search_term_string}\"},\"query-input\":{\"@type\":\"PropertyValueSpecification\",\"valueRequired\":true,\"valueName\":\"search_term_string\"}}],\"inLanguage\":\"de\"},{\"@type\":\"Organization\",\"@id\":\"https:\\\/\\\/www.tqs-group.com\\\/de\\\/#organization\",\"name\":\"TRI QUALITE SERVICE\",\"alternateName\":\"TQS GROUP\",\"url\":\"https:\\\/\\\/www.tqs-group.com\\\/de\\\/\",\"logo\":{\"@type\":\"ImageObject\",\"inLanguage\":\"de\",\"@id\":\"https:\\\/\\\/www.tqs-group.com\\\/de\\\/#\\\/schema\\\/logo\\\/image\\\/\",\"url\":\"https:\\\/\\\/www.tqs-group.com\\\/wp-content\\\/uploads\\\/2022\\\/03\\\/tri-piece-usinage.png\",\"contentUrl\":\"https:\\\/\\\/www.tqs-group.com\\\/wp-content\\\/uploads\\\/2022\\\/03\\\/tri-piece-usinage.png\",\"width\":385,\"height\":380,\"caption\":\"TRI QUALITE SERVICE\"},\"image\":{\"@id\":\"https:\\\/\\\/www.tqs-group.com\\\/de\\\/#\\\/schema\\\/logo\\\/image\\\/\"}}]}<\/script>\n<!-- \/ Yoast SEO plugin. -->","yoast_head_json":{"title":"Datenschutzrichtlinie von Tri qualit\u00e9 service","robots":{"index":"index","follow":"follow","max-snippet":"max-snippet:-1","max-image-preview":"max-image-preview:large","max-video-preview":"max-video-preview:-1"},"canonical":"https:\/\/www.tqs-group.com\/de\/datenschutzrichtlinie\/","og_locale":"de_DE","og_type":"article","og_title":"Datenschutzrichtlinie von Tri qualit\u00e9 service","og_description":"[vc_row][vc_column][vc_column_text] Wir nehmen Ihre Privatsph\u00e4re sehr ernst! Vielen Dank, dass Sie unsere Websites und Dienstleistungen nutzen. Wie Sie glauben auch wir, dass pers\u00f6nliche Integrit\u00e4t wichtig ist [\u2026]","og_url":"https:\/\/www.tqs-group.com\/de\/datenschutzrichtlinie\/","og_site_name":"Tri qualit\u00e9 service","article_modified_time":"2023-02-01T21:52:18+00:00","og_image":[{"width":385,"height":380,"url":"https:\/\/www.tqs-group.com\/wp-content\/uploads\/2022\/03\/tri-piece-usinage.png","type":"image\/png"}],"twitter_card":"summary_large_image","twitter_misc":{"Gesch\u00e4tzte Lesezeit":"5\u00a0Minuten"},"schema":{"@context":"https:\/\/schema.org","@graph":[{"@type":"WebPage","@id":"https:\/\/www.tqs-group.com\/de\/datenschutzrichtlinie\/","url":"https:\/\/www.tqs-group.com\/de\/datenschutzrichtlinie\/","name":"Datenschutzrichtlinie von Tri qualit\u00e9 service","isPartOf":{"@id":"https:\/\/www.tqs-group.com\/de\/#website"},"datePublished":"2022-01-27T14:13:01+00:00","dateModified":"2023-02-01T21:52:18+00:00","breadcrumb":{"@id":"https:\/\/www.tqs-group.com\/de\/datenschutzrichtlinie\/#breadcrumb"},"inLanguage":"de","potentialAction":[{"@type":"ReadAction","target":["https:\/\/www.tqs-group.com\/de\/datenschutzrichtlinie\/"]}]},{"@type":"BreadcrumbList","@id":"https:\/\/www.tqs-group.com\/de\/datenschutzrichtlinie\/#breadcrumb","itemListElement":[{"@type":"ListItem","position":1,"name":"Accueil","item":"https:\/\/www.tqs-group.com\/de\/"},{"@type":"ListItem","position":2,"name":"Datenschutzrichtlinie"}]},{"@type":"WebSite","@id":"https:\/\/www.tqs-group.com\/de\/#website","url":"https:\/\/www.tqs-group.com\/de\/","name":"TRI QUALITE SERVICE","description":"TQS Group","publisher":{"@id":"https:\/\/www.tqs-group.com\/de\/#organization"},"alternateName":"TQS GROUP","potentialAction":[{"@type":"SearchAction","target":{"@type":"EntryPoint","urlTemplate":"https:\/\/www.tqs-group.com\/de\/?s={search_term_string}"},"query-input":{"@type":"PropertyValueSpecification","valueRequired":true,"valueName":"search_term_string"}}],"inLanguage":"de"},{"@type":"Organization","@id":"https:\/\/www.tqs-group.com\/de\/#organization","name":"TRI QUALITE SERVICE","alternateName":"TQS GROUP","url":"https:\/\/www.tqs-group.com\/de\/","logo":{"@type":"ImageObject","inLanguage":"de","@id":"https:\/\/www.tqs-group.com\/de\/#\/schema\/logo\/image\/","url":"https:\/\/www.tqs-group.com\/wp-content\/uploads\/2022\/03\/tri-piece-usinage.png","contentUrl":"https:\/\/www.tqs-group.com\/wp-content\/uploads\/2022\/03\/tri-piece-usinage.png","width":385,"height":380,"caption":"TRI QUALITE SERVICE"},"image":{"@id":"https:\/\/www.tqs-group.com\/de\/#\/schema\/logo\/image\/"}}]}},"_links":{"self":[{"href":"https:\/\/www.tqs-group.com\/de\/wp-json\/wp\/v2\/pages\/3127","targetHints":{"allow":["GET"]}}],"collection":[{"href":"https:\/\/www.tqs-group.com\/de\/wp-json\/wp\/v2\/pages"}],"about":[{"href":"https:\/\/www.tqs-group.com\/de\/wp-json\/wp\/v2\/types\/page"}],"author":[{"embeddable":true,"href":"https:\/\/www.tqs-group.com\/de\/wp-json\/wp\/v2\/users\/1"}],"replies":[{"embeddable":true,"href":"https:\/\/www.tqs-group.com\/de\/wp-json\/wp\/v2\/comments?post=3127"}],"version-history":[{"count":4,"href":"https:\/\/www.tqs-group.com\/de\/wp-json\/wp\/v2\/pages\/3127\/revisions"}],"predecessor-version":[{"id":3140,"href":"https:\/\/www.tqs-group.com\/de\/wp-json\/wp\/v2\/pages\/3127\/revisions\/3140"}],"wp:attachment":[{"href":"https:\/\/www.tqs-group.com\/de\/wp-json\/wp\/v2\/media?parent=3127"}],"curies":[{"name":"wp","href":"https:\/\/api.w.org\/{rel}","templated":true}]}}