{"id":1529,"date":"2022-09-09T09:27:05","date_gmt":"2022-09-09T07:27:05","guid":{"rendered":"https:\/\/www.tqs-group.com\/legal-information\/"},"modified":"2023-02-02T21:40:29","modified_gmt":"2023-02-02T20:40:29","slug":"legal-information","status":"publish","type":"page","link":"https:\/\/www.tqs-group.com\/en\/legal-information\/","title":{"rendered":"Legal information"},"content":{"rendered":"<p>[vc_row][vc_column][vc_column_text]<\/p>\n<h2>Website publisher<\/h2>\n<p>Le site <a href=\"https:\/\/www.tqs-group.com\/en\/\">https:\/\/www.tqs-group.com<\/a> is the property of the company Tri Qualit\u00e9 Service, SARL with capital of \u20ac200,000<br \/>\nSiret: 47814420700048<\/p>\n<p>&nbsp;<\/p>\n<h2>Contact<\/h2>\n<p>Tri Qualit\u00e9 Service<br \/>\n150, rue des Techniques<br \/>\n74970 Marignier &#8211; Haute-Savoie &#8211; FRANCE<br \/>\nPhone: +33 4 50 96 74 60<br \/>\nEmail: contact@triqualiteservice.com<\/p>\n<p>&nbsp;<\/p>\n<h2>SEO and website creation<\/h2>\n<p>Referencing and integration of content &#8211; <a href=\"https:\/\/www.d2bconsulting.fr\/ rel=nofollow\" target=\"_blank\" rel=\"noopener\">D2B Consulting<\/a>, 3 rue Louis Gattefoss\u00e9, 69800 &#8211; St Priest &#8211; France<\/p>\n<p>Website design &#8211; <a href=\"https:\/\/www.pepperstudio.com\/\" target=\"_blank\" rel=\"nofollow noopener noreferrer\">Pepper Studio<\/a>, 25 rue du Faucigny, 74 700 Sallanches &#8211; France<\/p>\n<p>&nbsp;<\/p>\n<h2>Website hosting<\/h2>\n<p>Company: 1&amp;1<br \/>\nAddress: 7 place de la gare, 57700 Sarreguemines &#8211; France<br \/>\nPhone: +33 970 808 911<\/p>\n<p>&nbsp;<\/p>\n<h2>Legal dispositions<\/h2>\n<p>This website and the processing of personal data collected by this site are the subject of a declaration to CNIL. As provided by the &#8220;Data Protection Act&#8221; of 6 January 1978, you have the right to access, modify, rectify and delete personal data about you. You can exercise this right by simple written request (email or hard copy mail).<\/p>\n<p>The information disseminated on this site and more widely on domain names owned by Tri Qualit\u00e9 Service is provided for informational purposes only. Tri Qualit\u00e9 Service compiles and produces this content from different concordant sources. Tri Qualit\u00e9 Service cannot be held responsible for the veracity and relevance of the content or the use and exploitation the user of the site might make of it.<\/p>\n<p>Any reproduction, modification, publication or copy, total or partial, of the content presented on the domains of D2b Consulting, by any process whatsoever and whatever the medium, is prohibited.<\/p>\n<p>&nbsp;<\/p>\n<h2>GDPR provisions<\/h2>\n<div class=\"s-block-item s-repeatable-item s-block-sortable-item rich-text\">\n<div>\n<div>\n<div class=\"s-block-item-inner clearfix\">\n<div class=\" columns sixteen\">\n<div class=\"s-component s-text\">\n<div class=\"s-component-content s-font-body\">\n<p>Tri Qualit\u00e9 Service is responsible for processing the data collected on the <a href=\"https:\/\/www.tqs-group.com\/en\/\"><strong>Tri Qualit\u00e9 Service<\/strong><\/a> website<\/p>\n<p>The user is notably informed that, in accordance with article 32 of the Data Protection Act of 6 January 1978 as amended and the General Data Protection Regulations of 27 April 2016, the information it communicates by the forms present on the Tri Qualit\u00e9 Service website is necessary to respond to their request and intended for the services in charge of responding to their request for the purpose of following up such request.<\/p>\n<p>In accordance with the \u201cData Protection Act\u201d of 6 January 1978 in its latest version and the General Data Protection Regulations (GDPR) of 27 April 2016, the user has a right of access, rectification and deletion, limitation, opposition and portability of information about them, which they can exercise by contacting Tri Qualit\u00e9 Service, 150, rue des techniques, 74970 Marignier &#8211; FRANCE, or by email <a href=\"mailto:contact@triqualiteservice.com\">contact@triqualiteservice.com<\/a>, specifying in the subject of the email &#8220;Right of individuals&#8221; and attaching a copy of their proof of identity.<\/p>\n<p>You also have the right to provide instructions on the fate of your data after your death.<\/p>\n<p>The user is informed that during visits to the Site https:\/\/www.tqs-group.com, a cookie may be installed on their browser software, once the latter has given their consent.<\/p>\n<p>The information collected on this site will be kept for a period of three years.<\/p>\n<p>A cookie is a block of data that does not identify users but is used to record information relating to their browsing on the site. The configuration of the browsing software provides information about the presence of cookies and the option to refuse them in the manner described at the following address www.cnil.fr.<\/p>\n<p>The user has a right of access, withdrawal and modification of the personal data communicated by means of cookies under the conditions indicated above.<\/p>\n<p>The user of the Tri Qualit\u00e9 Service site is required to comply with the provisions of the Data Protection Act of 6 January 1978 as amended, the violation of which is punishable by criminal penalties. In particular, they must refrain, with regard to the personal information to which they have access, from any collection, misuse and, in general, from any act likely to infringe the privacy or reputation of individuals.<\/p>\n<\/div>\n<\/div>\n<\/div>\n<\/div>\n<\/div>\n<\/div>\n<\/div>\n<p><a style=\"color: #c8c8c8;\" href=\"https:\/\/www.tqs-group.com\/en\/privacy-policy\/\">Management of cookies<\/a><\/p>\n<p>&nbsp;<\/p>\n<h2>Links from and to this content<\/h2>\n<p>The content of Tri Qualit\u00e9 Service domains may include links to other sites or other internet content, which is not the property of Tri Qualit\u00e9 Service. Consequently, Tri Qualit\u00e9 Service cannot be held responsible for this content and the operation of these sites (cookies, collection of personal data, etc.).<\/p>\n<p>It is possible to create links to content compiled or produced by Tri Qualit\u00e9 Service. To optimize these links for the benefit of the 2 sites, Tri Qualit\u00e9 Service may be required to request a modification in the creation of the link (keywords, URL, etc.).<\/p>\n<p>&nbsp;<\/p>\n<h2>Copyright<\/h2>\n<p>All rights of reproduction and distribution reserved. \u00a9 Tri Qualit\u00e9 Service 2022.[\/vc_column_text][\/vc_column][\/vc_row]<\/p>\n","protected":false},"excerpt":{"rendered":"<p>[vc_row][vc_column][vc_column_text] Website publisher Le site https:\/\/www.tqs-group.com is the property of the company Tri Qualit\u00e9 Service, SARL with capital of \u20ac200,000 Siret: 47814420700048 &nbsp; Contact Tri Qualit\u00e9<span class=\"excerpt-hellip\"> [\u2026]<\/span><\/p>\n","protected":false},"author":1,"featured_media":0,"parent":0,"menu_order":0,"comment_status":"closed","ping_status":"closed","template":"","meta":{"footnotes":""},"class_list":["post-1529","page","type-page","status-publish","hentry"],"yoast_head":"<!-- This site is optimized with the Yoast SEO plugin v27.4 - https:\/\/yoast.com\/product\/yoast-seo-wordpress\/ -->\n<title>Legal notice Tri Qualit\u00e9 Service, automatic sorting of industrial parts<\/title>\n<meta name=\"description\" content=\"Consult the legal information of TQS, a company specializing in automatic part sorting in France.\" \/>\n<meta name=\"robots\" content=\"index, follow, max-snippet:-1, max-image-preview:large, max-video-preview:-1\" \/>\n<link rel=\"canonical\" href=\"https:\/\/www.tqs-group.com\/en\/legal-information\/\" \/>\n<meta property=\"og:locale\" content=\"en_US\" \/>\n<meta property=\"og:type\" content=\"article\" \/>\n<meta property=\"og:title\" content=\"Legal notice Tri Qualit\u00e9 Service, automatic sorting of industrial parts\" \/>\n<meta property=\"og:description\" content=\"Consult the legal information of TQS, a company specializing in automatic part sorting in France.\" \/>\n<meta property=\"og:url\" content=\"https:\/\/www.tqs-group.com\/en\/legal-information\/\" \/>\n<meta property=\"og:site_name\" content=\"Tri qualit\u00e9 service\" \/>\n<meta property=\"article:modified_time\" content=\"2023-02-02T20:40:29+00:00\" \/>\n<meta property=\"og:image\" content=\"https:\/\/www.tqs-group.com\/wp-content\/uploads\/2022\/03\/tri-piece-usinage.png\" \/>\n\t<meta property=\"og:image:width\" content=\"385\" \/>\n\t<meta property=\"og:image:height\" content=\"380\" \/>\n\t<meta property=\"og:image:type\" content=\"image\/png\" \/>\n<meta name=\"twitter:card\" content=\"summary_large_image\" \/>\n<meta name=\"twitter:label1\" content=\"Est. reading time\" \/>\n\t<meta name=\"twitter:data1\" content=\"4 minutes\" \/>\n<script type=\"application\/ld+json\" class=\"yoast-schema-graph\">{\"@context\":\"https:\\\/\\\/schema.org\",\"@graph\":[{\"@type\":\"WebPage\",\"@id\":\"https:\\\/\\\/www.tqs-group.com\\\/en\\\/legal-information\\\/\",\"url\":\"https:\\\/\\\/www.tqs-group.com\\\/en\\\/legal-information\\\/\",\"name\":\"Legal notice Tri Qualit\u00e9 Service, automatic sorting of industrial parts\",\"isPartOf\":{\"@id\":\"https:\\\/\\\/www.tqs-group.com\\\/en\\\/#website\"},\"datePublished\":\"2022-09-09T07:27:05+00:00\",\"dateModified\":\"2023-02-02T20:40:29+00:00\",\"description\":\"Consult the legal information of TQS, a company specializing in automatic part sorting in France.\",\"breadcrumb\":{\"@id\":\"https:\\\/\\\/www.tqs-group.com\\\/en\\\/legal-information\\\/#breadcrumb\"},\"inLanguage\":\"en-US\",\"potentialAction\":[{\"@type\":\"ReadAction\",\"target\":[\"https:\\\/\\\/www.tqs-group.com\\\/en\\\/legal-information\\\/\"]}]},{\"@type\":\"BreadcrumbList\",\"@id\":\"https:\\\/\\\/www.tqs-group.com\\\/en\\\/legal-information\\\/#breadcrumb\",\"itemListElement\":[{\"@type\":\"ListItem\",\"position\":1,\"name\":\"Accueil\",\"item\":\"https:\\\/\\\/www.tqs-group.com\\\/en\\\/\"},{\"@type\":\"ListItem\",\"position\":2,\"name\":\"Legal information\"}]},{\"@type\":\"WebSite\",\"@id\":\"https:\\\/\\\/www.tqs-group.com\\\/en\\\/#website\",\"url\":\"https:\\\/\\\/www.tqs-group.com\\\/en\\\/\",\"name\":\"TRI QUALITE SERVICE\",\"description\":\"TQS Group\",\"publisher\":{\"@id\":\"https:\\\/\\\/www.tqs-group.com\\\/en\\\/#organization\"},\"alternateName\":\"TQS GROUP\",\"potentialAction\":[{\"@type\":\"SearchAction\",\"target\":{\"@type\":\"EntryPoint\",\"urlTemplate\":\"https:\\\/\\\/www.tqs-group.com\\\/en\\\/?s={search_term_string}\"},\"query-input\":{\"@type\":\"PropertyValueSpecification\",\"valueRequired\":true,\"valueName\":\"search_term_string\"}}],\"inLanguage\":\"en-US\"},{\"@type\":\"Organization\",\"@id\":\"https:\\\/\\\/www.tqs-group.com\\\/en\\\/#organization\",\"name\":\"TRI QUALITE SERVICE\",\"alternateName\":\"TQS GROUP\",\"url\":\"https:\\\/\\\/www.tqs-group.com\\\/en\\\/\",\"logo\":{\"@type\":\"ImageObject\",\"inLanguage\":\"en-US\",\"@id\":\"https:\\\/\\\/www.tqs-group.com\\\/en\\\/#\\\/schema\\\/logo\\\/image\\\/\",\"url\":\"https:\\\/\\\/www.tqs-group.com\\\/wp-content\\\/uploads\\\/2022\\\/03\\\/tri-piece-usinage.png\",\"contentUrl\":\"https:\\\/\\\/www.tqs-group.com\\\/wp-content\\\/uploads\\\/2022\\\/03\\\/tri-piece-usinage.png\",\"width\":385,\"height\":380,\"caption\":\"TRI QUALITE SERVICE\"},\"image\":{\"@id\":\"https:\\\/\\\/www.tqs-group.com\\\/en\\\/#\\\/schema\\\/logo\\\/image\\\/\"}}]}<\/script>\n<!-- \/ Yoast SEO plugin. -->","yoast_head_json":{"title":"Legal notice Tri Qualit\u00e9 Service, automatic sorting of industrial parts","description":"Consult the legal information of TQS, a company specializing in automatic part sorting in France.","robots":{"index":"index","follow":"follow","max-snippet":"max-snippet:-1","max-image-preview":"max-image-preview:large","max-video-preview":"max-video-preview:-1"},"canonical":"https:\/\/www.tqs-group.com\/en\/legal-information\/","og_locale":"en_US","og_type":"article","og_title":"Legal notice Tri Qualit\u00e9 Service, automatic sorting of industrial parts","og_description":"Consult the legal information of TQS, a company specializing in automatic part sorting in France.","og_url":"https:\/\/www.tqs-group.com\/en\/legal-information\/","og_site_name":"Tri qualit\u00e9 service","article_modified_time":"2023-02-02T20:40:29+00:00","og_image":[{"width":385,"height":380,"url":"https:\/\/www.tqs-group.com\/wp-content\/uploads\/2022\/03\/tri-piece-usinage.png","type":"image\/png"}],"twitter_card":"summary_large_image","twitter_misc":{"Est. reading time":"4 minutes"},"schema":{"@context":"https:\/\/schema.org","@graph":[{"@type":"WebPage","@id":"https:\/\/www.tqs-group.com\/en\/legal-information\/","url":"https:\/\/www.tqs-group.com\/en\/legal-information\/","name":"Legal notice Tri Qualit\u00e9 Service, automatic sorting of industrial parts","isPartOf":{"@id":"https:\/\/www.tqs-group.com\/en\/#website"},"datePublished":"2022-09-09T07:27:05+00:00","dateModified":"2023-02-02T20:40:29+00:00","description":"Consult the legal information of TQS, a company specializing in automatic part sorting in France.","breadcrumb":{"@id":"https:\/\/www.tqs-group.com\/en\/legal-information\/#breadcrumb"},"inLanguage":"en-US","potentialAction":[{"@type":"ReadAction","target":["https:\/\/www.tqs-group.com\/en\/legal-information\/"]}]},{"@type":"BreadcrumbList","@id":"https:\/\/www.tqs-group.com\/en\/legal-information\/#breadcrumb","itemListElement":[{"@type":"ListItem","position":1,"name":"Accueil","item":"https:\/\/www.tqs-group.com\/en\/"},{"@type":"ListItem","position":2,"name":"Legal information"}]},{"@type":"WebSite","@id":"https:\/\/www.tqs-group.com\/en\/#website","url":"https:\/\/www.tqs-group.com\/en\/","name":"TRI QUALITE SERVICE","description":"TQS Group","publisher":{"@id":"https:\/\/www.tqs-group.com\/en\/#organization"},"alternateName":"TQS GROUP","potentialAction":[{"@type":"SearchAction","target":{"@type":"EntryPoint","urlTemplate":"https:\/\/www.tqs-group.com\/en\/?s={search_term_string}"},"query-input":{"@type":"PropertyValueSpecification","valueRequired":true,"valueName":"search_term_string"}}],"inLanguage":"en-US"},{"@type":"Organization","@id":"https:\/\/www.tqs-group.com\/en\/#organization","name":"TRI QUALITE SERVICE","alternateName":"TQS GROUP","url":"https:\/\/www.tqs-group.com\/en\/","logo":{"@type":"ImageObject","inLanguage":"en-US","@id":"https:\/\/www.tqs-group.com\/en\/#\/schema\/logo\/image\/","url":"https:\/\/www.tqs-group.com\/wp-content\/uploads\/2022\/03\/tri-piece-usinage.png","contentUrl":"https:\/\/www.tqs-group.com\/wp-content\/uploads\/2022\/03\/tri-piece-usinage.png","width":385,"height":380,"caption":"TRI QUALITE SERVICE"},"image":{"@id":"https:\/\/www.tqs-group.com\/en\/#\/schema\/logo\/image\/"}}]}},"_links":{"self":[{"href":"https:\/\/www.tqs-group.com\/en\/wp-json\/wp\/v2\/pages\/1529","targetHints":{"allow":["GET"]}}],"collection":[{"href":"https:\/\/www.tqs-group.com\/en\/wp-json\/wp\/v2\/pages"}],"about":[{"href":"https:\/\/www.tqs-group.com\/en\/wp-json\/wp\/v2\/types\/page"}],"author":[{"embeddable":true,"href":"https:\/\/www.tqs-group.com\/en\/wp-json\/wp\/v2\/users\/1"}],"replies":[{"embeddable":true,"href":"https:\/\/www.tqs-group.com\/en\/wp-json\/wp\/v2\/comments?post=1529"}],"version-history":[{"count":21,"href":"https:\/\/www.tqs-group.com\/en\/wp-json\/wp\/v2\/pages\/1529\/revisions"}],"predecessor-version":[{"id":3257,"href":"https:\/\/www.tqs-group.com\/en\/wp-json\/wp\/v2\/pages\/1529\/revisions\/3257"}],"wp:attachment":[{"href":"https:\/\/www.tqs-group.com\/en\/wp-json\/wp\/v2\/media?parent=1529"}],"curies":[{"name":"wp","href":"https:\/\/api.w.org\/{rel}","templated":true}]}}