{"id":2317,"date":"2022-07-22T10:04:01","date_gmt":"2022-07-22T08:04:01","guid":{"rendered":"https:\/\/www.tqs-group.com\/macchina-per-il-controllo-qualita-dei-pezzi-per-orologeria\/"},"modified":"2023-02-07T16:32:28","modified_gmt":"2023-02-07T15:32:28","slug":"macchina-per-il-controllo-qualita-dei-pezzi-per-orologeria","status":"publish","type":"page","link":"https:\/\/www.tqs-group.com\/it\/macchina-per-il-controllo-qualita-dei-pezzi-per-orologeria\/","title":{"rendered":"Macchina per il controllo qualit\u00e0 dei pezzi per orologeria"},"content":{"rendered":"<p>[vc_row][vc_column width=&#8221;1\/2&#8243;][vc_btn title=&#8221;Indietro&#8221; style=&#8221;custom&#8221; custom_background=&#8221;#f7941f&#8221; custom_text=&#8221;#ffffff&#8221; shape=&#8221;round&#8221; size=&#8221;xs&#8221; align=&#8221;left&#8221; i_icon_fontawesome=&#8221;fas fa-arrow-left&#8221; add_icon=&#8221;true&#8221; el_class=&#8221;btn-orange-white btn-retour&#8221; link=&#8221;url:https%3A%2F%2Fwww.tqs-group.com%2Fit%2Fdotarsi-di-una-macchina-di-selezione%2F&#8221;][vc_column_text]<strong>MACCHINA PER IL CONTROLLO QUALITA&#8217; DEI PEZZI PER OROLOGERIA<br \/>\n<span class=\"txt-orange\"> A partire da 160.000 \u20ac a seconda delle opzioni<\/span><\/strong>[\/vc_column_text][vc_btn title=&#8221;Acquista&#8221; style=&#8221;custom&#8221; custom_background=&#8221;#0a0a0a&#8221; custom_text=&#8221;#f7941f&#8221; shape=&#8221;round&#8221; size=&#8221;xs&#8221; align=&#8221;left&#8221; el_class=&#8221;btn-black-orange btn-retour&#8221; link=&#8221;url:https%3A%2F%2Fwww.tqs-group.com%2Fit%2Fcontatti%2F|title:Contatti&#8221;][\/vc_column][vc_column width=&#8221;1\/2&#8243;][\/vc_column][\/vc_row][vc_row][vc_column width=&#8221;1\/2&#8243;][vc_column_text]<\/p>\n<h1>Macchina per il controllo di qualit\u00e0 dei pezzi per orologeria &#8211; dimensioni e aspetto<\/h1>\n<p>[\/vc_column_text][vc_column_text]Questa <strong class=\"d2b\">macchina per il controllo qualit\u00e0 dei pezzi industriali<\/strong> \u00e8 dedicata al <strong class=\"d2b\">settore dell&#8217;orologeria<\/strong> ; \u00e8 progettata per il <strong class=\"d2b\">controllo dimensionale e dell&#8217;aspetto dei pezzi per orologeria<\/strong>.<\/p>\n<p>Pu\u00f2 essere dotata di un massimo di 3 sistemi di visione.<\/p>\n<p>1 <strong class=\"d2b\">sistema per il controllo dimensionale<\/strong> e 2 <strong class=\"d2b\">sistemi per il controllo dell&#8217;aspetto<\/strong>.<\/p>\n<p>La macchina \u00e8 dotata di un caricatore robotizzato (3 assi) con tavola vibrante e retroilluminazione, che consente di localizzare rapidamente i pezzi.<\/p>\n<p>I pezzi vengono prelevati tramite aspirazione.<\/p>\n<p>All&#8217;uscitadal caricatore robotizzato, i pezzi vengono posizionati su supporti di vetro. Tali supporti sono collocati su un disco metallico che ruota su se stesso. I pezzi vengono quindi controllati da una o pi\u00f9 telecamere prima di essere espulsi in base alla loro conformit\u00e0.[\/vc_column_text][\/vc_column][vc_column width=&#8221;1\/2&#8243;][vc_single_image image=&#8221;1811&#8243; img_size=&#8221;full&#8221; alignment=&#8221;center&#8221;][\/vc_column][\/vc_row][vc_row full_width=&#8221;stretch_row_content&#8221;][vc_column][vc_single_image image=&#8221;1813&#8243; img_size=&#8221;full&#8221; alignment=&#8221;center&#8221;][\/vc_column][\/vc_row][vc_row][vc_column width=&#8221;1\/2&#8243;][vc_column_text el_class=&#8221;titre-moyen&#8221;]<\/p>\n<p class=\"fort\">Specifiche del modello:<\/p>\n<p>[\/vc_column_text][vc_column_text]<\/p>\n<ul>\n<li>1 stazione dimensionale<\/li>\n<li>Fino a 2 stazioni per l&#8217;aspetto<\/li>\n<li>Disco girevole con supporti in vetro<\/li>\n<li>Presa del pezzo tramite il robot di caricamento e la sua tavola di scarico vibrante retroilluminata<\/li>\n<li>Macchina compatta<\/li>\n<\/ul>\n<p>[\/vc_column_text][\/vc_column][vc_column width=&#8221;1\/2&#8243;][vc_column_text el_class=&#8221;titre-moyen&#8221;]<\/p>\n<p class=\"fort\">Apparecchiature di serie:<\/p>\n<p>[\/vc_column_text][vc_column_text]<\/p>\n<ul>\n<li>Tavolo con struttura in marmo<\/li>\n<li>Tramoggia di stoccaggio<\/li>\n<li>Robot caricatore con tavola di scarico<\/li>\n<li>Due tipi di espulsione dei pezzi non conformi<\/li>\n<li>Nastro di imballaggio con 3 categorie possibili<\/li>\n<\/ul>\n<p>[\/vc_column_text][vc_column_text el_class=&#8221;titre-moyen&#8221;]<\/p>\n<p class=\"fort\">Apparecchiatura supplementare:<\/p>\n<p>[\/vc_column_text][vc_column_text]<\/p>\n<ul>\n<li>Controllo degli urti e dei graffi su superfici lucide<\/li>\n<li>Sistema di rotazione (rotazione del pezzo)<\/li>\n<\/ul>\n<p>[\/vc_column_text][\/vc_column][\/vc_row][vc_row][vc_column][vc_btn title=&#8221;Scarica la scheda tecnica&#8221; style=&#8221;custom&#8221; custom_background=&#8221;#f7941f&#8221; custom_text=&#8221;#ffffff&#8221; shape=&#8221;round&#8221; align=&#8221;left&#8221; link=&#8221;url:https%3A%2F%2Fwww.tqs-group.com%2Fwp-content%2Fuploads%2F2023%2F02%2FSCHEDA-TECNICA-Macchina-controllo-pezzi-orologeria.pdf|target:_blank&#8221;][vc_btn title=&#8221;Richiedi un preventivo&#8221; style=&#8221;custom&#8221; custom_background=&#8221;#0a0a0a&#8221; custom_text=&#8221;#f7941f&#8221; shape=&#8221;round&#8221; size=&#8221;xs&#8221; align=&#8221;left&#8221; el_class=&#8221;btn-black-orange btn-retour&#8221; link=&#8221;url:https%3A%2F%2Fwww.tqs-group.com%2Fit%2Fcontatti%2F&#8221;][\/vc_column][\/vc_row]<\/p>\n","protected":false},"excerpt":{"rendered":"<p>[vc_row][vc_column width=&#8221;1\/2&#8243;][vc_btn title=&#8221;Indietro&#8221; style=&#8221;custom&#8221; custom_background=&#8221;#f7941f&#8221; custom_text=&#8221;#ffffff&#8221; shape=&#8221;round&#8221; size=&#8221;xs&#8221; align=&#8221;left&#8221; i_icon_fontawesome=&#8221;fas fa-arrow-left&#8221; add_icon=&#8221;true&#8221; el_class=&#8221;btn-orange-white btn-retour&#8221; link=&#8221;url:https%3A%2F%2Fwww.tqs-group.com%2Fit%2Fdotarsi-di-una-macchina-di-selezione%2F&#8221;][vc_column_text]MACCHINA PER IL CONTROLLO QUALITA&#8217; DEI PEZZI PER OROLOGERIA A partire da<span class=\"excerpt-hellip\"> [\u2026]<\/span><\/p>\n","protected":false},"author":1,"featured_media":0,"parent":0,"menu_order":0,"comment_status":"closed","ping_status":"closed","template":"","meta":{"footnotes":""},"class_list":["post-2317","page","type-page","status-publish","hentry"],"yoast_head":"<!-- This site is optimized with the Yoast SEO plugin v27.4 - https:\/\/yoast.com\/product\/yoast-seo-wordpress\/ -->\n<title>Macchina per il controllo qualit\u00e0dimensione e aspetto dei pezzi per orologeria<\/title>\n<meta name=\"description\" content=\"TQS vende macchine per il controllo di qualit\u00e0 dei pezzi per orologeria che verificano l&#039;aspetto e le dimensioni di ogni pezzo. Contattaci per saperne di pi\u00f9 !&lt;!--_\" \/>\n<meta name=\"robots\" content=\"index, follow, max-snippet:-1, max-image-preview:large, max-video-preview:-1\" \/>\n<link rel=\"canonical\" href=\"https:\/\/www.tqs-group.com\/it\/macchina-per-il-controllo-qualita-dei-pezzi-per-orologeria\/\" \/>\n<meta property=\"og:locale\" content=\"it_IT\" \/>\n<meta property=\"og:type\" content=\"article\" \/>\n<meta property=\"og:title\" content=\"Macchina per il controllo qualit\u00e0dimensione e aspetto dei pezzi per orologeria\" \/>\n<meta property=\"og:description\" content=\"TQS vende macchine per il controllo di qualit\u00e0 dei pezzi per orologeria che verificano l&#039;aspetto e le dimensioni di ogni pezzo. Contattaci per saperne di pi\u00f9 !&lt;!--_\" \/>\n<meta property=\"og:url\" content=\"https:\/\/www.tqs-group.com\/it\/macchina-per-il-controllo-qualita-dei-pezzi-per-orologeria\/\" \/>\n<meta property=\"og:site_name\" content=\"Tri qualit\u00e9 service\" \/>\n<meta property=\"article:modified_time\" content=\"2023-02-07T15:32:28+00:00\" \/>\n<meta property=\"og:image\" content=\"https:\/\/www.tqs-group.com\/wp-content\/uploads\/2022\/03\/tri-piece-usinage.png\" \/>\n\t<meta property=\"og:image:width\" content=\"385\" \/>\n\t<meta property=\"og:image:height\" content=\"380\" \/>\n\t<meta property=\"og:image:type\" content=\"image\/png\" \/>\n<meta name=\"twitter:card\" content=\"summary_large_image\" \/>\n<meta name=\"twitter:label1\" content=\"Tempo di lettura stimato\" \/>\n\t<meta name=\"twitter:data1\" content=\"2 minuti\" \/>\n<script type=\"application\/ld+json\" class=\"yoast-schema-graph\">{\"@context\":\"https:\\\/\\\/schema.org\",\"@graph\":[{\"@type\":\"WebPage\",\"@id\":\"https:\\\/\\\/www.tqs-group.com\\\/it\\\/macchina-per-il-controllo-qualita-dei-pezzi-per-orologeria\\\/\",\"url\":\"https:\\\/\\\/www.tqs-group.com\\\/it\\\/macchina-per-il-controllo-qualita-dei-pezzi-per-orologeria\\\/\",\"name\":\"Macchina per il controllo qualit\u00e0dimensione e aspetto dei pezzi per orologeria\",\"isPartOf\":{\"@id\":\"https:\\\/\\\/www.tqs-group.com\\\/it\\\/#website\"},\"datePublished\":\"2022-07-22T08:04:01+00:00\",\"dateModified\":\"2023-02-07T15:32:28+00:00\",\"description\":\"TQS vende macchine per il controllo di qualit\u00e0 dei pezzi per orologeria che verificano l'aspetto e le dimensioni di ogni pezzo. Contattaci per saperne di pi\u00f9 !&lt;!--_\",\"breadcrumb\":{\"@id\":\"https:\\\/\\\/www.tqs-group.com\\\/it\\\/macchina-per-il-controllo-qualita-dei-pezzi-per-orologeria\\\/#breadcrumb\"},\"inLanguage\":\"it-IT\",\"potentialAction\":[{\"@type\":\"ReadAction\",\"target\":[\"https:\\\/\\\/www.tqs-group.com\\\/it\\\/macchina-per-il-controllo-qualita-dei-pezzi-per-orologeria\\\/\"]}]},{\"@type\":\"BreadcrumbList\",\"@id\":\"https:\\\/\\\/www.tqs-group.com\\\/it\\\/macchina-per-il-controllo-qualita-dei-pezzi-per-orologeria\\\/#breadcrumb\",\"itemListElement\":[{\"@type\":\"ListItem\",\"position\":1,\"name\":\"Accueil\",\"item\":\"https:\\\/\\\/www.tqs-group.com\\\/it\\\/\"},{\"@type\":\"ListItem\",\"position\":2,\"name\":\"Macchina per il controllo qualit\u00e0 dei pezzi per orologeria\"}]},{\"@type\":\"WebSite\",\"@id\":\"https:\\\/\\\/www.tqs-group.com\\\/it\\\/#website\",\"url\":\"https:\\\/\\\/www.tqs-group.com\\\/it\\\/\",\"name\":\"TRI QUALITE SERVICE\",\"description\":\"TQS Group\",\"publisher\":{\"@id\":\"https:\\\/\\\/www.tqs-group.com\\\/it\\\/#organization\"},\"alternateName\":\"TQS GROUP\",\"potentialAction\":[{\"@type\":\"SearchAction\",\"target\":{\"@type\":\"EntryPoint\",\"urlTemplate\":\"https:\\\/\\\/www.tqs-group.com\\\/it\\\/?s={search_term_string}\"},\"query-input\":{\"@type\":\"PropertyValueSpecification\",\"valueRequired\":true,\"valueName\":\"search_term_string\"}}],\"inLanguage\":\"it-IT\"},{\"@type\":\"Organization\",\"@id\":\"https:\\\/\\\/www.tqs-group.com\\\/it\\\/#organization\",\"name\":\"TRI QUALITE SERVICE\",\"alternateName\":\"TQS GROUP\",\"url\":\"https:\\\/\\\/www.tqs-group.com\\\/it\\\/\",\"logo\":{\"@type\":\"ImageObject\",\"inLanguage\":\"it-IT\",\"@id\":\"https:\\\/\\\/www.tqs-group.com\\\/it\\\/#\\\/schema\\\/logo\\\/image\\\/\",\"url\":\"https:\\\/\\\/www.tqs-group.com\\\/wp-content\\\/uploads\\\/2022\\\/03\\\/tri-piece-usinage.png\",\"contentUrl\":\"https:\\\/\\\/www.tqs-group.com\\\/wp-content\\\/uploads\\\/2022\\\/03\\\/tri-piece-usinage.png\",\"width\":385,\"height\":380,\"caption\":\"TRI QUALITE SERVICE\"},\"image\":{\"@id\":\"https:\\\/\\\/www.tqs-group.com\\\/it\\\/#\\\/schema\\\/logo\\\/image\\\/\"}}]}<\/script>\n<!-- \/ Yoast SEO plugin. -->","yoast_head_json":{"title":"Macchina per il controllo qualit\u00e0dimensione e aspetto dei pezzi per orologeria","description":"TQS vende macchine per il controllo di qualit\u00e0 dei pezzi per orologeria che verificano l'aspetto e le dimensioni di ogni pezzo. Contattaci per saperne di pi\u00f9 !&lt;!--_","robots":{"index":"index","follow":"follow","max-snippet":"max-snippet:-1","max-image-preview":"max-image-preview:large","max-video-preview":"max-video-preview:-1"},"canonical":"https:\/\/www.tqs-group.com\/it\/macchina-per-il-controllo-qualita-dei-pezzi-per-orologeria\/","og_locale":"it_IT","og_type":"article","og_title":"Macchina per il controllo qualit\u00e0dimensione e aspetto dei pezzi per orologeria","og_description":"TQS vende macchine per il controllo di qualit\u00e0 dei pezzi per orologeria che verificano l'aspetto e le dimensioni di ogni pezzo. Contattaci per saperne di pi\u00f9 !&lt;!--_","og_url":"https:\/\/www.tqs-group.com\/it\/macchina-per-il-controllo-qualita-dei-pezzi-per-orologeria\/","og_site_name":"Tri qualit\u00e9 service","article_modified_time":"2023-02-07T15:32:28+00:00","og_image":[{"width":385,"height":380,"url":"https:\/\/www.tqs-group.com\/wp-content\/uploads\/2022\/03\/tri-piece-usinage.png","type":"image\/png"}],"twitter_card":"summary_large_image","twitter_misc":{"Tempo di lettura stimato":"2 minuti"},"schema":{"@context":"https:\/\/schema.org","@graph":[{"@type":"WebPage","@id":"https:\/\/www.tqs-group.com\/it\/macchina-per-il-controllo-qualita-dei-pezzi-per-orologeria\/","url":"https:\/\/www.tqs-group.com\/it\/macchina-per-il-controllo-qualita-dei-pezzi-per-orologeria\/","name":"Macchina per il controllo qualit\u00e0dimensione e aspetto dei pezzi per orologeria","isPartOf":{"@id":"https:\/\/www.tqs-group.com\/it\/#website"},"datePublished":"2022-07-22T08:04:01+00:00","dateModified":"2023-02-07T15:32:28+00:00","description":"TQS vende macchine per il controllo di qualit\u00e0 dei pezzi per orologeria che verificano l'aspetto e le dimensioni di ogni pezzo. Contattaci per saperne di pi\u00f9 !&lt;!--_","breadcrumb":{"@id":"https:\/\/www.tqs-group.com\/it\/macchina-per-il-controllo-qualita-dei-pezzi-per-orologeria\/#breadcrumb"},"inLanguage":"it-IT","potentialAction":[{"@type":"ReadAction","target":["https:\/\/www.tqs-group.com\/it\/macchina-per-il-controllo-qualita-dei-pezzi-per-orologeria\/"]}]},{"@type":"BreadcrumbList","@id":"https:\/\/www.tqs-group.com\/it\/macchina-per-il-controllo-qualita-dei-pezzi-per-orologeria\/#breadcrumb","itemListElement":[{"@type":"ListItem","position":1,"name":"Accueil","item":"https:\/\/www.tqs-group.com\/it\/"},{"@type":"ListItem","position":2,"name":"Macchina per il controllo qualit\u00e0 dei pezzi per orologeria"}]},{"@type":"WebSite","@id":"https:\/\/www.tqs-group.com\/it\/#website","url":"https:\/\/www.tqs-group.com\/it\/","name":"TRI QUALITE SERVICE","description":"TQS Group","publisher":{"@id":"https:\/\/www.tqs-group.com\/it\/#organization"},"alternateName":"TQS GROUP","potentialAction":[{"@type":"SearchAction","target":{"@type":"EntryPoint","urlTemplate":"https:\/\/www.tqs-group.com\/it\/?s={search_term_string}"},"query-input":{"@type":"PropertyValueSpecification","valueRequired":true,"valueName":"search_term_string"}}],"inLanguage":"it-IT"},{"@type":"Organization","@id":"https:\/\/www.tqs-group.com\/it\/#organization","name":"TRI QUALITE SERVICE","alternateName":"TQS GROUP","url":"https:\/\/www.tqs-group.com\/it\/","logo":{"@type":"ImageObject","inLanguage":"it-IT","@id":"https:\/\/www.tqs-group.com\/it\/#\/schema\/logo\/image\/","url":"https:\/\/www.tqs-group.com\/wp-content\/uploads\/2022\/03\/tri-piece-usinage.png","contentUrl":"https:\/\/www.tqs-group.com\/wp-content\/uploads\/2022\/03\/tri-piece-usinage.png","width":385,"height":380,"caption":"TRI QUALITE SERVICE"},"image":{"@id":"https:\/\/www.tqs-group.com\/it\/#\/schema\/logo\/image\/"}}]}},"_links":{"self":[{"href":"https:\/\/www.tqs-group.com\/it\/wp-json\/wp\/v2\/pages\/2317","targetHints":{"allow":["GET"]}}],"collection":[{"href":"https:\/\/www.tqs-group.com\/it\/wp-json\/wp\/v2\/pages"}],"about":[{"href":"https:\/\/www.tqs-group.com\/it\/wp-json\/wp\/v2\/types\/page"}],"author":[{"embeddable":true,"href":"https:\/\/www.tqs-group.com\/it\/wp-json\/wp\/v2\/users\/1"}],"replies":[{"embeddable":true,"href":"https:\/\/www.tqs-group.com\/it\/wp-json\/wp\/v2\/comments?post=2317"}],"version-history":[{"count":14,"href":"https:\/\/www.tqs-group.com\/it\/wp-json\/wp\/v2\/pages\/2317\/revisions"}],"predecessor-version":[{"id":3463,"href":"https:\/\/www.tqs-group.com\/it\/wp-json\/wp\/v2\/pages\/2317\/revisions\/3463"}],"wp:attachment":[{"href":"https:\/\/www.tqs-group.com\/it\/wp-json\/wp\/v2\/media?parent=2317"}],"curies":[{"name":"wp","href":"https:\/\/api.w.org\/{rel}","templated":true}]}}