{"id":2334,"date":"2022-09-19T13:54:41","date_gmt":"2022-09-19T11:54:41","guid":{"rendered":"https:\/\/www.tqs-group.com\/formazione-e-assistenza\/"},"modified":"2023-02-07T18:37:34","modified_gmt":"2023-02-07T17:37:34","slug":"formazione-e-assistenza","status":"publish","type":"page","link":"https:\/\/www.tqs-group.com\/it\/formazione-e-assistenza\/","title":{"rendered":"Formazione e assistenza"},"content":{"rendered":"<p>[vc_row][vc_column][vc_column_text el_class=&#8221;petit-txt&#8221;]Nel 2015, ritenendo che fosse importante formalizzare i percorsi di integrazione dei nuovi addetti alla regolazione, TQS ha scelto di creare la TQS Academy. Questa conta oggi una decina di moduli di formazione (regolazione e manutenzione di una vasca vibrante, calibrazione di una macchina con metodologia KEEPSO,\u2026) suddivisi in 40 ore di teoria e almeno altrettante di messa in pratica sul campo.<\/p>\n<p>Questo tipo di apprendimento \u00e8 considerato qualificante, dal momento che ogni modulo \u00e8 sottoposto a una valutazione Diamo ai nostri clienti la possibilit\u00e0 di usufruire di tali formazioni per i loro addetti alla regolazione di macchine di selezione.<\/p>\n<p>Questa formazione permette ai nuovi addetti alla regolazione di inserirsi in modo strutturato in un nuovo contesto lavorativo e anche di offrire loro delle prospettive all&#8217;interno di un mercato in crescita.<\/p>\n<p>Allo stesso modo, la TQS Academy \u00e8 uno dei fondamenti della buona riuscita dei progetti di franchising TQS.[\/vc_column_text][\/vc_column][\/vc_row][vc_row][vc_column][vc_btn title=&#8221;Contattaci&#8221; style=&#8221;custom&#8221; custom_background=&#8221;#0a0a0a&#8221; custom_text=&#8221;#f7941f&#8221; shape=&#8221;round&#8221; align=&#8221;center&#8221; link=&#8221;url:https%3A%2F%2Fwww.tqs-group.com%2Fit%2Fcontatti%2F|title:Contatti&#8221; el_class=&#8221;btn-black-orange&#8221;][\/vc_column][\/vc_row]<\/p>\n","protected":false},"excerpt":{"rendered":"<p>[vc_row][vc_column][vc_column_text el_class=&#8221;petit-txt&#8221;]Nel 2015, ritenendo che fosse importante formalizzare i percorsi di integrazione dei nuovi addetti alla regolazione, TQS ha scelto di creare la TQS Academy. Questa<span class=\"excerpt-hellip\"> [\u2026]<\/span><\/p>\n","protected":false},"author":1,"featured_media":0,"parent":0,"menu_order":0,"comment_status":"closed","ping_status":"closed","template":"","meta":{"footnotes":""},"class_list":["post-2334","page","type-page","status-publish","hentry"],"yoast_head":"<!-- This site is optimized with the Yoast SEO plugin v27.4 - https:\/\/yoast.com\/product\/yoast-seo-wordpress\/ -->\n<title>Formazione per la macchina di selezione automatica dei pezzi industriali<\/title>\n<meta name=\"description\" content=\"Tri Qualit\u00e9 Service offre corsi di formazione sull&#039;uso delle macchine di selezione TQS per il controllo qualit\u00e0 dei pezzi industriali. Contattaci !\" \/>\n<meta name=\"robots\" content=\"index, follow, max-snippet:-1, max-image-preview:large, max-video-preview:-1\" \/>\n<link rel=\"canonical\" href=\"https:\/\/www.tqs-group.com\/it\/formazione-e-assistenza\/\" \/>\n<meta property=\"og:locale\" content=\"it_IT\" \/>\n<meta property=\"og:type\" content=\"article\" \/>\n<meta property=\"og:title\" content=\"Formazione per la macchina di selezione automatica dei pezzi industriali\" \/>\n<meta property=\"og:description\" content=\"Tri Qualit\u00e9 Service offre corsi di formazione sull&#039;uso delle macchine di selezione TQS per il controllo qualit\u00e0 dei pezzi industriali. Contattaci !\" \/>\n<meta property=\"og:url\" content=\"https:\/\/www.tqs-group.com\/it\/formazione-e-assistenza\/\" \/>\n<meta property=\"og:site_name\" content=\"Tri qualit\u00e9 service\" \/>\n<meta property=\"article:modified_time\" content=\"2023-02-07T17:37:34+00:00\" \/>\n<meta property=\"og:image\" content=\"https:\/\/www.tqs-group.com\/wp-content\/uploads\/2022\/03\/tri-piece-usinage.png\" \/>\n\t<meta property=\"og:image:width\" content=\"385\" \/>\n\t<meta property=\"og:image:height\" content=\"380\" \/>\n\t<meta property=\"og:image:type\" content=\"image\/png\" \/>\n<meta name=\"twitter:card\" content=\"summary_large_image\" \/>\n<meta name=\"twitter:label1\" content=\"Tempo di lettura stimato\" \/>\n\t<meta name=\"twitter:data1\" content=\"1 minuto\" \/>\n<script type=\"application\/ld+json\" class=\"yoast-schema-graph\">{\"@context\":\"https:\\\/\\\/schema.org\",\"@graph\":[{\"@type\":\"WebPage\",\"@id\":\"https:\\\/\\\/www.tqs-group.com\\\/it\\\/formazione-e-assistenza\\\/\",\"url\":\"https:\\\/\\\/www.tqs-group.com\\\/it\\\/formazione-e-assistenza\\\/\",\"name\":\"Formazione per la macchina di selezione automatica dei pezzi industriali\",\"isPartOf\":{\"@id\":\"https:\\\/\\\/www.tqs-group.com\\\/it\\\/#website\"},\"datePublished\":\"2022-09-19T11:54:41+00:00\",\"dateModified\":\"2023-02-07T17:37:34+00:00\",\"description\":\"Tri Qualit\u00e9 Service offre corsi di formazione sull'uso delle macchine di selezione TQS per il controllo qualit\u00e0 dei pezzi industriali. Contattaci !\",\"breadcrumb\":{\"@id\":\"https:\\\/\\\/www.tqs-group.com\\\/it\\\/formazione-e-assistenza\\\/#breadcrumb\"},\"inLanguage\":\"it-IT\",\"potentialAction\":[{\"@type\":\"ReadAction\",\"target\":[\"https:\\\/\\\/www.tqs-group.com\\\/it\\\/formazione-e-assistenza\\\/\"]}]},{\"@type\":\"BreadcrumbList\",\"@id\":\"https:\\\/\\\/www.tqs-group.com\\\/it\\\/formazione-e-assistenza\\\/#breadcrumb\",\"itemListElement\":[{\"@type\":\"ListItem\",\"position\":1,\"name\":\"Accueil\",\"item\":\"https:\\\/\\\/www.tqs-group.com\\\/it\\\/\"},{\"@type\":\"ListItem\",\"position\":2,\"name\":\"Formazione e assistenza\"}]},{\"@type\":\"WebSite\",\"@id\":\"https:\\\/\\\/www.tqs-group.com\\\/it\\\/#website\",\"url\":\"https:\\\/\\\/www.tqs-group.com\\\/it\\\/\",\"name\":\"TRI QUALITE SERVICE\",\"description\":\"TQS Group\",\"publisher\":{\"@id\":\"https:\\\/\\\/www.tqs-group.com\\\/it\\\/#organization\"},\"alternateName\":\"TQS GROUP\",\"potentialAction\":[{\"@type\":\"SearchAction\",\"target\":{\"@type\":\"EntryPoint\",\"urlTemplate\":\"https:\\\/\\\/www.tqs-group.com\\\/it\\\/?s={search_term_string}\"},\"query-input\":{\"@type\":\"PropertyValueSpecification\",\"valueRequired\":true,\"valueName\":\"search_term_string\"}}],\"inLanguage\":\"it-IT\"},{\"@type\":\"Organization\",\"@id\":\"https:\\\/\\\/www.tqs-group.com\\\/it\\\/#organization\",\"name\":\"TRI QUALITE SERVICE\",\"alternateName\":\"TQS GROUP\",\"url\":\"https:\\\/\\\/www.tqs-group.com\\\/it\\\/\",\"logo\":{\"@type\":\"ImageObject\",\"inLanguage\":\"it-IT\",\"@id\":\"https:\\\/\\\/www.tqs-group.com\\\/it\\\/#\\\/schema\\\/logo\\\/image\\\/\",\"url\":\"https:\\\/\\\/www.tqs-group.com\\\/wp-content\\\/uploads\\\/2022\\\/03\\\/tri-piece-usinage.png\",\"contentUrl\":\"https:\\\/\\\/www.tqs-group.com\\\/wp-content\\\/uploads\\\/2022\\\/03\\\/tri-piece-usinage.png\",\"width\":385,\"height\":380,\"caption\":\"TRI QUALITE SERVICE\"},\"image\":{\"@id\":\"https:\\\/\\\/www.tqs-group.com\\\/it\\\/#\\\/schema\\\/logo\\\/image\\\/\"}}]}<\/script>\n<!-- \/ Yoast SEO plugin. -->","yoast_head_json":{"title":"Formazione per la macchina di selezione automatica dei pezzi industriali","description":"Tri Qualit\u00e9 Service offre corsi di formazione sull'uso delle macchine di selezione TQS per il controllo qualit\u00e0 dei pezzi industriali. Contattaci !","robots":{"index":"index","follow":"follow","max-snippet":"max-snippet:-1","max-image-preview":"max-image-preview:large","max-video-preview":"max-video-preview:-1"},"canonical":"https:\/\/www.tqs-group.com\/it\/formazione-e-assistenza\/","og_locale":"it_IT","og_type":"article","og_title":"Formazione per la macchina di selezione automatica dei pezzi industriali","og_description":"Tri Qualit\u00e9 Service offre corsi di formazione sull'uso delle macchine di selezione TQS per il controllo qualit\u00e0 dei pezzi industriali. Contattaci !","og_url":"https:\/\/www.tqs-group.com\/it\/formazione-e-assistenza\/","og_site_name":"Tri qualit\u00e9 service","article_modified_time":"2023-02-07T17:37:34+00:00","og_image":[{"width":385,"height":380,"url":"https:\/\/www.tqs-group.com\/wp-content\/uploads\/2022\/03\/tri-piece-usinage.png","type":"image\/png"}],"twitter_card":"summary_large_image","twitter_misc":{"Tempo di lettura stimato":"1 minuto"},"schema":{"@context":"https:\/\/schema.org","@graph":[{"@type":"WebPage","@id":"https:\/\/www.tqs-group.com\/it\/formazione-e-assistenza\/","url":"https:\/\/www.tqs-group.com\/it\/formazione-e-assistenza\/","name":"Formazione per la macchina di selezione automatica dei pezzi industriali","isPartOf":{"@id":"https:\/\/www.tqs-group.com\/it\/#website"},"datePublished":"2022-09-19T11:54:41+00:00","dateModified":"2023-02-07T17:37:34+00:00","description":"Tri Qualit\u00e9 Service offre corsi di formazione sull'uso delle macchine di selezione TQS per il controllo qualit\u00e0 dei pezzi industriali. Contattaci !","breadcrumb":{"@id":"https:\/\/www.tqs-group.com\/it\/formazione-e-assistenza\/#breadcrumb"},"inLanguage":"it-IT","potentialAction":[{"@type":"ReadAction","target":["https:\/\/www.tqs-group.com\/it\/formazione-e-assistenza\/"]}]},{"@type":"BreadcrumbList","@id":"https:\/\/www.tqs-group.com\/it\/formazione-e-assistenza\/#breadcrumb","itemListElement":[{"@type":"ListItem","position":1,"name":"Accueil","item":"https:\/\/www.tqs-group.com\/it\/"},{"@type":"ListItem","position":2,"name":"Formazione e assistenza"}]},{"@type":"WebSite","@id":"https:\/\/www.tqs-group.com\/it\/#website","url":"https:\/\/www.tqs-group.com\/it\/","name":"TRI QUALITE SERVICE","description":"TQS Group","publisher":{"@id":"https:\/\/www.tqs-group.com\/it\/#organization"},"alternateName":"TQS GROUP","potentialAction":[{"@type":"SearchAction","target":{"@type":"EntryPoint","urlTemplate":"https:\/\/www.tqs-group.com\/it\/?s={search_term_string}"},"query-input":{"@type":"PropertyValueSpecification","valueRequired":true,"valueName":"search_term_string"}}],"inLanguage":"it-IT"},{"@type":"Organization","@id":"https:\/\/www.tqs-group.com\/it\/#organization","name":"TRI QUALITE SERVICE","alternateName":"TQS GROUP","url":"https:\/\/www.tqs-group.com\/it\/","logo":{"@type":"ImageObject","inLanguage":"it-IT","@id":"https:\/\/www.tqs-group.com\/it\/#\/schema\/logo\/image\/","url":"https:\/\/www.tqs-group.com\/wp-content\/uploads\/2022\/03\/tri-piece-usinage.png","contentUrl":"https:\/\/www.tqs-group.com\/wp-content\/uploads\/2022\/03\/tri-piece-usinage.png","width":385,"height":380,"caption":"TRI QUALITE SERVICE"},"image":{"@id":"https:\/\/www.tqs-group.com\/it\/#\/schema\/logo\/image\/"}}]}},"_links":{"self":[{"href":"https:\/\/www.tqs-group.com\/it\/wp-json\/wp\/v2\/pages\/2334","targetHints":{"allow":["GET"]}}],"collection":[{"href":"https:\/\/www.tqs-group.com\/it\/wp-json\/wp\/v2\/pages"}],"about":[{"href":"https:\/\/www.tqs-group.com\/it\/wp-json\/wp\/v2\/types\/page"}],"author":[{"embeddable":true,"href":"https:\/\/www.tqs-group.com\/it\/wp-json\/wp\/v2\/users\/1"}],"replies":[{"embeddable":true,"href":"https:\/\/www.tqs-group.com\/it\/wp-json\/wp\/v2\/comments?post=2334"}],"version-history":[{"count":3,"href":"https:\/\/www.tqs-group.com\/it\/wp-json\/wp\/v2\/pages\/2334\/revisions"}],"predecessor-version":[{"id":3479,"href":"https:\/\/www.tqs-group.com\/it\/wp-json\/wp\/v2\/pages\/2334\/revisions\/3479"}],"wp:attachment":[{"href":"https:\/\/www.tqs-group.com\/it\/wp-json\/wp\/v2\/media?parent=2334"}],"curies":[{"name":"wp","href":"https:\/\/api.w.org\/{rel}","templated":true}]}}