{"id":2370,"date":"2022-09-09T09:27:05","date_gmt":"2022-09-09T07:27:05","guid":{"rendered":"https:\/\/www.tqs-group.com\/nota-legale\/"},"modified":"2023-02-07T18:49:55","modified_gmt":"2023-02-07T17:49:55","slug":"nota-legale","status":"publish","type":"page","link":"https:\/\/www.tqs-group.com\/it\/nota-legale\/","title":{"rendered":"Nota legale"},"content":{"rendered":"<p>[vc_row][vc_column][vc_column_text]<\/p>\n<h2>Redazione del sito<\/h2>\n<p>Il sito <a href=\"https:\/\/www.tqs-group.com\/it\/\">https:\/\/www.tqs-group.com<\/a> \u00e8 di propriet\u00e0 della societ\u00e0 Tri qualit\u00e9 service, SARL con un capitale di 200.000 \u20ac<br \/>\nSiret : 47814420700048<\/p>\n<h2>Contatti<\/h2>\n<p>Tri Qualit\u00e9 Service<br \/>\n150, rue des Techniques<br \/>\n74970 Marignier &#8211; Haute-Savoie &#8211; FRANCIA<br \/>\nTelefono: +33 4 50 96 74 60<br \/>\nEmail: contact@triqualiteservice.com<\/p>\n<h2>Referenziazione e creazione del sito<\/h2>\n<p>Referenziazione e integrazione dei contenuti &#8211; <a href=\"https:\/\/www.d2bconsulting.fr\/\" target=\"_blank\" rel=\"noopener\">D2B Consulting<\/a>, 3 rue Louis Gattefoss\u00e9, 69800 &#8211; St Priest &#8211; Francia<\/p>\n<p>Creazione del design del sito &#8211; <a href=\"https:\/\/www.pepperstudio.com\/\" target=\"_blank\" rel=\"noopener noreferrer nofollow\">Pepper studio <\/a>, 25 rue du Faucigny, 74 700 Sallanches &#8211; Francia<\/p>\n<h2>Hosting del sito<\/h2>\n<p>Societ\u00e0: 1&amp;1<br \/>\nIndirizzo: 7 place de la Gare, 57700 Sarreguemines &#8211; Francia<br \/>\nTelefono: +33 970 808 911<\/p>\n<p>&nbsp;<\/p>\n<h2>Disposizioni giuridiche<\/h2>\n<p>Questo sito web e il trattamento dei dati personali raccolti tramite questo sito sono oggetto di una dichiarazione presso la CNIL. Come previsto dalla legge \u00abInformatique et Libert\u00e9s\u00bb del 6 gennaio 1978, Lei dispone del diritto di accesso, modifica, rettifica e cancellazione dei dati personali che la riguardano. Pu\u00f2 esercitare tali diritti tramite una semplice richiesta scritta (posta elettronica o cartacea).<\/p>\n<p>Le informazioni divulgate sul sito e, in senso lato, sui nomi di dominio di propriet\u00e0 di Tri Qualit\u00e9 Service sono fornite a titolo puramente informativo. Tri Qualit\u00e9 Service compila e produce tali contenuti a partire da diverse fonti concordi. Tri Qualit\u00e9 Service non potr\u00e0 essere ritenuta responsabile della veridicit\u00e0 e della pertinenza dei contenuti, n\u00e8 dell&#8217;utilizzo e dell&#8217;impiego che l&#8217;utente del sito ne potr\u00e0 fare<\/p>\n<p>Ogni riproduzione, modifica, pubblicazione, copia totale o parziale del contenuto presentato sui domini di Tri Qualit\u00e9 Service, tramite qualsiasi procedura e su qualsiasi supporto, \u00e8 tassativamente vietata.<\/p>\n<p>&nbsp;<\/p>\n<h2>Disposizioni del GDPR<\/h2>\n<div class=\"s-block-item s-repeatable-item s-block-sortable-item rich-text\">\n<div>\n<div>\n<div class=\"s-block-item-inner clearfix\">\n<div class=\" columns sixteen\">\n<div class=\"s-component s-text\">\n<div class=\"s-component-content s-font-body\">\n<p>Tri Qualit\u00e9 Service \u00e8 responsabile del trattamento dei dati raccolti sul sito di <a href=\"https:\/\/www.tqs-group.com\/it\/\"><strong>Tri Qualit\u00e9 Service<\/strong><\/a><\/p>\n<p>L&#8217;utente \u00e8 specificatamente informato che, in conformit\u00e0 con l&#8217;articolo 32 della legge Informatique et libert\u00e9s del 6 gennaio 1978 modificata e del regolamento generale sulla protezione dei dati del 27 aprile 2016, le informazioni che comunica tramite i moduli presenti sul Sito di Tri qualit\u00e9 service sono necessari per rispondere alla sua richiesta e sono destinati ai servizi incaricati di rispondere alla sua richiesta per la gestione di tale richiesta.<\/p>\n<p>Ai sensi della legge \u00abInformatique et Libert\u00e9s\u00bb del 6 gennaio 1978 nella sua ultima versione e del regolamento generale sulla protezione dei dati (GDPR) del 27 aprile 2016, l&#8217;utente gode dei diritti di accesso, modifica e cancellazione, restrizione, opposizione e portabilit\u00e0 delle informazioni che lo riguardano, che pu\u00f2 esercitare rivolgendosi a Tri Qualit\u00e9 Service, 150, rue des Techniques, 74970 Marignier &#8211; FRANCIA, o via mail all&#8217;indirizzo <a href=\"mailto:contact@triqualiteservice.com\">contact@triqualiteservice.com<\/a> specificando nell&#8217;oggetto della mail \u00abDiritto degli individui\u00bb e allegando copia del proprio documento d&#8217;identit\u00e0.<\/p>\n<p>Ha anche il diritto di dare indicazioni sulla sorte dei propri dati dopo la sua morte.<\/p>\n<p>L&#8217;utente \u00e8 informato del fatto che, durante le sue visite sul Sito https:\/\/www.tqs-group.com, un cookie si pu\u00f2 installare sul suo software di navigazione, una volta che ha prestato il suo consenso.<\/p>\n<p>Le informazioni raccolte su questo sito saranno conservate per tre anni.<\/p>\n<p>Il cookie \u00e8 un blocco di dati che non permette di identificare gli utenti, ma serve a registrare delle infromazioni relative alla navigazione degli stessi sul sito. Le impostazioni del browser di navigazione permettono di informare della presenza di cookie ed eventualmente di rifiutarla come descritto all&#8217;indirizzo seguente www.cnil.fr.<\/p>\n<p>L&#8217;utente ha il diritto di accesso, cancellazione e modifica dei dati personali comunicati tramite i cookie alle condizioni sotto indicate.<\/p>\n<p>L&#8217;utente del sito di Tri Qualit\u00e9 Service \u00e8 tenuto a rispettare le disposizioni della legge Informatique et libert\u00e9s del 6 gennaio1978 e successivi emendamenti, la cui violazione \u00e8 passibile di sanzioni penali. Deve in particolare astenersi, trattandosi di informazioni nominali a cui accede, dalla raccolta, dall&#8217;uso improprio e, in generale, a qualsiasi azione suscettibile di mettere in pericolo la vita privata o la reputazione di altre persone.<\/p>\n<\/div>\n<\/div>\n<\/div>\n<\/div>\n<\/div>\n<\/div>\n<\/div>\n<p><a style=\"color: #c8c8c8;\" href=\"https:\/\/www.tqs-group.com\/politique-de-confidentialite\/\">Gestione dei cookie<\/a><\/p>\n<p>&nbsp;<\/p>\n<h2>Link da e verso il contenuto<\/h2>\n<p>I contenuti dei domini di Tri Qualit\u00e9 Service possono includere dei link verso altri siti o altri contenuti internet, non di propriet\u00e0 di Tri Qualit\u00e9 Service. Di conseguenza, Tri Qualit\u00e9 Service non potr\u00e0 essere ritenuto responsabile di tali contenuti e del funzionamento di tali siti (cookie, raccolta dei dati personali, \u2026).<\/p>\n<p>E&#8217; possibile creare link verso contenuti compilati o prodotti da Tri Qualit\u00e9 Service. Per ottimizzare tali link a vantaggio dei 2 siti, Tri qualit\u00e9 service potr\u00e0 richiedere una modifica nella realizzazione del link (parole chiave, URL, \u2026).<\/p>\n<p>&nbsp;<\/p>\n<h2>Copyright<\/h2>\n<p>Tutti i diritti di riproduzione e di diffusione riservati. \u00a9 Tri Qualit\u00e9 Service 2022.[\/vc_column_text][\/vc_column][\/vc_row]<\/p>\n","protected":false},"excerpt":{"rendered":"<p>[vc_row][vc_column][vc_column_text] Redazione del sito Il sito https:\/\/www.tqs-group.com \u00e8 di propriet\u00e0 della societ\u00e0 Tri qualit\u00e9 service, SARL con un capitale di 200.000 \u20ac Siret : 47814420700048 Contatti<span class=\"excerpt-hellip\"> [\u2026]<\/span><\/p>\n","protected":false},"author":1,"featured_media":0,"parent":0,"menu_order":0,"comment_status":"closed","ping_status":"closed","template":"","meta":{"footnotes":""},"class_list":["post-2370","page","type-page","status-publish","hentry"],"yoast_head":"<!-- This site is optimized with the Yoast SEO plugin v27.4 - https:\/\/yoast.com\/product\/yoast-seo-wordpress\/ -->\n<title>Nota legale Tri qualit\u00e9 service, selezione automatica di pezzi industriali<\/title>\n<meta name=\"description\" content=\"Consultate la nota legale di TQS, azienda specializzata nella selezione automatica di pezzi in Francia.\" \/>\n<meta name=\"robots\" content=\"index, follow, max-snippet:-1, max-image-preview:large, max-video-preview:-1\" \/>\n<link rel=\"canonical\" href=\"https:\/\/www.tqs-group.com\/it\/nota-legale\/\" \/>\n<meta property=\"og:locale\" content=\"it_IT\" \/>\n<meta property=\"og:type\" content=\"article\" \/>\n<meta property=\"og:title\" content=\"Nota legale Tri qualit\u00e9 service, selezione automatica di pezzi industriali\" \/>\n<meta property=\"og:description\" content=\"Consultate la nota legale di TQS, azienda specializzata nella selezione automatica di pezzi in Francia.\" \/>\n<meta property=\"og:url\" content=\"https:\/\/www.tqs-group.com\/it\/nota-legale\/\" \/>\n<meta property=\"og:site_name\" content=\"Tri qualit\u00e9 service\" \/>\n<meta property=\"article:modified_time\" content=\"2023-02-07T17:49:55+00:00\" \/>\n<meta property=\"og:image\" content=\"https:\/\/www.tqs-group.com\/wp-content\/uploads\/2022\/03\/tri-piece-usinage.png\" \/>\n\t<meta property=\"og:image:width\" content=\"385\" \/>\n\t<meta property=\"og:image:height\" content=\"380\" \/>\n\t<meta property=\"og:image:type\" content=\"image\/png\" \/>\n<meta name=\"twitter:card\" content=\"summary_large_image\" \/>\n<meta name=\"twitter:label1\" content=\"Tempo di lettura stimato\" \/>\n\t<meta name=\"twitter:data1\" content=\"4 minuti\" \/>\n<script type=\"application\/ld+json\" class=\"yoast-schema-graph\">{\"@context\":\"https:\\\/\\\/schema.org\",\"@graph\":[{\"@type\":\"WebPage\",\"@id\":\"https:\\\/\\\/www.tqs-group.com\\\/it\\\/nota-legale\\\/\",\"url\":\"https:\\\/\\\/www.tqs-group.com\\\/it\\\/nota-legale\\\/\",\"name\":\"Nota legale Tri qualit\u00e9 service, selezione automatica di pezzi industriali\",\"isPartOf\":{\"@id\":\"https:\\\/\\\/www.tqs-group.com\\\/it\\\/#website\"},\"datePublished\":\"2022-09-09T07:27:05+00:00\",\"dateModified\":\"2023-02-07T17:49:55+00:00\",\"description\":\"Consultate la nota legale di TQS, azienda specializzata nella selezione automatica di pezzi in Francia.\",\"breadcrumb\":{\"@id\":\"https:\\\/\\\/www.tqs-group.com\\\/it\\\/nota-legale\\\/#breadcrumb\"},\"inLanguage\":\"it-IT\",\"potentialAction\":[{\"@type\":\"ReadAction\",\"target\":[\"https:\\\/\\\/www.tqs-group.com\\\/it\\\/nota-legale\\\/\"]}]},{\"@type\":\"BreadcrumbList\",\"@id\":\"https:\\\/\\\/www.tqs-group.com\\\/it\\\/nota-legale\\\/#breadcrumb\",\"itemListElement\":[{\"@type\":\"ListItem\",\"position\":1,\"name\":\"Accueil\",\"item\":\"https:\\\/\\\/www.tqs-group.com\\\/it\\\/\"},{\"@type\":\"ListItem\",\"position\":2,\"name\":\"Nota legale\"}]},{\"@type\":\"WebSite\",\"@id\":\"https:\\\/\\\/www.tqs-group.com\\\/it\\\/#website\",\"url\":\"https:\\\/\\\/www.tqs-group.com\\\/it\\\/\",\"name\":\"TRI QUALITE SERVICE\",\"description\":\"TQS Group\",\"publisher\":{\"@id\":\"https:\\\/\\\/www.tqs-group.com\\\/it\\\/#organization\"},\"alternateName\":\"TQS GROUP\",\"potentialAction\":[{\"@type\":\"SearchAction\",\"target\":{\"@type\":\"EntryPoint\",\"urlTemplate\":\"https:\\\/\\\/www.tqs-group.com\\\/it\\\/?s={search_term_string}\"},\"query-input\":{\"@type\":\"PropertyValueSpecification\",\"valueRequired\":true,\"valueName\":\"search_term_string\"}}],\"inLanguage\":\"it-IT\"},{\"@type\":\"Organization\",\"@id\":\"https:\\\/\\\/www.tqs-group.com\\\/it\\\/#organization\",\"name\":\"TRI QUALITE SERVICE\",\"alternateName\":\"TQS GROUP\",\"url\":\"https:\\\/\\\/www.tqs-group.com\\\/it\\\/\",\"logo\":{\"@type\":\"ImageObject\",\"inLanguage\":\"it-IT\",\"@id\":\"https:\\\/\\\/www.tqs-group.com\\\/it\\\/#\\\/schema\\\/logo\\\/image\\\/\",\"url\":\"https:\\\/\\\/www.tqs-group.com\\\/wp-content\\\/uploads\\\/2022\\\/03\\\/tri-piece-usinage.png\",\"contentUrl\":\"https:\\\/\\\/www.tqs-group.com\\\/wp-content\\\/uploads\\\/2022\\\/03\\\/tri-piece-usinage.png\",\"width\":385,\"height\":380,\"caption\":\"TRI QUALITE SERVICE\"},\"image\":{\"@id\":\"https:\\\/\\\/www.tqs-group.com\\\/it\\\/#\\\/schema\\\/logo\\\/image\\\/\"}}]}<\/script>\n<!-- \/ Yoast SEO plugin. -->","yoast_head_json":{"title":"Nota legale Tri qualit\u00e9 service, selezione automatica di pezzi industriali","description":"Consultate la nota legale di TQS, azienda specializzata nella selezione automatica di pezzi in Francia.","robots":{"index":"index","follow":"follow","max-snippet":"max-snippet:-1","max-image-preview":"max-image-preview:large","max-video-preview":"max-video-preview:-1"},"canonical":"https:\/\/www.tqs-group.com\/it\/nota-legale\/","og_locale":"it_IT","og_type":"article","og_title":"Nota legale Tri qualit\u00e9 service, selezione automatica di pezzi industriali","og_description":"Consultate la nota legale di TQS, azienda specializzata nella selezione automatica di pezzi in Francia.","og_url":"https:\/\/www.tqs-group.com\/it\/nota-legale\/","og_site_name":"Tri qualit\u00e9 service","article_modified_time":"2023-02-07T17:49:55+00:00","og_image":[{"width":385,"height":380,"url":"https:\/\/www.tqs-group.com\/wp-content\/uploads\/2022\/03\/tri-piece-usinage.png","type":"image\/png"}],"twitter_card":"summary_large_image","twitter_misc":{"Tempo di lettura stimato":"4 minuti"},"schema":{"@context":"https:\/\/schema.org","@graph":[{"@type":"WebPage","@id":"https:\/\/www.tqs-group.com\/it\/nota-legale\/","url":"https:\/\/www.tqs-group.com\/it\/nota-legale\/","name":"Nota legale Tri qualit\u00e9 service, selezione automatica di pezzi industriali","isPartOf":{"@id":"https:\/\/www.tqs-group.com\/it\/#website"},"datePublished":"2022-09-09T07:27:05+00:00","dateModified":"2023-02-07T17:49:55+00:00","description":"Consultate la nota legale di TQS, azienda specializzata nella selezione automatica di pezzi in Francia.","breadcrumb":{"@id":"https:\/\/www.tqs-group.com\/it\/nota-legale\/#breadcrumb"},"inLanguage":"it-IT","potentialAction":[{"@type":"ReadAction","target":["https:\/\/www.tqs-group.com\/it\/nota-legale\/"]}]},{"@type":"BreadcrumbList","@id":"https:\/\/www.tqs-group.com\/it\/nota-legale\/#breadcrumb","itemListElement":[{"@type":"ListItem","position":1,"name":"Accueil","item":"https:\/\/www.tqs-group.com\/it\/"},{"@type":"ListItem","position":2,"name":"Nota legale"}]},{"@type":"WebSite","@id":"https:\/\/www.tqs-group.com\/it\/#website","url":"https:\/\/www.tqs-group.com\/it\/","name":"TRI QUALITE SERVICE","description":"TQS Group","publisher":{"@id":"https:\/\/www.tqs-group.com\/it\/#organization"},"alternateName":"TQS GROUP","potentialAction":[{"@type":"SearchAction","target":{"@type":"EntryPoint","urlTemplate":"https:\/\/www.tqs-group.com\/it\/?s={search_term_string}"},"query-input":{"@type":"PropertyValueSpecification","valueRequired":true,"valueName":"search_term_string"}}],"inLanguage":"it-IT"},{"@type":"Organization","@id":"https:\/\/www.tqs-group.com\/it\/#organization","name":"TRI QUALITE SERVICE","alternateName":"TQS GROUP","url":"https:\/\/www.tqs-group.com\/it\/","logo":{"@type":"ImageObject","inLanguage":"it-IT","@id":"https:\/\/www.tqs-group.com\/it\/#\/schema\/logo\/image\/","url":"https:\/\/www.tqs-group.com\/wp-content\/uploads\/2022\/03\/tri-piece-usinage.png","contentUrl":"https:\/\/www.tqs-group.com\/wp-content\/uploads\/2022\/03\/tri-piece-usinage.png","width":385,"height":380,"caption":"TRI QUALITE SERVICE"},"image":{"@id":"https:\/\/www.tqs-group.com\/it\/#\/schema\/logo\/image\/"}}]}},"_links":{"self":[{"href":"https:\/\/www.tqs-group.com\/it\/wp-json\/wp\/v2\/pages\/2370","targetHints":{"allow":["GET"]}}],"collection":[{"href":"https:\/\/www.tqs-group.com\/it\/wp-json\/wp\/v2\/pages"}],"about":[{"href":"https:\/\/www.tqs-group.com\/it\/wp-json\/wp\/v2\/types\/page"}],"author":[{"embeddable":true,"href":"https:\/\/www.tqs-group.com\/it\/wp-json\/wp\/v2\/users\/1"}],"replies":[{"embeddable":true,"href":"https:\/\/www.tqs-group.com\/it\/wp-json\/wp\/v2\/comments?post=2370"}],"version-history":[{"count":9,"href":"https:\/\/www.tqs-group.com\/it\/wp-json\/wp\/v2\/pages\/2370\/revisions"}],"predecessor-version":[{"id":3486,"href":"https:\/\/www.tqs-group.com\/it\/wp-json\/wp\/v2\/pages\/2370\/revisions\/3486"}],"wp:attachment":[{"href":"https:\/\/www.tqs-group.com\/it\/wp-json\/wp\/v2\/media?parent=2370"}],"curies":[{"name":"wp","href":"https:\/\/api.w.org\/{rel}","templated":true}]}}