{"id":2671,"date":"2022-06-06T16:15:12","date_gmt":"2022-06-06T14:15:12","guid":{"rendered":"https:\/\/www.tqs-group.com\/logistica\/"},"modified":"2023-02-07T15:54:40","modified_gmt":"2023-02-07T14:54:40","slug":"logistica","status":"publish","type":"page","link":"https:\/\/www.tqs-group.com\/it\/logistica\/","title":{"rendered":"Logistica"},"content":{"rendered":"<p>[vc_row css=&#8221;.vc_custom_1668787059605{background-color: #777777 !important;}&#8221; el_class=&#8221;menu-flottant&#8221;][vc_column][vc_column_text el_class=&#8221;btn-menu-flottant&#8221;]<a href=\"https:\/\/www.tqs-group.com\/it\/ricerca-e-sviluppo\/\">R&amp;S<\/a>[\/vc_column_text][vc_column_text el_class=&#8221;btn-menu-flottant&#8221;]<a href=\"https:\/\/www.tqs-group.com\/it\/logistica\/\">Logistica<\/a>[\/vc_column_text][vc_column_text el_class=&#8221;btn-menu-flottant&#8221;]<a href=\"https:\/\/www.tqs-group.com\/it\/reclutamento\/\">Reclutamento<\/a>[\/vc_column_text][vc_column_text el_class=&#8221;btn-menu-flottant&#8221;]<a href=\"https:\/\/www.tqs-group.com\/it\/a-proposito\/\">Storia ed esperienza<\/a>[\/vc_column_text][\/vc_column][\/vc_row][vc_row][vc_column][vc_empty_space][\/vc_column][\/vc_row][vc_row][vc_column][vc_column_text el_class=&#8221;petit-txt&#8221;]<\/p>\n<p style=\"text-align: center;\">Le scadenze sono parte integrante delle esigenze industriali. Con la selezione automatica, questo parametro diventa quantificabile. Per questo motivo prestiamo particolare attenzione a questo argomento, lavorando sui mezzi di produzione, ma anche sugli strumenti di monitoraggio e comunicazione, grazie al nostro pacchetto software KEEPSO.<\/p>\n<p>[\/vc_column_text][\/vc_column][\/vc_row][vc_row][vc_column width=&#8221;1\/2&#8243;][vc_column_text el_class=&#8221;tres-gros-titre txt-orange&#8221;]<strong>1 &#8211; Ricezione<\/strong>[\/vc_column_text][vc_column_text el_class=&#8221;petit-txt&#8221;]Questa fase consiste nella registrazione dell&#8217;ordine, nell&#8217;attribuzione della nostra tracciabilit\u00e0 e nella pianificazione del lotto. Da questo momento in poi, i pezzi perdono l&#8217;identificazione del cliente per garantire la riservatezza.[\/vc_column_text][\/vc_column][vc_column width=&#8221;1\/2&#8243;][vc_column_text el_class=&#8221;tres-gros-titre txt-orange&#8221;]<strong>2- Selezione dei pezzi<\/strong>[\/vc_column_text][vc_column_text el_class=&#8221;petit-txt&#8221;]Durante questo processo, registriamo tutti gli eventi di produzione per fornire ai nostri clienti il maggior numero possibile di informazioni sui pezzi che ci affidano.[\/vc_column_text][\/vc_column][\/vc_row][vc_row][vc_column width=&#8221;1\/2&#8243;][vc_column_text el_class=&#8221;tres-gros-titre txt-orange&#8221;]<strong>3- Imballaggio<\/strong>[\/vc_column_text][vc_column_text el_class=&#8221;petit-txt&#8221;]\u00c8 fondamentale essere in grado di imballare i pezzi nei loro contenitori finali, perch\u00e9 questo garantisce la qualit\u00e0 del servizio.[\/vc_column_text][\/vc_column][vc_column width=&#8221;1\/2&#8243;][vc_column_text el_class=&#8221;tres-gros-titre txt-orange&#8221;]<strong>4 &#8211; Spedizione<\/strong>[\/vc_column_text][vc_column_text el_class=&#8221;petit-txt&#8221;]Qui forniamo i dati di selezione completi, compresa la ripartizione degli scarti rilevati.[\/vc_column_text][\/vc_column][\/vc_row]<\/p>\n","protected":false},"excerpt":{"rendered":"<p>[vc_row css=&#8221;.vc_custom_1668787059605{background-color: #777777 !important;}&#8221; el_class=&#8221;menu-flottant&#8221;][vc_column][vc_column_text el_class=&#8221;btn-menu-flottant&#8221;]R&amp;S[\/vc_column_text][vc_column_text el_class=&#8221;btn-menu-flottant&#8221;]Logistica[\/vc_column_text][vc_column_text el_class=&#8221;btn-menu-flottant&#8221;]Reclutamento[\/vc_column_text][vc_column_text el_class=&#8221;btn-menu-flottant&#8221;]Storia ed esperienza[\/vc_column_text][\/vc_column][\/vc_row][vc_row][vc_column][vc_empty_space][\/vc_column][\/vc_row][vc_row][vc_column][vc_column_text el_class=&#8221;petit-txt&#8221;] Le scadenze sono parte integrante delle esigenze industriali. Con la selezione automatica, questo parametro<span class=\"excerpt-hellip\"> [\u2026]<\/span><\/p>\n","protected":false},"author":1,"featured_media":0,"parent":0,"menu_order":0,"comment_status":"closed","ping_status":"closed","template":"","meta":{"footnotes":""},"class_list":["post-2671","page","type-page","status-publish","hentry"],"yoast_head":"<!-- This site is optimized with the Yoast SEO plugin v27.4 - https:\/\/yoast.com\/product\/yoast-seo-wordpress\/ -->\n<title>Logistica e selezione automatica dei pezzi industriali<\/title>\n<meta name=\"description\" content=\"TQS offre il servizio di selezione automatica dei pezzi industriali. Chiedi un preventivo!\" \/>\n<meta name=\"robots\" content=\"index, follow, max-snippet:-1, max-image-preview:large, max-video-preview:-1\" \/>\n<link rel=\"canonical\" href=\"https:\/\/www.tqs-group.com\/it\/logistica\/\" \/>\n<meta property=\"og:locale\" content=\"it_IT\" \/>\n<meta property=\"og:type\" content=\"article\" \/>\n<meta property=\"og:title\" content=\"Logistica e selezione automatica dei pezzi industriali\" \/>\n<meta property=\"og:description\" content=\"TQS offre il servizio di selezione automatica dei pezzi industriali. Chiedi un preventivo!\" \/>\n<meta property=\"og:url\" content=\"https:\/\/www.tqs-group.com\/it\/logistica\/\" \/>\n<meta property=\"og:site_name\" content=\"Tri qualit\u00e9 service\" \/>\n<meta property=\"article:modified_time\" content=\"2023-02-07T14:54:40+00:00\" \/>\n<meta property=\"og:image\" content=\"https:\/\/www.tqs-group.com\/wp-content\/uploads\/2022\/03\/tri-piece-usinage.png\" \/>\n\t<meta property=\"og:image:width\" content=\"385\" \/>\n\t<meta property=\"og:image:height\" content=\"380\" \/>\n\t<meta property=\"og:image:type\" content=\"image\/png\" \/>\n<meta name=\"twitter:card\" content=\"summary_large_image\" \/>\n<meta name=\"twitter:label1\" content=\"Tempo di lettura stimato\" \/>\n\t<meta name=\"twitter:data1\" content=\"1 minuto\" \/>\n<script type=\"application\/ld+json\" class=\"yoast-schema-graph\">{\"@context\":\"https:\\\/\\\/schema.org\",\"@graph\":[{\"@type\":\"WebPage\",\"@id\":\"https:\\\/\\\/www.tqs-group.com\\\/it\\\/logistica\\\/\",\"url\":\"https:\\\/\\\/www.tqs-group.com\\\/it\\\/logistica\\\/\",\"name\":\"Logistica e selezione automatica dei pezzi industriali\",\"isPartOf\":{\"@id\":\"https:\\\/\\\/www.tqs-group.com\\\/it\\\/#website\"},\"datePublished\":\"2022-06-06T14:15:12+00:00\",\"dateModified\":\"2023-02-07T14:54:40+00:00\",\"description\":\"TQS offre il servizio di selezione automatica dei pezzi industriali. Chiedi un preventivo!\",\"breadcrumb\":{\"@id\":\"https:\\\/\\\/www.tqs-group.com\\\/it\\\/logistica\\\/#breadcrumb\"},\"inLanguage\":\"it-IT\",\"potentialAction\":[{\"@type\":\"ReadAction\",\"target\":[\"https:\\\/\\\/www.tqs-group.com\\\/it\\\/logistica\\\/\"]}]},{\"@type\":\"BreadcrumbList\",\"@id\":\"https:\\\/\\\/www.tqs-group.com\\\/it\\\/logistica\\\/#breadcrumb\",\"itemListElement\":[{\"@type\":\"ListItem\",\"position\":1,\"name\":\"Accueil\",\"item\":\"https:\\\/\\\/www.tqs-group.com\\\/it\\\/\"},{\"@type\":\"ListItem\",\"position\":2,\"name\":\"Logistica\"}]},{\"@type\":\"WebSite\",\"@id\":\"https:\\\/\\\/www.tqs-group.com\\\/it\\\/#website\",\"url\":\"https:\\\/\\\/www.tqs-group.com\\\/it\\\/\",\"name\":\"TRI QUALITE SERVICE\",\"description\":\"TQS Group\",\"publisher\":{\"@id\":\"https:\\\/\\\/www.tqs-group.com\\\/it\\\/#organization\"},\"alternateName\":\"TQS GROUP\",\"potentialAction\":[{\"@type\":\"SearchAction\",\"target\":{\"@type\":\"EntryPoint\",\"urlTemplate\":\"https:\\\/\\\/www.tqs-group.com\\\/it\\\/?s={search_term_string}\"},\"query-input\":{\"@type\":\"PropertyValueSpecification\",\"valueRequired\":true,\"valueName\":\"search_term_string\"}}],\"inLanguage\":\"it-IT\"},{\"@type\":\"Organization\",\"@id\":\"https:\\\/\\\/www.tqs-group.com\\\/it\\\/#organization\",\"name\":\"TRI QUALITE SERVICE\",\"alternateName\":\"TQS GROUP\",\"url\":\"https:\\\/\\\/www.tqs-group.com\\\/it\\\/\",\"logo\":{\"@type\":\"ImageObject\",\"inLanguage\":\"it-IT\",\"@id\":\"https:\\\/\\\/www.tqs-group.com\\\/it\\\/#\\\/schema\\\/logo\\\/image\\\/\",\"url\":\"https:\\\/\\\/www.tqs-group.com\\\/wp-content\\\/uploads\\\/2022\\\/03\\\/tri-piece-usinage.png\",\"contentUrl\":\"https:\\\/\\\/www.tqs-group.com\\\/wp-content\\\/uploads\\\/2022\\\/03\\\/tri-piece-usinage.png\",\"width\":385,\"height\":380,\"caption\":\"TRI QUALITE SERVICE\"},\"image\":{\"@id\":\"https:\\\/\\\/www.tqs-group.com\\\/it\\\/#\\\/schema\\\/logo\\\/image\\\/\"}}]}<\/script>\n<!-- \/ Yoast SEO plugin. -->","yoast_head_json":{"title":"Logistica e selezione automatica dei pezzi industriali","description":"TQS offre il servizio di selezione automatica dei pezzi industriali. Chiedi un preventivo!","robots":{"index":"index","follow":"follow","max-snippet":"max-snippet:-1","max-image-preview":"max-image-preview:large","max-video-preview":"max-video-preview:-1"},"canonical":"https:\/\/www.tqs-group.com\/it\/logistica\/","og_locale":"it_IT","og_type":"article","og_title":"Logistica e selezione automatica dei pezzi industriali","og_description":"TQS offre il servizio di selezione automatica dei pezzi industriali. Chiedi un preventivo!","og_url":"https:\/\/www.tqs-group.com\/it\/logistica\/","og_site_name":"Tri qualit\u00e9 service","article_modified_time":"2023-02-07T14:54:40+00:00","og_image":[{"width":385,"height":380,"url":"https:\/\/www.tqs-group.com\/wp-content\/uploads\/2022\/03\/tri-piece-usinage.png","type":"image\/png"}],"twitter_card":"summary_large_image","twitter_misc":{"Tempo di lettura stimato":"1 minuto"},"schema":{"@context":"https:\/\/schema.org","@graph":[{"@type":"WebPage","@id":"https:\/\/www.tqs-group.com\/it\/logistica\/","url":"https:\/\/www.tqs-group.com\/it\/logistica\/","name":"Logistica e selezione automatica dei pezzi industriali","isPartOf":{"@id":"https:\/\/www.tqs-group.com\/it\/#website"},"datePublished":"2022-06-06T14:15:12+00:00","dateModified":"2023-02-07T14:54:40+00:00","description":"TQS offre il servizio di selezione automatica dei pezzi industriali. Chiedi un preventivo!","breadcrumb":{"@id":"https:\/\/www.tqs-group.com\/it\/logistica\/#breadcrumb"},"inLanguage":"it-IT","potentialAction":[{"@type":"ReadAction","target":["https:\/\/www.tqs-group.com\/it\/logistica\/"]}]},{"@type":"BreadcrumbList","@id":"https:\/\/www.tqs-group.com\/it\/logistica\/#breadcrumb","itemListElement":[{"@type":"ListItem","position":1,"name":"Accueil","item":"https:\/\/www.tqs-group.com\/it\/"},{"@type":"ListItem","position":2,"name":"Logistica"}]},{"@type":"WebSite","@id":"https:\/\/www.tqs-group.com\/it\/#website","url":"https:\/\/www.tqs-group.com\/it\/","name":"TRI QUALITE SERVICE","description":"TQS Group","publisher":{"@id":"https:\/\/www.tqs-group.com\/it\/#organization"},"alternateName":"TQS GROUP","potentialAction":[{"@type":"SearchAction","target":{"@type":"EntryPoint","urlTemplate":"https:\/\/www.tqs-group.com\/it\/?s={search_term_string}"},"query-input":{"@type":"PropertyValueSpecification","valueRequired":true,"valueName":"search_term_string"}}],"inLanguage":"it-IT"},{"@type":"Organization","@id":"https:\/\/www.tqs-group.com\/it\/#organization","name":"TRI QUALITE SERVICE","alternateName":"TQS GROUP","url":"https:\/\/www.tqs-group.com\/it\/","logo":{"@type":"ImageObject","inLanguage":"it-IT","@id":"https:\/\/www.tqs-group.com\/it\/#\/schema\/logo\/image\/","url":"https:\/\/www.tqs-group.com\/wp-content\/uploads\/2022\/03\/tri-piece-usinage.png","contentUrl":"https:\/\/www.tqs-group.com\/wp-content\/uploads\/2022\/03\/tri-piece-usinage.png","width":385,"height":380,"caption":"TRI QUALITE SERVICE"},"image":{"@id":"https:\/\/www.tqs-group.com\/it\/#\/schema\/logo\/image\/"}}]}},"_links":{"self":[{"href":"https:\/\/www.tqs-group.com\/it\/wp-json\/wp\/v2\/pages\/2671","targetHints":{"allow":["GET"]}}],"collection":[{"href":"https:\/\/www.tqs-group.com\/it\/wp-json\/wp\/v2\/pages"}],"about":[{"href":"https:\/\/www.tqs-group.com\/it\/wp-json\/wp\/v2\/types\/page"}],"author":[{"embeddable":true,"href":"https:\/\/www.tqs-group.com\/it\/wp-json\/wp\/v2\/users\/1"}],"replies":[{"embeddable":true,"href":"https:\/\/www.tqs-group.com\/it\/wp-json\/wp\/v2\/comments?post=2671"}],"version-history":[{"count":6,"href":"https:\/\/www.tqs-group.com\/it\/wp-json\/wp\/v2\/pages\/2671\/revisions"}],"predecessor-version":[{"id":3432,"href":"https:\/\/www.tqs-group.com\/it\/wp-json\/wp\/v2\/pages\/2671\/revisions\/3432"}],"wp:attachment":[{"href":"https:\/\/www.tqs-group.com\/it\/wp-json\/wp\/v2\/media?parent=2671"}],"curies":[{"name":"wp","href":"https:\/\/api.w.org\/{rel}","templated":true}]}}