{"id":2876,"date":"2022-05-23T11:33:53","date_gmt":"2022-05-23T09:33:53","guid":{"rendered":"https:\/\/www.tqs-group.com\/selezione-automatica-di-pezzi-per-il-settore-medicale\/"},"modified":"2023-02-14T14:23:45","modified_gmt":"2023-02-14T13:23:45","slug":"selezione-automatica-di-pezzi-per-il-settore-medicale","status":"publish","type":"page","link":"https:\/\/www.tqs-group.com\/it\/selezione-automatica-di-pezzi-per-il-settore-medicale\/","title":{"rendered":"Selezione automatica di pezzi per il settore medicale"},"content":{"rendered":"<p>[vc_row][vc_column][vc_btn title=&#8221;Indietro&#8221; style=&#8221;custom&#8221; custom_background=&#8221;#f7941f&#8221; custom_text=&#8221;#ffffff&#8221; shape=&#8221;round&#8221; size=&#8221;xs&#8221; align=&#8221;left&#8221; i_icon_fontawesome=&#8221;fas fa-arrow-left&#8221; add_icon=&#8221;true&#8221; link=&#8221;url:https%3A%2F%2Fwww.tqs-group.com%2Fit%2Fselezione-automatica-dei-pezzi%2F&#8221; el_class=&#8221;btn-orange-white&#8221;][vc_column_text]Il settore dei &#8220;dispositivi medici&#8221; richiede un livello di qualit\u00e0 estremamente elevato per serie che possono essere molto consistenti. Anche la tracciabilit\u00e0 \u00e8 molto importante in questo settore, ed \u00e8 per questo che siamo regolarmente impegnati in questa attivit\u00e0.<\/p>\n<p>Un&#8217;altra applicazione riguarda gli impianti, che costituiscono una variet\u00e0 molto ampia di articoli con quantit\u00e0 medie, ma per le quali \u00e8 impossibile la miscelazione. Per questo motivo proponiamo delle <strong class=\"d2b\">macchine di selezione automatica<\/strong> che garantiscono l&#8217;impossibilit\u00e0 di miscelare componenti sanitari molto simili in termini di forma, evitando cos\u00ec rischi al momento degli interventi chirurgici.[\/vc_column_text][vc_btn title=&#8221;Contattaci!&#8221; style=&#8221;custom&#8221; custom_background=&#8221;#f7941f&#8221; custom_text=&#8221;#ffffff&#8221; shape=&#8221;round&#8221; align=&#8221;center&#8221; link=&#8221;url:https%3A%2F%2Fwww.tqs-group.com%2Fit%2Fcontatti%2F|title:Contatti&#8221; el_class=&#8221;btn-orange-white&#8221;][\/vc_column][\/vc_row]<\/p>\n","protected":false},"excerpt":{"rendered":"<p>[vc_row][vc_column][vc_btn title=&#8221;Indietro&#8221; style=&#8221;custom&#8221; custom_background=&#8221;#f7941f&#8221; custom_text=&#8221;#ffffff&#8221; shape=&#8221;round&#8221; size=&#8221;xs&#8221; align=&#8221;left&#8221; i_icon_fontawesome=&#8221;fas fa-arrow-left&#8221; add_icon=&#8221;true&#8221; link=&#8221;url:https%3A%2F%2Fwww.tqs-group.com%2Fit%2Fselezione-automatica-dei-pezzi%2F&#8221; el_class=&#8221;btn-orange-white&#8221;][vc_column_text]Il settore dei &#8220;dispositivi medici&#8221; richiede un livello di qualit\u00e0 estremamente elevato per serie<span class=\"excerpt-hellip\"> [\u2026]<\/span><\/p>\n","protected":false},"author":1,"featured_media":0,"parent":0,"menu_order":0,"comment_status":"closed","ping_status":"closed","template":"","meta":{"footnotes":""},"class_list":["post-2876","page","type-page","status-publish","hentry"],"yoast_head":"<!-- This site is optimized with the Yoast SEO plugin v27.4 - https:\/\/yoast.com\/product\/yoast-seo-wordpress\/ -->\n<title>Macchina di selezione automatica di pezzi per il settore medicale, selezione automatizzata di pezzi sanitari in subappalto<\/title>\n<meta name=\"description\" content=\"TQS offre servizi di selezione automatica di pezzi per il settore medicale. Contattaci per saperne di pi\u00f9!\" \/>\n<meta name=\"robots\" content=\"index, follow, max-snippet:-1, max-image-preview:large, max-video-preview:-1\" \/>\n<link rel=\"canonical\" href=\"https:\/\/www.tqs-group.com\/it\/selezione-automatica-di-pezzi-per-il-settore-medicale\/\" \/>\n<meta property=\"og:locale\" content=\"it_IT\" \/>\n<meta property=\"og:type\" content=\"article\" \/>\n<meta property=\"og:title\" content=\"Macchina di selezione automatica di pezzi per il settore medicale, selezione automatizzata di pezzi sanitari in subappalto\" \/>\n<meta property=\"og:description\" content=\"TQS offre servizi di selezione automatica di pezzi per il settore medicale. Contattaci per saperne di pi\u00f9!\" \/>\n<meta property=\"og:url\" content=\"https:\/\/www.tqs-group.com\/it\/selezione-automatica-di-pezzi-per-il-settore-medicale\/\" \/>\n<meta property=\"og:site_name\" content=\"Tri qualit\u00e9 service\" \/>\n<meta property=\"article:modified_time\" content=\"2023-02-14T13:23:45+00:00\" \/>\n<meta property=\"og:image\" content=\"https:\/\/www.tqs-group.com\/wp-content\/uploads\/2022\/03\/tri-piece-usinage.png\" \/>\n\t<meta property=\"og:image:width\" content=\"385\" \/>\n\t<meta property=\"og:image:height\" content=\"380\" \/>\n\t<meta property=\"og:image:type\" content=\"image\/png\" \/>\n<meta name=\"twitter:card\" content=\"summary_large_image\" \/>\n<meta name=\"twitter:label1\" content=\"Tempo di lettura stimato\" \/>\n\t<meta name=\"twitter:data1\" content=\"1 minuto\" \/>\n<script type=\"application\/ld+json\" class=\"yoast-schema-graph\">{\"@context\":\"https:\\\/\\\/schema.org\",\"@graph\":[{\"@type\":\"WebPage\",\"@id\":\"https:\\\/\\\/www.tqs-group.com\\\/it\\\/selezione-automatica-di-pezzi-per-il-settore-medicale\\\/\",\"url\":\"https:\\\/\\\/www.tqs-group.com\\\/it\\\/selezione-automatica-di-pezzi-per-il-settore-medicale\\\/\",\"name\":\"Macchina di selezione automatica di pezzi per il settore medicale, selezione automatizzata di pezzi sanitari in subappalto\",\"isPartOf\":{\"@id\":\"https:\\\/\\\/www.tqs-group.com\\\/it\\\/#website\"},\"datePublished\":\"2022-05-23T09:33:53+00:00\",\"dateModified\":\"2023-02-14T13:23:45+00:00\",\"description\":\"TQS offre servizi di selezione automatica di pezzi per il settore medicale. Contattaci per saperne di pi\u00f9!\",\"breadcrumb\":{\"@id\":\"https:\\\/\\\/www.tqs-group.com\\\/it\\\/selezione-automatica-di-pezzi-per-il-settore-medicale\\\/#breadcrumb\"},\"inLanguage\":\"it-IT\",\"potentialAction\":[{\"@type\":\"ReadAction\",\"target\":[\"https:\\\/\\\/www.tqs-group.com\\\/it\\\/selezione-automatica-di-pezzi-per-il-settore-medicale\\\/\"]}]},{\"@type\":\"BreadcrumbList\",\"@id\":\"https:\\\/\\\/www.tqs-group.com\\\/it\\\/selezione-automatica-di-pezzi-per-il-settore-medicale\\\/#breadcrumb\",\"itemListElement\":[{\"@type\":\"ListItem\",\"position\":1,\"name\":\"Accueil\",\"item\":\"https:\\\/\\\/www.tqs-group.com\\\/it\\\/\"},{\"@type\":\"ListItem\",\"position\":2,\"name\":\"Selezione automatica di pezzi per il settore medicale\"}]},{\"@type\":\"WebSite\",\"@id\":\"https:\\\/\\\/www.tqs-group.com\\\/it\\\/#website\",\"url\":\"https:\\\/\\\/www.tqs-group.com\\\/it\\\/\",\"name\":\"TRI QUALITE SERVICE\",\"description\":\"TQS Group\",\"publisher\":{\"@id\":\"https:\\\/\\\/www.tqs-group.com\\\/it\\\/#organization\"},\"alternateName\":\"TQS GROUP\",\"potentialAction\":[{\"@type\":\"SearchAction\",\"target\":{\"@type\":\"EntryPoint\",\"urlTemplate\":\"https:\\\/\\\/www.tqs-group.com\\\/it\\\/?s={search_term_string}\"},\"query-input\":{\"@type\":\"PropertyValueSpecification\",\"valueRequired\":true,\"valueName\":\"search_term_string\"}}],\"inLanguage\":\"it-IT\"},{\"@type\":\"Organization\",\"@id\":\"https:\\\/\\\/www.tqs-group.com\\\/it\\\/#organization\",\"name\":\"TRI QUALITE SERVICE\",\"alternateName\":\"TQS GROUP\",\"url\":\"https:\\\/\\\/www.tqs-group.com\\\/it\\\/\",\"logo\":{\"@type\":\"ImageObject\",\"inLanguage\":\"it-IT\",\"@id\":\"https:\\\/\\\/www.tqs-group.com\\\/it\\\/#\\\/schema\\\/logo\\\/image\\\/\",\"url\":\"https:\\\/\\\/www.tqs-group.com\\\/wp-content\\\/uploads\\\/2022\\\/03\\\/tri-piece-usinage.png\",\"contentUrl\":\"https:\\\/\\\/www.tqs-group.com\\\/wp-content\\\/uploads\\\/2022\\\/03\\\/tri-piece-usinage.png\",\"width\":385,\"height\":380,\"caption\":\"TRI QUALITE SERVICE\"},\"image\":{\"@id\":\"https:\\\/\\\/www.tqs-group.com\\\/it\\\/#\\\/schema\\\/logo\\\/image\\\/\"}}]}<\/script>\n<!-- \/ Yoast SEO plugin. -->","yoast_head_json":{"title":"Macchina di selezione automatica di pezzi per il settore medicale, selezione automatizzata di pezzi sanitari in subappalto","description":"TQS offre servizi di selezione automatica di pezzi per il settore medicale. Contattaci per saperne di pi\u00f9!","robots":{"index":"index","follow":"follow","max-snippet":"max-snippet:-1","max-image-preview":"max-image-preview:large","max-video-preview":"max-video-preview:-1"},"canonical":"https:\/\/www.tqs-group.com\/it\/selezione-automatica-di-pezzi-per-il-settore-medicale\/","og_locale":"it_IT","og_type":"article","og_title":"Macchina di selezione automatica di pezzi per il settore medicale, selezione automatizzata di pezzi sanitari in subappalto","og_description":"TQS offre servizi di selezione automatica di pezzi per il settore medicale. Contattaci per saperne di pi\u00f9!","og_url":"https:\/\/www.tqs-group.com\/it\/selezione-automatica-di-pezzi-per-il-settore-medicale\/","og_site_name":"Tri qualit\u00e9 service","article_modified_time":"2023-02-14T13:23:45+00:00","og_image":[{"width":385,"height":380,"url":"https:\/\/www.tqs-group.com\/wp-content\/uploads\/2022\/03\/tri-piece-usinage.png","type":"image\/png"}],"twitter_card":"summary_large_image","twitter_misc":{"Tempo di lettura stimato":"1 minuto"},"schema":{"@context":"https:\/\/schema.org","@graph":[{"@type":"WebPage","@id":"https:\/\/www.tqs-group.com\/it\/selezione-automatica-di-pezzi-per-il-settore-medicale\/","url":"https:\/\/www.tqs-group.com\/it\/selezione-automatica-di-pezzi-per-il-settore-medicale\/","name":"Macchina di selezione automatica di pezzi per il settore medicale, selezione automatizzata di pezzi sanitari in subappalto","isPartOf":{"@id":"https:\/\/www.tqs-group.com\/it\/#website"},"datePublished":"2022-05-23T09:33:53+00:00","dateModified":"2023-02-14T13:23:45+00:00","description":"TQS offre servizi di selezione automatica di pezzi per il settore medicale. Contattaci per saperne di pi\u00f9!","breadcrumb":{"@id":"https:\/\/www.tqs-group.com\/it\/selezione-automatica-di-pezzi-per-il-settore-medicale\/#breadcrumb"},"inLanguage":"it-IT","potentialAction":[{"@type":"ReadAction","target":["https:\/\/www.tqs-group.com\/it\/selezione-automatica-di-pezzi-per-il-settore-medicale\/"]}]},{"@type":"BreadcrumbList","@id":"https:\/\/www.tqs-group.com\/it\/selezione-automatica-di-pezzi-per-il-settore-medicale\/#breadcrumb","itemListElement":[{"@type":"ListItem","position":1,"name":"Accueil","item":"https:\/\/www.tqs-group.com\/it\/"},{"@type":"ListItem","position":2,"name":"Selezione automatica di pezzi per il settore medicale"}]},{"@type":"WebSite","@id":"https:\/\/www.tqs-group.com\/it\/#website","url":"https:\/\/www.tqs-group.com\/it\/","name":"TRI QUALITE SERVICE","description":"TQS Group","publisher":{"@id":"https:\/\/www.tqs-group.com\/it\/#organization"},"alternateName":"TQS GROUP","potentialAction":[{"@type":"SearchAction","target":{"@type":"EntryPoint","urlTemplate":"https:\/\/www.tqs-group.com\/it\/?s={search_term_string}"},"query-input":{"@type":"PropertyValueSpecification","valueRequired":true,"valueName":"search_term_string"}}],"inLanguage":"it-IT"},{"@type":"Organization","@id":"https:\/\/www.tqs-group.com\/it\/#organization","name":"TRI QUALITE SERVICE","alternateName":"TQS GROUP","url":"https:\/\/www.tqs-group.com\/it\/","logo":{"@type":"ImageObject","inLanguage":"it-IT","@id":"https:\/\/www.tqs-group.com\/it\/#\/schema\/logo\/image\/","url":"https:\/\/www.tqs-group.com\/wp-content\/uploads\/2022\/03\/tri-piece-usinage.png","contentUrl":"https:\/\/www.tqs-group.com\/wp-content\/uploads\/2022\/03\/tri-piece-usinage.png","width":385,"height":380,"caption":"TRI QUALITE SERVICE"},"image":{"@id":"https:\/\/www.tqs-group.com\/it\/#\/schema\/logo\/image\/"}}]}},"_links":{"self":[{"href":"https:\/\/www.tqs-group.com\/it\/wp-json\/wp\/v2\/pages\/2876","targetHints":{"allow":["GET"]}}],"collection":[{"href":"https:\/\/www.tqs-group.com\/it\/wp-json\/wp\/v2\/pages"}],"about":[{"href":"https:\/\/www.tqs-group.com\/it\/wp-json\/wp\/v2\/types\/page"}],"author":[{"embeddable":true,"href":"https:\/\/www.tqs-group.com\/it\/wp-json\/wp\/v2\/users\/1"}],"replies":[{"embeddable":true,"href":"https:\/\/www.tqs-group.com\/it\/wp-json\/wp\/v2\/comments?post=2876"}],"version-history":[{"count":8,"href":"https:\/\/www.tqs-group.com\/it\/wp-json\/wp\/v2\/pages\/2876\/revisions"}],"predecessor-version":[{"id":3496,"href":"https:\/\/www.tqs-group.com\/it\/wp-json\/wp\/v2\/pages\/2876\/revisions\/3496"}],"wp:attachment":[{"href":"https:\/\/www.tqs-group.com\/it\/wp-json\/wp\/v2\/media?parent=2876"}],"curies":[{"name":"wp","href":"https:\/\/api.w.org\/{rel}","templated":true}]}}