{"id":2953,"date":"2022-05-06T14:21:25","date_gmt":"2022-05-06T12:21:25","guid":{"rendered":"https:\/\/www.tqs-group.com\/storia-ed-esperienza\/"},"modified":"2023-02-07T19:13:10","modified_gmt":"2023-02-07T18:13:10","slug":"storia-ed-esperienza","status":"publish","type":"page","link":"https:\/\/www.tqs-group.com\/it\/storia-ed-esperienza\/","title":{"rendered":"Storia ed esperienza"},"content":{"rendered":"<p>[vc_row el_class=&#8221;display-flex-row&#8221;][vc_column offset=&#8221;vc_col-xs-2 vc_hidden-xs&#8221;][vc_row_inner][vc_column_inner width=&#8221;1\/4&#8243;]<div class=\"counter counter_vertical \"><div class=\"icon_wrapper\"><\/div><div class=\"desc_wrapper\"><div class=\"number-wrapper\"><span class=\"number\" data-to=\"2004\">2004<\/span><\/div><\/div><\/div>\n[\/vc_column_inner][vc_column_inner width=&#8221;3\/4&#8243;][vc_column_text]Nata nel 2004 dall&#8217;esperienza comune dei due fondatori Pierre LOZES e Olivier LABERTRANDE alla Keyence, Tri Qualit\u00e9 Service (TQS) voleva essere un&#8217;alternativa innovativa alla crescente necessit\u00e0 di investimenti nella selezione automatica. Bruno LEROY, all&#8217;epoca responsabile della qualit\u00e0 nel settore della tornitura, si \u00e8 subito unito al progetto.[\/vc_column_text][\/vc_column_inner][\/vc_row_inner][vc_separator color=&#8221;orange&#8221; border_width=&#8221;2&#8243; el_width=&#8221;40&#8243;][vc_row_inner][vc_column_inner width=&#8221;1\/4&#8243;]<div class=\"counter counter_vertical \"><div class=\"icon_wrapper\"><\/div><div class=\"desc_wrapper\"><div class=\"number-wrapper\"><span class=\"number\" data-to=\"2006\">2006<\/span><\/div><\/div><\/div>\n[\/vc_column_inner][vc_column_inner width=&#8221;3\/4&#8243;][vc_column_text]Nel 2006, dopo alcuni tentativi ed errori tecnologici, TQS ha deciso di investire in alcune selezionatricistandard di Visicontrol e poi, nel 2007, di Lazpiur per il settore della viteria.[\/vc_column_text][\/vc_column_inner][\/vc_row_inner][vc_separator color=&#8221;orange&#8221; border_width=&#8221;2&#8243; el_width=&#8221;40&#8243;][vc_row_inner][vc_column_inner width=&#8221;1\/4&#8243;]<div class=\"counter counter_vertical \"><div class=\"icon_wrapper\"><\/div><div class=\"desc_wrapper\"><div class=\"number-wrapper\"><span class=\"number\" data-to=\"2007\">2007<\/span><\/div><\/div><\/div>\n[\/vc_column_inner][vc_column_inner width=&#8221;3\/4&#8243;][vc_column_text]Nel 2007 viene effettutato un primo trasferimento a Marnaz, il sito di Scionzier viene abbandonato perch\u00e9 troppo piccolo e poco pratico per sostenere la crescita dell&#8217;epoca. TQS sente gi\u00e0 l&#8217;esigenza di avvicinarsi ad alcuni dei suoi clienti pi\u00f9 lontani e crea un sito a Sartrouville, che sar\u00e0 poi vittima della crisi del 2008 ed scomparir\u00e0 all&#8217;inizio del 2009.[\/vc_column_text][\/vc_column_inner][\/vc_row_inner][vc_separator color=&#8221;orange&#8221; border_width=&#8221;2&#8243; el_width=&#8221;40&#8243;][vc_row_inner][vc_column_inner width=&#8221;1\/4&#8243;]<div class=\"counter counter_vertical \"><div class=\"icon_wrapper\"><\/div><div class=\"desc_wrapper\"><div class=\"number-wrapper\"><span class=\"number\" data-to=\"2008\">2008<\/span><\/div><\/div><\/div>\n[\/vc_column_inner][vc_column_inner width=&#8221;3\/4&#8243;][vc_column_text]L&#8217;azionariato viene allora modificato, rimangono Pierre LOZES, direttore di TQS, e Bruno LEROY, che si \u00e8 unito ai team all&#8217;inizio del 2008 come responsabile della qualit\u00e0.<\/p>\n<p>\u00c8 alla fine di questa crisi che TQS delinea quelli che diventeranno gli elementi fondanti della sua attuale strategia, ovvero concentrarsi al 100% sulla selezione automatica e investire massicciamente nello sviluppo della propria tecnologia; la prima macchina 100% TQS viene prodotta nel 2010.[\/vc_column_text][\/vc_column_inner][\/vc_row_inner][vc_separator color=&#8221;orange&#8221; border_width=&#8221;2&#8243; el_width=&#8221;40&#8243;][vc_row_inner][vc_column_inner width=&#8221;1\/4&#8243;]<div class=\"counter counter_vertical \"><div class=\"icon_wrapper\"><\/div><div class=\"desc_wrapper\"><div class=\"number-wrapper\"><span class=\"number\" data-to=\"2013\">2013<\/span><\/div><\/div><\/div>\n[\/vc_column_inner][vc_column_inner width=&#8221;3\/4&#8243;][vc_column_text]Nel 2013, TQS si trasferisce nella nuova sede di Marignier in un edificio di 1700 m\u00b2 che permetter\u00e0 di sostenerne la crescita.<\/p>\n<p>L&#8217;anno successivo, TQS decide di rispondere alla crescente domanda del settore dell&#8217;orologeria e crea una sede dedicata in Svizzera.[\/vc_column_text][\/vc_column_inner][\/vc_row_inner][vc_separator color=&#8221;orange&#8221; border_width=&#8221;2&#8243; el_width=&#8221;40&#8243;][vc_row_inner][vc_column_inner width=&#8221;1\/4&#8243;]<div class=\"counter counter_vertical \"><div class=\"icon_wrapper\"><\/div><div class=\"desc_wrapper\"><div class=\"number-wrapper\"><span class=\"number\" data-to=\"2015\">2015<\/span><\/div><\/div><\/div>\n[\/vc_column_inner][vc_column_inner width=&#8221;3\/4&#8243;][vc_column_text]Nel 2015 viene aperta una sede vicino a Milano per l&#8217;industria meccanica del nord Italia. Questo anno \u00e8 fondamentale anche perch\u00e9 vede l&#8217;inizio di un progetto che cambier\u00e0 radicalmente il livello di performance qualitativa di TQS, ovvero la creazione del nostro software ERP KEEPSO, che \u00e8 diventato il punto di riferimento in termini di controllo e tracciabilit\u00e0 dei processi ed \u00e8 oggi uno dei 3 pilastri del modello TQS.[\/vc_column_text][\/vc_column_inner][\/vc_row_inner][vc_separator color=&#8221;orange&#8221; border_width=&#8221;2&#8243; el_width=&#8221;40&#8243;][vc_row_inner][vc_column_inner width=&#8221;1\/4&#8243;]<div class=\"counter counter_vertical \"><div class=\"icon_wrapper\"><\/div><div class=\"desc_wrapper\"><div class=\"number-wrapper\"><span class=\"number\" data-to=\"2016\">2016<\/span><\/div><\/div><\/div>\n[\/vc_column_inner][vc_column_inner width=&#8221;3\/4&#8243;][vc_column_text]el 2016 viene fondata la sede di Besan\u00e7on come base avanzata per tutti gli attori della regione Franche-Comt\u00e9, che nel 2020 si \u00e8 trasferita in un nuovo edificio progettato secondo gli standard KEEPSO. Sempre nel corso del 2016 sono ultimati i primi moduli di formazione della TQS Academy, che rappresenta il 3<sup>\u00b0<\/sup> pilier de la strat\u00e9gie TQS.<\/p>\n<p>Dopo 10 anni di sviluppo di macchine per conto proprio, nel 2019 TQS ha deciso di offrire le proprie macchine in vendita ai clienti. Il successo \u00e8 stato rapidissimo e questo ramo rappresenta oggi l&#8217;asse principale di crescita, con quasi il 25% del fatturato totale del gruppo.[\/vc_column_text][\/vc_column_inner][\/vc_row_inner][vc_separator color=&#8221;orange&#8221; border_width=&#8221;2&#8243; el_width=&#8221;40&#8243;][vc_row_inner][vc_column_inner width=&#8221;1\/4&#8243;]<div class=\"counter counter_vertical \"><div class=\"icon_wrapper\"><\/div><div class=\"desc_wrapper\"><div class=\"number-wrapper\"><span class=\"number\" data-to=\"2020\">2020<\/span><\/div><\/div><\/div>\n[\/vc_column_inner][vc_column_inner width=&#8221;3\/4&#8243;][vc_column_text]Nel 2020, oltre alle sue macchine, TQS propone soluzioni software basate sullo standard KEEPSO e prepara il futuro della distribuzione geografica con un innovativo concetto di franchising.[\/vc_column_text][\/vc_column_inner][\/vc_row_inner][vc_separator color=&#8221;orange&#8221; border_width=&#8221;2&#8243; el_width=&#8221;40&#8243;][vc_row_inner][vc_column_inner width=&#8221;1\/4&#8243;]<div class=\"counter counter_vertical \"><div class=\"icon_wrapper\"><\/div><div class=\"desc_wrapper\"><div class=\"number-wrapper\"><span class=\"number\" data-to=\"2021\">2021<\/span><\/div><\/div><\/div>\n[\/vc_column_inner][vc_column_inner width=&#8221;3\/4&#8243;][vc_column_text]Il primo affiliato TQS aprir\u00e0 a Gisors, nella regione di Parigi, nel settembre 2021.[\/vc_column_text][\/vc_column_inner][\/vc_row_inner][\/vc_column][\/vc_row]<\/p>\n","protected":false},"excerpt":{"rendered":"<p>[vc_row el_class=&#8221;display-flex-row&#8221;][vc_column offset=&#8221;vc_col-xs-2 vc_hidden-xs&#8221;][vc_row_inner][vc_column_inner width=&#8221;1\/4&#8243;][\/vc_column_inner][vc_column_inner width=&#8221;3\/4&#8243;][vc_column_text]Nata nel 2004 dall&#8217;esperienza comune dei due fondatori Pierre LOZES e Olivier LABERTRANDE alla Keyence, Tri Qualit\u00e9 Service (TQS) voleva essere<span class=\"excerpt-hellip\"> [\u2026]<\/span><\/p>\n","protected":false},"author":1,"featured_media":0,"parent":0,"menu_order":0,"comment_status":"closed","ping_status":"closed","template":"","meta":{"footnotes":""},"class_list":["post-2953","page","type-page","status-publish","hentry"],"yoast_head":"<!-- This site is optimized with the Yoast SEO plugin v27.5 - https:\/\/yoast.com\/product\/yoast-seo-wordpress\/ -->\n<title>Macchina di selezione, selezione automatica dei pezzi<\/title>\n<meta name=\"description\" content=\"TQS, fondata nel 2004, offre servizi di selezione automatica di pezzi industriali. Contattaci!\" \/>\n<meta name=\"robots\" content=\"index, follow, max-snippet:-1, max-image-preview:large, max-video-preview:-1\" \/>\n<link rel=\"canonical\" href=\"https:\/\/www.tqs-group.com\/it\/storia-ed-esperienza\/\" \/>\n<meta property=\"og:locale\" content=\"it_IT\" \/>\n<meta property=\"og:type\" content=\"article\" \/>\n<meta property=\"og:title\" content=\"Macchina di selezione, selezione automatica dei pezzi\" \/>\n<meta property=\"og:description\" content=\"TQS, fondata nel 2004, offre servizi di selezione automatica di pezzi industriali. Contattaci!\" \/>\n<meta property=\"og:url\" content=\"https:\/\/www.tqs-group.com\/it\/storia-ed-esperienza\/\" \/>\n<meta property=\"og:site_name\" content=\"Tri qualit\u00e9 service\" \/>\n<meta property=\"article:modified_time\" content=\"2023-02-07T18:13:10+00:00\" \/>\n<meta property=\"og:image\" content=\"https:\/\/www.tqs-group.com\/wp-content\/uploads\/2022\/03\/tri-piece-usinage.png\" \/>\n\t<meta property=\"og:image:width\" content=\"385\" \/>\n\t<meta property=\"og:image:height\" content=\"380\" \/>\n\t<meta property=\"og:image:type\" content=\"image\/png\" \/>\n<meta name=\"twitter:card\" content=\"summary_large_image\" \/>\n<meta name=\"twitter:label1\" content=\"Tempo di lettura stimato\" \/>\n\t<meta name=\"twitter:data1\" content=\"3 minuti\" \/>\n<script type=\"application\/ld+json\" class=\"yoast-schema-graph\">{\"@context\":\"https:\\\/\\\/schema.org\",\"@graph\":[{\"@type\":\"WebPage\",\"@id\":\"https:\\\/\\\/www.tqs-group.com\\\/it\\\/storia-ed-esperienza\\\/\",\"url\":\"https:\\\/\\\/www.tqs-group.com\\\/it\\\/storia-ed-esperienza\\\/\",\"name\":\"Macchina di selezione, selezione automatica dei pezzi\",\"isPartOf\":{\"@id\":\"https:\\\/\\\/www.tqs-group.com\\\/it\\\/#website\"},\"datePublished\":\"2022-05-06T12:21:25+00:00\",\"dateModified\":\"2023-02-07T18:13:10+00:00\",\"description\":\"TQS, fondata nel 2004, offre servizi di selezione automatica di pezzi industriali. Contattaci!\",\"breadcrumb\":{\"@id\":\"https:\\\/\\\/www.tqs-group.com\\\/it\\\/storia-ed-esperienza\\\/#breadcrumb\"},\"inLanguage\":\"it-IT\",\"potentialAction\":[{\"@type\":\"ReadAction\",\"target\":[\"https:\\\/\\\/www.tqs-group.com\\\/it\\\/storia-ed-esperienza\\\/\"]}]},{\"@type\":\"BreadcrumbList\",\"@id\":\"https:\\\/\\\/www.tqs-group.com\\\/it\\\/storia-ed-esperienza\\\/#breadcrumb\",\"itemListElement\":[{\"@type\":\"ListItem\",\"position\":1,\"name\":\"Accueil\",\"item\":\"https:\\\/\\\/www.tqs-group.com\\\/it\\\/\"},{\"@type\":\"ListItem\",\"position\":2,\"name\":\"Storia ed esperienza\"}]},{\"@type\":\"WebSite\",\"@id\":\"https:\\\/\\\/www.tqs-group.com\\\/it\\\/#website\",\"url\":\"https:\\\/\\\/www.tqs-group.com\\\/it\\\/\",\"name\":\"TRI QUALITE SERVICE\",\"description\":\"TQS Group\",\"publisher\":{\"@id\":\"https:\\\/\\\/www.tqs-group.com\\\/it\\\/#organization\"},\"alternateName\":\"TQS GROUP\",\"potentialAction\":[{\"@type\":\"SearchAction\",\"target\":{\"@type\":\"EntryPoint\",\"urlTemplate\":\"https:\\\/\\\/www.tqs-group.com\\\/it\\\/?s={search_term_string}\"},\"query-input\":{\"@type\":\"PropertyValueSpecification\",\"valueRequired\":true,\"valueName\":\"search_term_string\"}}],\"inLanguage\":\"it-IT\"},{\"@type\":\"Organization\",\"@id\":\"https:\\\/\\\/www.tqs-group.com\\\/it\\\/#organization\",\"name\":\"TRI QUALITE SERVICE\",\"alternateName\":\"TQS GROUP\",\"url\":\"https:\\\/\\\/www.tqs-group.com\\\/it\\\/\",\"logo\":{\"@type\":\"ImageObject\",\"inLanguage\":\"it-IT\",\"@id\":\"https:\\\/\\\/www.tqs-group.com\\\/it\\\/#\\\/schema\\\/logo\\\/image\\\/\",\"url\":\"https:\\\/\\\/www.tqs-group.com\\\/wp-content\\\/uploads\\\/2022\\\/03\\\/tri-piece-usinage.png\",\"contentUrl\":\"https:\\\/\\\/www.tqs-group.com\\\/wp-content\\\/uploads\\\/2022\\\/03\\\/tri-piece-usinage.png\",\"width\":385,\"height\":380,\"caption\":\"TRI QUALITE SERVICE\"},\"image\":{\"@id\":\"https:\\\/\\\/www.tqs-group.com\\\/it\\\/#\\\/schema\\\/logo\\\/image\\\/\"}}]}<\/script>\n<!-- \/ Yoast SEO plugin. -->","yoast_head_json":{"title":"Macchina di selezione, selezione automatica dei pezzi","description":"TQS, fondata nel 2004, offre servizi di selezione automatica di pezzi industriali. Contattaci!","robots":{"index":"index","follow":"follow","max-snippet":"max-snippet:-1","max-image-preview":"max-image-preview:large","max-video-preview":"max-video-preview:-1"},"canonical":"https:\/\/www.tqs-group.com\/it\/storia-ed-esperienza\/","og_locale":"it_IT","og_type":"article","og_title":"Macchina di selezione, selezione automatica dei pezzi","og_description":"TQS, fondata nel 2004, offre servizi di selezione automatica di pezzi industriali. Contattaci!","og_url":"https:\/\/www.tqs-group.com\/it\/storia-ed-esperienza\/","og_site_name":"Tri qualit\u00e9 service","article_modified_time":"2023-02-07T18:13:10+00:00","og_image":[{"width":385,"height":380,"url":"https:\/\/www.tqs-group.com\/wp-content\/uploads\/2022\/03\/tri-piece-usinage.png","type":"image\/png"}],"twitter_card":"summary_large_image","twitter_misc":{"Tempo di lettura stimato":"3 minuti"},"schema":{"@context":"https:\/\/schema.org","@graph":[{"@type":"WebPage","@id":"https:\/\/www.tqs-group.com\/it\/storia-ed-esperienza\/","url":"https:\/\/www.tqs-group.com\/it\/storia-ed-esperienza\/","name":"Macchina di selezione, selezione automatica dei pezzi","isPartOf":{"@id":"https:\/\/www.tqs-group.com\/it\/#website"},"datePublished":"2022-05-06T12:21:25+00:00","dateModified":"2023-02-07T18:13:10+00:00","description":"TQS, fondata nel 2004, offre servizi di selezione automatica di pezzi industriali. Contattaci!","breadcrumb":{"@id":"https:\/\/www.tqs-group.com\/it\/storia-ed-esperienza\/#breadcrumb"},"inLanguage":"it-IT","potentialAction":[{"@type":"ReadAction","target":["https:\/\/www.tqs-group.com\/it\/storia-ed-esperienza\/"]}]},{"@type":"BreadcrumbList","@id":"https:\/\/www.tqs-group.com\/it\/storia-ed-esperienza\/#breadcrumb","itemListElement":[{"@type":"ListItem","position":1,"name":"Accueil","item":"https:\/\/www.tqs-group.com\/it\/"},{"@type":"ListItem","position":2,"name":"Storia ed esperienza"}]},{"@type":"WebSite","@id":"https:\/\/www.tqs-group.com\/it\/#website","url":"https:\/\/www.tqs-group.com\/it\/","name":"TRI QUALITE SERVICE","description":"TQS Group","publisher":{"@id":"https:\/\/www.tqs-group.com\/it\/#organization"},"alternateName":"TQS GROUP","potentialAction":[{"@type":"SearchAction","target":{"@type":"EntryPoint","urlTemplate":"https:\/\/www.tqs-group.com\/it\/?s={search_term_string}"},"query-input":{"@type":"PropertyValueSpecification","valueRequired":true,"valueName":"search_term_string"}}],"inLanguage":"it-IT"},{"@type":"Organization","@id":"https:\/\/www.tqs-group.com\/it\/#organization","name":"TRI QUALITE SERVICE","alternateName":"TQS GROUP","url":"https:\/\/www.tqs-group.com\/it\/","logo":{"@type":"ImageObject","inLanguage":"it-IT","@id":"https:\/\/www.tqs-group.com\/it\/#\/schema\/logo\/image\/","url":"https:\/\/www.tqs-group.com\/wp-content\/uploads\/2022\/03\/tri-piece-usinage.png","contentUrl":"https:\/\/www.tqs-group.com\/wp-content\/uploads\/2022\/03\/tri-piece-usinage.png","width":385,"height":380,"caption":"TRI QUALITE SERVICE"},"image":{"@id":"https:\/\/www.tqs-group.com\/it\/#\/schema\/logo\/image\/"}}]}},"_links":{"self":[{"href":"https:\/\/www.tqs-group.com\/it\/wp-json\/wp\/v2\/pages\/2953","targetHints":{"allow":["GET"]}}],"collection":[{"href":"https:\/\/www.tqs-group.com\/it\/wp-json\/wp\/v2\/pages"}],"about":[{"href":"https:\/\/www.tqs-group.com\/it\/wp-json\/wp\/v2\/types\/page"}],"author":[{"embeddable":true,"href":"https:\/\/www.tqs-group.com\/it\/wp-json\/wp\/v2\/users\/1"}],"replies":[{"embeddable":true,"href":"https:\/\/www.tqs-group.com\/it\/wp-json\/wp\/v2\/comments?post=2953"}],"version-history":[{"count":9,"href":"https:\/\/www.tqs-group.com\/it\/wp-json\/wp\/v2\/pages\/2953\/revisions"}],"predecessor-version":[{"id":3505,"href":"https:\/\/www.tqs-group.com\/it\/wp-json\/wp\/v2\/pages\/2953\/revisions\/3505"}],"wp:attachment":[{"href":"https:\/\/www.tqs-group.com\/it\/wp-json\/wp\/v2\/media?parent=2953"}],"curies":[{"name":"wp","href":"https:\/\/api.w.org\/{rel}","templated":true}]}}