{"id":3023,"date":"2022-05-02T14:49:06","date_gmt":"2022-05-02T12:49:06","guid":{"rendered":"https:\/\/www.tqs-group.com\/a-propos\/"},"modified":"2023-02-14T13:46:18","modified_gmt":"2023-02-14T12:46:18","slug":"a-proposito","status":"publish","type":"page","link":"https:\/\/www.tqs-group.com\/it\/a-proposito\/","title":{"rendered":"A proposito"},"content":{"rendered":"<p>[vc_row el_class=&#8221;menu-flottant&#8221; css=&#8221;.vc_custom_1668441759531{background-color: #777777 !important;}&#8221;][vc_column][vc_column_text el_class=&#8221;btn-menu-flottant&#8221;]<a href=\"https:\/\/www.tqs-group.com\/it\/ricerca-e-sviluppo\/\">R&amp;S<\/a>[\/vc_column_text][vc_column_text el_class=&#8221;btn-menu-flottant&#8221;]<a href=\"https:\/\/www.tqs-group.com\/it\/logistica\/\">Logistica<\/a>[\/vc_column_text][vc_column_text el_class=&#8221;btn-menu-flottant&#8221;]<a href=\"https:\/\/www.tqs-group.com\/it\/reclutamento\/\">Reclutamento<\/a>[\/vc_column_text][vc_column_text el_class=&#8221;btn-menu-flottant&#8221;]<a href=\"https:\/\/www.tqs-group.com\/it\/a-proposito\/\">Storia ed esperienza<\/a>[\/vc_column_text][\/vc_column][\/vc_row][vc_row][vc_column][vc_empty_space][\/vc_column][\/vc_row][vc_row el_class=&#8221;border-radius-machine-tri range-vente-machine range-vente-machine-left txt-blanc&#8221; css=&#8221;.vc_custom_1659000418923{background-image: url(https:\/\/www.tqs-group.com\/wp-content\/uploads\/2022\/07\/tri-automatique-piece-usinee-1.jpg?id=738) !important;background-position: center !important;background-repeat: no-repeat !important;background-size: cover !important;}&#8221;][vc_column width=&#8221;1\/2&#8243;][\/vc_column][vc_column width=&#8221;1\/2&#8243; el_class=&#8221;txt-align-center-mobile&#8221;][vc_row_inner][vc_column_inner offset=&#8221;vc_col-lg-8&#8243;][vc_column_text el_class=&#8221;tres-gros-titre txt-orange&#8221;]<\/p>\n<p style=\"text-align: left;\">2004<\/p>\n<p>[\/vc_column_text][vc_column_text]Nata nel 2004 dall&#8217;esperienza comune dei due fondatori Pierre LOZES e Olivier LABERTRANDE a Keyence, Tri Qualit\u00e9 Service (TQS) voleva essere un&#8217;alternativa innovativa alla crescente necessit\u00e0 di investimenti nella <strong> selezione automatica di pezzi lavorati<\/strong>. Bruno LEROY, all&#8217;epoca responsabile della qualit\u00e0 nel settore della tornitura, si \u00e8 subito unito al progetto.[\/vc_column_text][\/vc_column_inner][vc_column_inner width=&#8221;1\/3&#8243; offset=&#8221;vc_hidden-md vc_hidden-sm vc_hidden-xs&#8221;][\/vc_column_inner][\/vc_row_inner][\/vc_column][\/vc_row][vc_row][vc_column][vc_empty_space height=&#8221;10px&#8221;][\/vc_column][\/vc_row][vc_row el_class=&#8221;border-radius-machine-tri range-vente-machine range-vente-machine-right&#8221; css=&#8221;.vc_custom_1659000859072{background-image: url(https:\/\/www.tqs-group.com\/wp-content\/uploads\/2022\/07\/vente-machine-tri-standard.jpg?id=743) !important;background-position: center !important;background-repeat: no-repeat !important;background-size: cover !important;}&#8221;][vc_column width=&#8221;1\/2&#8243; el_class=&#8221;txt-align-center-mobile&#8221;][vc_column_text el_class=&#8221;tres-gros-titre txt-orange&#8221;]<\/p>\n<p style=\"text-align: right;\">2006<\/p>\n<p>[\/vc_column_text][vc_row_inner][vc_column_inner width=&#8221;1\/3&#8243;][\/vc_column_inner][vc_column_inner width=&#8221;2\/3&#8243;][vc_column_text]<\/p>\n<p style=\"text-align: right;\">Dopo alcuni tentativi ed errori tecnologici, TQS ha deciso di investire in<strong> alcune macchine di selezione standard<\/strong> di Visicontrol e nel 2007 di Lazpiur per il settore della viteria.<\/p>\n<p>&nbsp;<\/p>\n<p>&nbsp;<\/p>\n<p>[\/vc_column_text][\/vc_column_inner][\/vc_row_inner][\/vc_column][vc_column width=&#8221;1\/2&#8243;][\/vc_column][\/vc_row][vc_row][vc_column][vc_empty_space height=&#8221;10px&#8221;][\/vc_column][\/vc_row][vc_row el_class=&#8221;border-radius-machine-tri range-vente-machine range-vente-machine-left txt-blanc&#8221; css=&#8221;.vc_custom_1659001130708{background-image: url(https:\/\/www.tqs-group.com\/wp-content\/uploads\/2022\/07\/specialiste-du-tri-automatique-de-piece.jpg?id=745) !important;background-position: center !important;background-repeat: no-repeat !important;background-size: cover !important;}&#8221;][vc_column width=&#8221;1\/2&#8243;][\/vc_column][vc_column width=&#8221;1\/2&#8243; el_class=&#8221;txt-align-center-mobile&#8221;][vc_column_text el_class=&#8221;tres-gros-titre txt-orange&#8221;]2007[\/vc_column_text][vc_row_inner][vc_column_inner width=&#8221;2\/3&#8243;][vc_column_text]Viene effettutato un primo trasferimento a Marnaz, il sito di Scionzier viene abbandonato perch\u00e9 troppo piccolo e poco pratico per sostenere la crescita dell&#8217;epoca. TQS sente gi\u00e0 l&#8217;esigenza di avvicinarsi ad alcuni dei suoi clienti pi\u00f9 lontani e crea un sito a Sartrouville, che sar\u00e0 poi vittima della crisi del 2008 ed scomparir\u00e0 all&#8217;inizio del 2009.<\/p>\n<p>&nbsp;<\/p>\n<p>[\/vc_column_text][\/vc_column_inner][vc_column_inner width=&#8221;1\/3&#8243;][\/vc_column_inner][\/vc_row_inner][\/vc_column][\/vc_row][vc_row][vc_column][vc_empty_space height=&#8221;10px&#8221;][\/vc_column][\/vc_row][vc_row el_class=&#8221;border-radius-machine-tri range-vente-machine range-vente-machine-right&#8221; css=&#8221;.vc_custom_1659001520496{background-image: url(https:\/\/www.tqs-group.com\/wp-content\/uploads\/2022\/07\/tri-de-piece-pour-le-secteur-industriel.jpg?id=748) !important;background-position: center !important;background-repeat: no-repeat !important;background-size: cover !important;}&#8221;][vc_column width=&#8221;1\/2&#8243; el_class=&#8221;txt-align-center-mobile&#8221;][vc_column_text el_class=&#8221;tres-gros-titre txt-orange&#8221;]<\/p>\n<p style=\"text-align: right;\">2008<\/p>\n<p>[\/vc_column_text][vc_row_inner][vc_column_inner width=&#8221;1\/3&#8243;][\/vc_column_inner][vc_column_inner width=&#8221;2\/3&#8243;][vc_column_text]<\/p>\n<p style=\"text-align: right;\">L&#8217;azionariato viene allora modificato, rimangono Pierre LOZES, direttore di TQS, e Bruno LEROY, che si \u00e8 unito ai team all&#8217;inizio del 2008 come responsabile della qualit\u00e0.<\/p>\n<p style=\"text-align: right;\">\u00c8 alla fine di questa crisi che TQS delinea quelli che diventeranno gli elementi fondanti della sua attuale strategia, ovvero concentrarsi al 100% sulla <strong>selezione automatica<\/strong> e investire massicciamente nello sviluppo della propria tecnologia; la prima macchina 100% TQS viene prodotta nel 2010.<\/p>\n<p>[\/vc_column_text][\/vc_column_inner][\/vc_row_inner][\/vc_column][vc_column width=&#8221;1\/2&#8243;][\/vc_column][\/vc_row][vc_row][vc_column][vc_empty_space height=&#8221;10px&#8221;][\/vc_column][\/vc_row][vc_row el_class=&#8221;border-radius-machine-tri range-vente-machine range-vente-machine-left txt-blanc&#8221; css=&#8221;.vc_custom_1659001927313{background-image: url(https:\/\/www.tqs-group.com\/wp-content\/uploads\/2022\/07\/machine-tri-pour-industrie-horlogere.jpg?id=751) !important;background-position: center !important;background-repeat: no-repeat !important;background-size: cover !important;}&#8221;][vc_column width=&#8221;1\/2&#8243;][\/vc_column][vc_column width=&#8221;1\/2&#8243; el_class=&#8221;txt-align-center-mobile&#8221;][vc_column_text el_class=&#8221;tres-gros-titre txt-orange&#8221;]2013[\/vc_column_text][vc_row_inner][vc_column_inner width=&#8221;2\/3&#8243;][vc_column_text]Nel 2013, TQS si trasferisce nella nuova sede di Marignier in un edificio di 1700 m\u00b2 che permetter\u00e0 di sostenerne la crescita.<\/p>\n<p>L&#8217;anno successivo, TQS decide di rispondere alla crescente domanda del settore dell&#8217;orologeria e crea una sede dedicata in Svizzera.<\/p>\n<p>&nbsp;<\/p>\n<p>&nbsp;<\/p>\n<p>[\/vc_column_text][\/vc_column_inner][vc_column_inner width=&#8221;1\/3&#8243;][\/vc_column_inner][\/vc_row_inner][\/vc_column][\/vc_row][vc_row][vc_column][vc_empty_space height=&#8221;10px&#8221;][\/vc_column][\/vc_row][vc_row el_class=&#8221;border-radius-machine-tri range-vente-machine range-vente-machine-right&#8221; css=&#8221;.vc_custom_1659009817597{background-image: url(https:\/\/www.tqs-group.com\/wp-content\/uploads\/2022\/07\/logiciel-gestion-controle-de-tri.jpg?id=754) !important;background-position: center !important;background-repeat: no-repeat !important;background-size: cover !important;}&#8221;][vc_column width=&#8221;1\/2&#8243; el_class=&#8221;txt-align-center-mobile&#8221;][vc_column_text el_class=&#8221;tres-gros-titre txt-orange&#8221;]<\/p>\n<p style=\"text-align: right;\">2015<\/p>\n<p>[\/vc_column_text][vc_row_inner][vc_column_inner width=&#8221;1\/3&#8243;][\/vc_column_inner][vc_column_inner width=&#8221;2\/3&#8243;][vc_column_text]<\/p>\n<p style=\"text-align: right;\">Nel 2015 viene aperta una sede vicino a Milano per l&#8217;industria meccanica del nord Italia. Questo anno \u00e8 fondamentale anche perch\u00e9 vede l&#8217;inizio di un progetto che cambier\u00e0 radicalmente il livello di performance qualitativa di TQS, ovvero la creazione del nostro software ERP KEEPSO, che \u00e8 diventato il punto di riferimento in termini di controllo e tracciabilit\u00e0 dei processi ed \u00e8 oggi uno dei 3 pilastri del modello TQS.<\/p>\n<p>[\/vc_column_text][\/vc_column_inner][\/vc_row_inner][\/vc_column][vc_column width=&#8221;1\/2&#8243;][\/vc_column][\/vc_row][vc_row][vc_column][vc_empty_space height=&#8221;10px&#8221;][\/vc_column][\/vc_row][vc_row el_class=&#8221;border-radius-machine-tri range-vente-machine range-vente-machine-left txt-blanc&#8221; css=&#8221;.vc_custom_1659010148778{background-image: url(https:\/\/www.tqs-group.com\/wp-content\/uploads\/2022\/07\/vente-machine-de-tri.jpg?id=756) !important;background-position: center !important;background-repeat: no-repeat !important;background-size: cover !important;}&#8221;][vc_column width=&#8221;1\/2&#8243;][\/vc_column][vc_column width=&#8221;1\/2&#8243; el_class=&#8221;txt-align-center-mobile&#8221;][vc_column_text el_class=&#8221;tres-gros-titre txt-orange&#8221;]2016[\/vc_column_text][vc_row_inner][vc_column_inner width=&#8221;2\/3&#8243;][vc_column_text]El 2016 viene fondata la sede di Besan\u00e7on come base avanzata per tutti gli attori della regione Franche-Comt\u00e9, che nel 2020 si \u00e8 trasferita in un nuovo edificio progettato secondo gli standard KEEPSO. Sempre nel corso del 2016 sono ultimati i primi moduli di formazione della TQS Academy, che rappresenta il 3<sup>\u00b0<\/sup> pilastro della strategia TQS.<\/p>\n<p>Dopo 10 anni di <strong>sviluppo di macchine di selezione<\/strong> per conto proprio, nel 2019 TQS ha deciso di offrire le proprie <strong> macchine in vendita<\/strong> ai clienti. Il successo \u00e8 stato rapidissimo e questo ramo rappresenta oggi l&#8217;asse principale di crescita, con quasi il 25% del fatturato totale del gruppo.[\/vc_column_text][\/vc_column_inner][vc_column_inner width=&#8221;1\/3&#8243;][\/vc_column_inner][\/vc_row_inner][\/vc_column][\/vc_row][vc_row][vc_column][vc_empty_space height=&#8221;10px&#8221;][\/vc_column][\/vc_row][vc_row el_class=&#8221;border-radius-machine-tri range-vente-machine range-vente-machine-right&#8221; css=&#8221;.vc_custom_1659011078713{background-image: url(https:\/\/www.tqs-group.com\/wp-content\/uploads\/2022\/07\/solution-logicielle-tri-automatique-de-piece.jpg?id=758) !important;background-position: center !important;background-repeat: no-repeat !important;background-size: cover !important;}&#8221;][vc_column width=&#8221;1\/2&#8243; el_class=&#8221;txt-align-center-mobile&#8221;][vc_column_text el_class=&#8221;tres-gros-titre txt-orange&#8221;]<\/p>\n<p style=\"text-align: right;\">2020<\/p>\n<p>[\/vc_column_text][vc_row_inner][vc_column_inner width=&#8221;1\/3&#8243;][\/vc_column_inner][vc_column_inner width=&#8221;2\/3&#8243;][vc_column_text]<\/p>\n<p style=\"text-align: right;\">Nel 2020, oltre alle sue macchine, TQS propone soluzioni software basate sullo standard KEEPSO e prepara il futuro della distribuzione geografica con un innovativo concetto di franchising.<\/p>\n<p>&nbsp;<\/p>\n<p>&nbsp;<\/p>\n<p>[\/vc_column_text][\/vc_column_inner][\/vc_row_inner][\/vc_column][vc_column width=&#8221;1\/2&#8243;][\/vc_column][\/vc_row][vc_row][vc_column][vc_empty_space height=&#8221;10px&#8221;][\/vc_column][\/vc_row][vc_row el_class=&#8221;border-radius-machine-tri range-vente-machine range-vente-machine-left txt-blanc&#8221; css=&#8221;.vc_custom_1669126742389{background-image: url(https:\/\/www.tqs-group.com\/wp-content\/uploads\/2022\/11\/prestataire-tri-automatique-de-piece-industrielle.jpg?id=1202) !important;background-position: center !important;background-repeat: no-repeat !important;background-size: cover !important;}&#8221;][vc_column width=&#8221;1\/2&#8243;][\/vc_column][vc_column width=&#8221;1\/2&#8243; el_class=&#8221;txt-align-center-mobile&#8221;][vc_column_text el_class=&#8221;tres-gros-titre txt-orange&#8221;]2021[\/vc_column_text][vc_row_inner][vc_column_inner width=&#8221;2\/3&#8243;][vc_column_text]Il primo affiliato TQS aprir\u00e0 a Gisors, nella regione di Parigi, nel settembre 2021.<\/p>\n<p>&nbsp;<\/p>\n<p>&nbsp;<\/p>\n<p>&nbsp;<\/p>\n<p>[\/vc_column_text][\/vc_column_inner][vc_column_inner width=&#8221;1\/3&#8243;][\/vc_column_inner][\/vc_row_inner][\/vc_column][\/vc_row][vc_row][vc_column][vc_empty_space height=&#8221;10px&#8221;][\/vc_column][\/vc_row]<\/p>\n","protected":false},"excerpt":{"rendered":"<p>[vc_row el_class=&#8221;menu-flottant&#8221; css=&#8221;.vc_custom_1668441759531{background-color: #777777 !important;}&#8221;][vc_column][vc_column_text el_class=&#8221;btn-menu-flottant&#8221;]R&amp;S[\/vc_column_text][vc_column_text el_class=&#8221;btn-menu-flottant&#8221;]Logistica[\/vc_column_text][vc_column_text el_class=&#8221;btn-menu-flottant&#8221;]Reclutamento[\/vc_column_text][vc_column_text el_class=&#8221;btn-menu-flottant&#8221;]Storia ed esperienza[\/vc_column_text][\/vc_column][\/vc_row][vc_row][vc_column][vc_empty_space][\/vc_column][\/vc_row][vc_row el_class=&#8221;border-radius-machine-tri range-vente-machine range-vente-machine-left txt-blanc&#8221; css=&#8221;.vc_custom_1659000418923{background-image: url(https:\/\/www.tqs-group.com\/wp-content\/uploads\/2022\/07\/tri-automatique-piece-usinee-1.jpg?id=738) !important;background-position: center !important;background-repeat: no-repeat !important;background-size: cover !important;}&#8221;][vc_column width=&#8221;1\/2&#8243;][\/vc_column][vc_column width=&#8221;1\/2&#8243;<span class=\"excerpt-hellip\"> [\u2026]<\/span><\/p>\n","protected":false},"author":1,"featured_media":0,"parent":0,"menu_order":0,"comment_status":"closed","ping_status":"closed","template":"","meta":{"footnotes":""},"class_list":["post-3023","page","type-page","status-publish","hentry"],"yoast_head":"<!-- This site is optimized with the Yoast SEO plugin v27.4 - https:\/\/yoast.com\/product\/yoast-seo-wordpress\/ -->\n<title>Azienda produttrice di macchine di selezione automatica di pezzi industriali, franchising selezione automatica<\/title>\n<meta name=\"description\" content=\"TQS \u00e8 un&#039;azienda specializzata nella selezione automatica di pezzi lavorati e pezzi industriali. Contattaci per saperne di pi\u00f9!\" \/>\n<meta name=\"robots\" content=\"index, follow, max-snippet:-1, max-image-preview:large, max-video-preview:-1\" \/>\n<link rel=\"canonical\" href=\"https:\/\/www.tqs-group.com\/it\/a-proposito\/\" \/>\n<meta property=\"og:locale\" content=\"it_IT\" \/>\n<meta property=\"og:type\" content=\"article\" \/>\n<meta property=\"og:title\" content=\"Azienda produttrice di macchine di selezione automatica di pezzi industriali, franchising selezione automatica\" \/>\n<meta property=\"og:description\" content=\"TQS \u00e8 un&#039;azienda specializzata nella selezione automatica di pezzi lavorati e pezzi industriali. Contattaci per saperne di pi\u00f9!\" \/>\n<meta property=\"og:url\" content=\"https:\/\/www.tqs-group.com\/it\/a-proposito\/\" \/>\n<meta property=\"og:site_name\" content=\"Tri qualit\u00e9 service\" \/>\n<meta property=\"article:modified_time\" content=\"2023-02-14T12:46:18+00:00\" \/>\n<meta property=\"og:image\" content=\"https:\/\/www.tqs-group.com\/wp-content\/uploads\/2022\/03\/tri-piece-usinage.png\" \/>\n\t<meta property=\"og:image:width\" content=\"385\" \/>\n\t<meta property=\"og:image:height\" content=\"380\" \/>\n\t<meta property=\"og:image:type\" content=\"image\/png\" \/>\n<meta name=\"twitter:card\" content=\"summary_large_image\" \/>\n<meta name=\"twitter:label1\" content=\"Tempo di lettura stimato\" \/>\n\t<meta name=\"twitter:data1\" content=\"4 minuti\" \/>\n<script type=\"application\/ld+json\" class=\"yoast-schema-graph\">{\"@context\":\"https:\\\/\\\/schema.org\",\"@graph\":[{\"@type\":\"WebPage\",\"@id\":\"https:\\\/\\\/www.tqs-group.com\\\/it\\\/a-proposito\\\/\",\"url\":\"https:\\\/\\\/www.tqs-group.com\\\/it\\\/a-proposito\\\/\",\"name\":\"Azienda produttrice di macchine di selezione automatica di pezzi industriali, franchising selezione automatica\",\"isPartOf\":{\"@id\":\"https:\\\/\\\/www.tqs-group.com\\\/it\\\/#website\"},\"datePublished\":\"2022-05-02T12:49:06+00:00\",\"dateModified\":\"2023-02-14T12:46:18+00:00\",\"description\":\"TQS \u00e8 un'azienda specializzata nella selezione automatica di pezzi lavorati e pezzi industriali. Contattaci per saperne di pi\u00f9!\",\"breadcrumb\":{\"@id\":\"https:\\\/\\\/www.tqs-group.com\\\/it\\\/a-proposito\\\/#breadcrumb\"},\"inLanguage\":\"it-IT\",\"potentialAction\":[{\"@type\":\"ReadAction\",\"target\":[\"https:\\\/\\\/www.tqs-group.com\\\/it\\\/a-proposito\\\/\"]}]},{\"@type\":\"BreadcrumbList\",\"@id\":\"https:\\\/\\\/www.tqs-group.com\\\/it\\\/a-proposito\\\/#breadcrumb\",\"itemListElement\":[{\"@type\":\"ListItem\",\"position\":1,\"name\":\"Accueil\",\"item\":\"https:\\\/\\\/www.tqs-group.com\\\/it\\\/\"},{\"@type\":\"ListItem\",\"position\":2,\"name\":\"A proposito\"}]},{\"@type\":\"WebSite\",\"@id\":\"https:\\\/\\\/www.tqs-group.com\\\/it\\\/#website\",\"url\":\"https:\\\/\\\/www.tqs-group.com\\\/it\\\/\",\"name\":\"TRI QUALITE SERVICE\",\"description\":\"TQS Group\",\"publisher\":{\"@id\":\"https:\\\/\\\/www.tqs-group.com\\\/it\\\/#organization\"},\"alternateName\":\"TQS GROUP\",\"potentialAction\":[{\"@type\":\"SearchAction\",\"target\":{\"@type\":\"EntryPoint\",\"urlTemplate\":\"https:\\\/\\\/www.tqs-group.com\\\/it\\\/?s={search_term_string}\"},\"query-input\":{\"@type\":\"PropertyValueSpecification\",\"valueRequired\":true,\"valueName\":\"search_term_string\"}}],\"inLanguage\":\"it-IT\"},{\"@type\":\"Organization\",\"@id\":\"https:\\\/\\\/www.tqs-group.com\\\/it\\\/#organization\",\"name\":\"TRI QUALITE SERVICE\",\"alternateName\":\"TQS GROUP\",\"url\":\"https:\\\/\\\/www.tqs-group.com\\\/it\\\/\",\"logo\":{\"@type\":\"ImageObject\",\"inLanguage\":\"it-IT\",\"@id\":\"https:\\\/\\\/www.tqs-group.com\\\/it\\\/#\\\/schema\\\/logo\\\/image\\\/\",\"url\":\"https:\\\/\\\/www.tqs-group.com\\\/wp-content\\\/uploads\\\/2022\\\/03\\\/tri-piece-usinage.png\",\"contentUrl\":\"https:\\\/\\\/www.tqs-group.com\\\/wp-content\\\/uploads\\\/2022\\\/03\\\/tri-piece-usinage.png\",\"width\":385,\"height\":380,\"caption\":\"TRI QUALITE SERVICE\"},\"image\":{\"@id\":\"https:\\\/\\\/www.tqs-group.com\\\/it\\\/#\\\/schema\\\/logo\\\/image\\\/\"}}]}<\/script>\n<!-- \/ Yoast SEO plugin. -->","yoast_head_json":{"title":"Azienda produttrice di macchine di selezione automatica di pezzi industriali, franchising selezione automatica","description":"TQS \u00e8 un'azienda specializzata nella selezione automatica di pezzi lavorati e pezzi industriali. Contattaci per saperne di pi\u00f9!","robots":{"index":"index","follow":"follow","max-snippet":"max-snippet:-1","max-image-preview":"max-image-preview:large","max-video-preview":"max-video-preview:-1"},"canonical":"https:\/\/www.tqs-group.com\/it\/a-proposito\/","og_locale":"it_IT","og_type":"article","og_title":"Azienda produttrice di macchine di selezione automatica di pezzi industriali, franchising selezione automatica","og_description":"TQS \u00e8 un'azienda specializzata nella selezione automatica di pezzi lavorati e pezzi industriali. Contattaci per saperne di pi\u00f9!","og_url":"https:\/\/www.tqs-group.com\/it\/a-proposito\/","og_site_name":"Tri qualit\u00e9 service","article_modified_time":"2023-02-14T12:46:18+00:00","og_image":[{"width":385,"height":380,"url":"https:\/\/www.tqs-group.com\/wp-content\/uploads\/2022\/03\/tri-piece-usinage.png","type":"image\/png"}],"twitter_card":"summary_large_image","twitter_misc":{"Tempo di lettura stimato":"4 minuti"},"schema":{"@context":"https:\/\/schema.org","@graph":[{"@type":"WebPage","@id":"https:\/\/www.tqs-group.com\/it\/a-proposito\/","url":"https:\/\/www.tqs-group.com\/it\/a-proposito\/","name":"Azienda produttrice di macchine di selezione automatica di pezzi industriali, franchising selezione automatica","isPartOf":{"@id":"https:\/\/www.tqs-group.com\/it\/#website"},"datePublished":"2022-05-02T12:49:06+00:00","dateModified":"2023-02-14T12:46:18+00:00","description":"TQS \u00e8 un'azienda specializzata nella selezione automatica di pezzi lavorati e pezzi industriali. Contattaci per saperne di pi\u00f9!","breadcrumb":{"@id":"https:\/\/www.tqs-group.com\/it\/a-proposito\/#breadcrumb"},"inLanguage":"it-IT","potentialAction":[{"@type":"ReadAction","target":["https:\/\/www.tqs-group.com\/it\/a-proposito\/"]}]},{"@type":"BreadcrumbList","@id":"https:\/\/www.tqs-group.com\/it\/a-proposito\/#breadcrumb","itemListElement":[{"@type":"ListItem","position":1,"name":"Accueil","item":"https:\/\/www.tqs-group.com\/it\/"},{"@type":"ListItem","position":2,"name":"A proposito"}]},{"@type":"WebSite","@id":"https:\/\/www.tqs-group.com\/it\/#website","url":"https:\/\/www.tqs-group.com\/it\/","name":"TRI QUALITE SERVICE","description":"TQS Group","publisher":{"@id":"https:\/\/www.tqs-group.com\/it\/#organization"},"alternateName":"TQS GROUP","potentialAction":[{"@type":"SearchAction","target":{"@type":"EntryPoint","urlTemplate":"https:\/\/www.tqs-group.com\/it\/?s={search_term_string}"},"query-input":{"@type":"PropertyValueSpecification","valueRequired":true,"valueName":"search_term_string"}}],"inLanguage":"it-IT"},{"@type":"Organization","@id":"https:\/\/www.tqs-group.com\/it\/#organization","name":"TRI QUALITE SERVICE","alternateName":"TQS GROUP","url":"https:\/\/www.tqs-group.com\/it\/","logo":{"@type":"ImageObject","inLanguage":"it-IT","@id":"https:\/\/www.tqs-group.com\/it\/#\/schema\/logo\/image\/","url":"https:\/\/www.tqs-group.com\/wp-content\/uploads\/2022\/03\/tri-piece-usinage.png","contentUrl":"https:\/\/www.tqs-group.com\/wp-content\/uploads\/2022\/03\/tri-piece-usinage.png","width":385,"height":380,"caption":"TRI QUALITE SERVICE"},"image":{"@id":"https:\/\/www.tqs-group.com\/it\/#\/schema\/logo\/image\/"}}]}},"_links":{"self":[{"href":"https:\/\/www.tqs-group.com\/it\/wp-json\/wp\/v2\/pages\/3023","targetHints":{"allow":["GET"]}}],"collection":[{"href":"https:\/\/www.tqs-group.com\/it\/wp-json\/wp\/v2\/pages"}],"about":[{"href":"https:\/\/www.tqs-group.com\/it\/wp-json\/wp\/v2\/types\/page"}],"author":[{"embeddable":true,"href":"https:\/\/www.tqs-group.com\/it\/wp-json\/wp\/v2\/users\/1"}],"replies":[{"embeddable":true,"href":"https:\/\/www.tqs-group.com\/it\/wp-json\/wp\/v2\/comments?post=3023"}],"version-history":[{"count":8,"href":"https:\/\/www.tqs-group.com\/it\/wp-json\/wp\/v2\/pages\/3023\/revisions"}],"predecessor-version":[{"id":3527,"href":"https:\/\/www.tqs-group.com\/it\/wp-json\/wp\/v2\/pages\/3023\/revisions\/3527"}],"wp:attachment":[{"href":"https:\/\/www.tqs-group.com\/it\/wp-json\/wp\/v2\/media?parent=3023"}],"curies":[{"name":"wp","href":"https:\/\/api.w.org\/{rel}","templated":true}]}}