{"id":3038,"date":"2022-05-02T12:01:59","date_gmt":"2022-05-02T10:01:59","guid":{"rendered":"https:\/\/www.tqs-group.com\/franchising-per-macchine-di-selezione-di-pezzi-industriali\/"},"modified":"2023-02-14T13:34:06","modified_gmt":"2023-02-14T12:34:06","slug":"franchising-per-macchine-di-selezione-di-pezzi-industriali","status":"publish","type":"page","link":"https:\/\/www.tqs-group.com\/it\/franchising-per-macchine-di-selezione-di-pezzi-industriali\/","title":{"rendered":"Franchising"},"content":{"rendered":"<p>[vc_row full_width=&#8221;stretch_row_content&#8221; equal_height=&#8221;yes&#8221; content_placement=&#8221;middle&#8221; css=&#8221;.vc_custom_1652187250388{background-image: url(https:\/\/www.tqs-group.com\/wp-content\/uploads\/2022\/05\/offre-pour-idustriel-installe.jpg?id=454) !important;background-position: center !important;background-repeat: no-repeat !important;background-size: cover !important;}&#8221;][vc_column width=&#8221;1\/2&#8243; css=&#8221;.vc_custom_1651497155116{background-position: center !important;background-repeat: no-repeat !important;background-size: cover !important;}&#8221; el_class=&#8221;padding-left-right-zero&#8221;][vc_single_image image=&#8221;2084&#8243; img_size=&#8221;full&#8221; alignment=&#8221;center&#8221;][\/vc_column][vc_column width=&#8221;1\/2&#8243;][vc_row_inner][vc_column_inner offset=&#8221;vc_hidden-md vc_hidden-sm vc_hidden-xs&#8221;][vc_empty_space height=&#8221;80px&#8221;][\/vc_column_inner][\/vc_row_inner][vc_row_inner css=&#8221;.vc_custom_1651503994225{padding-right: 20px !important;padding-left: 20px !important;}&#8221;][vc_column_inner][vc_column_text el_class=&#8221;tres-gros-titre&#8221;]<\/p>\n<h2>A chi<br \/>\n<span class=\"uni_neuelight-font\">\u00e8 destinato il franchising?<\/span><\/h2>\n<p>[\/vc_column_text][vc_column_text]Questa offerta si rivolge a industriali gi\u00e0 affermati che desiderano fornire un nuovo servizio complementare o a futuri imprenditori che desiderano essere supportati nella creazione della loro azienda industriale e beneficiare di tutta l&#8217;esperienza di TQS con una soluzione completa e sicura.[\/vc_column_text][\/vc_column_inner][\/vc_row_inner][vc_row_inner][vc_column_inner offset=&#8221;vc_hidden-md vc_hidden-sm vc_hidden-xs&#8221;][vc_empty_space height=&#8221;80px&#8221;][\/vc_column_inner][\/vc_row_inner][\/vc_column][\/vc_row][vc_row full_width=&#8221;stretch_row_content&#8221; equal_height=&#8221;yes&#8221; content_placement=&#8221;middle&#8221; css=&#8221;.vc_custom_1652187523455{background-image: url(https:\/\/www.tqs-group.com\/wp-content\/uploads\/2022\/05\/degrade.jpg?id=449) !important;background-position: center !important;background-repeat: no-repeat !important;background-size: cover !important;}&#8221;][vc_column width=&#8221;1\/2&#8243;][vc_row_inner][vc_column_inner offset=&#8221;vc_hidden-lg vc_hidden-md vc_hidden-sm vc_hidden-xs&#8221;][vc_empty_space height=&#8221;50px&#8221;][\/vc_column_inner][\/vc_row_inner][vc_row_inner css=&#8221;.vc_custom_1651504002203{padding-right: 20px !important;padding-left: 20px !important;}&#8221;][vc_column_inner][vc_column_text el_class=&#8221;tres-gros-titre&#8221;]<\/p>\n<h2>Perch\u00e9?<br \/>\n<span class=\"uni_neuelight-font\">Perch\u00e9 il mercato della selezione automatica \u00e8 in crescita<\/span><\/h2>\n<p>[\/vc_column_text][vc_column_text]<\/p>\n<ul>\n<li>L&#8217;industria manifatturiera \u00e8 sempre pi\u00f9 automatizzata e quindi richiede che tutti i pezzi assemblati siano conformi. Da qui la ricerca di &#8220;Zero difetti&#8221;.<\/li>\n<li>Le esigenze dei clienti sono sempre pi\u00f9 elevate e i prodotti sempre pi\u00f9 tecnici; da qui l&#8217;importanza di controllare la qualit\u00e0 di ogni componente.<\/li>\n<li>Il prezzo delle forniture non si basa pi\u00f9 sul pezzo, ma sulla funzione, il che spiega perch\u00e9 i costi di ispezione sono regolarmente pi\u00f9 alti dei costi di produzione.<\/li>\n<li>I mercati hanno bisogno di sicurezza e quindi di tracciabilit\u00e0, per cui \u00e8 essenziale ispezionare ogni pezzo singolarmente.<\/li>\n<\/ul>\n<p>[\/vc_column_text][\/vc_column_inner][\/vc_row_inner][vc_row_inner][vc_column_inner offset=&#8221;vc_hidden-lg vc_hidden-md vc_hidden-sm vc_hidden-xs&#8221;][vc_empty_space height=&#8221;50px&#8221;][\/vc_column_inner][\/vc_row_inner][\/vc_column][vc_column width=&#8221;1\/2&#8243; css=&#8221;.vc_custom_1658934242082{background-image: url(https:\/\/www.tqs-group.com\/wp-content\/uploads\/2022\/07\/devenir-franchise-controle-automatique-piece.jpg?id=721) !important;background-position: center !important;background-repeat: no-repeat !important;background-size: cover !important;}&#8221; el_class=&#8221;padding-left-right-zero all-margin-zero overflow-visible block-img-cover&#8221;][\/vc_column][\/vc_row][vc_row full_width=&#8221;stretch_row_content&#8221; equal_height=&#8221;yes&#8221; content_placement=&#8221;middle&#8221; css=&#8221;.vc_custom_1652193272037{background-image: url(https:\/\/www.tqs-group.com\/wp-content\/uploads\/2022\/05\/entreprise-tri-pieces-automatique.jpg?id=291) !important;background-position: center !important;background-repeat: no-repeat !important;background-size: cover !important;}&#8221;][vc_column width=&#8221;1\/2&#8243;][vc_row_inner][vc_column_inner offset=&#8221;vc_hidden-lg vc_hidden-md vc_hidden-sm vc_hidden-xs&#8221;][vc_empty_space height=&#8221;50px&#8221;][\/vc_column_inner][\/vc_row_inner][vc_row_inner css=&#8221;.vc_custom_1651504002203{padding-right: 20px !important;padding-left: 20px !important;}&#8221;][vc_column_inner][vc_column_text el_class=&#8221;gros-titre uni_neueblack-font&#8221;]Perch\u00e9 la soluzione TQS si basa su 3 solidi pilastri:[\/vc_column_text][vc_column_text el_class=&#8221;gros-titre&#8221;]<span class=\"uni_neuelight-font\">1. il nostro software KEEPSO<\/span>[\/vc_column_text][vc_column_text]Frutto di 18 anni di esperienza e della completa padronanza dei <strong class=\"d2b\">processi del servizio di selezione automatica<\/strong> garantisce il rispetto di tutte le operazioni e la registrazione di tutti gli eventi durante i vari processi di selezione.[\/vc_column_text][vc_column_text el_class=&#8221;gros-titre&#8221;]<span class=\"uni_neuelight-font\">2. Le nostre macchine di selezione<\/span>[\/vc_column_text][vc_column_text]Affidabili e robuste, le nostre <strong class=\"d2b\">macchine di selezione di pezzi industriali<\/strong> sono state sviluppate negli ultimi 12 anni dal nostro dipartimento di ricerca, ponendo come priorit\u00e0 la qualit\u00e0, l&#8217;ergonomia e la comunicazione. Infatti, tutte le <strong class=\"d2b\">macchine per il controllo dei pezzi<\/strong> possono essere gestite a distanza per effettuare diagnosi, regolazioni o programmi di visione. Una sicurezza e un comfort incomparabili per l&#8217;affiliato.[\/vc_column_text][vc_column_text el_class=&#8221;gros-titre&#8221;]<span class=\"uni_neuelight-font\">3. I nostri corsi di formazione<\/span>[\/vc_column_text][vc_column_text]Il terzo pilastro \u00e8 la formazione. al 2015, TQS ha sviluppato una dozzina di moduli di formazione raggruppati nella TQS Academy, che permettono all&#8217;affiliato di avere una perfetta padronanza di tutte le operazioni di selezione automatica e di essere in grado di svolgere il proprio lavoro in totale sicurezza. Sono gli elementi fondanti del rapporto tra i team TQS e i team di affiliati.[\/vc_column_text][\/vc_column_inner][\/vc_row_inner][vc_row_inner][vc_column_inner offset=&#8221;vc_hidden-lg vc_hidden-md vc_hidden-sm vc_hidden-xs&#8221;][vc_empty_space height=&#8221;50px&#8221;][\/vc_column_inner][\/vc_row_inner][\/vc_column][vc_column width=&#8221;1\/2&#8243; css=&#8221;.vc_custom_1652193156640{background-image: url(https:\/\/www.tqs-group.com\/wp-content\/uploads\/2022\/05\/solution-tqs-trois-piliers-solides.png?id=458) !important;background-position: center !important;background-repeat: no-repeat !important;background-size: contain !important;}&#8221; el_class=&#8221;padding-left-right-zero all-margin-zero overflow-visible block-img-cover&#8221;][\/vc_column][\/vc_row][vc_row full_width=&#8221;stretch_row_content&#8221; equal_height=&#8221;yes&#8221; content_placement=&#8221;middle&#8221; css=&#8221;.vc_custom_1652187523455{background-image: url(https:\/\/www.tqs-group.com\/wp-content\/uploads\/2022\/05\/degrade.jpg?id=449) !important;background-position: center !important;background-repeat: no-repeat !important;background-size: cover !important;}&#8221;][vc_column width=&#8221;1\/2&#8243;][vc_row_inner][vc_column_inner offset=&#8221;vc_hidden-lg vc_hidden-md vc_hidden-sm vc_hidden-xs&#8221;][vc_empty_space height=&#8221;50px&#8221;][\/vc_column_inner][\/vc_row_inner][vc_row_inner css=&#8221;.vc_custom_1651504002203{padding-right: 20px !important;padding-left: 20px !important;}&#8221;][vc_column_inner][vc_column_text el_class=&#8221;gros-titre uni_neueblack-font&#8221;]Per unirsi a una rete e condividere:[\/vc_column_text][vc_column_text]<\/p>\n<ul>\n<li>Opportunit\u00e0 commerciali in mercati sempre pi\u00f9 globalizzati che richiedono un&#8217;offerta molto &#8220;standard&#8221;, unica garanzia di un livello di eccellenza in termini di qualit\u00e0 e servizio.<\/li>\n<li>Una tecnologia consolidata su un mercato in continua evoluzione con innovazioni permanenti, in particolare nella visione artificiale.<\/li>\n<li>Fornitori tecnologici di prim&#8217;ordine con partnership solide e durature.<\/li>\n<li>Comunicazione e gestione della rete che, a seconda dei casi, consentono al franchisee di diventare la vetrina tecnologica locale di TQS per quanto riguarda la vendita di macchine.<\/li>\n<\/ul>\n<p>[\/vc_column_text][\/vc_column_inner][\/vc_row_inner][vc_row_inner][vc_column_inner offset=&#8221;vc_hidden-lg vc_hidden-md vc_hidden-sm vc_hidden-xs&#8221;][vc_empty_space height=&#8221;50px&#8221;][\/vc_column_inner][\/vc_row_inner][\/vc_column][vc_column width=&#8221;1\/2&#8243; css=&#8221;.vc_custom_1658934416179{background-image: url(https:\/\/www.tqs-group.com\/wp-content\/uploads\/2022\/07\/franchise-controle-automatique-de-piece.jpg?id=726) !important;background-position: center !important;background-repeat: no-repeat !important;background-size: cover !important;}&#8221; el_class=&#8221;padding-left-right-zero all-margin-zero overflow-visible block-img-cover&#8221;][\/vc_column][\/vc_row][vc_row][vc_column][vc_column_text el_class=&#8221;tres-gros-titre&#8221;]<\/p>\n<h2 style=\"text-align: center;\"><span class=\"uni_neuelight-font\">Per saperne di pi\u00f9?<\/span><\/h2>\n<p>[\/vc_column_text][vc_row_inner][vc_column_inner width=&#8221;1\/3&#8243;][\/vc_column_inner][vc_column_inner width=&#8221;1\/3&#8243; css=&#8221;.vc_custom_1662641067298{background-color: #f7941f !important;border-radius: 25px !important;}&#8221;][vc_single_image image=&#8221;2021&#8243; img_size=&#8221;full&#8221; alignment=&#8221;center&#8221; el_class=&#8221;margin-zero&#8221;][vc_column_text el_class=&#8221;tres-gros-titre&#8221;]<\/p>\n<p style=\"text-align: center;\">Scopri il libro bianco<\/p>\n<p>[\/vc_column_text][vc_column_text el_class=&#8221;gros-titre uni_neueblack-font&#8221;]<\/p>\n<p style=\"text-align: center;\">&#8220;Il tuo franchising TQS in 7 passi&#8221;<\/p>\n<p>[\/vc_column_text][vc_single_image image=&#8221;2023&#8243; img_size=&#8221;full&#8221; alignment=&#8221;center&#8221; css=&#8221;.vc_custom_1662702334354{margin-bottom: 0px !important;padding-bottom: 0px !important;}&#8221; el_class=&#8221;margin-zero&#8221;][vc_column_text el_class=&#8221;tel-pdf&#8221;]<\/p>\n<p style=\"text-align: center;\">\n<div class=\"wpcf7 no-js\" id=\"wpcf7-f2391-o1\" lang=\"it-IT\" dir=\"ltr\" data-wpcf7-id=\"2391\">\n<div class=\"screen-reader-response\"><p role=\"status\" aria-live=\"polite\" aria-atomic=\"true\"><\/p> <ul><\/ul><\/div>\n<form action=\"\/it\/wp-json\/wp\/v2\/pages\/3038#wpcf7-f2391-o1\" method=\"post\" class=\"wpcf7-form init\" aria-label=\"Modulo di contatto\" novalidate=\"novalidate\" data-status=\"init\">\n<fieldset class=\"hidden-fields-container\"><input type=\"hidden\" name=\"_wpcf7\" value=\"2391\" \/><input type=\"hidden\" name=\"_wpcf7_version\" value=\"6.1.5\" \/><input type=\"hidden\" name=\"_wpcf7_locale\" value=\"it_IT\" \/><input type=\"hidden\" name=\"_wpcf7_unit_tag\" value=\"wpcf7-f2391-o1\" \/><input type=\"hidden\" name=\"_wpcf7_container_post\" value=\"0\" \/><input type=\"hidden\" name=\"_wpcf7_posted_data_hash\" value=\"\" \/><input type=\"hidden\" name=\"_wpcf7cf_hidden_group_fields\" value=\"[]\" \/><input type=\"hidden\" name=\"_wpcf7cf_hidden_groups\" value=\"[]\" \/><input type=\"hidden\" name=\"_wpcf7cf_visible_groups\" value=\"[]\" \/><input type=\"hidden\" name=\"_wpcf7cf_repeaters\" value=\"[]\" \/><input type=\"hidden\" name=\"_wpcf7cf_steps\" value=\"{}\" \/><input type=\"hidden\" name=\"_wpcf7cf_options\" value=\"{&quot;form_id&quot;:2391,&quot;conditions&quot;:[],&quot;settings&quot;:{&quot;animation&quot;:&quot;yes&quot;,&quot;animation_intime&quot;:200,&quot;animation_outtime&quot;:200,&quot;conditions_ui&quot;:&quot;normal&quot;,&quot;notice_dismissed&quot;:false}}\" \/>\n<\/fieldset>\n<p><label> Per accedere al libro bianco, inserire il proprio indirizzo e-mail:<br \/>\n<span class=\"wpcf7-form-control-wrap\" data-name=\"your-email\"><input size=\"40\" maxlength=\"400\" class=\"wpcf7-form-control wpcf7-email wpcf7-validates-as-required wpcf7-text wpcf7-validates-as-email\" aria-required=\"true\" aria-invalid=\"false\" value=\"\" type=\"email\" name=\"your-email\" \/><\/span> <\/label>\n<\/p>\n<p><input class=\"wpcf7-form-control wpcf7-submit has-spinner\" type=\"submit\" value=\"Ricevere il mio libro bianco\" \/>\n<\/p><input type=\"hidden\" id=\"ct_checkjs_cf7_f61d6947467ccd3aa5af24db320235dd\" name=\"ct_checkjs_cf7\" value=\"0\" \/><div class=\"wpcf7-response-output\" aria-hidden=\"true\"><\/div>\n<\/form>\n<\/div>\n<p>[\/vc_column_text][\/vc_column_inner][vc_column_inner width=&#8221;1\/3&#8243;][\/vc_column_inner][\/vc_row_inner][\/vc_column][\/vc_row]<\/p>\n","protected":false},"excerpt":{"rendered":"<p>[vc_row full_width=&#8221;stretch_row_content&#8221; equal_height=&#8221;yes&#8221; content_placement=&#8221;middle&#8221; css=&#8221;.vc_custom_1652187250388{background-image: url(https:\/\/www.tqs-group.com\/wp-content\/uploads\/2022\/05\/offre-pour-idustriel-installe.jpg?id=454) !important;background-position: center !important;background-repeat: no-repeat !important;background-size: cover !important;}&#8221;][vc_column width=&#8221;1\/2&#8243; css=&#8221;.vc_custom_1651497155116{background-position: center !important;background-repeat: no-repeat !important;background-size: cover !important;}&#8221; el_class=&#8221;padding-left-right-zero&#8221;][vc_single_image image=&#8221;2084&#8243; img_size=&#8221;full&#8221; alignment=&#8221;center&#8221;][\/vc_column][vc_column width=&#8221;1\/2&#8243;][vc_row_inner][vc_column_inner<span class=\"excerpt-hellip\"> [\u2026]<\/span><\/p>\n","protected":false},"author":1,"featured_media":0,"parent":0,"menu_order":0,"comment_status":"closed","ping_status":"closed","template":"","meta":{"footnotes":""},"class_list":["post-3038","page","type-page","status-publish","hentry"],"yoast_head":"<!-- This site is optimized with the Yoast SEO plugin v27.4 - https:\/\/yoast.com\/product\/yoast-seo-wordpress\/ -->\n<title>Diventa un affiliato TQS, affiliato subappaltatore per loa selezione automatica di pezzi industriali<\/title>\n<meta name=\"description\" content=\"TQS ti offre l&#039;opportunit\u00e0 di diventare affiliato delle sue soluzioni tecniche per la selezione e il controllo dei difetti dei pezzi industriali. Contattaci!\" \/>\n<meta name=\"robots\" content=\"index, follow, max-snippet:-1, max-image-preview:large, max-video-preview:-1\" \/>\n<link rel=\"canonical\" href=\"https:\/\/www.tqs-group.com\/it\/franchising-per-macchine-di-selezione-di-pezzi-industriali\/\" \/>\n<meta property=\"og:locale\" content=\"it_IT\" \/>\n<meta property=\"og:type\" content=\"article\" \/>\n<meta property=\"og:title\" content=\"Diventa un affiliato TQS, affiliato subappaltatore per loa selezione automatica di pezzi industriali\" \/>\n<meta property=\"og:description\" content=\"TQS ti offre l&#039;opportunit\u00e0 di diventare affiliato delle sue soluzioni tecniche per la selezione e il controllo dei difetti dei pezzi industriali. Contattaci!\" \/>\n<meta property=\"og:url\" content=\"https:\/\/www.tqs-group.com\/it\/franchising-per-macchine-di-selezione-di-pezzi-industriali\/\" \/>\n<meta property=\"og:site_name\" content=\"Tri qualit\u00e9 service\" \/>\n<meta property=\"article:modified_time\" content=\"2023-02-14T12:34:06+00:00\" \/>\n<meta property=\"og:image\" content=\"https:\/\/www.tqs-group.com\/wp-content\/uploads\/2022\/03\/tri-piece-usinage.png\" \/>\n\t<meta property=\"og:image:width\" content=\"385\" \/>\n\t<meta property=\"og:image:height\" content=\"380\" \/>\n\t<meta property=\"og:image:type\" content=\"image\/png\" \/>\n<meta name=\"twitter:card\" content=\"summary_large_image\" \/>\n<meta name=\"twitter:label1\" content=\"Tempo di lettura stimato\" \/>\n\t<meta name=\"twitter:data1\" content=\"4 minuti\" \/>\n<script type=\"application\/ld+json\" class=\"yoast-schema-graph\">{\"@context\":\"https:\\\/\\\/schema.org\",\"@graph\":[{\"@type\":\"WebPage\",\"@id\":\"https:\\\/\\\/www.tqs-group.com\\\/it\\\/franchising-per-macchine-di-selezione-di-pezzi-industriali\\\/\",\"url\":\"https:\\\/\\\/www.tqs-group.com\\\/it\\\/franchising-per-macchine-di-selezione-di-pezzi-industriali\\\/\",\"name\":\"Diventa un affiliato TQS, affiliato subappaltatore per loa selezione automatica di pezzi industriali\",\"isPartOf\":{\"@id\":\"https:\\\/\\\/www.tqs-group.com\\\/it\\\/#website\"},\"datePublished\":\"2022-05-02T10:01:59+00:00\",\"dateModified\":\"2023-02-14T12:34:06+00:00\",\"description\":\"TQS ti offre l'opportunit\u00e0 di diventare affiliato delle sue soluzioni tecniche per la selezione e il controllo dei difetti dei pezzi industriali. Contattaci!\",\"breadcrumb\":{\"@id\":\"https:\\\/\\\/www.tqs-group.com\\\/it\\\/franchising-per-macchine-di-selezione-di-pezzi-industriali\\\/#breadcrumb\"},\"inLanguage\":\"it-IT\",\"potentialAction\":[{\"@type\":\"ReadAction\",\"target\":[\"https:\\\/\\\/www.tqs-group.com\\\/it\\\/franchising-per-macchine-di-selezione-di-pezzi-industriali\\\/\"]}]},{\"@type\":\"BreadcrumbList\",\"@id\":\"https:\\\/\\\/www.tqs-group.com\\\/it\\\/franchising-per-macchine-di-selezione-di-pezzi-industriali\\\/#breadcrumb\",\"itemListElement\":[{\"@type\":\"ListItem\",\"position\":1,\"name\":\"Accueil\",\"item\":\"https:\\\/\\\/www.tqs-group.com\\\/it\\\/\"},{\"@type\":\"ListItem\",\"position\":2,\"name\":\"Franchising\"}]},{\"@type\":\"WebSite\",\"@id\":\"https:\\\/\\\/www.tqs-group.com\\\/it\\\/#website\",\"url\":\"https:\\\/\\\/www.tqs-group.com\\\/it\\\/\",\"name\":\"TRI QUALITE SERVICE\",\"description\":\"TQS Group\",\"publisher\":{\"@id\":\"https:\\\/\\\/www.tqs-group.com\\\/it\\\/#organization\"},\"alternateName\":\"TQS GROUP\",\"potentialAction\":[{\"@type\":\"SearchAction\",\"target\":{\"@type\":\"EntryPoint\",\"urlTemplate\":\"https:\\\/\\\/www.tqs-group.com\\\/it\\\/?s={search_term_string}\"},\"query-input\":{\"@type\":\"PropertyValueSpecification\",\"valueRequired\":true,\"valueName\":\"search_term_string\"}}],\"inLanguage\":\"it-IT\"},{\"@type\":\"Organization\",\"@id\":\"https:\\\/\\\/www.tqs-group.com\\\/it\\\/#organization\",\"name\":\"TRI QUALITE SERVICE\",\"alternateName\":\"TQS GROUP\",\"url\":\"https:\\\/\\\/www.tqs-group.com\\\/it\\\/\",\"logo\":{\"@type\":\"ImageObject\",\"inLanguage\":\"it-IT\",\"@id\":\"https:\\\/\\\/www.tqs-group.com\\\/it\\\/#\\\/schema\\\/logo\\\/image\\\/\",\"url\":\"https:\\\/\\\/www.tqs-group.com\\\/wp-content\\\/uploads\\\/2022\\\/03\\\/tri-piece-usinage.png\",\"contentUrl\":\"https:\\\/\\\/www.tqs-group.com\\\/wp-content\\\/uploads\\\/2022\\\/03\\\/tri-piece-usinage.png\",\"width\":385,\"height\":380,\"caption\":\"TRI QUALITE SERVICE\"},\"image\":{\"@id\":\"https:\\\/\\\/www.tqs-group.com\\\/it\\\/#\\\/schema\\\/logo\\\/image\\\/\"}}]}<\/script>\n<!-- \/ Yoast SEO plugin. -->","yoast_head_json":{"title":"Diventa un affiliato TQS, affiliato subappaltatore per loa selezione automatica di pezzi industriali","description":"TQS ti offre l'opportunit\u00e0 di diventare affiliato delle sue soluzioni tecniche per la selezione e il controllo dei difetti dei pezzi industriali. Contattaci!","robots":{"index":"index","follow":"follow","max-snippet":"max-snippet:-1","max-image-preview":"max-image-preview:large","max-video-preview":"max-video-preview:-1"},"canonical":"https:\/\/www.tqs-group.com\/it\/franchising-per-macchine-di-selezione-di-pezzi-industriali\/","og_locale":"it_IT","og_type":"article","og_title":"Diventa un affiliato TQS, affiliato subappaltatore per loa selezione automatica di pezzi industriali","og_description":"TQS ti offre l'opportunit\u00e0 di diventare affiliato delle sue soluzioni tecniche per la selezione e il controllo dei difetti dei pezzi industriali. Contattaci!","og_url":"https:\/\/www.tqs-group.com\/it\/franchising-per-macchine-di-selezione-di-pezzi-industriali\/","og_site_name":"Tri qualit\u00e9 service","article_modified_time":"2023-02-14T12:34:06+00:00","og_image":[{"width":385,"height":380,"url":"https:\/\/www.tqs-group.com\/wp-content\/uploads\/2022\/03\/tri-piece-usinage.png","type":"image\/png"}],"twitter_card":"summary_large_image","twitter_misc":{"Tempo di lettura stimato":"4 minuti"},"schema":{"@context":"https:\/\/schema.org","@graph":[{"@type":"WebPage","@id":"https:\/\/www.tqs-group.com\/it\/franchising-per-macchine-di-selezione-di-pezzi-industriali\/","url":"https:\/\/www.tqs-group.com\/it\/franchising-per-macchine-di-selezione-di-pezzi-industriali\/","name":"Diventa un affiliato TQS, affiliato subappaltatore per loa selezione automatica di pezzi industriali","isPartOf":{"@id":"https:\/\/www.tqs-group.com\/it\/#website"},"datePublished":"2022-05-02T10:01:59+00:00","dateModified":"2023-02-14T12:34:06+00:00","description":"TQS ti offre l'opportunit\u00e0 di diventare affiliato delle sue soluzioni tecniche per la selezione e il controllo dei difetti dei pezzi industriali. Contattaci!","breadcrumb":{"@id":"https:\/\/www.tqs-group.com\/it\/franchising-per-macchine-di-selezione-di-pezzi-industriali\/#breadcrumb"},"inLanguage":"it-IT","potentialAction":[{"@type":"ReadAction","target":["https:\/\/www.tqs-group.com\/it\/franchising-per-macchine-di-selezione-di-pezzi-industriali\/"]}]},{"@type":"BreadcrumbList","@id":"https:\/\/www.tqs-group.com\/it\/franchising-per-macchine-di-selezione-di-pezzi-industriali\/#breadcrumb","itemListElement":[{"@type":"ListItem","position":1,"name":"Accueil","item":"https:\/\/www.tqs-group.com\/it\/"},{"@type":"ListItem","position":2,"name":"Franchising"}]},{"@type":"WebSite","@id":"https:\/\/www.tqs-group.com\/it\/#website","url":"https:\/\/www.tqs-group.com\/it\/","name":"TRI QUALITE SERVICE","description":"TQS Group","publisher":{"@id":"https:\/\/www.tqs-group.com\/it\/#organization"},"alternateName":"TQS GROUP","potentialAction":[{"@type":"SearchAction","target":{"@type":"EntryPoint","urlTemplate":"https:\/\/www.tqs-group.com\/it\/?s={search_term_string}"},"query-input":{"@type":"PropertyValueSpecification","valueRequired":true,"valueName":"search_term_string"}}],"inLanguage":"it-IT"},{"@type":"Organization","@id":"https:\/\/www.tqs-group.com\/it\/#organization","name":"TRI QUALITE SERVICE","alternateName":"TQS GROUP","url":"https:\/\/www.tqs-group.com\/it\/","logo":{"@type":"ImageObject","inLanguage":"it-IT","@id":"https:\/\/www.tqs-group.com\/it\/#\/schema\/logo\/image\/","url":"https:\/\/www.tqs-group.com\/wp-content\/uploads\/2022\/03\/tri-piece-usinage.png","contentUrl":"https:\/\/www.tqs-group.com\/wp-content\/uploads\/2022\/03\/tri-piece-usinage.png","width":385,"height":380,"caption":"TRI QUALITE SERVICE"},"image":{"@id":"https:\/\/www.tqs-group.com\/it\/#\/schema\/logo\/image\/"}}]}},"_links":{"self":[{"href":"https:\/\/www.tqs-group.com\/it\/wp-json\/wp\/v2\/pages\/3038","targetHints":{"allow":["GET"]}}],"collection":[{"href":"https:\/\/www.tqs-group.com\/it\/wp-json\/wp\/v2\/pages"}],"about":[{"href":"https:\/\/www.tqs-group.com\/it\/wp-json\/wp\/v2\/types\/page"}],"author":[{"embeddable":true,"href":"https:\/\/www.tqs-group.com\/it\/wp-json\/wp\/v2\/users\/1"}],"replies":[{"embeddable":true,"href":"https:\/\/www.tqs-group.com\/it\/wp-json\/wp\/v2\/comments?post=3038"}],"version-history":[{"count":6,"href":"https:\/\/www.tqs-group.com\/it\/wp-json\/wp\/v2\/pages\/3038\/revisions"}],"predecessor-version":[{"id":3525,"href":"https:\/\/www.tqs-group.com\/it\/wp-json\/wp\/v2\/pages\/3038\/revisions\/3525"}],"wp:attachment":[{"href":"https:\/\/www.tqs-group.com\/it\/wp-json\/wp\/v2\/media?parent=3038"}],"curies":[{"name":"wp","href":"https:\/\/api.w.org\/{rel}","templated":true}]}}