{"id":3117,"date":"2022-04-19T17:39:03","date_gmt":"2022-04-19T15:39:03","guid":{"rendered":"https:\/\/www.tqs-group.com\/dotarsi-di-una-macchina-di-selezione\/"},"modified":"2023-02-14T12:21:32","modified_gmt":"2023-02-14T11:21:32","slug":"dotarsi-di-una-macchina-di-selezione","status":"publish","type":"page","link":"https:\/\/www.tqs-group.com\/it\/dotarsi-di-una-macchina-di-selezione\/","title":{"rendered":"Dotarsi di una macchina"},"content":{"rendered":"<p>[vc_row][vc_column][vc_empty_space][\/vc_column][\/vc_row][vc_row el_class=&#8221;border-radius-machine-tri range-vente-machine range-vente-machine-right&#8221; css=&#8221;.vc_custom_1668435316985{background-image: url(https:\/\/www.tqs-group.com\/wp-content\/uploads\/2022\/11\/tri-automatique-piece-machine-plateau-de-verre.jpg?id=1137) !important;background-position: center !important;background-repeat: no-repeat !important;background-size: cover !important;}&#8221;][vc_column width=&#8221;1\/2&#8243; el_class=&#8221;txt-align-center-mobile&#8221;][vc_column_text el_class=&#8221;tres-gros-titre&#8221;]<\/p>\n<h2 style=\"text-align: right;\"><span class=\"uni_neuelight-font\">Le nostre macchine con<br \/>\ndisco in vetro<br \/>\n<\/span><\/h2>\n<p>[\/vc_column_text][vc_row_inner][vc_column_inner width=&#8221;1\/3&#8243;][\/vc_column_inner][vc_column_inner width=&#8221;2\/3&#8243;][vc_column_text]<\/p>\n<p style=\"text-align: right;\">La macchina \u00e8 costituita da un disco in vetro di \u00d8 600 mm con la possibilit\u00e0 di avere fino a 3 sistemi di visione&#8230;<\/p>\n<p>[\/vc_column_text][\/vc_column_inner][\/vc_row_inner][vc_row_inner content_placement=&#8221;middle&#8221; el_class=&#8221;btn-txt-btn btn-txt-btn-g&#8221;][vc_column_inner offset=&#8221;vc_col-lg-4&#8243;][vc_btn title=&#8221;Per saperne di pi\u00f9&#8221; style=&#8221;custom&#8221; custom_background=&#8221;#000000&#8243; custom_text=&#8221;#f7941f&#8221; shape=&#8221;round&#8221; size=&#8221;xs&#8221; align=&#8221;center&#8221; i_align=&#8221;right&#8221; i_icon_fontawesome=&#8221;fas fa-plus&#8221; css_animation=&#8221;bounceInLeft&#8221; add_icon=&#8221;true&#8221; link=&#8221;url:https%3A%2F%2Fwww.tqs-group.com%2Fit%2Fmacchina-selezione-con-disco-in-vetro&#8221; el_class=&#8221;btn-black-orange&#8221;][\/vc_column_inner][vc_column_inner offset=&#8221;vc_col-lg-4&#8243;][vc_column_text el_class=&#8221;txt-orange&#8221;]<\/p>\n<p class=\"fort\" style=\"text-align: center;\">A partire da 94.500 \u20ac<\/p>\n<p>[\/vc_column_text][\/vc_column_inner][vc_column_inner offset=&#8221;vc_col-lg-4&#8243;][vc_btn title=&#8221;Acquista&#8221; style=&#8221;custom&#8221; custom_background=&#8221;#f7941f&#8221; custom_text=&#8221;#ffffff&#8221; shape=&#8221;round&#8221; align=&#8221;center&#8221; link=&#8221;url:https%3A%2F%2Fwww.tqs-group.com%2Fit%2Fcontatti%2F|title:Contatti|&#8221;][\/vc_column_inner][\/vc_row_inner][\/vc_column][vc_column width=&#8221;1\/2&#8243;][\/vc_column][\/vc_row][vc_row][vc_column][vc_empty_space height=&#8221;10px&#8221;][\/vc_column][\/vc_row][vc_row el_class=&#8221;border-radius-machine-tri range-vente-machine range-vente-machine-left txt-blanc&#8221; css=&#8221;.vc_custom_1658933131232{background-image: url(https:\/\/www.tqs-group.com\/wp-content\/uploads\/2022\/07\/fabricant-machine-robotisee-courant-foucault-1.jpg?id=715) !important;background-position: center !important;background-repeat: no-repeat !important;background-size: cover !important;}&#8221;][vc_column width=&#8221;1\/2&#8243;][\/vc_column][vc_column width=&#8221;1\/2&#8243; el_class=&#8221;txt-align-center-mobile&#8221;][vc_row_inner][vc_column_inner width=&#8221;2\/3&#8243;][vc_column_text el_class=&#8221;tres-gros-titre&#8221;]<\/p>\n<h2 style=\"text-align: left;\"><span class=\"uni_neuelight-font\">Le nostre macchine con<br \/>\n<\/span><span class=\"uni_neuelight-font\">disco scanalato<br \/>\nper viteria<\/span><\/h2>\n<p>[\/vc_column_text][vc_column_text]<\/p>\n<p style=\"text-align: left;\">La macchina con disco scanalato \u00e8 progettata per il controllo dell&#8217;aspetto e delle dimensioni. Pu\u00f2 essere dotata di un massimo di 3 sistemi di visione.<\/p>\n<p>[\/vc_column_text][\/vc_column_inner][vc_column_inner width=&#8221;1\/3&#8243;][\/vc_column_inner][\/vc_row_inner][vc_row_inner content_placement=&#8221;middle&#8221; el_class=&#8221;btn-txt-btn btn-txt-btn-d&#8221;][vc_column_inner offset=&#8221;vc_col-lg-4&#8243;][vc_btn title=&#8221;Per saperne di pi\u00f9&#8221; style=&#8221;custom&#8221; custom_background=&#8221;#000000&#8243; custom_text=&#8221;#f7941f&#8221; shape=&#8221;round&#8221; size=&#8221;xs&#8221; align=&#8221;center&#8221; i_align=&#8221;right&#8221; i_icon_fontawesome=&#8221;fas fa-plus&#8221; css_animation=&#8221;bounceInRight&#8221; add_icon=&#8221;true&#8221; link=&#8221;url:https%3A%2F%2Fwww.tqs-group.com%2Fit%2Fmacchina-di-selezione-con-disco-scanalato%2F|title:Macchina%20con%20disco%20scanalato&#8221; el_class=&#8221;btn-black-orange&#8221;][\/vc_column_inner][vc_column_inner offset=&#8221;vc_col-lg-4&#8243;][vc_column_text el_class=&#8221;txt-orange&#8221;]<\/p>\n<p class=\"fort\" style=\"text-align: center;\">A partire da 127.000 \u20ac<\/p>\n<p>[\/vc_column_text][\/vc_column_inner][vc_column_inner offset=&#8221;vc_col-lg-4&#8243;][vc_btn title=&#8221;Acquista&#8221; style=&#8221;custom&#8221; custom_background=&#8221;#f7941f&#8221; custom_text=&#8221;#ffffff&#8221; shape=&#8221;round&#8221; align=&#8221;center&#8221; link=&#8221;url:https%3A%2F%2Fwww.tqs-group.com%2Fit%2Fcontatti%2F|title:Contatti|&#8221;][\/vc_column_inner][\/vc_row_inner][\/vc_column][\/vc_row][vc_row][vc_column][vc_empty_space height=&#8221;10px&#8221;][\/vc_column][\/vc_row][vc_row el_class=&#8221;border-radius-machine-tri range-vente-machine range-vente-machine-right&#8221; css=&#8221;.vc_custom_1658928615857{background-image: url(https:\/\/www.tqs-group.com\/wp-content\/uploads\/2022\/07\/fabricant-machine-goulotte-verre.jpg?id=703) !important;background-position: center !important;background-repeat: no-repeat !important;background-size: cover !important;}&#8221;][vc_column width=&#8221;1\/2&#8243; el_class=&#8221;txt-align-center-mobile&#8221;][vc_column_text el_class=&#8221;tres-gros-titre&#8221;]<\/p>\n<h2 style=\"text-align: right;\"><span class=\"uni_neuelight-font\">Le nostre macchine con<br \/>\nscivolo in vetro<\/span><\/h2>\n<p>[\/vc_column_text][vc_row_inner][vc_column_inner width=&#8221;1\/3&#8243;][\/vc_column_inner][vc_column_inner width=&#8221;2\/3&#8243;][vc_column_text]<\/p>\n<p style=\"text-align: right;\">La macchina \u00e8 dotata di un sistema di visione in grado di controllare le dimensioni e l&#8217;aspetto dei pezzi. \u00c8 dotata di 4 telecamere&#8230;<\/p>\n<p>[\/vc_column_text][\/vc_column_inner][\/vc_row_inner][vc_row_inner content_placement=&#8221;middle&#8221; el_class=&#8221;btn-txt-btn btn-txt-btn-g&#8221;][vc_column_inner offset=&#8221;vc_col-lg-4&#8243;][vc_btn title=&#8221;Per saperne di pi\u00f9&#8221; style=&#8221;custom&#8221; custom_background=&#8221;#000000&#8243; custom_text=&#8221;#f7941f&#8221; shape=&#8221;round&#8221; size=&#8221;xs&#8221; align=&#8221;center&#8221; i_align=&#8221;right&#8221; i_icon_fontawesome=&#8221;fas fa-plus&#8221; css_animation=&#8221;bounceInLeft&#8221; add_icon=&#8221;true&#8221; link=&#8221;url:https%3A%2F%2Fwww.tqs-group.com%2Fit%2Fmacchina-selezione-scivolo%2F|title:Macchina%20a%20scivolo&#8221; el_class=&#8221;btn-black-orange&#8221;][\/vc_column_inner][vc_column_inner offset=&#8221;vc_col-lg-4&#8243;][vc_column_text el_class=&#8221;txt-orange&#8221;]<\/p>\n<p class=\"fort\" style=\"text-align: center;\">A partire da 120.000 \u20ac<\/p>\n<p>[\/vc_column_text][\/vc_column_inner][vc_column_inner offset=&#8221;vc_col-lg-4&#8243;][vc_btn title=&#8221;Acquista&#8221; style=&#8221;custom&#8221; custom_background=&#8221;#f7941f&#8221; custom_text=&#8221;#ffffff&#8221; shape=&#8221;round&#8221; align=&#8221;center&#8221; link=&#8221;url:https%3A%2F%2Fwww.tqs-group.com%2Fit%2Fcontatti%2F|title:Contatti|&#8221;][\/vc_column_inner][\/vc_row_inner][\/vc_column][vc_column width=&#8221;1\/2&#8243;][\/vc_column][\/vc_row][vc_row][vc_column][vc_empty_space height=&#8221;10px&#8221;][\/vc_column][\/vc_row][vc_row el_class=&#8221;border-radius-machine-tri range-vente-machine range-vente-machine-left txt-blanc&#8221; css=&#8221;.vc_custom_1658930327636{background-image: url(https:\/\/www.tqs-group.com\/wp-content\/uploads\/2022\/07\/fabricant-machine-goulotte-verre-1.jpg?id=709) !important;background-position: center !important;background-repeat: no-repeat !important;background-size: cover !important;}&#8221;][vc_column width=&#8221;1\/2&#8243;][\/vc_column][vc_column width=&#8221;1\/2&#8243; el_class=&#8221;txt-align-center-mobile&#8221;][vc_column_text el_class=&#8221;tres-gros-titre&#8221;]<\/p>\n<h2><span class=\"uni_neuelight-font\">Le nostre macchine di selezione per il settore delle connessioni<\/span><\/h2>\n<p>[\/vc_column_text][vc_row_inner][vc_column_inner width=&#8221;2\/3&#8243;][vc_column_text]La macchina \u00e8 dotata di un sistema di visione in grado di controllare le dimensioni e l&#8217;aspetto dei pezzi. \u00c8 dotata di 4 telecamere&#8230;[\/vc_column_text][\/vc_column_inner][vc_column_inner width=&#8221;1\/3&#8243;][\/vc_column_inner][\/vc_row_inner][vc_row_inner content_placement=&#8221;middle&#8221; el_class=&#8221;btn-txt-btn btn-txt-btn-d&#8221;][vc_column_inner offset=&#8221;vc_col-lg-4&#8243;][vc_btn title=&#8221;Per saperne di pi\u00f9&#8221; style=&#8221;custom&#8221; custom_background=&#8221;#000000&#8243; custom_text=&#8221;#f7941f&#8221; shape=&#8221;round&#8221; size=&#8221;xs&#8221; align=&#8221;center&#8221; i_align=&#8221;right&#8221; i_icon_fontawesome=&#8221;fas fa-plus&#8221; css_animation=&#8221;bounceInRight&#8221; add_icon=&#8221;true&#8221; link=&#8221;url:https%3A%2F%2Fwww.tqs-group.com%2Fit%2Fmacchina-di-selezione-per-il-settore-dei-connettori%2F|&#8221; el_class=&#8221;btn-black-orange&#8221;][\/vc_column_inner][vc_column_inner offset=&#8221;vc_col-lg-4&#8243;][vc_column_text el_class=&#8221;txt-orange&#8221;]<\/p>\n<p class=\"fort\" style=\"text-align: center;\">A partire da 150.000 \u20ac<\/p>\n<p>[\/vc_column_text][\/vc_column_inner][vc_column_inner offset=&#8221;vc_col-lg-4&#8243;][vc_btn title=&#8221;Acquista&#8221; style=&#8221;custom&#8221; custom_background=&#8221;#f7941f&#8221; custom_text=&#8221;#ffffff&#8221; shape=&#8221;round&#8221; align=&#8221;center&#8221; link=&#8221;url:https%3A%2F%2Fwww.tqs-group.com%2Fit%2Fcontatti%2F|title:Contatti|&#8221;][\/vc_column_inner][\/vc_row_inner][\/vc_column][\/vc_row][vc_row][vc_column][vc_empty_space height=&#8221;10px&#8221;][\/vc_column][\/vc_row][vc_row el_class=&#8221;border-radius-machine-tri range-vente-machine range-vente-machine-right&#8221; css=&#8221;.vc_custom_1658932319038{background-image: url(https:\/\/www.tqs-group.com\/wp-content\/uploads\/2022\/07\/concepteur-machine-plateau-verre.jpg?id=711) !important;background-position: center !important;background-repeat: no-repeat !important;background-size: cover !important;}&#8221;][vc_column width=&#8221;1\/2&#8243; el_class=&#8221;txt-align-center-mobile&#8221;][vc_column_text el_class=&#8221;tres-gros-titre&#8221;]<\/p>\n<h2 style=\"text-align: right;\"><span class=\"uni_neuelight-font\">Le nostre macchine<br \/>\nper il controllo qualit\u00e0 nel settore dell&#8217;orologeria<\/span><\/h2>\n<p>[\/vc_column_text][vc_row_inner][vc_column_inner width=&#8221;1\/3&#8243;][\/vc_column_inner][vc_column_inner width=&#8221;2\/3&#8243;][vc_column_text]<\/p>\n<p style=\"text-align: right;\">Questa <strong class=\"d2b\">macchina per il controllo qualit\u00e0 dei pezzi industriali<\/strong> \u00e8 dedicata al <strong class=\"d2b\">settore dell&#8217;orologeria<\/strong> ed \u00e8 progettata per il <strong class=\"d2b\">controllo dell&#8217;aspetto e delle dimensioni dei pezzi per l&#8217;orologeria<\/strong>.<\/p>\n<p>[\/vc_column_text][\/vc_column_inner][\/vc_row_inner][vc_row_inner content_placement=&#8221;middle&#8221; el_class=&#8221;btn-txt-btn btn-txt-btn-g&#8221;][vc_column_inner offset=&#8221;vc_col-lg-4&#8243;][vc_btn title=&#8221;Per saperne di pi\u00f9&#8221; style=&#8221;custom&#8221; custom_background=&#8221;#000000&#8243; custom_text=&#8221;#f7941f&#8221; shape=&#8221;round&#8221; size=&#8221;xs&#8221; align=&#8221;center&#8221; i_align=&#8221;right&#8221; i_icon_fontawesome=&#8221;fas fa-plus&#8221; css_animation=&#8221;bounceInLeft&#8221; add_icon=&#8221;true&#8221; link=&#8221;url:https%3A%2F%2Fwww.tqs-group.com%2Fit%2Fmacchina-per-il-controllo-qualita-dei-pezzi-per-orologeria%2F|&#8221; el_class=&#8221;btn-black-orange&#8221;][\/vc_column_inner][vc_column_inner offset=&#8221;vc_col-lg-4&#8243;][vc_column_text el_class=&#8221;txt-orange&#8221;]<\/p>\n<p class=\"fort\" style=\"text-align: center;\">A partire da 160.000 \u20ac<\/p>\n<p>[\/vc_column_text][\/vc_column_inner][vc_column_inner offset=&#8221;vc_col-lg-4&#8243;][vc_btn title=&#8221;Acquista&#8221; style=&#8221;custom&#8221; custom_background=&#8221;#f7941f&#8221; custom_text=&#8221;#ffffff&#8221; shape=&#8221;round&#8221; align=&#8221;center&#8221; link=&#8221;url:https%3A%2F%2Fwww.tqs-group.com%2Fit%2Fcontatti%2F|title:Contatti|&#8221;][\/vc_column_inner][\/vc_row_inner][\/vc_column][vc_column width=&#8221;1\/2&#8243;][\/vc_column][\/vc_row][vc_row][vc_column][vc_empty_space height=&#8221;10px&#8221;][\/vc_column][\/vc_row]<\/p>\n","protected":false},"excerpt":{"rendered":"<p>[vc_row][vc_column][vc_empty_space][\/vc_column][\/vc_row][vc_row el_class=&#8221;border-radius-machine-tri range-vente-machine range-vente-machine-right&#8221; css=&#8221;.vc_custom_1668435316985{background-image: url(https:\/\/www.tqs-group.com\/wp-content\/uploads\/2022\/11\/tri-automatique-piece-machine-plateau-de-verre.jpg?id=1137) !important;background-position: center !important;background-repeat: no-repeat !important;background-size: cover !important;}&#8221;][vc_column width=&#8221;1\/2&#8243; el_class=&#8221;txt-align-center-mobile&#8221;][vc_column_text el_class=&#8221;tres-gros-titre&#8221;] Le nostre macchine con disco in vetro [\/vc_column_text][vc_row_inner][vc_column_inner width=&#8221;1\/3&#8243;][\/vc_column_inner][vc_column_inner width=&#8221;2\/3&#8243;][vc_column_text]<span class=\"excerpt-hellip\"> [\u2026]<\/span><\/p>\n","protected":false},"author":1,"featured_media":0,"parent":0,"menu_order":0,"comment_status":"closed","ping_status":"closed","template":"","meta":{"footnotes":""},"class_list":["post-3117","page","type-page","status-publish","hentry"],"yoast_head":"<!-- This site is optimized with the Yoast SEO plugin v27.4 - https:\/\/yoast.com\/product\/yoast-seo-wordpress\/ -->\n<title>Macchina di selezione di pezzi industriali<\/title>\n<meta name=\"description\" content=\"Tri qualit\u00e9 service vende macchine di selezione di pezzi industriali e pu\u00f2 sviluppare macchine su misura. Contattaci!\" \/>\n<meta name=\"robots\" content=\"index, follow, max-snippet:-1, max-image-preview:large, max-video-preview:-1\" \/>\n<link rel=\"canonical\" href=\"https:\/\/www.tqs-group.com\/it\/dotarsi-di-una-macchina-di-selezione\/\" \/>\n<meta property=\"og:locale\" content=\"it_IT\" \/>\n<meta property=\"og:type\" content=\"article\" \/>\n<meta property=\"og:title\" content=\"Macchina di selezione di pezzi industriali\" \/>\n<meta property=\"og:description\" content=\"Tri qualit\u00e9 service vende macchine di selezione di pezzi industriali e pu\u00f2 sviluppare macchine su misura. Contattaci!\" \/>\n<meta property=\"og:url\" content=\"https:\/\/www.tqs-group.com\/it\/dotarsi-di-una-macchina-di-selezione\/\" \/>\n<meta property=\"og:site_name\" content=\"Tri qualit\u00e9 service\" \/>\n<meta property=\"article:modified_time\" content=\"2023-02-14T11:21:32+00:00\" \/>\n<meta property=\"og:image\" content=\"https:\/\/www.tqs-group.com\/wp-content\/uploads\/2022\/03\/tri-piece-usinage.png\" \/>\n\t<meta property=\"og:image:width\" content=\"385\" \/>\n\t<meta property=\"og:image:height\" content=\"380\" \/>\n\t<meta property=\"og:image:type\" content=\"image\/png\" \/>\n<meta name=\"twitter:card\" content=\"summary_large_image\" \/>\n<meta name=\"twitter:label1\" content=\"Tempo di lettura stimato\" \/>\n\t<meta name=\"twitter:data1\" content=\"3 minuti\" \/>\n<script type=\"application\/ld+json\" class=\"yoast-schema-graph\">{\"@context\":\"https:\\\/\\\/schema.org\",\"@graph\":[{\"@type\":\"WebPage\",\"@id\":\"https:\\\/\\\/www.tqs-group.com\\\/it\\\/dotarsi-di-una-macchina-di-selezione\\\/\",\"url\":\"https:\\\/\\\/www.tqs-group.com\\\/it\\\/dotarsi-di-una-macchina-di-selezione\\\/\",\"name\":\"Macchina di selezione di pezzi industriali\",\"isPartOf\":{\"@id\":\"https:\\\/\\\/www.tqs-group.com\\\/it\\\/#website\"},\"datePublished\":\"2022-04-19T15:39:03+00:00\",\"dateModified\":\"2023-02-14T11:21:32+00:00\",\"description\":\"Tri qualit\u00e9 service vende macchine di selezione di pezzi industriali e pu\u00f2 sviluppare macchine su misura. Contattaci!\",\"breadcrumb\":{\"@id\":\"https:\\\/\\\/www.tqs-group.com\\\/it\\\/dotarsi-di-una-macchina-di-selezione\\\/#breadcrumb\"},\"inLanguage\":\"it-IT\",\"potentialAction\":[{\"@type\":\"ReadAction\",\"target\":[\"https:\\\/\\\/www.tqs-group.com\\\/it\\\/dotarsi-di-una-macchina-di-selezione\\\/\"]}]},{\"@type\":\"BreadcrumbList\",\"@id\":\"https:\\\/\\\/www.tqs-group.com\\\/it\\\/dotarsi-di-una-macchina-di-selezione\\\/#breadcrumb\",\"itemListElement\":[{\"@type\":\"ListItem\",\"position\":1,\"name\":\"Accueil\",\"item\":\"https:\\\/\\\/www.tqs-group.com\\\/it\\\/\"},{\"@type\":\"ListItem\",\"position\":2,\"name\":\"Dotarsi di una macchina\"}]},{\"@type\":\"WebSite\",\"@id\":\"https:\\\/\\\/www.tqs-group.com\\\/it\\\/#website\",\"url\":\"https:\\\/\\\/www.tqs-group.com\\\/it\\\/\",\"name\":\"TRI QUALITE SERVICE\",\"description\":\"TQS Group\",\"publisher\":{\"@id\":\"https:\\\/\\\/www.tqs-group.com\\\/it\\\/#organization\"},\"alternateName\":\"TQS GROUP\",\"potentialAction\":[{\"@type\":\"SearchAction\",\"target\":{\"@type\":\"EntryPoint\",\"urlTemplate\":\"https:\\\/\\\/www.tqs-group.com\\\/it\\\/?s={search_term_string}\"},\"query-input\":{\"@type\":\"PropertyValueSpecification\",\"valueRequired\":true,\"valueName\":\"search_term_string\"}}],\"inLanguage\":\"it-IT\"},{\"@type\":\"Organization\",\"@id\":\"https:\\\/\\\/www.tqs-group.com\\\/it\\\/#organization\",\"name\":\"TRI QUALITE SERVICE\",\"alternateName\":\"TQS GROUP\",\"url\":\"https:\\\/\\\/www.tqs-group.com\\\/it\\\/\",\"logo\":{\"@type\":\"ImageObject\",\"inLanguage\":\"it-IT\",\"@id\":\"https:\\\/\\\/www.tqs-group.com\\\/it\\\/#\\\/schema\\\/logo\\\/image\\\/\",\"url\":\"https:\\\/\\\/www.tqs-group.com\\\/wp-content\\\/uploads\\\/2022\\\/03\\\/tri-piece-usinage.png\",\"contentUrl\":\"https:\\\/\\\/www.tqs-group.com\\\/wp-content\\\/uploads\\\/2022\\\/03\\\/tri-piece-usinage.png\",\"width\":385,\"height\":380,\"caption\":\"TRI QUALITE SERVICE\"},\"image\":{\"@id\":\"https:\\\/\\\/www.tqs-group.com\\\/it\\\/#\\\/schema\\\/logo\\\/image\\\/\"}}]}<\/script>\n<!-- \/ Yoast SEO plugin. -->","yoast_head_json":{"title":"Macchina di selezione di pezzi industriali","description":"Tri qualit\u00e9 service vende macchine di selezione di pezzi industriali e pu\u00f2 sviluppare macchine su misura. Contattaci!","robots":{"index":"index","follow":"follow","max-snippet":"max-snippet:-1","max-image-preview":"max-image-preview:large","max-video-preview":"max-video-preview:-1"},"canonical":"https:\/\/www.tqs-group.com\/it\/dotarsi-di-una-macchina-di-selezione\/","og_locale":"it_IT","og_type":"article","og_title":"Macchina di selezione di pezzi industriali","og_description":"Tri qualit\u00e9 service vende macchine di selezione di pezzi industriali e pu\u00f2 sviluppare macchine su misura. Contattaci!","og_url":"https:\/\/www.tqs-group.com\/it\/dotarsi-di-una-macchina-di-selezione\/","og_site_name":"Tri qualit\u00e9 service","article_modified_time":"2023-02-14T11:21:32+00:00","og_image":[{"width":385,"height":380,"url":"https:\/\/www.tqs-group.com\/wp-content\/uploads\/2022\/03\/tri-piece-usinage.png","type":"image\/png"}],"twitter_card":"summary_large_image","twitter_misc":{"Tempo di lettura stimato":"3 minuti"},"schema":{"@context":"https:\/\/schema.org","@graph":[{"@type":"WebPage","@id":"https:\/\/www.tqs-group.com\/it\/dotarsi-di-una-macchina-di-selezione\/","url":"https:\/\/www.tqs-group.com\/it\/dotarsi-di-una-macchina-di-selezione\/","name":"Macchina di selezione di pezzi industriali","isPartOf":{"@id":"https:\/\/www.tqs-group.com\/it\/#website"},"datePublished":"2022-04-19T15:39:03+00:00","dateModified":"2023-02-14T11:21:32+00:00","description":"Tri qualit\u00e9 service vende macchine di selezione di pezzi industriali e pu\u00f2 sviluppare macchine su misura. Contattaci!","breadcrumb":{"@id":"https:\/\/www.tqs-group.com\/it\/dotarsi-di-una-macchina-di-selezione\/#breadcrumb"},"inLanguage":"it-IT","potentialAction":[{"@type":"ReadAction","target":["https:\/\/www.tqs-group.com\/it\/dotarsi-di-una-macchina-di-selezione\/"]}]},{"@type":"BreadcrumbList","@id":"https:\/\/www.tqs-group.com\/it\/dotarsi-di-una-macchina-di-selezione\/#breadcrumb","itemListElement":[{"@type":"ListItem","position":1,"name":"Accueil","item":"https:\/\/www.tqs-group.com\/it\/"},{"@type":"ListItem","position":2,"name":"Dotarsi di una macchina"}]},{"@type":"WebSite","@id":"https:\/\/www.tqs-group.com\/it\/#website","url":"https:\/\/www.tqs-group.com\/it\/","name":"TRI QUALITE SERVICE","description":"TQS Group","publisher":{"@id":"https:\/\/www.tqs-group.com\/it\/#organization"},"alternateName":"TQS GROUP","potentialAction":[{"@type":"SearchAction","target":{"@type":"EntryPoint","urlTemplate":"https:\/\/www.tqs-group.com\/it\/?s={search_term_string}"},"query-input":{"@type":"PropertyValueSpecification","valueRequired":true,"valueName":"search_term_string"}}],"inLanguage":"it-IT"},{"@type":"Organization","@id":"https:\/\/www.tqs-group.com\/it\/#organization","name":"TRI QUALITE SERVICE","alternateName":"TQS GROUP","url":"https:\/\/www.tqs-group.com\/it\/","logo":{"@type":"ImageObject","inLanguage":"it-IT","@id":"https:\/\/www.tqs-group.com\/it\/#\/schema\/logo\/image\/","url":"https:\/\/www.tqs-group.com\/wp-content\/uploads\/2022\/03\/tri-piece-usinage.png","contentUrl":"https:\/\/www.tqs-group.com\/wp-content\/uploads\/2022\/03\/tri-piece-usinage.png","width":385,"height":380,"caption":"TRI QUALITE SERVICE"},"image":{"@id":"https:\/\/www.tqs-group.com\/it\/#\/schema\/logo\/image\/"}}]}},"_links":{"self":[{"href":"https:\/\/www.tqs-group.com\/it\/wp-json\/wp\/v2\/pages\/3117","targetHints":{"allow":["GET"]}}],"collection":[{"href":"https:\/\/www.tqs-group.com\/it\/wp-json\/wp\/v2\/pages"}],"about":[{"href":"https:\/\/www.tqs-group.com\/it\/wp-json\/wp\/v2\/types\/page"}],"author":[{"embeddable":true,"href":"https:\/\/www.tqs-group.com\/it\/wp-json\/wp\/v2\/users\/1"}],"replies":[{"embeddable":true,"href":"https:\/\/www.tqs-group.com\/it\/wp-json\/wp\/v2\/comments?post=3117"}],"version-history":[{"count":11,"href":"https:\/\/www.tqs-group.com\/it\/wp-json\/wp\/v2\/pages\/3117\/revisions"}],"predecessor-version":[{"id":3518,"href":"https:\/\/www.tqs-group.com\/it\/wp-json\/wp\/v2\/pages\/3117\/revisions\/3518"}],"wp:attachment":[{"href":"https:\/\/www.tqs-group.com\/it\/wp-json\/wp\/v2\/media?parent=3117"}],"curies":[{"name":"wp","href":"https:\/\/api.w.org\/{rel}","templated":true}]}}