{"id":3131,"date":"2022-01-27T15:13:01","date_gmt":"2022-01-27T14:13:01","guid":{"rendered":"https:\/\/www.tqs-group.com\/politica-privacy\/"},"modified":"2023-02-01T22:52:18","modified_gmt":"2023-02-01T21:52:18","slug":"politica-privacy","status":"publish","type":"page","link":"https:\/\/www.tqs-group.com\/it\/politica-privacy\/","title":{"rendered":"Politica privacy"},"content":{"rendered":"<p>[vc_row][vc_column][vc_column_text]<\/p>\n<p>Prendiamo la tua privacy molto seriamente<\/p>\n<p>Grazie per aver utilizzato i nostri siti e servizi. Come te, crediamo che l&#8217;integrit\u00e0 personale sia importante e prendiamo la tua privacy seriamente. Questa politica privacy \u00e8 rilevante per chiunque condivida i propri dati personali direttamente o indirettamente con Tri qualit\u00e9 service visitando i nostri siti web o utilizzando i nostri servizi.<\/p>\n<p>Tri Qualit\u00e9 Service \u00e8 una societ\u00e0 con sede in<span class=\"s-text-color-blue\"><strong>Francia<\/strong><\/span> e come tale aderiamo alla legislazione <span class=\"s-text-color-blue\"><strong>francese <\/strong><\/span> sulla protezione dei dati personali (1998: 204) che implementa la direttiva europea sulla protezione dei dati nota come RGPD.<\/p>\n<p>La nostra sede centrale si trova al 150 rue des Techniques<br \/>\n74970 Marignier &#8211; Francia.<\/p>\n<p>Non esiti a condividere con noi i suoi dubbi o preoccupazioni rispetto alla tutela dei dati personali, scrivendo all&#8217;indirizzo seguente: contact@triqualiteservice.com<\/p>\n<p>In questa politica privacy, spieghiamo quali tipi di dati personali possono essere trattati e a quale scopo Spieghiamo anche le scelte di cui dispone rispetto al nostro trattamento e il modo in cui pu\u00f2 scoprire di pi\u00f9 sul nostro trattamento e sui suoi diritti.<\/p>\n<p>&nbsp;<\/p>\n<h2>CAMPO DI APPLICAZIONE DELLA POLITICA PRIVACY<\/h2>\n<p>Si ricorda che la presente politica privacy riguarda il trattamento di dati personali di cui Tri qualit\u00e9 service \u00e8 Responsabile del Trattamento, ossia nei casi in cui Tri qualit\u00e9 service ha deciso le finalit\u00e0 e le modalit\u00e0 di trattamento.<\/p>\n<p>A scanso di equivoci, la presente Politica privacy non riguarda alcun trattamento dei dati personali che Tri qualit\u00e9 service possa effettuare in qualit\u00e0 di Subappaltatore a seguito del suo utilizzo dei nostri servizi.<\/p>\n<p>Per ottenere maggiori informazioni sulla modalit\u00e0 in cui i nostri servizi possono essere utilizzati per agevolare i suoi trattamenti di dati personali e sulle responsabilit\u00e0 e gli impegni assunti da Tri qualit\u00e9 service in rapporto a questi ultimi, si faccia riferimento alle condizioni applicabili.<\/p>\n<p>&nbsp;<\/p>\n<h2>DATI PERSONALI TRATTATI<\/h2>\n<p>Con l&#8217;espressione dati personali si intendono i dati che la identificano come persona fisica. Possiamo essere costretti a trattare i seguenti tipi di dati personali che la riguardano:<\/p>\n<ul>\n<li>Dati di identificazione, compresi cognome, indirizzo postale e numero di telefono<\/li>\n<li>Dati utente, per esempio, se si collega ai nostri servizi o visita i nostri siti internet. Tali informazioni possono comprendere il numero IP, il tipo di periferica e il browser, il fuso orario, la localizzazione geografica, nonch\u00e9 i suoi interessi e preferenze rispetto alle informazioni sulle modalit\u00e0 con cui interagisce coi nostri servizi, per esempio sulle funzionalit\u00e0 utilizzate e i pulsanti su cui ha cliccato<\/li>\n<li>Altre informazioni che possiamo ottenere tramite i suoi contatti<\/li>\n<\/ul>\n<p>&nbsp;<\/p>\n<h2>FINALITA&#8217; DEL TRATTAMENTO<\/h2>\n<p>Trattiamo i suoi dati personali con le seguenti finalit\u00e0:<\/p>\n<ul>\n<li>Fornire i nostri servizi in conformit\u00e0 alle condizioni applicabili<\/li>\n<li>Gestire i rapporti commerciali con lei e il cliente di Tri Qualit\u00e9 Service che lei rappresenta<\/li>\n<li>Sviluppare e migliorare i nostri servizi<\/li>\n<li>Fornire informazioni e offerte ai clienti di Tri qualit\u00e9 service correnti o potenziali sui nostri servizi tramite terze parti selezionate. A scanso di equivoci, tutto il materiale di marketing distribuito con il supporto dei suoi dati personali le viene inviato in qualit\u00e0 di rappresentante di un cliente corrente o potenziale di Tri qualit\u00e9 service e non a lei in quanto persona privata.<\/li>\n<\/ul>\n<p>&nbsp;<\/p>\n<h2>CONDIVISIONE CON TERZI E TRASFERIMENTO VERSO PAESI TERZI<\/h2>\n<p>Possiamo condividere dei dati personali con terzi per i fini sopra indicati. A scanso di equivoci, non condivideremo dati personali con soggetti terzi in modo che tali terzi utilizzino dati personali a fini di marketing diretto in rapporto a lei come privato, ma esclusviamente con lei in qualit\u00e0 di rappresentante di un cliente corrente o potenziale di Tri Qualit\u00e9 Service.<\/p>\n<p>Possiamo trasferire dati personali in un paese esterno allo SEE, ma in tal caso dovremo preventivamente ottenere il suo consenso o verificare che il trasferimento sia legale e sicuro, prendendo altre misure.<\/p>\n<p>Come sopra spiegato, non dimentichi che la presente politica privacy non riguarda trattamenti dei dati dei quali lei pu\u00f2 essere responsabile a seguito dell&#8217;uso dei nostri servizi. Lei, o la parte da lei rappresentata, \u00e8 sempre responsabile dei suoi trattamenti di dati personali, ai sensi della normativa vigente.<\/p>\n<p>&nbsp;<\/p>\n<h2>I SUOI DIRITTI<\/h2>\n<p>Noi abbiamo l&#8217;obbligo di trattare dati personali precisi, pertinenti e necessari, tenendo conto delle nostre legittime finalit\u00e0. \u00c8 suo diritto controllarci.<br \/>\nPer aggiornare i dati personali da noi trattati che la riguardano, voglia contattarci all&#8217;indirizzo contact@triqualiteservice.com. Per ricevere gratuitamente un estratto dei dati personali che la riguardano che noi trattiamo, ci invii una lettera sottoscritta all&#8217;<span class=\"s-text-color-blue\">indirizzo<\/span> di Tri Qualit\u00e9 Service.<\/p>\n<p>&nbsp;<\/p>\n<h2>GESTIONE DEI COOKIE<\/h2>\n<p>Utilizziamo dei cookie per diverse ragioni. Pu\u00f2 in qualsiasi momento rivedere la sua scelta, cliccando sull&#8217;incona in basso a destra delle pagine.<\/p>\n<p>Cookie necessari al corretto funzionamento del sito<\/p>\n<p>Questi cookie permettono essenzialmente di individuare i problemi e migliorare la sicurezza del sito, per cui i dati sono archiviati in Francia. Sono indispensabili per il funzionamento del sito e non comprendono dati personali utilizzabili.<\/p>\n<p>Cookie per la misurazione del traffico<\/p>\n<p>Vengono utilizzati due tipi di dati, il primo per un monitoraggio anonimo (dati archiviati in Francia) e l&#8217;altro per un monitoraggio tramite lo strumento Google Analytics (dati archiviati negli Stati Uniti).<\/p>\n<p>Cookie opzionali<\/p>\n<p>Questi cookie vengono utilizzati per presentarle contenuti coerenti con le sue abitudini di navigazione.<br \/>\nIn particolare, questi cookie sono utilizzati da Youtube (dati archiviati negli Stati Uniti) per il monitoraggio dei video consultati.<\/p>\n<p>[\/vc_column_text][\/vc_column][\/vc_row][vc_row][vc_column][vc_raw_html]PGlmcmFtZSBzdHlsZT0iYm9yZGVyOiAwOyBoZWlnaHQ6IDIwMHB4OyB3aWR0aDogMTAwJTsiIHNyYz0iaHR0cHM6Ly9hbmFseXRpY3MuZDJiY29uc3VsdGluZy5mci9pbmRleC5waHA\/bW9kdWxlPUNvcmVBZG1pbkhvbWUmYW1wO2FjdGlvbj1vcHRPdXQmYW1wO2xhbmd1YWdlPWZyJmFtcDtiYWNrZ3JvdW5kQ29sb3I9ZmZmZmZmJmFtcDtmb250Q29sb3I9JmFtcDtmb250U2l6ZT0xNXB4JmFtcDtmb250RmFtaWx5PSdPcGVuJTIwU2FucycsJTIwc2Fucy1zZXJpZiI+PC9pZnJhbWU+[\/vc_raw_html][\/vc_column][\/vc_row]<\/p>\n","protected":false},"excerpt":{"rendered":"<p>[vc_row][vc_column][vc_column_text] Prendiamo la tua privacy molto seriamente Grazie per aver utilizzato i nostri siti e servizi. Come te, crediamo che l&#8217;integrit\u00e0 personale sia importante e prendiamo<span class=\"excerpt-hellip\"> [\u2026]<\/span><\/p>\n","protected":false},"author":1,"featured_media":0,"parent":0,"menu_order":0,"comment_status":"closed","ping_status":"closed","template":"","meta":{"footnotes":""},"class_list":["post-3131","page","type-page","status-publish","hentry"],"yoast_head":"<!-- This site is optimized with the Yoast SEO plugin v27.4 - https:\/\/yoast.com\/product\/yoast-seo-wordpress\/ -->\n<title>Informativa sulla privacy di Tri Quality Service<\/title>\n<meta name=\"robots\" content=\"index, follow, max-snippet:-1, max-image-preview:large, max-video-preview:-1\" \/>\n<link rel=\"canonical\" href=\"https:\/\/www.tqs-group.com\/it\/politica-privacy\/\" \/>\n<meta property=\"og:locale\" content=\"it_IT\" \/>\n<meta property=\"og:type\" content=\"article\" \/>\n<meta property=\"og:title\" content=\"Informativa sulla privacy di Tri Quality Service\" \/>\n<meta property=\"og:description\" content=\"[vc_row][vc_column][vc_column_text] Prendiamo la tua privacy molto seriamente Grazie per aver utilizzato i nostri siti e servizi. Come te, crediamo che l&#8217;integrit\u00e0 personale sia importante e prendiamo [\u2026]\" \/>\n<meta property=\"og:url\" content=\"https:\/\/www.tqs-group.com\/it\/politica-privacy\/\" \/>\n<meta property=\"og:site_name\" content=\"Tri qualit\u00e9 service\" \/>\n<meta property=\"article:modified_time\" content=\"2023-02-01T21:52:18+00:00\" \/>\n<meta property=\"og:image\" content=\"https:\/\/www.tqs-group.com\/wp-content\/uploads\/2022\/03\/tri-piece-usinage.png\" \/>\n\t<meta property=\"og:image:width\" content=\"385\" \/>\n\t<meta property=\"og:image:height\" content=\"380\" \/>\n\t<meta property=\"og:image:type\" content=\"image\/png\" \/>\n<meta name=\"twitter:card\" content=\"summary_large_image\" \/>\n<meta name=\"twitter:label1\" content=\"Tempo di lettura stimato\" \/>\n\t<meta name=\"twitter:data1\" content=\"5 minuti\" \/>\n<script type=\"application\/ld+json\" class=\"yoast-schema-graph\">{\"@context\":\"https:\\\/\\\/schema.org\",\"@graph\":[{\"@type\":\"WebPage\",\"@id\":\"https:\\\/\\\/www.tqs-group.com\\\/it\\\/politica-privacy\\\/\",\"url\":\"https:\\\/\\\/www.tqs-group.com\\\/it\\\/politica-privacy\\\/\",\"name\":\"Informativa sulla privacy di Tri Quality Service\",\"isPartOf\":{\"@id\":\"https:\\\/\\\/www.tqs-group.com\\\/it\\\/#website\"},\"datePublished\":\"2022-01-27T14:13:01+00:00\",\"dateModified\":\"2023-02-01T21:52:18+00:00\",\"breadcrumb\":{\"@id\":\"https:\\\/\\\/www.tqs-group.com\\\/it\\\/politica-privacy\\\/#breadcrumb\"},\"inLanguage\":\"it-IT\",\"potentialAction\":[{\"@type\":\"ReadAction\",\"target\":[\"https:\\\/\\\/www.tqs-group.com\\\/it\\\/politica-privacy\\\/\"]}]},{\"@type\":\"BreadcrumbList\",\"@id\":\"https:\\\/\\\/www.tqs-group.com\\\/it\\\/politica-privacy\\\/#breadcrumb\",\"itemListElement\":[{\"@type\":\"ListItem\",\"position\":1,\"name\":\"Accueil\",\"item\":\"https:\\\/\\\/www.tqs-group.com\\\/it\\\/\"},{\"@type\":\"ListItem\",\"position\":2,\"name\":\"Politica privacy\"}]},{\"@type\":\"WebSite\",\"@id\":\"https:\\\/\\\/www.tqs-group.com\\\/it\\\/#website\",\"url\":\"https:\\\/\\\/www.tqs-group.com\\\/it\\\/\",\"name\":\"TRI QUALITE SERVICE\",\"description\":\"TQS Group\",\"publisher\":{\"@id\":\"https:\\\/\\\/www.tqs-group.com\\\/it\\\/#organization\"},\"alternateName\":\"TQS GROUP\",\"potentialAction\":[{\"@type\":\"SearchAction\",\"target\":{\"@type\":\"EntryPoint\",\"urlTemplate\":\"https:\\\/\\\/www.tqs-group.com\\\/it\\\/?s={search_term_string}\"},\"query-input\":{\"@type\":\"PropertyValueSpecification\",\"valueRequired\":true,\"valueName\":\"search_term_string\"}}],\"inLanguage\":\"it-IT\"},{\"@type\":\"Organization\",\"@id\":\"https:\\\/\\\/www.tqs-group.com\\\/it\\\/#organization\",\"name\":\"TRI QUALITE SERVICE\",\"alternateName\":\"TQS GROUP\",\"url\":\"https:\\\/\\\/www.tqs-group.com\\\/it\\\/\",\"logo\":{\"@type\":\"ImageObject\",\"inLanguage\":\"it-IT\",\"@id\":\"https:\\\/\\\/www.tqs-group.com\\\/it\\\/#\\\/schema\\\/logo\\\/image\\\/\",\"url\":\"https:\\\/\\\/www.tqs-group.com\\\/wp-content\\\/uploads\\\/2022\\\/03\\\/tri-piece-usinage.png\",\"contentUrl\":\"https:\\\/\\\/www.tqs-group.com\\\/wp-content\\\/uploads\\\/2022\\\/03\\\/tri-piece-usinage.png\",\"width\":385,\"height\":380,\"caption\":\"TRI QUALITE SERVICE\"},\"image\":{\"@id\":\"https:\\\/\\\/www.tqs-group.com\\\/it\\\/#\\\/schema\\\/logo\\\/image\\\/\"}}]}<\/script>\n<!-- \/ Yoast SEO plugin. -->","yoast_head_json":{"title":"Informativa sulla privacy di Tri Quality Service","robots":{"index":"index","follow":"follow","max-snippet":"max-snippet:-1","max-image-preview":"max-image-preview:large","max-video-preview":"max-video-preview:-1"},"canonical":"https:\/\/www.tqs-group.com\/it\/politica-privacy\/","og_locale":"it_IT","og_type":"article","og_title":"Informativa sulla privacy di Tri Quality Service","og_description":"[vc_row][vc_column][vc_column_text] Prendiamo la tua privacy molto seriamente Grazie per aver utilizzato i nostri siti e servizi. Come te, crediamo che l&#8217;integrit\u00e0 personale sia importante e prendiamo [\u2026]","og_url":"https:\/\/www.tqs-group.com\/it\/politica-privacy\/","og_site_name":"Tri qualit\u00e9 service","article_modified_time":"2023-02-01T21:52:18+00:00","og_image":[{"width":385,"height":380,"url":"https:\/\/www.tqs-group.com\/wp-content\/uploads\/2022\/03\/tri-piece-usinage.png","type":"image\/png"}],"twitter_card":"summary_large_image","twitter_misc":{"Tempo di lettura stimato":"5 minuti"},"schema":{"@context":"https:\/\/schema.org","@graph":[{"@type":"WebPage","@id":"https:\/\/www.tqs-group.com\/it\/politica-privacy\/","url":"https:\/\/www.tqs-group.com\/it\/politica-privacy\/","name":"Informativa sulla privacy di Tri Quality Service","isPartOf":{"@id":"https:\/\/www.tqs-group.com\/it\/#website"},"datePublished":"2022-01-27T14:13:01+00:00","dateModified":"2023-02-01T21:52:18+00:00","breadcrumb":{"@id":"https:\/\/www.tqs-group.com\/it\/politica-privacy\/#breadcrumb"},"inLanguage":"it-IT","potentialAction":[{"@type":"ReadAction","target":["https:\/\/www.tqs-group.com\/it\/politica-privacy\/"]}]},{"@type":"BreadcrumbList","@id":"https:\/\/www.tqs-group.com\/it\/politica-privacy\/#breadcrumb","itemListElement":[{"@type":"ListItem","position":1,"name":"Accueil","item":"https:\/\/www.tqs-group.com\/it\/"},{"@type":"ListItem","position":2,"name":"Politica privacy"}]},{"@type":"WebSite","@id":"https:\/\/www.tqs-group.com\/it\/#website","url":"https:\/\/www.tqs-group.com\/it\/","name":"TRI QUALITE SERVICE","description":"TQS Group","publisher":{"@id":"https:\/\/www.tqs-group.com\/it\/#organization"},"alternateName":"TQS GROUP","potentialAction":[{"@type":"SearchAction","target":{"@type":"EntryPoint","urlTemplate":"https:\/\/www.tqs-group.com\/it\/?s={search_term_string}"},"query-input":{"@type":"PropertyValueSpecification","valueRequired":true,"valueName":"search_term_string"}}],"inLanguage":"it-IT"},{"@type":"Organization","@id":"https:\/\/www.tqs-group.com\/it\/#organization","name":"TRI QUALITE SERVICE","alternateName":"TQS GROUP","url":"https:\/\/www.tqs-group.com\/it\/","logo":{"@type":"ImageObject","inLanguage":"it-IT","@id":"https:\/\/www.tqs-group.com\/it\/#\/schema\/logo\/image\/","url":"https:\/\/www.tqs-group.com\/wp-content\/uploads\/2022\/03\/tri-piece-usinage.png","contentUrl":"https:\/\/www.tqs-group.com\/wp-content\/uploads\/2022\/03\/tri-piece-usinage.png","width":385,"height":380,"caption":"TRI QUALITE SERVICE"},"image":{"@id":"https:\/\/www.tqs-group.com\/it\/#\/schema\/logo\/image\/"}}]}},"_links":{"self":[{"href":"https:\/\/www.tqs-group.com\/it\/wp-json\/wp\/v2\/pages\/3131","targetHints":{"allow":["GET"]}}],"collection":[{"href":"https:\/\/www.tqs-group.com\/it\/wp-json\/wp\/v2\/pages"}],"about":[{"href":"https:\/\/www.tqs-group.com\/it\/wp-json\/wp\/v2\/types\/page"}],"author":[{"embeddable":true,"href":"https:\/\/www.tqs-group.com\/it\/wp-json\/wp\/v2\/users\/1"}],"replies":[{"embeddable":true,"href":"https:\/\/www.tqs-group.com\/it\/wp-json\/wp\/v2\/comments?post=3131"}],"version-history":[{"count":4,"href":"https:\/\/www.tqs-group.com\/it\/wp-json\/wp\/v2\/pages\/3131\/revisions"}],"predecessor-version":[{"id":3141,"href":"https:\/\/www.tqs-group.com\/it\/wp-json\/wp\/v2\/pages\/3131\/revisions\/3141"}],"wp:attachment":[{"href":"https:\/\/www.tqs-group.com\/it\/wp-json\/wp\/v2\/media?parent=3131"}],"curies":[{"name":"wp","href":"https:\/\/api.w.org\/{rel}","templated":true}]}}